{"id":230,"date":"2019-02-13T20:58:09","date_gmt":"2019-02-13T19:58:09","guid":{"rendered":"https:\/\/bogenommedicinskcannabis.dk\/?page_id=230"},"modified":"2019-02-13T20:59:05","modified_gmt":"2019-02-13T19:59:05","slug":"bagsidetekst","status":"publish","type":"page","link":"https:\/\/bogenommedicinskcannabis.dk\/index.php\/bagsidetekst\/","title":{"rendered":"Bagsidetekst"},"content":{"rendered":"\n<p>Cannabis\ner en l\u00e6geplante, som i \u00e5rtusinder har v\u00e6ret anvendt til en r\u00e6kke\nform\u00e5l, herunder som medicin som behandling af en r\u00e6kke sygdomme og\nlidelser. Den kan imidlertid ogs\u00e5 i visse doser v\u00e6re berusende, og\ndet er netop denne egenskab, der er grundlaget for mange af de\nfordomme og myter, der omgiver planten.<\/p>\n\n\n\n<p>Her\ng\u00e6lder det imidlertid medicinsk cannabis i lave doser som behandling\naf alvorlige og sommetider invaliderende, livstruende sygdomme og\nsmertelidelser. Det er sygdomme, som i dag behandles med l\u00e6gemidler,\nsom i mange tilf\u00e6lde skaber afh\u00e6ngighed, og som giver bivirkninger,\nder undertiden er s\u00e5 voldsomme, at patienterne v\u00e6lger at stoppe med\ndem. \n<\/p>\n\n\n\n<p>Selvom\nman i dag kan f\u00e5 visse lovlige cannabis pr\u00e6parater ordineret af\nl\u00e6gen til bestemte lidelser, er det ikke en reel mulighed for de\nfleste patienter p\u00e5 grund af l\u00e6gernes massive modstand mod at\nudskrive recepter p\u00e5 medicinsk cannabis. De er overladt til\nselvmedicinering via det sorte marked eller pr\u00e6parater p\u00e5\ninternettet.<\/p>\n\n\n\n<p>L\u00e6gerne\ntaler om risiko for afh\u00e6ngighed af planten, hjerneskader, psykoser\nog nedsat IQ og cannabis som vejen til h\u00e5rdere stoffer. Deres\nkonstante advarsler pr\u00e6ger naturligt nok befolkningens, politikernes\nog mediernes holdning til brug af cannabis, men der er ikke\nvidenskabeligt bel\u00e6g for dem. L\u00e6gerne fastholder igen og igen, at\nde ikke kender effekt, bivirkninger og langsigtede konsekvenser af\nden medicinske brug af planten.<\/p>\n\n\n\n<p>Det\ner sikkert rigtigt, men det betyder hverken, at der ikke er evidens\neller kliniske erfaringer af effekten. Der er gennem de seneste\n\u00e5rtier forsket intenst i de medicinske virkem\u00e5der, effekt,\nbivirkninger og potentiale for afh\u00e6ngighed. Selvom heller ikke\ncannabis virker for alle, bekr\u00e6ftes de videnskabelige resultater af\nde l\u00e6ger, der har haft mulighed for at bruge cannabis som medicin,\naf patienter og for\u00e6ldre til b\u00f8rn med alvorlige sygdomme.<\/p>\n","protected":false},"excerpt":{"rendered":"<p>Cannabis er en l\u00e6geplante, som i \u00e5rtusinder har v\u00e6ret anvendt til en r\u00e6kke form\u00e5l, herunder som medicin som behandling af en r\u00e6kke sygdomme og lidelser. Den kan imidlertid ogs\u00e5 i visse doser v\u00e6re berusende, og det er netop denne egenskab, &hellip; <a href=\"https:\/\/bogenommedicinskcannabis.dk\/index.php\/bagsidetekst\/\">L\u00e6s resten <span class=\"meta-nav\">&rarr;<\/span><\/a><\/p>\n","protected":false},"author":1,"featured_media":0,"parent":0,"menu_order":0,"comment_status":"closed","ping_status":"closed","template":"","meta":{"footnotes":""},"class_list":["post-230","page","type-page","status-publish","hentry"],"_links":{"self":[{"href":"https:\/\/bogenommedicinskcannabis.dk\/index.php\/wp-json\/wp\/v2\/pages\/230","targetHints":{"allow":["GET"]}}],"collection":[{"href":"https:\/\/bogenommedicinskcannabis.dk\/index.php\/wp-json\/wp\/v2\/pages"}],"about":[{"href":"https:\/\/bogenommedicinskcannabis.dk\/index.php\/wp-json\/wp\/v2\/types\/page"}],"author":[{"embeddable":true,"href":"https:\/\/bogenommedicinskcannabis.dk\/index.php\/wp-json\/wp\/v2\/users\/1"}],"replies":[{"embeddable":true,"href":"https:\/\/bogenommedicinskcannabis.dk\/index.php\/wp-json\/wp\/v2\/comments?post=230"}],"version-history":[{"count":1,"href":"https:\/\/bogenommedicinskcannabis.dk\/index.php\/wp-json\/wp\/v2\/pages\/230\/revisions"}],"predecessor-version":[{"id":231,"href":"https:\/\/bogenommedicinskcannabis.dk\/index.php\/wp-json\/wp\/v2\/pages\/230\/revisions\/231"}],"wp:attachment":[{"href":"https:\/\/bogenommedicinskcannabis.dk\/index.php\/wp-json\/wp\/v2\/media?parent=230"}],"curies":[{"name":"wp","href":"https:\/\/api.w.org\/{rel}","templated":true}]}}