{"id":232,"date":"2019-02-13T21:03:46","date_gmt":"2019-02-13T20:03:46","guid":{"rendered":"https:\/\/bogenommedicinskcannabis.dk\/?page_id=232"},"modified":"2019-02-13T21:03:48","modified_gmt":"2019-02-13T20:03:48","slug":"min-personlige-baggrund","status":"publish","type":"page","link":"https:\/\/bogenommedicinskcannabis.dk\/index.php\/min-personlige-baggrund\/","title":{"rendered":"Min personlige baggrund"},"content":{"rendered":"\n<p>Jeg er f\u00f8dt og opvokset i Nordjylland, hvor jeg i sin tid l\u00e6ste historie p\u00e5 Aalborg Universitet. Siden har jeg&nbsp;gennemf\u00f8rt den 1-\u00e5rige voksenunderviseruddannelse p\u00e5 Aalborg Seminarium og&nbsp;har i en \u00e5rr\u00e6kke arbejdet med voksenuddannelse b\u00e5de som konsulent, underviser&nbsp;og leder.<\/p>\n\n\n\n<p>Jeg blev for nogle \u00e5r siden uddannet som FDZ zoneterapeut og urteterapi p\u00e5 henholdsvis Vendsyssel Helseskole og Urteskolen i \u00c5rhus og er RAB-registreret (Registreret Alternativ Behandler) indenfor b\u00e5de zoneterapi og urteterapi.<\/p>\n\n\n\n<div class=\"wp-block-image\"><figure class=\"alignright is-resized\"><img loading=\"lazy\" decoding=\"async\" src=\"https:\/\/bogenommedicinskcannabis.dk\/wp-content\/uploads\/2019\/02\/Inge_2-977x1024.jpg\" alt=\"Inge Kellermann\" class=\"wp-image-233\" width=\"207\" height=\"216\" srcset=\"https:\/\/bogenommedicinskcannabis.dk\/wp-content\/uploads\/2019\/02\/Inge_2-977x1024.jpg 977w, https:\/\/bogenommedicinskcannabis.dk\/wp-content\/uploads\/2019\/02\/Inge_2-286x300.jpg 286w, https:\/\/bogenommedicinskcannabis.dk\/wp-content\/uploads\/2019\/02\/Inge_2-768x805.jpg 768w, https:\/\/bogenommedicinskcannabis.dk\/wp-content\/uploads\/2019\/02\/Inge_2.jpg 1463w\" sizes=\"auto, (max-width: 207px) 100vw, 207px\" \/><figcaption>Inge Kellermann<\/figcaption><\/figure><\/div>\n\n\n\n<p>Udover forfatterskabet besk\u00e6ftiger jeg&nbsp;mig med r\u00e5dgivning af kr\u00e6ftpatienter, undervisning af kommende alternative behandlere og holder foredrag om kr\u00e6ft og livsstil og medicinsk cannabis.<a href=\"https:\/\/www.facebook.com\/sharer\/sharer.php?u=https:\/\/helsemail.dk\/?page_id=24\"><\/a><br><\/p>\n","protected":false},"excerpt":{"rendered":"<p>Jeg er f\u00f8dt og opvokset i Nordjylland, hvor jeg i sin tid l\u00e6ste historie p\u00e5 Aalborg Universitet. Siden har jeg&nbsp;gennemf\u00f8rt den 1-\u00e5rige voksenunderviseruddannelse p\u00e5 Aalborg Seminarium og&nbsp;har i en \u00e5rr\u00e6kke arbejdet med voksenuddannelse b\u00e5de som konsulent, underviser&nbsp;og leder. Jeg blev &hellip; <a href=\"https:\/\/bogenommedicinskcannabis.dk\/index.php\/min-personlige-baggrund\/\">L\u00e6s resten <span class=\"meta-nav\">&rarr;<\/span><\/a><\/p>\n","protected":false},"author":1,"featured_media":0,"parent":0,"menu_order":0,"comment_status":"closed","ping_status":"closed","template":"","meta":{"footnotes":""},"class_list":["post-232","page","type-page","status-publish","hentry"],"_links":{"self":[{"href":"https:\/\/bogenommedicinskcannabis.dk\/index.php\/wp-json\/wp\/v2\/pages\/232","targetHints":{"allow":["GET"]}}],"collection":[{"href":"https:\/\/bogenommedicinskcannabis.dk\/index.php\/wp-json\/wp\/v2\/pages"}],"about":[{"href":"https:\/\/bogenommedicinskcannabis.dk\/index.php\/wp-json\/wp\/v2\/types\/page"}],"author":[{"embeddable":true,"href":"https:\/\/bogenommedicinskcannabis.dk\/index.php\/wp-json\/wp\/v2\/users\/1"}],"replies":[{"embeddable":true,"href":"https:\/\/bogenommedicinskcannabis.dk\/index.php\/wp-json\/wp\/v2\/comments?post=232"}],"version-history":[{"count":1,"href":"https:\/\/bogenommedicinskcannabis.dk\/index.php\/wp-json\/wp\/v2\/pages\/232\/revisions"}],"predecessor-version":[{"id":234,"href":"https:\/\/bogenommedicinskcannabis.dk\/index.php\/wp-json\/wp\/v2\/pages\/232\/revisions\/234"}],"wp:attachment":[{"href":"https:\/\/bogenommedicinskcannabis.dk\/index.php\/wp-json\/wp\/v2\/media?parent=232"}],"curies":[{"name":"wp","href":"https:\/\/api.w.org\/{rel}","templated":true}]}}