{"id":34,"date":"2019-01-27T10:28:06","date_gmt":"2019-01-27T09:28:06","guid":{"rendered":"http:\/\/bogenommedicinskcannabis.dk\/?page_id=34"},"modified":"2019-05-04T07:48:49","modified_gmt":"2019-05-04T06:48:49","slug":"referencer-kapitel-1","status":"publish","type":"page","link":"https:\/\/bogenommedicinskcannabis.dk\/index.php\/referencer-kapitel-1\/","title":{"rendered":"Referencer &#8211; Kapitel 1"},"content":{"rendered":"\r\n<p><sup>[1]<\/sup>\u00a0Aggarwal et al. (2009). Medicinal use of cannabis in the United States: historical perspectives, current trends, and future directions. Journal of Opioid Management, 5, 153\u2013168.\u00a0<a href=\"https:\/\/www.ncbi.nlm.nih.gov\/pubmed\/19662925\">https:\/\/www.ncbi.nlm.nih.gov\/pubmed\/19662925<\/a><\/p>\r\n\r\n\r\n\r\n<p><a href=\"#_ednref2\"><sup>[2]<\/sup><\/a>\u00a0Long et al. (2016). Cannabis in Eurasia: origin of human use and Bronze Age trans-continental connections. Vegetative History and Archaeobotancy, 26, 245\u2013258.\u00a0<a href=\"https:\/\/app.dimensions.ai\/details\/publication\/pub.1014858854\">https:\/\/app.dimensions.ai\/details\/publication\/pub.1014858854<\/a><\/p>\r\n\r\n\r\n\r\n<p>Clarke, R.C., &amp; Merlin, M.D. (2013). Cannabis: Evolution and Ethnobotany, University of California Press.<\/p>\r\n\r\n\r\n\r\n<p>Small, E. (2015) Evolution and classification of Cannabis sativa (marijuana, hemp) in relation to human utilization. Bot. Rev. 81, 189\u2013294.\u00a0<a href=\"http:\/\/www.agr.gc.ca\/eng\/abstract\/publication?id=35993000000564\">http:\/\/www.agr.gc.ca\/eng\/abstract\/publication?id=35993000000564<\/a><\/p>\r\n\r\n\r\n\r\n<p><a href=\"#_ednref3\"><sup>[3]<\/sup><\/a>\u00a0Cannabidiol \u2013 Recent Advances.\u00a0<a href=\"http:\/\/csatc.org\/pdf-Scientific-Research\/Russo2007.pdf\">Chemistry and Biodiversity, 2007 (4)<\/a>\u00a0<a href=\"http:\/\/csatc.org\/pdf-Scientific-Research\/Russo2007.pdf\">http:\/\/csatc.org\/pdf-Scientific-Research\/Russo2007.pdf<\/a><\/p>\r\n\r\n\r\n\r\n<p><a href=\"#_ednref4\"><sup>[4]<\/sup><\/a>\u00a0Cannabis f\u00e5r kr\u00e6ftceller til at beg\u00e5 selvmord.<a href=\"http:\/\/www.ladanesa.com\/temaadebat\/43-nyheder\/temaadebat\/4818-cannabis-far-kraeftceller-til-at-bega-selvmord\">http:\/\/www.ladanesa.com\/temaadebat\/43-nyheder\/temaadebat\/4818-cannabis-far-kraeftceller-til-at-bega-selvmord<\/a><\/p>\r\n\r\n\r\n\r\n<p><a href=\"#_ednref5\"><sup>[5]<\/sup><\/a>\u00a0Abel EL: Marihuana, The First Twelve Thousand Years. New York: Plenum Press, 1980. Last accessed December 8, 2016.<\/p>\r\n\r\n\r\n\r\n<p>Joy JE, Watson SJ, Benson JA, eds.: Marijuana and Medicine: Assessing the Science Base. Washington, DC: National Academy Press, 1999. Last accessed December 8, 2016.<\/p>\r\n\r\n\r\n\r\n<p>Mack A, Joy J: Marijuana As Medicine? The Science Beyond the Controversy. Washington, DC: National Academy Press, 2001. Last accessed December 8, 2016.<\/p>\r\n\r\n\r\n\r\n<p>Booth M: Cannabis: A History. New York, NY: St Martin&#8217;s Press, 2003.<\/p>\r\n\r\n\r\n\r\n<p>Russo EB, Jiang HE, Li X, et al.: Phytochemical and genetic analyses of ancient cannabis from Central Asia. J Exp Bot 59 (15): 4171-82, 2008.\u00a0\u00a0<a href=\"https:\/\/www.ncbi.nlm.nih.gov\/pmc\/articles\/PMC2639026\/\">https:\/\/www.ncbi.nlm.nih.gov\/pmc\/articles\/PMC2639026\/<\/a><\/p>\r\n\r\n\r\n\r\n<p><a href=\"#_ednref6\"><sup>[6]<\/sup><\/a>\u00a0The 11 Most Important Cannabis Studies of All Time.\u00a0<a href=\"http:\/\/medicalmarijuana.co.uk\/the-11-most-important-cannabis-studies-of-all-time\/\">http:\/\/medicalmarijuana.co.uk\/the-11-most-important-cannabis-studies-of-all-time\/<\/a><\/p>\r\n\r\n\r\n\r\n<p><a href=\"#_ednref7\"><sup>[7]<\/sup><\/a>\u00a0Cannabis: The Most Important Vegetable on the Planet.\u00a0<a href=\"http:\/\/wakeup-world.com\/2015\/08\/02\/cannabis-the-most-important-vegetable-on-the-planet\/\">http:\/\/wakeup-world.com\/2015\/08\/02\/cannabis-the-most-important-vegetable-on-the-planet\/<\/a><\/p>\r\n\r\n\r\n\r\n<p><a href=\"#_ednref8\"><sup>[8]<\/sup><\/a>\u00a06 Ancient Uses for Medical Cannabis.\u00a0<a href=\"https:\/\/zenpype.com\/6-ancient-uses-for-medicial-cannabis\/\">https:\/\/zenpype.com\/6-ancient-uses-for-medicial-cannabis\/<\/a><\/p>\r\n\r\n\r\n\r\n<p><a href=\"#_ednref9\"><sup>[9]<\/sup><\/a>\u00a0Aldrich MR. 1997. \u201cHistory of therapeutic cannabis,\u201d i\u00a0Cannabis in Medical Practice.<\/p>\r\n\r\n\r\n\r\n<p><a href=\"#_ednref10\"><sup>[10]<\/sup><\/a>\u00a0M. Joya,\u00a0<em>Things Japanese<\/em>\u00a0(Tokyo: Tokyo News Service, 1963)<\/p>\r\n\r\n\r\n\r\n<p><a href=\"#_ednref11\"><sup>[11]<\/sup><\/a>\u00a06 Ancient Uses for Medical Cannabis.\u00a0<a href=\"https:\/\/zenpype.com\/6-ancient-uses-for-medicial-cannabis\/\">https:\/\/zenpype.com\/6-ancient-uses-for-medicial-cannabis\/<\/a><\/p>\r\n\r\n\r\n\r\n<p><a href=\"#_ednref12\"><sup>[12]<\/sup><\/a>\u00a0<a href=\"https:\/\/translate.googleusercontent.com\/translate_c?depth=1&amp;hl=da&amp;prev=search&amp;rurl=translate.google.dk&amp;sl=en&amp;u=https:\/\/www.ncbi.nlm.nih.gov\/pubmed\/%3Fterm%3DGodlaski%2520TM%255BAuthor%255D%26cauthor%3Dtrue%26cauthor_uid%3D22742944&amp;usg=ALkJrhg-DZj6kXgV4iAUMCxazZ31G9tkeA\">Godlaski TM<\/a>.\u00a0Shiva, Lord of Bhang.\u00a0<a href=\"https:\/\/www.ncbi.nlm.nih.gov\/pubmed\/22742944\">Subst Use Misuse.<\/a>\u00a02012 Aug;47(10):1067-72. doi: 10.3109\/10826084.2012.684308.\u00a0<a href=\"https:\/\/www.ncbi.nlm.nih.gov\/pubmed\/22742944\">https:\/\/www.ncbi.nlm.nih.gov\/pubmed\/22742944<\/a><\/p>\r\n\r\n\r\n\r\n<p><a href=\"#_ednref13\"><sup>[13]<\/sup><\/a>\u00a0M.V. Ball, &#8220;The Effects of Haschisch Not Due to Cannabis Indica&#8221;,\u00a0<em>Therapeutic Gazette<\/em>, 34 (1910): 777-80.<\/p>\r\n\r\n\r\n\r\n<p><a href=\"#_ednref14\"><sup>[14]<\/sup><\/a>\u00a06 Ancient Uses for Medical Cannabis.\u00a0<a href=\"https:\/\/zenpype.com\/6-ancient-uses-for-medicial-cannabis\/\">https:\/\/zenpype.com\/6-ancient-uses-for-medicial-cannabis\/<\/a><\/p>\r\n\r\n\r\n\r\n<p><a href=\"#_ednref15\"><sup>[15]<\/sup><\/a>\u00a0Brunner TF. 1973.\u00a0\u201cMarijuana in ancient Greece and Rome? The literary evidence.\u201d\u00a0Bulletin of the History of Medicine\u00a047:344-355.\u00a0<a href=\"https:\/\/www.ncbi.nlm.nih.gov\/pubmed\/4589521\">https:\/\/www.ncbi.nlm.nih.gov\/pubmed\/4589521<\/a><\/p>\r\n\r\n\r\n\r\n<p><a href=\"#_ednref16\"><sup>[16]<\/sup><\/a>\u00a0Herer J. The Emperor Wears No Clothes.\u00a0<a href=\"http:\/\/www.electricemperor.com\/eecdrom\/HTML\/EMP\/02\/ECH02_03.HTM\">http:\/\/www.electricemperor.com\/eecdrom\/HTML\/EMP\/02\/ECH02_03.HTM<\/a>\u00a0Accessed September 12, 2011.<\/p>\r\n\r\n\r\n\r\n<p>U.S. Constitution Online Answers From the FAQ, Page 8: Q145: \u201cWhat kind of paper was the Constitution written on?\u201d\u00a0<a href=\"http:\/\/www.usconstitution.net\/constfaq_a8.html\">http:\/\/www.usconstitution.net\/constfaq_a8.html<\/a>\u00a0Accessed September 12, 2011.<\/p>\r\n\r\n\r\n\r\n<p><a href=\"#_ednref17\"><sup>[17]<\/sup><\/a>\u00a0M. Eliade,\u00a0Shamanism\u00a0(New York: Pantheon Books, 1964).<\/p>\r\n\r\n\r\n\r\n<p><a href=\"#_ednref18\"><sup>[18]<\/sup><\/a>\u00a0J. Darmester, ed.,\u00a0The Zend-Avesta\u00a0(London: Oxford University Press, 1882), pp. 267-8.<\/p>\r\n\r\n\r\n\r\n<p><a href=\"#_ednref19\"><sup>[19]<\/sup><\/a>\u00a0L. Bellinger, &#8220;Textiles from Gordion&#8221;,\u00a0Bulletin of the Needle and Bobbin Club\u00a046 (1962): 5-33.<\/p>\r\n\r\n\r\n\r\n<p><a href=\"#_ednref20\"><sup>[20]<\/sup><\/a>\u00a0Conrad C. 1993.\u00a0Hemp: Lifeline to the Future.\u00a0Los Angeles: Creative Xpressions; DuToit BM. 1980.<\/p>\r\n\r\n\r\n\r\n<p><em>Cannabis in Africa.<\/em>\u00a0Rotterdam, The Netherlands: Balkema.<\/p>\r\n\r\n\r\n\r\n<p><a href=\"#_ednref21\"><sup>[21]<\/sup><\/a>\u00a0Cancer Institute Finally Admits Marijuana Kills Cancer.\u00a0<a href=\"http:\/\/herb.co\/2015\/10\/02\/cancer-institute-finally-admits-marijuana-kills-cancer\/\">http:\/\/herb.co\/2015\/10\/02\/cancer-institute-finally-admits-marijuana-kills-cancer\/<\/a><\/p>\r\n\r\n\r\n\r\n<p><a href=\"#_ednref22\"><sup>[22]<\/sup><\/a>\u00a02,500-Year-Old Cannabis Plant Found On The Silk Road.\u00a0<a href=\"http:\/\/herb.co\/2016\/10\/11\/silk-road-2500-cannabis-plant\/\">http:\/\/herb.co\/2016\/10\/11\/silk-road-2500-cannabis-plant\/<\/a><\/p>\r\n\r\n\r\n\r\n<p><a href=\"#_ednref23\"><sup>[23]<\/sup><\/a>\u00a0<a href=\"http:\/\/siberiantimes.com\/home\/born-in-siberia\/2500-year-old-siberian-princess-died-from-breast-cancer-reveals-mri-scan\/\">2,500 year old Siberian princess &#8216;died from breast cancer&#8217;, reveals MRI scan<\/a>.\u00a0<a href=\"http:\/\/siberiantimes.com\/home\/born-in-siberia\/2500-year-old-siberian-princess-died-from-breast-cancer-reveals-mri-scan\/\">http:\/\/siberiantimes.com\/home\/born-in-siberia\/2500-year-old-siberian-princess-died-from-breast-cancer-reveals-mri-scan\/<\/a><\/p>\r\n\r\n\r\n\r\n<p><a href=\"#_ednref24\"><sup>[24]<\/sup><\/a>\u00a05 Surprising Things You Didn\u2019t Know About Cannabis And Cancer.\u00a0<a href=\"http:\/\/herb.co\/2017\/01\/25\/cannabis-cancer\/\">http:\/\/herb.co\/2017\/01\/25\/cannabis-cancer\/<\/a><\/p>\r\n\r\n\r\n\r\n<p><a href=\"#_ednref25\"><sup>[25]<\/sup><\/a>\u00a0Abel EL. 1980.\u00a0<em>Marihuana: The First Twelve Thousand Years.<\/em>\u00a0New York: Plenum<\/p>\r\n\r\n\r\n\r\n<p><a href=\"#_ednref26\"><sup>[26]<\/sup><\/a>\u00a0Aggarwal S.K., Carter G.T., Sullivan M.D., ZumBrunnen C., Morrill R., Mayer J.D. Medicinal use of cannabis in the United States: historical perspectives, current trends, and future directions. J Opioid Manag. 2009;5(3):153\u2013168.\u00a0<a href=\"https:\/\/www.ncbi.nlm.nih.gov\/pubmed\/19662925\">https:\/\/www.ncbi.nlm.nih.gov\/pubmed\/19662925<\/a>\u00a0]<\/p>\r\n\r\n\r\n\r\n<p><a href=\"#_ednref27\"><sup>[27]<\/sup><\/a>\u00a0Ben Amar M. Cannabinoids in medicine: a review of their therapeutic potential. J Ethnopharmacol. 2006;105(1-2):1\u201325.\u00a0<a href=\"https:\/\/www.ncbi.nlm.nih.gov\/pubmed\/16540272\">https:\/\/www.ncbi.nlm.nih.gov\/pubmed\/16540272<\/a>\u00a0\u00a0\u00a0\u00a0<\/p>\r\n\r\n\r\n\r\n<p><a href=\"#_ednref28\"><sup>[28]<\/sup><\/a>\u00a0Zuardi A.W. History of cannabis as a medicine: a review. Rev Bras Psiquiatr. 2006;28(2):153\u2013157.\u00a0<a href=\"https:\/\/www.ncbi.nlm.nih.gov\/pubmed\/16810401\">https:\/\/www.ncbi.nlm.nih.gov\/pubmed\/16810401<\/a><\/p>\r\n\r\n\r\n\r\n<p><a href=\"#_ednref29\"><sup>[29]<\/sup><\/a>\u00a0Fisar Z. Phytocannabinoids and endocannabinoids. Curr Drug Abuse Rev. 2009;2(1):51\u201375.\u00a0<a href=\"https:\/\/www.ncbi.nlm.nih.gov\/pubmed\/19630737\">https:\/\/www.ncbi.nlm.nih.gov\/pubmed\/19630737<\/a><\/p>\r\n\r\n\r\n\r\n<p>Turcotte D., Le Dorze J.A., Esfahani F., Frost E., Gomori A., Namaka M. Examining the roles of cannabinoids in pain and other therapeutic indications: a review.\u00a0Expert Opin Pharmacother. 2010;11(1):17\u201331.\u00a0<a href=\"https:\/\/www.ncbi.nlm.nih.gov\/pubmed\/20001426\">https:\/\/www.ncbi.nlm.nih.gov\/pubmed\/20001426<\/a>]<\/p>\r\n\r\n\r\n\r\n<p><a href=\"#_ednref30\"><sup>[30]<\/sup><\/a>\u00a0Matilda Degn, Gitte Petersen, Harald S. Hansen og Trine Meldgaard Lund:\u00a0Kroppens egne cannabinoider p\u00e5virker immunsystemet<strong>.\u00a0<\/strong><a href=\"http:\/\/www.farma.ku.dk\/index.php\/Laegemiddelforskning-2005\/2467\/0\/\">L\u00e6gemiddelforskning 2005<\/a>.\u00a0<a href=\"http:\/\/www.farma.ku.dk\/index.php\/Kroppens-egne-cannabinoider-pa\/2603\/0\/\">http:\/\/www.farma.ku.dk\/index.php\/Kroppens-egne-cannabinoider-pa\/2603\/0\/<\/a><\/p>\r\n\r\n\r\n\r\n<p><a href=\"#_ednref31\"><sup>[31]<\/sup><\/a>\u00a0Cannabis f\u00e5r kr\u00e6ftceller til at beg\u00e5 selvmord.\u00a0<a href=\"http:\/\/www.ladanesa.com\/temaadebat\/43-nyheder\/temaadebat\/4818-cannabis-far-kraeftceller-til-at-bega-selvmord\">http:\/\/www.ladanesa.com\/temaadebat\/43-nyheder\/temaadebat\/4818-cannabis-far-kraeftceller-til-at-bega-selvmord<\/a><\/p>\r\n\r\n\r\n\r\n<p><a href=\"#_ednref32\"><sup>[32]<\/sup><\/a>\u00a0Cannabis and Cannabinoids (PDQ\u00ae)\u2013Patient Version.\u00a0<a href=\"https:\/\/www.cancer.gov\/about-cancer\/treatment\/cam\/patient\/cannabis-pdq#link\/_5\">https:\/\/www.cancer.gov\/about-cancer\/treatment\/cam\/patient\/cannabis-pdq#link\/_5<\/a><\/p>\r\n\r\n\r\n\r\n<p><a href=\"#_ednref33\"><sup>[33]<\/sup><\/a>\u00a0Cannabis and Cannabinoids (PDQ\u00ae)\u2013Health Professional Version.\u00a0<a href=\"http:\/\/www.cancer.gov\/cancertopics\/pdq\/cam\/cannabis\/healthprofessional\/page4\">http:\/\/www.cancer.gov\/cancertopics\/pdq\/cam\/cannabis\/healthprofessional\/page4<\/a><\/p>\r\n\r\n\r\n\r\n<p>Cannabis, cannabinoids and cancer \u2013 the evidence so far.<a href=\"http:\/\/scienceblog.cancerresearchuk.org\/2012\/07\/25\/cannabis-cannabinoids-and-cancer-the-evidence-so-far\/\">http:\/\/scienceblog.cancerresearchuk.org\/2012\/07\/25\/cannabis-cannabinoids-and-cancer-the-evidence-so-far\/<\/a>\u00a0.<\/p>\r\n\r\n\r\n\r\n<p>Carsten Vagn-Hansen:\u00a0Cannabisolie og kr\u00e6ft.\u00a0<a href=\"http:\/\/www.forebyg.dk\/cannabisolie-og-kraeft\/\">http:\/\/www.forebyg.dk\/cannabisolie-og-kraeft\/<\/a><\/p>\r\n\r\n\r\n\r\n<p><a href=\"#_ednref34\"><sup>[34]<\/sup><\/a>\u00a0Cannabis Prohibition \u2013 When, Why, And How?\u00a0<a href=\"https:\/\/zenpype.com\/cannabis-prohibition-when-why-and-how\/\">https:\/\/zenpype.com\/cannabis-prohibition-when-why-and-how\/<\/a><\/p>\r\n\r\n\r\n\r\n<p><a href=\"#_ednref35\"><sup>[35]<\/sup><\/a>\u00a0Cannabis Prohibition Turned Over 80. It Is Gotta Die Soon, Right?\u00a0<a href=\"https:\/\/zenpype.com\/cannabis-prohibition-turned-over-80-it-is-gotta-die-soon-right\/\">https:\/\/zenpype.com\/cannabis-prohibition-turned-over-80-it-is-gotta-die-soon-right\/<\/a><\/p>\r\n\r\n\r\n\r\n<p><a href=\"#_ednref36\"><sup>[36]<\/sup><\/a>\u00a0Marijuana Prohibition Was Racist From The Start. Not Much Has Changed.\u00a0<a href=\"http:\/\/www.huffingtonpost.com\/2014\/01\/14\/marijuana-prohibition-racist_n_4590190.html\">http:\/\/www.huffingtonpost.com\/2014\/01\/14\/marijuana-prohibition-racist_n_4590190.html<\/a><\/p>\r\n\r\n\r\n\r\n<p><a href=\"#_ednref37\"><sup>[37]<\/sup><\/a>\u00a0Who Made Cannabis Illegal For The Whole World?<a href=\"https:\/\/zenpype.com\/who-made-cannabis-illegal-for-the-whole-world\/\">https:\/\/zenpype.com\/who-made-cannabis-illegal-for-the-whole-world\/<\/a><\/p>\r\n\r\n\r\n\r\n<p><a href=\"#_ednref38\"><sup>[38]<\/sup><\/a>\u00a0Dr. Gupta\u2019s Traveling Medicine Show.\u00a0<a href=\"https:\/\/www.projectcbd.org\/about\/cannabis-culture-history\/dr-guptas-traveling-medicine-show\">https:\/\/www.projectcbd.org\/about\/cannabis-culture-history\/dr-guptas-traveling-medicine-show<\/a><\/p>\r\n\r\n\r\n\r\n<p><a href=\"#_ednref39\"><sup>[39]<\/sup><\/a>\u00a0The Endocannabinoid System.\u00a0<a href=\"https:\/\/www.projectcbd.org\/science\/endocannabinoid-system\/endocannabinoid-system\">https:\/\/www.projectcbd.org\/science\/endocannabinoid-system\/endocannabinoid-system<\/a><\/p>\r\n\r\n\r\n\r\n<p><a href=\"#_ednref40\"><sup>[40]<\/sup><\/a>\u00a0State Marijuana Laws in 2017 Map.\u00a0<a href=\"http:\/\/www.governing.com\/gov-data\/state-marijuana-laws-map-medical-recreational.html\">http:\/\/www.governing.com\/gov-data\/state-marijuana-laws-map-medical-recreational.html<\/a><\/p>\r\n\r\n\r\n\r\n<p><a href=\"#_ednref41\"><sup>[41]<\/sup><\/a>\u00a0State Marijuana Laws in 2018 Map.\u00a0<a href=\"http:\/\/www.governing.com\/gov-data\/safety-justice\/state-marijuana-laws-map-medical-recreational.html\">http:\/\/www.governing.com\/gov-data\/safety-justice\/state-marijuana-laws-map-medical-recreational.html<\/a><\/p>\r\n\r\n\r\n\r\n<p><a href=\"#_ednref42\"><sup>[42]<\/sup><\/a>\u00a0Medicinsk cannabis stormer frem i resten af verden.\u00a0<a href=\"https:\/\/sundhedspolitisktidsskrift.dk\/nyheder\/1247-medicinsk-cannabis-stormer-frem-i-resten-af-verden.html\">https:\/\/sundhedspolitisktidsskrift.dk\/nyheder\/1247-medicinsk-cannabis-stormer-frem-i-resten-af-verden.html<\/a><\/p>\r\n\r\n\r\n\r\n<p><a href=\"#_ednref43\"><sup>[43]<\/sup><\/a>\u00a0Sp\u00f8rgsm\u00e5l og svar om medicinsk cannabis.\u00a0<a href=\"https:\/\/laegemiddelstyrelsen.dk\/da\/special\/medicinsk-cannabis\/borgere\/spoergsmaal-og-svar-om-medicinsk-cannabis\/\">https:\/\/laegemiddelstyrelsen.dk\/da\/special\/medicinsk-cannabis\/borgere\/spoergsmaal-og-svar-om-medicinsk-cannabis\/<\/a><\/p>\r\n","protected":false},"excerpt":{"rendered":"<p>[1]\u00a0Aggarwal et al. (2009). Medicinal use of cannabis in the United States: historical perspectives, current trends, and future directions. Journal of Opioid Management, 5, 153\u2013168.\u00a0https:\/\/www.ncbi.nlm.nih.gov\/pubmed\/19662925 [2]\u00a0Long et al. (2016). Cannabis in Eurasia: origin of human use and Bronze Age trans-continental &hellip; <a href=\"https:\/\/bogenommedicinskcannabis.dk\/index.php\/referencer-kapitel-1\/\">L\u00e6s resten <span class=\"meta-nav\">&rarr;<\/span><\/a><\/p>\n","protected":false},"author":1,"featured_media":0,"parent":0,"menu_order":0,"comment_status":"closed","ping_status":"closed","template":"","meta":{"footnotes":""},"class_list":["post-34","page","type-page","status-publish","hentry"],"_links":{"self":[{"href":"https:\/\/bogenommedicinskcannabis.dk\/index.php\/wp-json\/wp\/v2\/pages\/34","targetHints":{"allow":["GET"]}}],"collection":[{"href":"https:\/\/bogenommedicinskcannabis.dk\/index.php\/wp-json\/wp\/v2\/pages"}],"about":[{"href":"https:\/\/bogenommedicinskcannabis.dk\/index.php\/wp-json\/wp\/v2\/types\/page"}],"author":[{"embeddable":true,"href":"https:\/\/bogenommedicinskcannabis.dk\/index.php\/wp-json\/wp\/v2\/users\/1"}],"replies":[{"embeddable":true,"href":"https:\/\/bogenommedicinskcannabis.dk\/index.php\/wp-json\/wp\/v2\/comments?post=34"}],"version-history":[{"count":3,"href":"https:\/\/bogenommedicinskcannabis.dk\/index.php\/wp-json\/wp\/v2\/pages\/34\/revisions"}],"predecessor-version":[{"id":907,"href":"https:\/\/bogenommedicinskcannabis.dk\/index.php\/wp-json\/wp\/v2\/pages\/34\/revisions\/907"}],"wp:attachment":[{"href":"https:\/\/bogenommedicinskcannabis.dk\/index.php\/wp-json\/wp\/v2\/media?parent=34"}],"curies":[{"name":"wp","href":"https:\/\/api.w.org\/{rel}","templated":true}]}}