{"id":381,"date":"2019-02-17T18:08:37","date_gmt":"2019-02-17T17:08:37","guid":{"rendered":"https:\/\/bogenommedicinskcannabis.dk\/?page_id=381"},"modified":"2019-02-18T10:39:09","modified_gmt":"2019-02-18T09:39:09","slug":"381-2","status":"publish","type":"page","link":"https:\/\/bogenommedicinskcannabis.dk\/index.php\/artikler\/medicinsk-cannabis-og-kraeft\/381-2\/","title":{"rendered":"William Frost"},"content":{"rendered":"<p>William Frost blev diagnosticeret med en hjernetumor i 2014. Efter operation og kemo fik for\u00e6ldrene sidste \u00e5r at vide, at drengen var ved at d\u00f8. De udforskede alle andre behandlingsmuligheder og var desperate for at finde en redning for William. Efter at have l\u00e6st om ny forskning af CBD behandling fra eksperter p\u00e5 Nottingham\u2019s Children\u2019s Brain Tumor Research Center, besluttede de at se, om William kunne deltage i forskningen.<a href=\"#_ftn1\" name=\"_ftnref1\">[1]<\/a><\/p>\n<p>\u201cVi kunne ikke b\u00e6re at acceptere, at der ikke var nogen muligheder for William,\u201d sagde faderen Steve. \u201dVi var desperate og villige til at pr\u00f8ve alt, og da vi l\u00e6ste om forskningen af cannabis og tumorer, fik vi h\u00e5b.\u201d<\/p>\n<p>En privat klinik ordinerede CBD. F\u00e5 m\u00e5neder senere var Williams tumor skrumpet med en tredjedel, og han var i stand til at vende tilbage til skolen.<\/p>\n<p>Det sidste, vi kan l\u00e6se p\u00e5 hans Facebookprofil Make William Well februar 2019 er, at hans tumor er vokser og for\u00e6ldrene har f\u00e5et at vide, at en operation er n\u00f8dvendig, sandsynligvis efterfulgt af str\u00e5lebehandling.<\/p>\n<p><img loading=\"lazy\" decoding=\"async\" class=\"alignnone size-full wp-image-469 aligncenter\" src=\"https:\/\/bogenommedicinskcannabis.dk\/wp-content\/uploads\/2019\/02\/str\u00e5leterapi3.jpg\" alt=\"\" width=\"180\" height=\"96\" \/><\/p>\n<p><a href=\"#_ftnref1\" name=\"_ftn1\">[1]<\/a> United Kingdom Studies CBD in Treating Children\u2019s Brain Tumors. <a href=\"https:\/\/medicalmarijuana411.com\/united-kingdom-studies-cbd-treating-childrens-brain-tumors\/\">https:\/\/medicalmarijuana411.com\/united-kingdom-studies-cbd-treating-childrens-brain-tumors\/<\/a><\/p>\n","protected":false},"excerpt":{"rendered":"<p>William Frost blev diagnosticeret med en hjernetumor i 2014. Efter operation og kemo fik for\u00e6ldrene sidste \u00e5r at vide, at drengen var ved at d\u00f8. De udforskede alle andre behandlingsmuligheder og var desperate for at finde en redning for William. &hellip; <a href=\"https:\/\/bogenommedicinskcannabis.dk\/index.php\/artikler\/medicinsk-cannabis-og-kraeft\/381-2\/\">L\u00e6s resten <span class=\"meta-nav\">&rarr;<\/span><\/a><\/p>\n","protected":false},"author":1,"featured_media":0,"parent":306,"menu_order":0,"comment_status":"closed","ping_status":"closed","template":"","meta":{"footnotes":""},"class_list":["post-381","page","type-page","status-publish","hentry"],"_links":{"self":[{"href":"https:\/\/bogenommedicinskcannabis.dk\/index.php\/wp-json\/wp\/v2\/pages\/381","targetHints":{"allow":["GET"]}}],"collection":[{"href":"https:\/\/bogenommedicinskcannabis.dk\/index.php\/wp-json\/wp\/v2\/pages"}],"about":[{"href":"https:\/\/bogenommedicinskcannabis.dk\/index.php\/wp-json\/wp\/v2\/types\/page"}],"author":[{"embeddable":true,"href":"https:\/\/bogenommedicinskcannabis.dk\/index.php\/wp-json\/wp\/v2\/users\/1"}],"replies":[{"embeddable":true,"href":"https:\/\/bogenommedicinskcannabis.dk\/index.php\/wp-json\/wp\/v2\/comments?post=381"}],"version-history":[{"count":5,"href":"https:\/\/bogenommedicinskcannabis.dk\/index.php\/wp-json\/wp\/v2\/pages\/381\/revisions"}],"predecessor-version":[{"id":471,"href":"https:\/\/bogenommedicinskcannabis.dk\/index.php\/wp-json\/wp\/v2\/pages\/381\/revisions\/471"}],"up":[{"embeddable":true,"href":"https:\/\/bogenommedicinskcannabis.dk\/index.php\/wp-json\/wp\/v2\/pages\/306"}],"wp:attachment":[{"href":"https:\/\/bogenommedicinskcannabis.dk\/index.php\/wp-json\/wp\/v2\/media?parent=381"}],"curies":[{"name":"wp","href":"https:\/\/api.w.org\/{rel}","templated":true}]}}