{"id":399,"date":"2019-02-17T19:42:39","date_gmt":"2019-02-17T18:42:39","guid":{"rendered":"https:\/\/bogenommedicinskcannabis.dk\/?page_id=399"},"modified":"2019-02-18T17:41:22","modified_gmt":"2019-02-18T16:41:22","slug":"399-2","status":"publish","type":"page","link":"https:\/\/bogenommedicinskcannabis.dk\/index.php\/artikler\/medicinsk-cannabis-og-kraeft\/399-2\/","title":{"rendered":"Britisk forskning af CBD som behandling for b\u00f8rns hjernetumorer"},"content":{"rendered":"<p>Efter det store pres fra familier i USA, som med succes har brugt CBD som behandling for mange forskellige sygdomme hos b\u00f8rn, s\u00e5som epilepsi (og andre krampe-tilstande), autisme og ADHD, vil England ny udf\u00f8re forskning for at finde ud af, om CBD kan hj\u00e6lpe med at reducere b\u00f8rns hjernetumorer. Det bliver det f\u00f8rste, som unders\u00f8ger effekten af medicinsk cannabis p\u00e5 b\u00f8rn med hjernekr\u00e6ft.<a href=\"#_ftn1\" name=\"_ftnref1\">[1]<\/a><\/p>\n<p>Professor Richard Grundy fra Nottingham University<a href=\"#_ftn2\" name=\"_ftnref2\">[2]<\/a> leder studiet og hans observationer viser, at der gennem de sidste m\u00e5neder har der v\u00e6ret en signifikant for\u00f8gelse af for\u00e6ldre, der eftersp\u00f8rger medicinsk cannabis som behandling til deres b\u00f8rn, som lider af en bred vifte af lidelser, herunder hjernekr\u00e6ft.<\/p>\n<p>Tidligere studier har vist, at cannabis kan skrumpe tumorer.<a href=\"#_ftn3\" name=\"_ftnref3\">[3]<\/a> Grundys h\u00e5b er, at det banebrydende studie kan hj\u00e6lpe disse b\u00f8rn, som lider af hjernekr\u00e6ft. \u201cDer er et stort behov for nye m\u00e5der at behandle hjernekr\u00e6ft hos b\u00f8rn for at for\u00f8ge og forbedre livskvaliteten hos disse patienter, s\u00e5 vi er sp\u00e6ndte p\u00e5 gennem dette fors\u00f8g at teste effekten af CBD p\u00e5 hjernekr\u00e6ftceller,\u201d sagde Grundy.<\/p>\n<p>Forskerne vil udf\u00f8re testene p\u00e5 celler, som er udtaget af hjernetumorer, og de vil n\u00f8je iagttage, hvordan cellerne deler sig eller d\u00f8r for at bestemme CBDs effekt p\u00e5 st\u00f8rrelsen af tumorerne. Deres forventning er, at hjernekr\u00e6ftceller, som vokser i CBD, standser deres v\u00e6kst og d\u00f8r og at normale hjerneceller, der vokser i CBD, forbliver sunde.<\/p>\n<p><img loading=\"lazy\" decoding=\"async\" class=\"alignnone size-medium wp-image-400 aligncenter\" src=\"https:\/\/bogenommedicinskcannabis.dk\/wp-content\/uploads\/2019\/02\/hjerneceller-300x300.jpg\" alt=\"\" width=\"300\" height=\"300\" srcset=\"https:\/\/bogenommedicinskcannabis.dk\/wp-content\/uploads\/2019\/02\/hjerneceller-300x300.jpg 300w, https:\/\/bogenommedicinskcannabis.dk\/wp-content\/uploads\/2019\/02\/hjerneceller-150x150.jpg 150w, https:\/\/bogenommedicinskcannabis.dk\/wp-content\/uploads\/2019\/02\/hjerneceller.jpg 334w\" sizes=\"auto, (max-width: 300px) 100vw, 300px\" \/><\/p>\n<p><a href=\"#_ftnref1\" name=\"_ftn1\">[1]<\/a> <a href=\"https:\/\/medicalmarijuana411.com\/united-kingdom-studies-cbd-treating-childrens-brain-tumors\/\">https:\/\/medicalmarijuana411.com\/united-kingdom-studies-cbd-treating-childrens-brain-tumors\/<\/a><br \/>\n<a href=\"#_ftnref2\" name=\"_ftn2\">[2]<\/a> New research to test effect of cannabidiol on child brain tumours. <a href=\"https:\/\/www.nottingham.ac.uk\/news\/pressreleases\/2017\/may\/new-research-to-test-effect-of-cannabidiol-on-child-brain-tumours.aspx\">https:\/\/www.nottingham.ac.uk\/news\/pressreleases\/2017\/may\/new-research-to-test-effect-of-cannabidiol-on-child-brain-tumours.aspx<\/a><br \/>\n<a href=\"#_ftnref3\" name=\"_ftn3\">[3]<\/a> Guillermo Velasco: Cannabinoid action induces autophagy-mediated cell death through stimulation of ER <a href=\"https:\/\/www.medicalnewstoday.com\/articles\/145855.php\">stress<\/a> in human glioma cells. <a href=\"https:\/\/www.medicalnewstoday.com\/releases\/144770.php\">https:\/\/www.medicalnewstoday.com\/releases\/144770.php<\/a><br \/>\nCannabis reduces tumor growth in study. <a href=\"https:\/\/www.medicalnewstoday.com\/articles\/279571.php\">https:\/\/www.medicalnewstoday.com\/articles\/279571.php<\/a><\/p>\n","protected":false},"excerpt":{"rendered":"<p>Efter det store pres fra familier i USA, som med succes har brugt CBD som behandling for mange forskellige sygdomme hos b\u00f8rn, s\u00e5som epilepsi (og andre krampe-tilstande), autisme og ADHD, vil England ny udf\u00f8re forskning for at finde ud af, &hellip; <a href=\"https:\/\/bogenommedicinskcannabis.dk\/index.php\/artikler\/medicinsk-cannabis-og-kraeft\/399-2\/\">L\u00e6s resten <span class=\"meta-nav\">&rarr;<\/span><\/a><\/p>\n","protected":false},"author":1,"featured_media":0,"parent":306,"menu_order":0,"comment_status":"closed","ping_status":"closed","template":"","meta":{"footnotes":""},"class_list":["post-399","page","type-page","status-publish","hentry"],"_links":{"self":[{"href":"https:\/\/bogenommedicinskcannabis.dk\/index.php\/wp-json\/wp\/v2\/pages\/399","targetHints":{"allow":["GET"]}}],"collection":[{"href":"https:\/\/bogenommedicinskcannabis.dk\/index.php\/wp-json\/wp\/v2\/pages"}],"about":[{"href":"https:\/\/bogenommedicinskcannabis.dk\/index.php\/wp-json\/wp\/v2\/types\/page"}],"author":[{"embeddable":true,"href":"https:\/\/bogenommedicinskcannabis.dk\/index.php\/wp-json\/wp\/v2\/users\/1"}],"replies":[{"embeddable":true,"href":"https:\/\/bogenommedicinskcannabis.dk\/index.php\/wp-json\/wp\/v2\/comments?post=399"}],"version-history":[{"count":3,"href":"https:\/\/bogenommedicinskcannabis.dk\/index.php\/wp-json\/wp\/v2\/pages\/399\/revisions"}],"predecessor-version":[{"id":405,"href":"https:\/\/bogenommedicinskcannabis.dk\/index.php\/wp-json\/wp\/v2\/pages\/399\/revisions\/405"}],"up":[{"embeddable":true,"href":"https:\/\/bogenommedicinskcannabis.dk\/index.php\/wp-json\/wp\/v2\/pages\/306"}],"wp:attachment":[{"href":"https:\/\/bogenommedicinskcannabis.dk\/index.php\/wp-json\/wp\/v2\/media?parent=399"}],"curies":[{"name":"wp","href":"https:\/\/api.w.org\/{rel}","templated":true}]}}