{"id":406,"date":"2019-02-17T20:02:29","date_gmt":"2019-02-17T19:02:29","guid":{"rendered":"https:\/\/bogenommedicinskcannabis.dk\/?page_id=406"},"modified":"2019-02-17T22:41:13","modified_gmt":"2019-02-17T21:41:13","slug":"cbd-behandler-hjernekraeft-via-mange-forskellige-veje","status":"publish","type":"page","link":"https:\/\/bogenommedicinskcannabis.dk\/index.php\/artikler\/medicinsk-cannabis-og-kraeft\/cbd-behandler-hjernekraeft-via-mange-forskellige-veje\/","title":{"rendered":"CBD behandler hjernekr\u00e6ft via mange forskellige veje"},"content":{"rendered":"<p>Et hold af forskere fra Italien og Canada har tidligere vist, at CBD effektivt begr\u00e6nser v\u00e6ksten af humane glioma celler.<a href=\"#_ftn1\" name=\"_ftnref1\">[1]<\/a> Uanset det var der stadig ting, der skulle forklares. \u201dStudier, der unders\u00f8ger CBDs egenskaber til at forebygge kr\u00e6ftens indtr\u00e6ngen i nabov\u00e6v, er stadig begr\u00e6nset og den mekanisme, som er forklaringen p\u00e5 effekten, forst\u00e5r vi stadig ikke,\u201d skrev de.<\/p>\n<p>Det samme forskerhold havde udf\u00f8rt et laboratoriefors\u00f8g med hjernekr\u00e6ftceller for at vise, hvordan CBD var i stand til at h\u00e6mme v\u00e6ksten af to forskellige hjernekr\u00e6ftcelletyper. De unders\u00f8gte yderligere stoffets indflydelse p\u00e5 faktorer, som er forbundet med spredning af tumorer.<\/p>\n<p>Forskerne brugte CBD, som var sk\u00e6nket af cannabis-firmaet GWPharma til at behandle hjernekr\u00e6ftceller. Konklusionen var, at CBD var i stand til signifikant at neds\u00e6tte alle cellemodellernes evne til at tr\u00e6nge ind i v\u00e6vet. De fandt ogs\u00e5, at CBD kunne fremme kr\u00e6ftcellernes selvmord afh\u00e6ngig af dosens koncentration.<\/p>\n<p>Desuden fandt forskerne, at CBD for\u00e5rsagede en reduktion af stoffer, som er involveret i spredningen af hjernekr\u00e6ft. Igen var resultatet afh\u00e6ngigt af den dosis, der blev givet. CBD s\u00e5 ud til at nedregulere de signalveje, der var vigtig for hjernekr\u00e6ftcellernes overlevelse.<\/p>\n<p>Forskerteamet noterede, at deres resultater \u201dgiver ny indsigt i CBDs kr\u00e6fth\u00e6mmende virkning.\u00a0 Dette cannabinoid p\u00e5virker mange forskellige forhold omkring tumoren og molekyl\u00e6re signalveje.\u201d<\/p>\n<p><img loading=\"lazy\" decoding=\"async\" class=\"alignnone size-medium wp-image-407 aligncenter\" src=\"https:\/\/bogenommedicinskcannabis.dk\/wp-content\/uploads\/2019\/02\/cannabis7-300x198.jpg\" alt=\"\" width=\"300\" height=\"198\" srcset=\"https:\/\/bogenommedicinskcannabis.dk\/wp-content\/uploads\/2019\/02\/cannabis7-300x198.jpg 300w, https:\/\/bogenommedicinskcannabis.dk\/wp-content\/uploads\/2019\/02\/cannabis7-768x506.jpg 768w, https:\/\/bogenommedicinskcannabis.dk\/wp-content\/uploads\/2019\/02\/cannabis7.jpg 930w\" sizes=\"auto, (max-width: 300px) 100vw, 300px\" \/><\/p>\n<p>&nbsp;<\/p>\n<p>&nbsp;<\/p>\n<p><a href=\"#_ftnref1\" name=\"_ftn1\">[1]<\/a> Marta Solinas,\u00a0 PaolaMassi, Valentina Cinquina et al. Cannabidiol, a Non-Psychoactive Cannabinoid Compound, Inhibits Proliferation and Invasion in U87-MG and T98G Glioma Cells through a Multitarget Effect. PLOS ONE Published: October 21, 2013 <a href=\"https:\/\/doi.org\/10.1371\/journal.pone.0076918\">https:\/\/doi.org\/10.1371\/journal.pone.0076918<\/a>. <a href=\"http:\/\/journals.plos.org\/plosone\/article?id=10.1371\/journal.pone.0076918\">http:\/\/journals.plos.org\/plosone\/article?id=10.1371\/journal.pone.0076918<\/a><\/p>\n","protected":false},"excerpt":{"rendered":"<p>Et hold af forskere fra Italien og Canada har tidligere vist, at CBD effektivt begr\u00e6nser v\u00e6ksten af humane glioma celler.[1] Uanset det var der stadig ting, der skulle forklares. \u201dStudier, der unders\u00f8ger CBDs egenskaber til at forebygge kr\u00e6ftens indtr\u00e6ngen i &hellip; <a href=\"https:\/\/bogenommedicinskcannabis.dk\/index.php\/artikler\/medicinsk-cannabis-og-kraeft\/cbd-behandler-hjernekraeft-via-mange-forskellige-veje\/\">L\u00e6s resten <span class=\"meta-nav\">&rarr;<\/span><\/a><\/p>\n","protected":false},"author":1,"featured_media":0,"parent":306,"menu_order":0,"comment_status":"closed","ping_status":"closed","template":"","meta":{"footnotes":""},"class_list":["post-406","page","type-page","status-publish","hentry"],"_links":{"self":[{"href":"https:\/\/bogenommedicinskcannabis.dk\/index.php\/wp-json\/wp\/v2\/pages\/406","targetHints":{"allow":["GET"]}}],"collection":[{"href":"https:\/\/bogenommedicinskcannabis.dk\/index.php\/wp-json\/wp\/v2\/pages"}],"about":[{"href":"https:\/\/bogenommedicinskcannabis.dk\/index.php\/wp-json\/wp\/v2\/types\/page"}],"author":[{"embeddable":true,"href":"https:\/\/bogenommedicinskcannabis.dk\/index.php\/wp-json\/wp\/v2\/users\/1"}],"replies":[{"embeddable":true,"href":"https:\/\/bogenommedicinskcannabis.dk\/index.php\/wp-json\/wp\/v2\/comments?post=406"}],"version-history":[{"count":1,"href":"https:\/\/bogenommedicinskcannabis.dk\/index.php\/wp-json\/wp\/v2\/pages\/406\/revisions"}],"predecessor-version":[{"id":408,"href":"https:\/\/bogenommedicinskcannabis.dk\/index.php\/wp-json\/wp\/v2\/pages\/406\/revisions\/408"}],"up":[{"embeddable":true,"href":"https:\/\/bogenommedicinskcannabis.dk\/index.php\/wp-json\/wp\/v2\/pages\/306"}],"wp:attachment":[{"href":"https:\/\/bogenommedicinskcannabis.dk\/index.php\/wp-json\/wp\/v2\/media?parent=406"}],"curies":[{"name":"wp","href":"https:\/\/api.w.org\/{rel}","templated":true}]}}