{"id":409,"date":"2019-02-17T22:12:10","date_gmt":"2019-02-17T21:12:10","guid":{"rendered":"https:\/\/bogenommedicinskcannabis.dk\/?page_id=409"},"modified":"2019-02-18T17:43:09","modified_gmt":"2019-02-18T16:43:09","slug":"cannabinoider-draeber-hjernekraeftceller-men-ikke-normale-celler","status":"publish","type":"page","link":"https:\/\/bogenommedicinskcannabis.dk\/index.php\/artikler\/medicinsk-cannabis-og-kraeft\/cannabinoider-draeber-hjernekraeftceller-men-ikke-normale-celler\/","title":{"rendered":"Cannabinoider dr\u00e6ber hjernekr\u00e6ftceller, men ikke normale celler"},"content":{"rendered":"<p>Cannabinoider som THC og CBD fungerer i den menneskelige krop ved at efterligne kroppens egne cannabinoider &#8211; endocannabinoiderne &#8211; og aktiverer specifikke receptorer p\u00e5 cellernes overflade for at opn\u00e5 en effekt.<a href=\"#_ftn1\" name=\"_ftnref1\">[1]<\/a><\/p>\n<p>Cannabinoider virker lindrende p\u00e5 kr\u00e6ftpatienter. Derudover h\u00e6mmer de v\u00e6ksten af forskellige typer kr\u00e6ftceller, herunder hjernekr\u00e6ftceller hos fors\u00f8gsdyr. Det sker ved at p\u00e5virke vigtige signalveje, hvorved kr\u00e6ftcellerne beg\u00e5r selvmord og tumorens indsats for at danne nye blodkar bliver h\u00e6mmet. Dannelse af nye blodkar er en betingelse for tumorens overlevelse.<\/p>\n<p>Heldigvis ser det ud til, at cannabinoider er selektive kr\u00e6fth\u00e6mmende stoffer, som dr\u00e6ber glioma -celler, men ikke normale celler.<\/p>\n<p><img loading=\"lazy\" decoding=\"async\" class=\"alignnone size-medium wp-image-410 aligncenter\" src=\"https:\/\/bogenommedicinskcannabis.dk\/wp-content\/uploads\/2019\/02\/cannabis11-300x200.jpg\" alt=\"\" width=\"300\" height=\"200\" srcset=\"https:\/\/bogenommedicinskcannabis.dk\/wp-content\/uploads\/2019\/02\/cannabis11-300x200.jpg 300w, https:\/\/bogenommedicinskcannabis.dk\/wp-content\/uploads\/2019\/02\/cannabis11-768x512.jpg 768w, https:\/\/bogenommedicinskcannabis.dk\/wp-content\/uploads\/2019\/02\/cannabis11.jpg 800w\" sizes=\"auto, (max-width: 300px) 100vw, 300px\" \/><\/p>\n<p>Et forskerteam ledet af Manuel Guzman udf\u00f8rte det f\u00f8rste kliniske fors\u00f8g med THCs kr\u00e6fth\u00e6mmende virkning p\u00e5 mennesker. Han indgav THC via et kateter i tumorerne p\u00e5 ni hospitalspatienter med hjernekr\u00e6ft, som ikke reagerede p\u00e5 den konventionelle behandling. Resultaterne blev publiceret i 2006 i <em>British Journal of Pharmacology<\/em>: behandlingen med THC var associeret med signifikant reduceret tumorcelledeling hos alle testpersonerne.<a href=\"#_ftn2\" name=\"_ftnref2\">[2]<\/a><\/p>\n<p>Der var tale om ni hjernekr\u00e6ftpatienter, som operation og str\u00e5lebehandling ikke virkede p\u00e5, og resultaterne indikerer, at THC nedsatte tumorv\u00e6ksten samtidig med, at det t\u00e5ltes godt med f\u00e5 psykiske effekter.<a href=\"#_ftn3\" name=\"_ftnref3\">[3]<\/a><\/p>\n<p>&nbsp;<\/p>\n<p><a href=\"#_ftnref1\" name=\"_ftn1\">[1]<\/a> Guillermo Velasco, Arkaitz Carracedo, Cristina Bl\u00e1zquez et al.: Cannabinoids and gliomas.<br \/>\nMol Neurobiol. 2007 Aug ;36(1):60-7. Epub 2007 Jun 28. PMID: <a href=\"http:\/\/www.ncbi.nlm.nih.gov\/pubmed\/17952650\">17952650<\/a><br \/>\n<a href=\"http:\/\/www.greenmedinfo.com\/substance\/cannabis?ed=1137\">http:\/\/www.greenmedinfo.com\/substance\/cannabis?ed=1137<\/a><br \/>\n<a href=\"#_ftnref2\" name=\"_ftn2\">[2]<\/a> <a href=\"http:\/\/www.nature.com\/bjc\/journal\/v95\/n2\/abs\/6603236a.html\">http:\/\/www.nature.com\/bjc\/journal\/v95\/n2\/abs\/6603236a.html<\/a><br \/>\n<a href=\"#_ftnref3\" name=\"_ftn3\">[3]<\/a> Guzman M, Duarte MJ, Blazquez C, Ravina J, Rosa MC, Galve-Roperh I, et al. A pilot clinical study of \u03949-tetrahydrocannabinol in patients with recurrent glioblastoma multiforme. Br J Cancer. 2006;95:197\u2013203<\/p>\n","protected":false},"excerpt":{"rendered":"<p>Cannabinoider som THC og CBD fungerer i den menneskelige krop ved at efterligne kroppens egne cannabinoider &#8211; endocannabinoiderne &#8211; og aktiverer specifikke receptorer p\u00e5 cellernes overflade for at opn\u00e5 en effekt.[1] Cannabinoider virker lindrende p\u00e5 kr\u00e6ftpatienter. Derudover h\u00e6mmer de v\u00e6ksten &hellip; <a href=\"https:\/\/bogenommedicinskcannabis.dk\/index.php\/artikler\/medicinsk-cannabis-og-kraeft\/cannabinoider-draeber-hjernekraeftceller-men-ikke-normale-celler\/\">L\u00e6s resten <span class=\"meta-nav\">&rarr;<\/span><\/a><\/p>\n","protected":false},"author":1,"featured_media":0,"parent":306,"menu_order":0,"comment_status":"closed","ping_status":"closed","template":"","meta":{"footnotes":""},"class_list":["post-409","page","type-page","status-publish","hentry"],"_links":{"self":[{"href":"https:\/\/bogenommedicinskcannabis.dk\/index.php\/wp-json\/wp\/v2\/pages\/409","targetHints":{"allow":["GET"]}}],"collection":[{"href":"https:\/\/bogenommedicinskcannabis.dk\/index.php\/wp-json\/wp\/v2\/pages"}],"about":[{"href":"https:\/\/bogenommedicinskcannabis.dk\/index.php\/wp-json\/wp\/v2\/types\/page"}],"author":[{"embeddable":true,"href":"https:\/\/bogenommedicinskcannabis.dk\/index.php\/wp-json\/wp\/v2\/users\/1"}],"replies":[{"embeddable":true,"href":"https:\/\/bogenommedicinskcannabis.dk\/index.php\/wp-json\/wp\/v2\/comments?post=409"}],"version-history":[{"count":3,"href":"https:\/\/bogenommedicinskcannabis.dk\/index.php\/wp-json\/wp\/v2\/pages\/409\/revisions"}],"predecessor-version":[{"id":537,"href":"https:\/\/bogenommedicinskcannabis.dk\/index.php\/wp-json\/wp\/v2\/pages\/409\/revisions\/537"}],"up":[{"embeddable":true,"href":"https:\/\/bogenommedicinskcannabis.dk\/index.php\/wp-json\/wp\/v2\/pages\/306"}],"wp:attachment":[{"href":"https:\/\/bogenommedicinskcannabis.dk\/index.php\/wp-json\/wp\/v2\/media?parent=409"}],"curies":[{"name":"wp","href":"https:\/\/api.w.org\/{rel}","templated":true}]}}