{"id":412,"date":"2019-02-17T22:21:39","date_gmt":"2019-02-17T21:21:39","guid":{"rendered":"https:\/\/bogenommedicinskcannabis.dk\/?page_id=412"},"modified":"2019-02-18T17:44:37","modified_gmt":"2019-02-18T16:44:37","slug":"cannabis-draeber-hjernekraeftceller-i-laboratoriet","status":"publish","type":"page","link":"https:\/\/bogenommedicinskcannabis.dk\/index.php\/artikler\/medicinsk-cannabis-og-kraeft\/cannabis-draeber-hjernekraeftceller-i-laboratoriet\/","title":{"rendered":"Cannabis dr\u00e6ber hjernekr\u00e6ftceller i laboratoriet"},"content":{"rendered":"<p>Der er en del historier i cirkulation fra mennesker, der har helbredt deres kr\u00e6ft med cannabis. Der er imidlertid ikke udf\u00f8rt nogen kliniske fors\u00f8g med medicinsk cannabis som eneste kr\u00e6ftbehandling.<\/p>\n<p>Den spanske forsker Dr. Cristina Sanchez forklarer:<br \/>\nVi ved ikke, om cannabis helbreder kr\u00e6ft, fordi vi ikke har nogle klinisk kontrollerede fors\u00f8g, som viser, at det virker, og vi har en masse personlige rapporter fra folk, der siger, at de har helbredt deres kr\u00e6ft med cannabinoider. Men set fra det medicinske verdens perspektiv, har vi endnu ikke evidensen.<a href=\"#_ftn1\" name=\"_ftnref1\">[1]<\/a><\/p>\n<p><strong>Individuel dosering<br \/>\n<\/strong>P\u00e5 sp\u00f8rgsm\u00e5let om det specifikke forhold mellem THC og CBD, som er n\u00f8dvendig for at bek\u00e6mpe kr\u00e6ft, forts\u00e6tter Sanchez:<br \/>\n\u201cJeg ville ikke sige, at en 1:1 ratio (af CBD og THC) er n\u00f8dvendig. Jeg vil sige, at hvert individ, hver patient beh\u00f8ver en s\u00e6rlig ratio af cannabinoider. Eller det er i det mindste, hvad vi har set i vores kliniske kr\u00e6ftmodeller. Ikke kun os, men resten af de forskergrupper, der arbejder med omr\u00e5det. Det, vi ser, er, at i forhold til nogle typer tumorer bl.a. gliblastoma, hjernekr\u00e6ft \u2013 i disse tilf\u00e6lde virker mere THC bedre end en ratio p\u00e5 1:1.\u201d<\/p>\n<p><img loading=\"lazy\" decoding=\"async\" class=\"size-full wp-image-413\" src=\"https:\/\/bogenommedicinskcannabis.dk\/wp-content\/uploads\/2019\/02\/hjernen13.jpg\" alt=\"\" width=\"200\" height=\"200\" srcset=\"https:\/\/bogenommedicinskcannabis.dk\/wp-content\/uploads\/2019\/02\/hjernen13.jpg 200w, https:\/\/bogenommedicinskcannabis.dk\/wp-content\/uploads\/2019\/02\/hjernen13-150x150.jpg 150w\" sizes=\"auto, (max-width: 200px) 100vw, 200px\" \/><\/p>\n<p>Der er ingen simple svar, n\u00e5r det drejer sig om cannabis behandling. Bare det at tage en lille smule cannabis olie hver dag reducerer nok ikke st\u00f8rrelsen eller graden af en hjernetumor. Det stiller patienten i en vanskelig position. P\u00e5 den ene side kan cannabis v\u00e6re en ekstremt effektiv kr\u00e6ftbehandling. P\u00e5 den anden er der i \u00f8jeblikket ingen m\u00e5de at fort\u00e6lle, hvor meget, der skal til for at v\u00e6re effektivt i hvert enkelt tilf\u00e6lde. Man er n\u00f8dt til at pr\u00f8ve sig frem og starte blidt op. Medicinsk cannabis er en individuel behandling.<\/p>\n<p>&nbsp;<\/p>\n<p><a href=\"#_ftnref1\" name=\"_ftn1\">[1]<\/a> S\u00e1nchez, C \u00b7 Galve-Roperh, I \u00b7 Canova, C \u00b7 Brachet, P \u00b7 Guzm\u00e1n, M.: Delta9-tetrahydrocannabinol induces apoptosis in C6 glioma cells. <a href=\"https:\/\/www.ncbi.nlm.nih.gov\/pubmed\/9771884\">FEBS Lett.<\/a> 1998 Sep 25;436(1):6-10. <a href=\"https:\/\/www.ncbi.nlm.nih.gov\/pubmed\/9771884\">https:\/\/www.ncbi.nlm.nih.gov\/pubmed\/9771884<\/a><br \/>\nCBD, THC, and Cancer. <a href=\"https:\/\/www.projectcbd.org\/about\/laboratorypreclinical-studies\/cbd-thc-and-cancer\">https:\/\/www.projectcbd.org\/about\/laboratorypreclinical-studies\/cbd-thc-and-cancer<\/a><br \/>\n123 Studies Show Cannabis Can Help Cure Cancer. <a href=\"http:\/\/www.exposingtruth.com\/123-cannabis-cancer\/\">http:\/\/www.exposingtruth.com\/123-cannabis-cancer\/<\/a><br \/>\nGuzm\u00e1n M: Cannabinoids: potential anticancer agents. Nat Rev Cancer 3 (10): 745-55, 2003.\u00a0<a href=\"http:\/\/www.ncbi.nlm.nih.gov\/entrez\/query.fcgi?cmd=Retrieve&amp;db=PubMed&amp;list_uids=14570037&amp;dopt=Abstract\">[PUBMED Abstract]<\/a> <a href=\"http:\/\/www.cancer.gov\/about-cancer\/treatment\/cam\/hp\/cannabis-pdq#section\/all\">http:\/\/www.cancer.gov\/about-cancer\/treatment\/cam\/hp\/cannabis-pdq#section\/all<\/a><\/p>\n","protected":false},"excerpt":{"rendered":"<p>Der er en del historier i cirkulation fra mennesker, der har helbredt deres kr\u00e6ft med cannabis. Der er imidlertid ikke udf\u00f8rt nogen kliniske fors\u00f8g med medicinsk cannabis som eneste kr\u00e6ftbehandling. Den spanske forsker Dr. Cristina Sanchez forklarer: Vi ved ikke, &hellip; <a href=\"https:\/\/bogenommedicinskcannabis.dk\/index.php\/artikler\/medicinsk-cannabis-og-kraeft\/cannabis-draeber-hjernekraeftceller-i-laboratoriet\/\">L\u00e6s resten <span class=\"meta-nav\">&rarr;<\/span><\/a><\/p>\n","protected":false},"author":1,"featured_media":0,"parent":306,"menu_order":0,"comment_status":"closed","ping_status":"closed","template":"","meta":{"footnotes":""},"class_list":["post-412","page","type-page","status-publish","hentry"],"_links":{"self":[{"href":"https:\/\/bogenommedicinskcannabis.dk\/index.php\/wp-json\/wp\/v2\/pages\/412","targetHints":{"allow":["GET"]}}],"collection":[{"href":"https:\/\/bogenommedicinskcannabis.dk\/index.php\/wp-json\/wp\/v2\/pages"}],"about":[{"href":"https:\/\/bogenommedicinskcannabis.dk\/index.php\/wp-json\/wp\/v2\/types\/page"}],"author":[{"embeddable":true,"href":"https:\/\/bogenommedicinskcannabis.dk\/index.php\/wp-json\/wp\/v2\/users\/1"}],"replies":[{"embeddable":true,"href":"https:\/\/bogenommedicinskcannabis.dk\/index.php\/wp-json\/wp\/v2\/comments?post=412"}],"version-history":[{"count":2,"href":"https:\/\/bogenommedicinskcannabis.dk\/index.php\/wp-json\/wp\/v2\/pages\/412\/revisions"}],"predecessor-version":[{"id":538,"href":"https:\/\/bogenommedicinskcannabis.dk\/index.php\/wp-json\/wp\/v2\/pages\/412\/revisions\/538"}],"up":[{"embeddable":true,"href":"https:\/\/bogenommedicinskcannabis.dk\/index.php\/wp-json\/wp\/v2\/pages\/306"}],"wp:attachment":[{"href":"https:\/\/bogenommedicinskcannabis.dk\/index.php\/wp-json\/wp\/v2\/media?parent=412"}],"curies":[{"name":"wp","href":"https:\/\/api.w.org\/{rel}","templated":true}]}}