{"id":415,"date":"2019-02-17T22:26:40","date_gmt":"2019-02-17T21:26:40","guid":{"rendered":"https:\/\/bogenommedicinskcannabis.dk\/?page_id=415"},"modified":"2019-02-18T17:46:51","modified_gmt":"2019-02-18T16:46:51","slug":"cannabis-ekstrakt-reducerer-stoerrelsen-paa-hjernetumor-i-et-dyreforsoeg","status":"publish","type":"page","link":"https:\/\/bogenommedicinskcannabis.dk\/index.php\/artikler\/medicinsk-cannabis-og-kraeft\/cannabis-ekstrakt-reducerer-stoerrelsen-paa-hjernetumor-i-et-dyreforsoeg\/","title":{"rendered":"Cannabis ekstrakt reducerer st\u00f8rrelsen p\u00e5 hjernetumor i et dyrefors\u00f8g"},"content":{"rendered":"<p>En cannabis ekstrakt har vist sig at reducere st\u00f8rrelsen p\u00e5 hjernetumorer drastisk, siger forskere ved St George\u00b4s Universitet of London, som brugte THC og CBD til at unders\u00f8ge stoffernes effekt p\u00e5 hjernekr\u00e6ft.<a href=\"#_ftn1\" name=\"_ftnref1\">[1]<\/a> Forskerne fandt, at den mest effektive behandling var en kombination af cannabis og str\u00e5ler. Generelt er hjernetumorer vanskelige at behandle, og overlevelsen er d\u00e5rlig og kun omkring 10% lever stadig efter 5 \u00e5r efter diagnosen.<\/p>\n<p><img loading=\"lazy\" decoding=\"async\" class=\"alignnone size-full wp-image-416\" src=\"https:\/\/bogenommedicinskcannabis.dk\/wp-content\/uploads\/2019\/02\/hjerneceller2.jpg\" alt=\"\" width=\"599\" height=\"399\" srcset=\"https:\/\/bogenommedicinskcannabis.dk\/wp-content\/uploads\/2019\/02\/hjerneceller2.jpg 599w, https:\/\/bogenommedicinskcannabis.dk\/wp-content\/uploads\/2019\/02\/hjerneceller2-300x200.jpg 300w\" sizes=\"auto, (max-width: 599px) 100vw, 599px\" \/><\/p>\n<p>Wai Liu, som var den ledende forsker p\u00e5 studiet, sagde: \u201dResultaterne er ekstremt sp\u00e6ndende. Tumorerne blev behandlede p\u00e5 forskellige m\u00e5der &#8211; enten uden behandling, med cannabinoider alene, str\u00e5ler alene eller en kombination af str\u00e5ler og cannabinoider p\u00e5 samme tid. De mus, som blev behandlet med b\u00e5de str\u00e5ler og cannabinoider, fik de bedste resultater og en drastisk reduktion i tumorens st\u00f8rrelse. I nogle tilf\u00e6lde forsvandt tumorerne fuldst\u00e6ndigt hos dyrene. Fordelen ved cannabisplantens indholdsstoffer var allerede kendt, men den drastiske reduktion i tumorernes st\u00f8rrelse, hvis man brugte b\u00e5de str\u00e5ler og cannabinoider, er nyt og lovende for patienter med denne alvorlige kr\u00e6ftsygdom.\u201d<\/p>\n<p>&nbsp;<\/p>\n<p><a href=\"#_ftnref1\" name=\"_ftn1\">[1]<\/a> Cannabis Extracts &#8216;Drastically Reduce&#8217; Brain Tumour Size<br \/>\n<a href=\"https:\/\/www.ibtimes.co.uk\/cannabis-extracts-drastically-reduce-brain-tumour-size-1475399\">https:\/\/www.ibtimes.co.uk\/cannabis-extracts-drastically-reduce-brain-tumour-size-1475399<\/a><br \/>\nKatherine A. Scott, Angus G. Dalgleish and Wai M. Liu: The Combination of Cannabidiol and \u0394<sup>9<\/sup>-Tetrahydrocannabinol Enhances the Anticancer Effects of Radiation in an Orthotopic Murine Glioma Model. Mol Cancer Ther; 1\u201313. _2014 AACR. <a href=\"http:\/\/mct.aacrjournals.org\/content\/early\/2014\/11\/12\/1535-7163.MCT-14-0402?sid=003c810a-ac1e-424c-936e-a0d2febe3758\">http:\/\/mct.aacrjournals.org\/content\/early\/2014\/11\/12\/1535-7163.MCT-14-0402?sid=003c810a-ac1e-424c-936e-a0d2febe3758<\/a><\/p>\n","protected":false},"excerpt":{"rendered":"<p>En cannabis ekstrakt har vist sig at reducere st\u00f8rrelsen p\u00e5 hjernetumorer drastisk, siger forskere ved St George\u00b4s Universitet of London, som brugte THC og CBD til at unders\u00f8ge stoffernes effekt p\u00e5 hjernekr\u00e6ft.[1] Forskerne fandt, at den mest effektive behandling var &hellip; <a href=\"https:\/\/bogenommedicinskcannabis.dk\/index.php\/artikler\/medicinsk-cannabis-og-kraeft\/cannabis-ekstrakt-reducerer-stoerrelsen-paa-hjernetumor-i-et-dyreforsoeg\/\">L\u00e6s resten <span class=\"meta-nav\">&rarr;<\/span><\/a><\/p>\n","protected":false},"author":1,"featured_media":0,"parent":306,"menu_order":0,"comment_status":"closed","ping_status":"closed","template":"","meta":{"footnotes":""},"class_list":["post-415","page","type-page","status-publish","hentry"],"_links":{"self":[{"href":"https:\/\/bogenommedicinskcannabis.dk\/index.php\/wp-json\/wp\/v2\/pages\/415","targetHints":{"allow":["GET"]}}],"collection":[{"href":"https:\/\/bogenommedicinskcannabis.dk\/index.php\/wp-json\/wp\/v2\/pages"}],"about":[{"href":"https:\/\/bogenommedicinskcannabis.dk\/index.php\/wp-json\/wp\/v2\/types\/page"}],"author":[{"embeddable":true,"href":"https:\/\/bogenommedicinskcannabis.dk\/index.php\/wp-json\/wp\/v2\/users\/1"}],"replies":[{"embeddable":true,"href":"https:\/\/bogenommedicinskcannabis.dk\/index.php\/wp-json\/wp\/v2\/comments?post=415"}],"version-history":[{"count":2,"href":"https:\/\/bogenommedicinskcannabis.dk\/index.php\/wp-json\/wp\/v2\/pages\/415\/revisions"}],"predecessor-version":[{"id":539,"href":"https:\/\/bogenommedicinskcannabis.dk\/index.php\/wp-json\/wp\/v2\/pages\/415\/revisions\/539"}],"up":[{"embeddable":true,"href":"https:\/\/bogenommedicinskcannabis.dk\/index.php\/wp-json\/wp\/v2\/pages\/306"}],"wp:attachment":[{"href":"https:\/\/bogenommedicinskcannabis.dk\/index.php\/wp-json\/wp\/v2\/media?parent=415"}],"curies":[{"name":"wp","href":"https:\/\/api.w.org\/{rel}","templated":true}]}}