{"id":418,"date":"2019-02-17T22:36:27","date_gmt":"2019-02-17T21:36:27","guid":{"rendered":"https:\/\/bogenommedicinskcannabis.dk\/?page_id=418"},"modified":"2019-02-18T17:48:03","modified_gmt":"2019-02-18T16:48:03","slug":"cannabis-kan-vise-sig-at-vaere-en-mulig-behandling-for-fremskreden-hjernekraeft","status":"publish","type":"page","link":"https:\/\/bogenommedicinskcannabis.dk\/index.php\/artikler\/medicinsk-cannabis-og-kraeft\/cannabis-kan-vise-sig-at-vaere-en-mulig-behandling-for-fremskreden-hjernekraeft\/","title":{"rendered":"Cannabis kan vise sig at v\u00e6re en mulig behandling for fremskreden hjernekr\u00e6ft"},"content":{"rendered":"<p>Et studie publiceret i 2014 i <a href=\"http:\/\/mct.aacrjournals.org\/content\/early\/2014\/11\/12\/1535-7163.MCT-14-0402.abstract\"><em>Molecular Cancer Therapeutics<\/em><\/a> og udf\u00f8rt p\u00e5 St. George\u2019s University of London\u2019s Department of Oncology har fundet, at brugen af cannabinoider, is\u00e6r THC og CBD, kan anvendes til behandling af fremskredne gliomaer og potentielt neds\u00e6tte sygdommens progression.<a href=\"#_ftn1\" name=\"_ftnref1\">[1]<\/a><\/p>\n<p><strong>Hvad er fremskreden glioma?<br \/>\n<\/strong>Glioma er en type fremskreden hjernekr\u00e6ft, som vokser hurtigt, er aggressiv og vanskelig at behandle. Glima opst\u00e5r i hjernen og rygs\u00f8jlen som f\u00f8lge af for stor deling af unormale neuroglia \u2013 celler i nervesystemet, som ikke direkte er involveret i signalering i mods\u00e6tning til nerveceller.<\/p>\n<p>Almindeligvis spiller neuroglia vigtige, st\u00f8ttende roller for at sikre, at nerveceller kommunikerer ordentligt og effektivt, og der er 3 neuroglia for hver nervecelle i kroppen. Glioma typerne omfatter <strong>astrocytoma<\/strong> (den mest almindelige type), <strong>ependymoma<\/strong> (den mest almindelige glioma hos b\u00f8rn) og <strong>oligodendroglioma<\/strong>.<\/p>\n<p>Der er godartede gliomaer (som ikke invaderer hjernev\u00e6vet, og som kan fjernes, hvis de befinder sig p\u00e5 steder, hvor de kun giver symptomer, hvis de begynder at trykke p\u00e5 vigtig omgivende v\u00e6v.) Derudover er der ondartede gliomaer, som invaderer hjernev\u00e6vet, og som har en d\u00e5rligere prognose med for\u00f8get sandsynlighed for reduceret levetid.<\/p>\n<p>S\u00e5 selvom ikke alle gliomaer er ondartede, er 80% af ondartede hjernetumorer gliomaer. Mens operation, str\u00e5ler og kemo kan anvendes som behandling, er der meget f\u00e5 effektive behandlingsmuligheder, som for\u00f8ger patientens overlevelse, og der er derfor et desperat behov for at finde m\u00e5der at for\u00f8ge levetiden for patienterne.<\/p>\n<p>Det engelske studie omfattede b\u00e5de en et laboratoriefors\u00f8g med behandling af forskellige humane hjernekr\u00e6ftceller med THC og CBD og et en del af fors\u00f8get, som behandlede mus, som havde f\u00e5et p\u00e5f\u00f8rt hjernekr\u00e6ft.<\/p>\n<p><img loading=\"lazy\" decoding=\"async\" class=\"alignnone size-full wp-image-419 aligncenter\" src=\"https:\/\/bogenommedicinskcannabis.dk\/wp-content\/uploads\/2019\/02\/hjernen8.jpg\" alt=\"\" width=\"180\" height=\"150\" \/><\/p>\n<p><strong>Konklusionerne p\u00e5 laboratoriefors\u00f8get var, at:<\/strong><\/p>\n<ul>\n<li>Brugen af CBD og THC i ren form (&gt;96% renhed) og i deres helplanteform (60% &#8211; 72% af hvert cannabinoid) reducerede antallet af fremskredne gliomaceller p\u00e5 en dosis-afh\u00e6ngig m\u00e5de<\/li>\n<li>CBD var mere effektive til at h\u00e6mme cellev\u00e6kst i sin rene form, mens THC var mere effektiv i sin helplante-form<\/li>\n<li>N\u00e5r celler blev forbehandlet med ren CBD, ren THC eller en kombination af ren CBD og THC 4 timer forud for str\u00e5ler, reducerede kombinationen antallet af overlevede hjernekr\u00e6ft celler efter str\u00e5lebehandlingen, hvilket tyder p\u00e5, at kombinationen af cannabinoider gjorde cellerne mere sensitive overfor str\u00e5lernes \u00f8del\u00e6ggelse.<\/li>\n<li>Derudover viste det sig, at der var flere skader p\u00e5 DNA i de celler, der var behandlet med kombinationen end de, der kun var behandlet med str\u00e5ler. Det er et positivt resultat al den stund, at form\u00e5let med str\u00e5lebehandling er at skade kr\u00e6ftcellernes DNA og p\u00e5 den m\u00e5de fremkalde kr\u00e6ftcellernes selvmord<\/li>\n<\/ul>\n<p><strong>Resultaterne af musefors\u00f8get:<\/strong><\/p>\n<ul>\n<li>80% af de mus, der fik transplanteret hjernekr\u00e6ft, udviklede tumorer, og forskerne fandt, at str\u00e5ler alene ikke havde nogen effekt p\u00e5 kr\u00e6ftv\u00e6ksten, mens en kombination af THC og CBD h\u00e6mmede progression og en kombination af THC, CBD og str\u00e5ler h\u00e6mmede progression mest<\/li>\n<li>Da musenes hjerner blev unders\u00f8gt efter d\u00f8den, fandt forskerne, at de grupper, der var blevet behandlet med cannabinoider, havde kr\u00e6ftv\u00e6kst, der var t\u00e6ttere end hos kontrolgruppen, hvilket h\u00e6mmede progression<\/li>\n<li>Ydermere var den mark\u00f8r, der tydede p\u00e5 dannelse af nye blodkar til tumor, reduceret i de mus, der var behandlet med cannabinoider. Nye blodkar er n\u00f8dvendige for kr\u00e6ftens udvikling<\/li>\n<\/ul>\n<p>&nbsp;<\/p>\n<p><a href=\"#_ftnref1\" name=\"_ftn1\">[1]<\/a> Katherine A. Scott, Angus G. Dalgleish, Wai M. Liu: The Combination of Cannabidiol and \u0394<sup>9<\/sup>-Tetrahydrocannabinol Enhances the Anticancer Effects of Radiation in an Orthotopic Murine Glioma Model. Molecular Cancer Therapeutics November 14, 2014 doi: 10.1158\/1535-7163.MCT-14-0402. <a href=\"http:\/\/mct.aacrjournals.org\/content\/early\/2014\/11\/12\/1535-7163.MCT-14-0402\">http:\/\/mct.aacrjournals.org\/content\/early\/2014\/11\/12\/1535-7163.MCT-14-0402<\/a><br \/>\n<a href=\"https:\/\/www.medicaljane.com\/2014\/11\/29\/cannabinoids-as-treatment-for-high-grade-gliomas\/\">https:\/\/www.medicaljane.com\/2014\/11\/29\/cannabinoids-as-treatment-for-high-grade-gliomas\/<\/a><\/p>\n","protected":false},"excerpt":{"rendered":"<p>Et studie publiceret i 2014 i Molecular Cancer Therapeutics og udf\u00f8rt p\u00e5 St. George\u2019s University of London\u2019s Department of Oncology har fundet, at brugen af cannabinoider, is\u00e6r THC og CBD, kan anvendes til behandling af fremskredne gliomaer og potentielt neds\u00e6tte &hellip; <a href=\"https:\/\/bogenommedicinskcannabis.dk\/index.php\/artikler\/medicinsk-cannabis-og-kraeft\/cannabis-kan-vise-sig-at-vaere-en-mulig-behandling-for-fremskreden-hjernekraeft\/\">L\u00e6s resten <span class=\"meta-nav\">&rarr;<\/span><\/a><\/p>\n","protected":false},"author":1,"featured_media":0,"parent":306,"menu_order":0,"comment_status":"closed","ping_status":"closed","template":"","meta":{"footnotes":""},"class_list":["post-418","page","type-page","status-publish","hentry"],"_links":{"self":[{"href":"https:\/\/bogenommedicinskcannabis.dk\/index.php\/wp-json\/wp\/v2\/pages\/418","targetHints":{"allow":["GET"]}}],"collection":[{"href":"https:\/\/bogenommedicinskcannabis.dk\/index.php\/wp-json\/wp\/v2\/pages"}],"about":[{"href":"https:\/\/bogenommedicinskcannabis.dk\/index.php\/wp-json\/wp\/v2\/types\/page"}],"author":[{"embeddable":true,"href":"https:\/\/bogenommedicinskcannabis.dk\/index.php\/wp-json\/wp\/v2\/users\/1"}],"replies":[{"embeddable":true,"href":"https:\/\/bogenommedicinskcannabis.dk\/index.php\/wp-json\/wp\/v2\/comments?post=418"}],"version-history":[{"count":2,"href":"https:\/\/bogenommedicinskcannabis.dk\/index.php\/wp-json\/wp\/v2\/pages\/418\/revisions"}],"predecessor-version":[{"id":540,"href":"https:\/\/bogenommedicinskcannabis.dk\/index.php\/wp-json\/wp\/v2\/pages\/418\/revisions\/540"}],"up":[{"embeddable":true,"href":"https:\/\/bogenommedicinskcannabis.dk\/index.php\/wp-json\/wp\/v2\/pages\/306"}],"wp:attachment":[{"href":"https:\/\/bogenommedicinskcannabis.dk\/index.php\/wp-json\/wp\/v2\/media?parent=418"}],"curies":[{"name":"wp","href":"https:\/\/api.w.org\/{rel}","templated":true}]}}