{"id":421,"date":"2019-02-17T23:07:29","date_gmt":"2019-02-17T22:07:29","guid":{"rendered":"https:\/\/bogenommedicinskcannabis.dk\/?page_id=421"},"modified":"2019-02-20T16:10:45","modified_gmt":"2019-02-20T15:10:45","slug":"medicinsk-cannabis-undersoeges-for-effekten-paa-kraeft","status":"publish","type":"page","link":"https:\/\/bogenommedicinskcannabis.dk\/index.php\/artikler\/medicinsk-cannabis-og-kraeft\/medicinsk-cannabis-undersoeges-for-effekten-paa-kraeft\/","title":{"rendered":"Medicinsk cannabis unders\u00f8ges for effekten p\u00e5 kr\u00e6ft"},"content":{"rendered":"<p>Adskillige andre forskere har efterspurgt yderligere udforskning af cannabis-baserede terapier mod hjernekr\u00e6ft.<a href=\"#_ftn1\" name=\"_ftnref1\">[1]<\/a> Selvom det er enkeltst\u00e5ende tilf\u00e6lde, er det alligevel interessant, at en separat case rapport publiceret i 2011 i tidsskriftet <em>International Society for Pediatric Neurosurgery<\/em>, dokumenterede en spontan regression af hjernetumorer hos 2 b\u00f8rn, som fik cannabis.<a href=\"#_ftn2\" name=\"_ftnref2\">[2]<\/a><\/p>\n<p>Andre separate pr\u00e6-kliniske studier af cannabinoidernes evne til at h\u00e6mme glioma celler viser, at cannabinoider og endocannabinoider ogs\u00e5 kan h\u00e6mme delingen af forskellige andre kr\u00e6ftcelle linier, herunder bl.a. brystkr\u00e6ft,<a href=\"#_ftn3\" name=\"_ftnref3\">[3]<\/a>prostatakr\u00e6ft,<a href=\"#_ftn4\" name=\"_ftnref4\">[4]<\/a>kolorektal kr\u00e6ft,<a href=\"#_ftn5\" name=\"_ftnref5\">[5]<\/a>mavekr\u00e6ft,<a href=\"#_ftn6\" name=\"_ftnref6\">[6]<\/a> hudkr\u00e6ft,<a href=\"#_ftn7\" name=\"_ftnref7\">[7]<\/a> leuk\u00e6mi,<a href=\"#_ftn8\" name=\"_ftnref8\">[8]<\/a>neuroblastoma,<a href=\"#_ftn9\" name=\"_ftnref9\">[9]<\/a> lungekr\u00e6ft,<a href=\"#_ftn10\" name=\"_ftnref10\">[10]<\/a> livmoderkr\u00e6ft,<a href=\"#_ftn11\" name=\"_ftnref11\">[11]<\/a>kr\u00e6ft i skjoldbruskkirtlen,<a href=\"#_ftn12\" name=\"_ftnref12\">[12]<\/a> bugspytkirtelkr\u00e6ft,<a href=\"#_ftn13\" name=\"_ftnref13\">[13]<\/a>livmoderhalskr\u00e6ft,<a href=\"#_ftn14\" name=\"_ftnref14\">[14]<\/a> hoved-halskr\u00e6ft,<a href=\"#_ftn15\" name=\"_ftnref15\">[15]<\/a> galdegangskr\u00e6ft,<a href=\"#_ftn16\" name=\"_ftnref16\">[16]<\/a> og lymfomer<a href=\"#_ftn17\" name=\"_ftnref17\">[17]<\/a><\/p>\n<p>I nogle tilf\u00e6lde forbedredes den kr\u00e6fth\u00e6mmende aktivitet, n\u00e5r cannabinoiderne blev givet sammen med hinanden snarere end hver for sig.<a href=\"#_ftn18\" name=\"_ftnref18\">[18]<\/a><\/p>\n<p><img loading=\"lazy\" decoding=\"async\" class=\"alignnone size-full wp-image-422\" src=\"https:\/\/bogenommedicinskcannabis.dk\/wp-content\/uploads\/2019\/02\/kr\u00e6ftceller19.jpg\" alt=\"\" width=\"500\" height=\"334\" srcset=\"https:\/\/bogenommedicinskcannabis.dk\/wp-content\/uploads\/2019\/02\/kr\u00e6ftceller19.jpg 500w, https:\/\/bogenommedicinskcannabis.dk\/wp-content\/uploads\/2019\/02\/kr\u00e6ftceller19-300x200.jpg 300w\" sizes=\"auto, (max-width: 500px) 100vw, 500px\" \/><\/p>\n<p>En rapport publiceret i <em>Case Reports in Oncology<\/em>\u00a0 i 2013 fortalte om en succesfuld behandling med cannabis ekstrakt til en 14 \u00e5r gammel patient med en aggressiv form for akut lymfocytisk leuk\u00e6mi.<a href=\"#_ftn19\" name=\"_ftnref19\">[19]<\/a> Populationsstudier viser ligeledes lovende resultater af brugen af cannabis og forekomsten af forskellige typer kr\u00e6ft, herunder lungekr\u00e6ft,<a href=\"#_ftn20\" name=\"_ftnref20\">[20]<\/a> hoved-halskr\u00e6ft<a href=\"#_ftn21\" name=\"_ftnref21\">[21]<\/a> og bl\u00e6rekr\u00e6ft.<a href=\"#_ftn22\" name=\"_ftnref22\">[22]<\/a><\/p>\n<p>Som en konsekvens heraf anerkender nogle eksperter, at der eksisterer \u201csolid videnskabelig evidens, som st\u00f8tter, at cannabinoider ud\u00f8ver en bem\u00e6rkelsesv\u00e6rdig kr\u00e6fth\u00e6mmende aktivitet i pr\u00e6-kliniske kr\u00e6ftfors\u00f8g,\u201d<a href=\"#_ftn23\" name=\"_ftnref23\">[23]<\/a> og mener, at cannabinoider m\u00e5ske en dag vil \u201drepr\u00e6sentere en ny klasse af kr\u00e6fth\u00e6mmende medicin, som sv\u00e6kker kr\u00e6ftv\u00e6kst, h\u00e6mmer angiogenese og spredning af metastaser.<a href=\"#_ftn24\" name=\"_ftnref24\">[24]<\/a><\/p>\n<hr \/>\n<p><a href=\"#_ftnref1\" name=\"_ftn1\">[1]<\/a> Parolaro and Massi. 2008. <a href=\"http:\/\/www.future-drugs.com\/doi\/abs\/10.1586\/14737175.8.1.37\">Cannabinoids as a potential new drug therapy for the treatment of gliomas<\/a>. <em>Expert Reviews of Neurotherapeutics<\/em> 8: 37-49<br \/>\nGalanti et al. 2007. <a href=\"http:\/\/www.ncbi.nlm.nih.gov\/pubmed\/17934890?dopt=Abstract\">Delta9-Tetrahydrocannabinol inhibits cell cycle progression by downregulation of E2F1 in human glioblastoma multiforme cells<\/a>. <em>Acta Oncologica<\/em> 12: 1-9.<br \/>\nCalatozzolo et al. 2007. <a href=\"http:\/\/www.ncbi.nlm.nih.gov\/pubmed\/18175076?dopt=Abstract\">Expression of cannabinoid receptors and neurotrophins in human gliomas<\/a>. <em>Neurological Sciences<\/em> 28: 304-310.<br \/>\n<a href=\"#_ftnref2\" name=\"_ftn2\">[2]<\/a> Foroughi et al. 2011. Spontaneous regression of septum pellucidum\/forniceal pilocytic astrocytomas &#8212; possible role of cannabis inhalation. <em>Child&#8217;s Nervous System <\/em>27: 671-679.<br \/>\n<a href=\"#_ftnref3\" name=\"_ftn3\">[3]<\/a> Cafferal et al. 2006. <a href=\"http:\/\/cancerres.aacrjournals.org\/cgi\/content\/abstract\/66\/13\/6615\">Delta-9-Tetrahydrocannabinol inhibits cell cycle progression in human breast cancer cells through Cdc2 regulation<\/a>. <em>Cancer Research<\/em> 66: 6615-6621.<br \/>\nDi Marzo et al. 2006. <a href=\"http:\/\/jpet.aspetjournals.org\/cgi\/reprint\/jpet.106.105247v1\">Anti-tumor activity of plant cannabinoids with emphasis on the effect of cannabidiol on human breast carcinoma<\/a>. <em>Journal of Pharmacology and Experimental Therapeutics Fast Forward<\/em> 318: 1375-1387.<br \/>\nDe Petrocellis et al. 1998. <a href=\"http:\/\/www.pnas.org\/cgi\/reprint\/95\/14\/8375\">The endogenous cannabinoid anandamide inhibits human breast cancer cell proliferation<\/a>. <em>Proceedings of the National Academy of Sciences of the United States of America<\/em> 95: 8375-8380.<br \/>\nMcAllister et al. 2007. <a href=\"http:\/\/mct.aacrjournals.org\/cgi\/content\/abstract\/6\/11\/2921\">Cannabidiol as a novel inhibitor of Id-1 gene expression in aggressive breast cancer cells<\/a>. <em>Molecular Cancer Therapeutics<\/em> 6: 2921-2927.<br \/>\nCafferal et al. 2010. <a href=\"http:\/\/www.molecular-cancer.com\/content\/9\/1\/196\">Cannabinoids reduce ErbB2-driven breast cancer progression through Akt inhibition<\/a>. <em>Molecular Cancer<\/em> 9: 196.<br \/>\n<a href=\"#_ftnref4\" name=\"_ftn4\">[4]<\/a> Sarfaraz et al. 2005. <a href=\"http:\/\/cancerres.aacrjournals.org\/cgi\/content\/abstract\/65\/5\/1635\">Cannabinoid receptors as a novel target for the treatment of prostate cancer<\/a>. <em>Cancer Research<\/em> 65: 1635-1641.<br \/>\nMimeault et al. 2003. <a href=\"http:\/\/www.ncbi.nlm.nih.gov\/entrez\/query.fcgi?cmd=Retrieve&amp;db=PubMed&amp;list_uids=12746841&amp;dopt=Abstract\">Anti-proliferative and apoptotic effects of anandamide in human prostatic cancer cell lines<\/a>. <em>Prostate<\/em> 56: 1-12.<br \/>\nRuiz et al. 1999. <a href=\"http:\/\/www.sciencedirect.com\/science?_ob=ArticleURL&amp;_udi=B6T36-3XFTGPR-X&amp;_coverDate=09%2F24%2F1999&amp;_alid=422767905&amp;_rdoc=1&amp;_fmt=&amp;_orig=search&amp;_qd=1&amp;_cdi=4938&amp;_sort=d&amp;view=c&amp;_acct=C000050221&amp;_version=1&amp;_urlVersion=0&amp;_userid=10&amp;md5=1c29920efb1acb800723560310e9004e\">Delta-9-tetrahydrocannabinol induces apoptosis in human prostate PC-3 cells via a receptor-independent mechanism<\/a>. <em>FEBS Letters<\/em> 458: 400-404.<br \/>\nRamos and Bianco. 2012. <a href=\"http:\/\/www.ncbi.nlm.nih.gov\/pmc\/articles\/PMC3339795\/?tool=pubmed\">The role of cannabinoids in prostate cancer: Basic science perspective and potential clinical applications<\/a>. <em>Journal of Urology<\/em> 28: 9-14.<br \/>\nDePetrocellis et al. 2013. Non-THC cannabinoids inhibit prostate carcinoma growth in vitro and in vivo: pro-apoptotic effects and underlying mechanisms. <em>British Journal of Pharmacology<\/em> 168: 79-102.<br \/>\n<a href=\"#_ftnref5\" name=\"_ftn5\">[5]<\/a> Pastos et al. 2005. <a href=\"http:\/\/gut.bmjjournals.com\/cgi\/content\/abstract\/54\/12\/1741\">The endogenous cannabinoid, anandamide, induces cell death in colorectal carcinoma cells: a possible role for cyclooxygenase-2<\/a>. <em>Gut<\/em> 54: 1741-1750.<br \/>\nAviello et al. 2012. <a href=\"http:\/\/www.ncbi.nlm.nih.gov\/pubmed\/22231745\">Chemopreventive effect of the non-psychotropic phytocannabinoid cannabidiol on experimental colon cancer<\/a>. <em>Journal of Molecular Medicine<\/em> [E-pub ahead of print]<br \/>\n<a href=\"#_ftnref6\" name=\"_ftn6\">[6]<\/a> Di Marzo et al. 2006. <a href=\"http:\/\/jpet.aspetjournals.org\/cgi\/reprint\/jpet.106.105247v1\">Anti-tumor activity of plant cannabinoids with emphasis on the effect of cannabidiol on human breast carcinoma<\/a>. <em>Journal of Pharmacology and Experimental Therapeutics Fast Forward<\/em> 318: 1375-1387<br \/>\n<a href=\"#_ftnref7\" name=\"_ftn7\">[7]<\/a> Casanova et al. <a href=\"http:\/\/www.jci.org\/cgi\/content\/full\/111\/1\/43\">Inhibition of skin tumor growth and angiogenesis in vivo by activation of cannabinoid receptors<\/a>. 2003. <em>Journal of Clinical Investigation<\/em> 111: 43-50<br \/>\n<a href=\"#_ftnref8\" name=\"_ftn8\">[8]<\/a> Powles et al. 2005. <a href=\"http:\/\/www.bloodjournal.org\/cgi\/content\/full\/105\/3\/1214\">Cannabis-induced cytotoxicity in leukemic cell lines<\/a>. <em>Blood<\/em> 105: 1214-1221<br \/>\nJia et al 2006. <a href=\"http:\/\/www.ncbi.nlm.nih.gov\/pubmed\/16908594\">Delta-9-tetrahydrocannabinol-induced apoptosis in Jurkat leukemic T cells in regulated by translocation of Bad to mitochondria<\/a>. <em>Molecular Cancer Research<\/em> 4: 549-562.<br \/>\nLiu et al. 2008. <a href=\"http:\/\/www.ncbi.nlm.nih.gov\/pubmed\/18608861\">Enhancing the in vitro cytotoxic activity of \u00c49-tetrahydrocannabinol in leukemic cells through a combinatorial approach<\/a>. <em>Leukemia and Lymphoma <\/em>49: 1800-1809.<br \/>\nScott et al. 2013. <a href=\"http:\/\/www.ncbi.nlm.nih.gov\/pubmed\/24123005\">Enhancing the activity of cannabidiol and other cannabinoids in vitro through modifications to drug combinations and treatment schedules<\/a> 33: 4373-4380.<br \/>\nKampa-Schittenhelm et al. 2016. Dronabinol has preferential antileukemic activity in acute lymphoblastic and myeloid leukemia with lymphoid differentiation patterns. <em>BMC Cancer<\/em>. Open access at: <a href=\"http:\/\/bmccancer.biomedcentral.com\/articles\/10.1186\/s12885-015-2029-8\">http:\/\/bmccancer.biomedcentral.com\/articles\/10.1186\/s12885-015-2029-8<\/a>.<br \/>\n<a href=\"#_ftnref9\" name=\"_ftn9\">[9]<\/a> Manuel Guzman. 2003. <a href=\"http:\/\/americanmarijuana.org\/Guzman-Cancer.pdf\">Cannabinoids: potential anticancer agents (PDF)<\/a>. <em>Nature Reviews Cancer<\/em> 3: 745-755.<br \/>\nMarcu et al. 2010. <a href=\"http:\/\/www.ncbi.nlm.nih.gov\/pubmed\/20053780\">Cannabidiol enhances the inhibitory effects of delta9-tetrahydrocannabinol on human glioblastoma cell proliferation and survival<\/a>. <em>Molecular Cancer Therapeutics<\/em> 9: 180-189.<br \/>\n<a href=\"#_ftnref10\" name=\"_ftn10\">[10]<\/a> Guzman et al. 2003. <a href=\"http:\/\/www.fasebj.org\/cgi\/content\/full\/17\/3\/529\">Inhibition of tumor angiogenesis by cannabinoids<\/a>. <em>The FASEB Journal<\/em> 17: 529-531<br \/>\nPreet et al. 2008. <a href=\"http:\/\/www.nature.com\/onc\/journal\/v27\/n3\/abs\/1210641a.html\">Delta9-Tetrahydrocannabinol inhibits epithelial growth factor-induced lung cancer cell migration in vitro as well as its growth and metastasis in vivo<\/a>. <em>Oncogene<\/em> 10: 339-346.<br \/>\n<a href=\"#_ftnref11\" name=\"_ftn11\">[11]<\/a> Manuel Guzman. 2003. <a href=\"http:\/\/americanmarijuana.org\/Guzman-Cancer.pdf\">Cannabinoids: potential anticancer agents (PDF)<\/a>. <em>Nature Reviews Cancer<\/em> 3: 745-755.<br \/>\n<a href=\"#_ftnref12\" name=\"_ftn12\">[12]<\/a> Baek et al. 1998. Antitumor activity of cannabigerol against human oral epitheloid carcinoma cells. <em>Archives of Pharmacal Research<\/em>: 21: 353-356.<br \/>\n<a href=\"#_ftnref13\" name=\"_ftn13\">[13]<\/a> Carracedo et al. 2006. <a href=\"http:\/\/cancerres.aacrjournals.org\/cgi\/content\/abstract\/66\/13\/6748\">Cannabinoids induce apoptosis of pancreatic tumor cells via endoplasmic reticulum stress-related genes<\/a>. <em>Cancer Research<\/em> 66: 6748-6755.<br \/>\nMichalski et al. 2008. <a href=\"http:\/\/www.ncbi.nlm.nih.gov\/pmc\/articles\/PMC2225529\/\">Cannabinoids in pancreatic cancer: correlation with survival and pain<\/a>. <em>International Journal of Cancer<\/em> 122: 742-750.<br \/>\n<a href=\"#_ftnref14\" name=\"_ftn14\">[14]<\/a> Ramer and Hinz. 2008. <a href=\"http:\/\/jnci.oxfordjournals.org\/cgi\/content\/abstract\/djm268v1\">Inhibition of cancer cell invasion by cannabinoids via increased cell expression of tissue inhibitor of matrix metalloproteinases-1<\/a>. <em>Journal of the National Cancer Institute<\/em> 100: 59-69.<br \/>\nSindiswa and Motadi. 2016. <a href=\"https:\/\/www.ncbi.nlm.nih.gov\/pmc\/articles\/PMC5009497\/\">Cannabidiol rather than cannabis sativa extracts inhibit cell growth and induce apoptosis in cervical cancer cells<\/a>. <em>BMC Complimentary and Alternative Medicine <\/em>16: 336.<br \/>\n<a href=\"#_ftnref15\" name=\"_ftn15\">[15]<\/a> Whyte et al. 2010. <a href=\"http:\/\/www.ncbi.nlm.nih.gov\/pubmed\/20516734\">Cannabinoids inhibit cellular respiration of human oral cancer cells<\/a>. <em>Pharmacology<\/em> 85: 328-335.<br \/>\n<a href=\"#_ftnref16\" name=\"_ftn16\">[16]<\/a> Leelawat et al. 2010. <a href=\"http:\/\/www.ncbi.nlm.nih.gov\/pubmed\/19916793\">The dual effects of delta(9)-tetrahydrocannabinol on cholangiocarcinoma cells: anti-invasion activity at low concentration and apoptosis induction at high concentration<\/a>. <em>Cancer Investigation<\/em> 28: 357-363.<br \/>\n<a href=\"#_ftnref17\" name=\"_ftn17\">[17]<\/a> Gustafsson et al. 2006. <a href=\"http:\/\/www.ncbi.nlm.nih.gov\/pubmed\/16936228\">Cannabinoid receptor-mediated apoptosis induced by R(+)-methanandamide and Win55,212 is associated with ceramide accumulation and p38 activation in mantle cell lymphoma<\/a>. <em>Molecular Pharmacology<\/em> 70: 1612-1620.<br \/>\nGustafsson et al. 2008. <a href=\"http:\/\/www3.interscience.wiley.com\/journal\/119818234\/abstract?CRETRY=1&amp;SRETRY=0\">Expression of cannabinoid receptors type 1 and type 2 in non-Hodgkin lymphoma: Growth inhibition by receptor activation<\/a>. <em>International Journal of Cancer<\/em> 123: 1025-1033.<br \/>\n<a href=\"#_ftnref18\" name=\"_ftn18\">[18]<\/a> Torres et al. 2011. <a href=\"http:\/\/mct.aacrjournals.org\/content\/10\/1\/90.abstract\">A combined preclinical therapy of cannabinoids and Temozolomide against glioma<\/a>. <em>Molecular Cannabis Therapeutics<\/em> 10: 90.<br \/>\nScott et al. 2013. <a href=\"http:\/\/www.ncbi.nlm.nih.gov\/pubmed\/24123005\">Enhancing the activity of cannabidiol and other cannabinoids in vitro through modifications to drug combinations and treatment schedules<\/a> 33: 4373-4380.<br \/>\n<a href=\"#_ftnref19\" name=\"_ftn19\">[19]<\/a> Singh and Bali. 2013. <a href=\"http:\/\/www.ncbi.nlm.nih.gov\/pmc\/articles\/PMC3901602\/\">Cannabis extract treatment for terminal acute lymphoblastic leukemia<\/a>. <em>Case Reports in Oncology<\/em> 6: 585-592.<br \/>\n<a href=\"#_ftnref20\" name=\"_ftn20\">[20]<\/a> Washington Post. May 26, 2006. &#8220;<a href=\"http:\/\/www.washingtonpost.com\/wp-dyn\/content\/article\/2006\/05\/25\/AR2006052501729.html\">Study finds no cancer-marijuana connection<\/a>.&#8221;<br \/>\n<a href=\"#_ftnref21\" name=\"_ftn21\">[21]<\/a> Liang et al. 2009. <a href=\"http:\/\/www.ncbi.nlm.nih.gov\/pubmed\/19638490\">A population-based case-control study of marijuana use and head and neck squamous cell carcinoma<\/a>. <em>Cancer Prevention Research<\/em> 2: 759-768.<br \/>\n<a href=\"#_ftnref22\" name=\"_ftn22\">[22]<\/a> Thomas et al. 2015. <a href=\"http:\/\/www.goldjournal.net\/article\/S0090-4295(14)01206-0\/abstract\">Association between cannabis use and the risk of bladder cancer: Results from the California Men&#8217;s Health Study<\/a>. <em>Urology<\/em> 85: 388-393.<br \/>\n<a href=\"#_ftnref23\" name=\"_ftn23\">[23]<\/a> Velasco et al. 2015. <a href=\"http:\/\/www.sciencedirect.com\/science\/article\/pii\/S0278584615001190\">The use of cannabinoids as anticancer agents. Progress in Neuro-Psychopharmacology and Biological Chemistry<\/a>. In print.<br \/>\n<a href=\"#_ftnref24\" name=\"_ftn24\">[24]<\/a> Natalya Kogan. 2005. <a href=\"http:\/\/www.bentham.org\/mrmc\/contabs\/mrmc5-10.htm#6\">Cannabinoids and cancer<\/a>. <em>Mini-Reviews in Medicinal Chemistry<\/em> 5: 941-952.<br \/>\nSarafaraz et al. 2008. <a href=\"http:\/\/cancerres.aacrjournals.org\/cgi\/content\/abstract\/68\/2\/339\">Cannabinoids for cancer treatment: progress and promise<\/a>. <em>Cancer Research<\/em> 68: 339-342.<br \/>\n<a href=\"https:\/\/www.ncbi.nlm.nih.gov\/pubmed\/?term=Ivanov%20VN%5BAuthor%5D&amp;cauthor=true&amp;cauthor_uid=28599319\">Ivanov VN<\/a><sup>1<\/sup>,\u00a0<a href=\"https:\/\/www.ncbi.nlm.nih.gov\/pubmed\/?term=Wu%20J%5BAuthor%5D&amp;cauthor=true&amp;cauthor_uid=28599319\">Wu J<\/a><sup>1<\/sup>,\u00a0Hei TK: Regulation of human glioblastoma cell death by combined treatment of cannabidiol, \u03b3-radiation and small molecule inhibitors of cell signaling pathways.<br \/>\n<a href=\"https:\/\/www.ncbi.nlm.nih.gov\/pubmed\/28599319\">Oncotarget.<\/a>\u00a02017 May 27. doi: 10.18632\/oncotarget.18240. [Epub ahead of print]<br \/>\n<a href=\"https:\/\/www.ncbi.nlm.nih.gov\/pubmed\/28599319\">https:\/\/www.ncbi.nlm.nih.gov\/pubmed\/28599319<\/a><\/p>\n","protected":false},"excerpt":{"rendered":"<p>Adskillige andre forskere har efterspurgt yderligere udforskning af cannabis-baserede terapier mod hjernekr\u00e6ft.[1] Selvom det er enkeltst\u00e5ende tilf\u00e6lde, er det alligevel interessant, at en separat case rapport publiceret i 2011 i tidsskriftet International Society for Pediatric Neurosurgery, dokumenterede en spontan regression &hellip; <a href=\"https:\/\/bogenommedicinskcannabis.dk\/index.php\/artikler\/medicinsk-cannabis-og-kraeft\/medicinsk-cannabis-undersoeges-for-effekten-paa-kraeft\/\">L\u00e6s resten <span class=\"meta-nav\">&rarr;<\/span><\/a><\/p>\n","protected":false},"author":1,"featured_media":0,"parent":306,"menu_order":0,"comment_status":"closed","ping_status":"closed","template":"","meta":{"footnotes":""},"class_list":["post-421","page","type-page","status-publish","hentry"],"_links":{"self":[{"href":"https:\/\/bogenommedicinskcannabis.dk\/index.php\/wp-json\/wp\/v2\/pages\/421","targetHints":{"allow":["GET"]}}],"collection":[{"href":"https:\/\/bogenommedicinskcannabis.dk\/index.php\/wp-json\/wp\/v2\/pages"}],"about":[{"href":"https:\/\/bogenommedicinskcannabis.dk\/index.php\/wp-json\/wp\/v2\/types\/page"}],"author":[{"embeddable":true,"href":"https:\/\/bogenommedicinskcannabis.dk\/index.php\/wp-json\/wp\/v2\/users\/1"}],"replies":[{"embeddable":true,"href":"https:\/\/bogenommedicinskcannabis.dk\/index.php\/wp-json\/wp\/v2\/comments?post=421"}],"version-history":[{"count":3,"href":"https:\/\/bogenommedicinskcannabis.dk\/index.php\/wp-json\/wp\/v2\/pages\/421\/revisions"}],"predecessor-version":[{"id":672,"href":"https:\/\/bogenommedicinskcannabis.dk\/index.php\/wp-json\/wp\/v2\/pages\/421\/revisions\/672"}],"up":[{"embeddable":true,"href":"https:\/\/bogenommedicinskcannabis.dk\/index.php\/wp-json\/wp\/v2\/pages\/306"}],"wp:attachment":[{"href":"https:\/\/bogenommedicinskcannabis.dk\/index.php\/wp-json\/wp\/v2\/media?parent=421"}],"curies":[{"name":"wp","href":"https:\/\/api.w.org\/{rel}","templated":true}]}}