{"id":436,"date":"2019-02-17T23:41:33","date_gmt":"2019-02-17T22:41:33","guid":{"rendered":"https:\/\/bogenommedicinskcannabis.dk\/?page_id=436"},"modified":"2019-02-17T23:41:33","modified_gmt":"2019-02-17T22:41:33","slug":"spanske-forskere-undersoeger-effekten-af-cannabis-paa-hjernekraeft","status":"publish","type":"page","link":"https:\/\/bogenommedicinskcannabis.dk\/index.php\/artikler\/medicinsk-cannabis-og-kraeft\/spanske-forskere-undersoeger-effekten-af-cannabis-paa-hjernekraeft\/","title":{"rendered":"Spanske forskere unders\u00f8ger effekten af cannabis p\u00e5 hjernekr\u00e6ft"},"content":{"rendered":"<p>En gruppe spanske forskere har ledt efter cannabis-baserede kr\u00e6ftbehandlinger i n\u00e6sten 20 \u00e5r.<a href=\"#_ftn1\" name=\"_ftnref1\">[1]<\/a> Teamet kommer fra Complutense\u00a0University of Madrid. Indtil nu har deres fors\u00f8g v\u00e6ret intet mindre end mirakul\u00f8se.<\/p>\n<p>Teamet, som ledes af <a href=\"http:\/\/www.bbm1.ucm.es\/cannabis\/guillermovelascoinicio_en.htm\">Guillermo Velasco<\/a>\u00a0og\u00a0<a href=\"http:\/\/www.bbm1.ucm.es\/cannabis\/manuelguzmaninicio_en.htm\">Manuel Guzman<\/a>, er i gang med at teste cannabinoid behandlingers evne til at dr\u00e6be gliomaceller. Gliomaer udg\u00f8r op til 80% af alle hjernekr\u00e6ft tilf\u00e6lde. Faktisk er det en af de mest aggressive kr\u00e6ftformer, vi kender.\u00a0 N\u00e5r en glioblastoma n\u00e5r til stadie 4, er den gennemsnitlige forventede levetid mindre end 2 \u00e5r. Det g\u00e6lder med operation, og traditionelle behandlinger som str\u00e5ler og kemo.<\/p>\n<p>Med en s\u00e5dan alvorlig prognose, er udviklingen af alternative behandlingsmuligheder et must. Heldigvis har teamet fra Madrid haft succes, hvor kun f\u00e5 troede, at det var muligt.<\/p>\n<p>Tilbage i \u00e5r 2000 havde Velasco og hans team et gennembrud. De tilf\u00f8jede THC ekstrakt til glioblastoma celler i reagensglas. Det, der skete, chokerede forskere overalt i verden. Tumorcellerne holdt op med at vokse. Senere begyndte tumorcellerne faktisk at d\u00f8.<\/p>\n<p>Men hvordan? Det viser sig, at THC dr\u00e6ber glioblastoma p\u00e5 en r\u00e6kke forskellige m\u00e5der. THC og andre cannabinoider<a href=\"#_ftn2\" name=\"_ftnref2\">[2]<\/a> afsk\u00e6rer tumorens blodforsyning og f\u00e5r kr\u00e6ftcellerne til at beg\u00e5 selvmord.<\/p>\n<p><img loading=\"lazy\" decoding=\"async\" class=\"alignnone size-full wp-image-437\" src=\"https:\/\/bogenommedicinskcannabis.dk\/wp-content\/uploads\/2019\/02\/hjernescanning.jpg\" alt=\"\" width=\"960\" height=\"576\" srcset=\"https:\/\/bogenommedicinskcannabis.dk\/wp-content\/uploads\/2019\/02\/hjernescanning.jpg 960w, https:\/\/bogenommedicinskcannabis.dk\/wp-content\/uploads\/2019\/02\/hjernescanning-300x180.jpg 300w, https:\/\/bogenommedicinskcannabis.dk\/wp-content\/uploads\/2019\/02\/hjernescanning-768x461.jpg 768w\" sizes=\"auto, (max-width: 960px) 100vw, 960px\" \/><\/p>\n<p><strong>Kliniske fors\u00f8g p\u00e5 vej<br \/>\n<\/strong>Velasco og hans team arbejder p\u00e5 et st\u00f8rre fors\u00f8g.<a href=\"#_ftn3\" name=\"_ftnref3\">[3]<\/a> Dette fors\u00f8g vil omfatte 30-40 glioma patienter p\u00e5 flere spanske hospitaler. Complutense University of Madrid har opsat et team med disse hospitaler til at give cannabis behandling og teste virkning og kvalitet. Det er f\u00f8rste gang, noget som dette bliver gjort i denne skala i hospitalsregi.<\/p>\n<p>Tilbage i 2006 udf\u00f8rte Velascos team et pilotfors\u00f8g med kun 9 glioma patienter.<a href=\"#_ftn4\" name=\"_ftnref4\">[4]<\/a> Studiet s\u00e5 kun p\u00e5 THC, og det blev givet direkte til deres hjerner. I dag vil medicinsk cannabis blive givet i andre former.<\/p>\n<p>Resultaterne af studiet er interessante. Studiet s\u00e5 p\u00e5 patienter, som ikke responderede p\u00e5 konventionelle behandlinger og som allerede havde f\u00e5et deres tumorer fjernet ved operation. Efter operationen levede patienterne i gennemsnit i 24 uger selv med brug af THC. To af patienterne fortsatte imidlertid med at leve i endnu et \u00e5r. THC behandling syntes at neds\u00e6tte progressionen af tumorcellerne midlertidigt. 8 af de 9 patienter viste en positiv respons p\u00e5 THC behandlingen, hvilket giver h\u00e5b for det st\u00f8rre kliniske fors\u00f8g, der er p\u00e5 vej.<\/p>\n<p>&nbsp;<\/p>\n<p>&nbsp;<\/p>\n<p><a href=\"#_ftnref1\" name=\"_ftn1\">[1]<\/a> Cancer Institute Finally Admits Marijuana Kills Cancer. <a href=\"http:\/\/herb.co\/2015\/10\/02\/cancer-institute-finally-admits-marijuana-kills-cancer\/\">http:\/\/herb.co\/2015\/10\/02\/cancer-institute-finally-admits-marijuana-kills-cancer\/<\/a><\/p>\n<p><a href=\"#_ftnref2\" name=\"_ftn2\">[2]<\/a> Top 10 Cannabinoids And What They Do. <a href=\"http:\/\/herb.co\/2016\/02\/06\/top-10-cannabinoids\/\">http:\/\/herb.co\/2016\/02\/06\/top-10-cannabinoids\/<\/a><\/p>\n<p><a href=\"#_ftnref3\" name=\"_ftn3\">[3]<\/a> Cannabinoids and Endocannabinoids. <a href=\"http:\/\/www.bbm1.ucm.es\/cannabis\/investigacion2_en.htm\">http:\/\/www.bbm1.ucm.es\/cannabis\/investigacion2_en.htm<\/a><\/p>\n<p><a href=\"#_ftnref4\" name=\"_ftn4\">[4]<\/a> M Guzma\u00b4n*,1, MJ Duarte2, C Bla\u00b4zquez et al: A pilot clinical study of D9-tetrahydrocannabinol in patients with recurrent glioblastoma multiforme. British Journal of Cancer (2006) 95, 197 \u2013 203. <a href=\"http:\/\/www.nature.com\/bjc\/journal\/v95\/n2\/pdf\/6603236a.pdf\">http:\/\/www.nature.com\/bjc\/journal\/v95\/n2\/pdf\/6603236a.pdf<\/a><\/p>\n<p>&nbsp;<\/p>\n","protected":false},"excerpt":{"rendered":"<p>En gruppe spanske forskere har ledt efter cannabis-baserede kr\u00e6ftbehandlinger i n\u00e6sten 20 \u00e5r.[1] Teamet kommer fra Complutense\u00a0University of Madrid. Indtil nu har deres fors\u00f8g v\u00e6ret intet mindre end mirakul\u00f8se. Teamet, som ledes af Guillermo Velasco\u00a0og\u00a0Manuel Guzman, er i gang med &hellip; <a href=\"https:\/\/bogenommedicinskcannabis.dk\/index.php\/artikler\/medicinsk-cannabis-og-kraeft\/spanske-forskere-undersoeger-effekten-af-cannabis-paa-hjernekraeft\/\">L\u00e6s resten <span class=\"meta-nav\">&rarr;<\/span><\/a><\/p>\n","protected":false},"author":1,"featured_media":0,"parent":306,"menu_order":0,"comment_status":"closed","ping_status":"closed","template":"","meta":{"footnotes":""},"class_list":["post-436","page","type-page","status-publish","hentry"],"_links":{"self":[{"href":"https:\/\/bogenommedicinskcannabis.dk\/index.php\/wp-json\/wp\/v2\/pages\/436","targetHints":{"allow":["GET"]}}],"collection":[{"href":"https:\/\/bogenommedicinskcannabis.dk\/index.php\/wp-json\/wp\/v2\/pages"}],"about":[{"href":"https:\/\/bogenommedicinskcannabis.dk\/index.php\/wp-json\/wp\/v2\/types\/page"}],"author":[{"embeddable":true,"href":"https:\/\/bogenommedicinskcannabis.dk\/index.php\/wp-json\/wp\/v2\/users\/1"}],"replies":[{"embeddable":true,"href":"https:\/\/bogenommedicinskcannabis.dk\/index.php\/wp-json\/wp\/v2\/comments?post=436"}],"version-history":[{"count":1,"href":"https:\/\/bogenommedicinskcannabis.dk\/index.php\/wp-json\/wp\/v2\/pages\/436\/revisions"}],"predecessor-version":[{"id":438,"href":"https:\/\/bogenommedicinskcannabis.dk\/index.php\/wp-json\/wp\/v2\/pages\/436\/revisions\/438"}],"up":[{"embeddable":true,"href":"https:\/\/bogenommedicinskcannabis.dk\/index.php\/wp-json\/wp\/v2\/pages\/306"}],"wp:attachment":[{"href":"https:\/\/bogenommedicinskcannabis.dk\/index.php\/wp-json\/wp\/v2\/media?parent=436"}],"curies":[{"name":"wp","href":"https:\/\/api.w.org\/{rel}","templated":true}]}}