{"id":447,"date":"2019-02-18T09:41:58","date_gmt":"2019-02-18T08:41:58","guid":{"rendered":"https:\/\/bogenommedicinskcannabis.dk\/?page_id=447"},"modified":"2019-02-18T17:49:20","modified_gmt":"2019-02-18T16:49:20","slug":"cannabis-til-boern-med-kraeft","status":"publish","type":"page","link":"https:\/\/bogenommedicinskcannabis.dk\/index.php\/artikler\/medicinsk-cannabis-og-kraeft\/cannabis-til-boern-med-kraeft\/","title":{"rendered":"Cannabis til b\u00f8rn med kr\u00e6ft"},"content":{"rendered":"<p>Bonni Goldstein er en amerikansk b\u00f8rnel\u00e6ge, der gennem efterh\u00e5nden mange \u00e5r har behandlet syge b\u00f8rn og voksne med medicinsk cannabis. Hun er en af de l\u00e6ger, der har flest erfaringer med cannabis som medicin, og derfor er det interessant for os alle at tr\u00e6kke p\u00e5 hendes erfaringer.<a href=\"#_ftn1\" name=\"_ftnref1\">[1]<\/a><\/p>\n<p>For\u00e6ldre ops\u00f8ger hende ofte for at f\u00e5 hj\u00e6lp til deres b\u00f8rn, der lider af fremskreden kr\u00e6ft. Det g\u00f8r de typisk, fordi de har h\u00f8rt om andre for\u00e6ldres historier, hvoraf mange kan findes p\u00e5 Youtube. Det kan v\u00e6re om lindring af bivirkninger efter kemo og str\u00e5ler, og der er tilf\u00e6lde, hvor for\u00e6ldrene har f\u00e5et at vide, at behandlingen ikke virker, og de er derfor desperate for at finde en kur.<\/p>\n<p><strong>Leuk\u00e6mi<br \/>\n<\/strong>Selvom de fleste rapporter om kr\u00e6fthelbredelser er det, l\u00e6gerne kalder anekdotiske d.v.s. patienter, der fort\u00e6ller historien, dokumenterede en case-rapport fra Canada med en 14 \u00e5r gammel pige med en ekstrem aggressiv form for leuk\u00e6mi, succes med behandling med cannabisolie. Det var en beslutning, som for\u00e6ldrene traf, efter at pigen ikke at have responderet p\u00e5 utallige konventionelle behandlinger. Denne patient var ikke p\u00e5 nogen anden behandling, mens hun fik cannabis og antallet af blastceller (som er m\u00e5let for leuk\u00e6mi) responderede p\u00e5 justering i dosis frekvensen og cannabisoliens potens. Hendes l\u00e6ger dokumenterede denne respons og var i stand til at notere, at dosis intervallerne og oliens potens havde en direkte indflydelse p\u00e5 leuk\u00e6micellernes d\u00f8d.<a href=\"#_ftn2\" name=\"_ftnref2\">[2]<\/a><\/p>\n<p>Bonni Goldstein g\u00f8r meget ud af at informere for\u00e6ldrene om, hvad vi ved, og hvad vi ikke ved om brug af cannabis til b\u00f8rn med kr\u00e6ft, for at de kan f\u00e5 et informeret beslutningsgrundlag. Nogle patienter kom til hende for sent i deres forl\u00f8b og alt, hvad hun kunne hj\u00e6lpe med, var lindring af deres symptomer og en anst\u00e6ndig livskvalitet, f\u00f8r de d\u00f8de.<\/p>\n<p><strong>Fremskreden knoglekr\u00e6ft<br \/>\n<\/strong>Goldstein fort\u00e6ller ogs\u00e5 om et s\u00e6rligt tilf\u00e6lde med en teenager med metastatisk knoglekr\u00e6ft, som er bem\u00e6rkelsesv\u00e6rdigt. Patienten var blevet diagnosticeret 2 \u00e5r f\u00f8r starten p\u00e5 cannabis og blev sendt til hende af onkologen, da kr\u00e6ften ikke responderede p\u00e5 behandlingen og havde spredt sig i flere dele af kroppen. For\u00e6ldrene havde f\u00e5et at vide, at deres barn ikke ville overleve.<\/p>\n<p>Hun startede patienten op med en h\u00f8j dosis cannabis olie med lige dele CBD og THC. Den palliative dosis kemo blev fortsat, da et dyrefors\u00f8g viste, at cannabinoider, n\u00e5r det blev givet sammen med dette s\u00e6rlige kemopr\u00e6parat (Gemcitabine), virkede synergistisk med at for\u00f8ge kr\u00e6ftcelled\u00f8d.<a href=\"#_ftn3\" name=\"_ftnref3\">[3]<\/a> Denne patient var stadig fri for kr\u00e6ft efter 9 m\u00e5neder med cannabis olie som supplement til kemo. Prognosen p\u00e5 det tidspunkt, hvor cannabis behandlingen blev startet, var ekstremt d\u00e5rlig, og det er stadig uklart, hvad der virkede for at opn\u00e5 dette resultat. Goldstein er forsigtig med at anprise noget som en helbredende kur mod kr\u00e6ft, men cannabis har virkeligt forl\u00e6nget dette barns liv.<\/p>\n<p><img loading=\"lazy\" decoding=\"async\" class=\"alignnone size-full wp-image-448 aligncenter\" src=\"https:\/\/bogenommedicinskcannabis.dk\/wp-content\/uploads\/2019\/02\/leuk\u00e6miceller.jpg\" alt=\"\" width=\"600\" height=\"450\" srcset=\"https:\/\/bogenommedicinskcannabis.dk\/wp-content\/uploads\/2019\/02\/leuk\u00e6miceller.jpg 600w, https:\/\/bogenommedicinskcannabis.dk\/wp-content\/uploads\/2019\/02\/leuk\u00e6miceller-300x225.jpg 300w\" sizes=\"auto, (max-width: 600px) 100vw, 600px\" \/><\/p>\n<p>&nbsp;<\/p>\n<p><a href=\"#_ftnref1\" name=\"_ftn1\">[1]<\/a> Cannabis for Pediatric Cancer. <a href=\"https:\/\/www.marijuana.com\/news\/2017\/02\/cannabis-for-pediatric-cancer\/\">https:\/\/www.marijuana.com\/news\/2017\/02\/cannabis-for-pediatric-cancer\/<\/a><br \/>\n<a href=\"#_ftnref2\" name=\"_ftn2\">[2]<\/a> Singh, Yadvinder, and Chamandeep Bali. \u201cCannabis extract treatment for terminal acute lymphoblastic leukemia with a Philadelphia chromosome mutation.\u201d Case reports in oncology 6.3 (2013): 585-592.)<br \/>\n<a href=\"#_ftnref3\" name=\"_ftn3\">[3]<\/a> Donadelli, M., et al. \u201cGemcitabine\/cannabinoid combination triggers autophagy in pancreatic cancer cells through a ROS-mediated mechanism.\u201d Cell death &amp; disease 2.4 (2011): e152.<br \/>\nMiyato, Hideyo, et al. \u201cPharmacological synergism between cannabinoids and paclitaxel in gastric cancer cell lines.\u201d Journal of Surgical Research 155.1 (2009): 40-47.<br \/>\nNabissi, Massimo, et al. \u201cTriggering of the TRPV2 channel by cannabidiol sensitizes glioblastoma cells to cytotoxic chemotherapeutic agents.\u201d Carcinogenesis 34.1 (2013): 48-57.<\/p>\n","protected":false},"excerpt":{"rendered":"<p>Bonni Goldstein er en amerikansk b\u00f8rnel\u00e6ge, der gennem efterh\u00e5nden mange \u00e5r har behandlet syge b\u00f8rn og voksne med medicinsk cannabis. Hun er en af de l\u00e6ger, der har flest erfaringer med cannabis som medicin, og derfor er det interessant for &hellip; <a href=\"https:\/\/bogenommedicinskcannabis.dk\/index.php\/artikler\/medicinsk-cannabis-og-kraeft\/cannabis-til-boern-med-kraeft\/\">L\u00e6s resten <span class=\"meta-nav\">&rarr;<\/span><\/a><\/p>\n","protected":false},"author":1,"featured_media":0,"parent":306,"menu_order":0,"comment_status":"closed","ping_status":"closed","template":"","meta":{"footnotes":""},"class_list":["post-447","page","type-page","status-publish","hentry"],"_links":{"self":[{"href":"https:\/\/bogenommedicinskcannabis.dk\/index.php\/wp-json\/wp\/v2\/pages\/447","targetHints":{"allow":["GET"]}}],"collection":[{"href":"https:\/\/bogenommedicinskcannabis.dk\/index.php\/wp-json\/wp\/v2\/pages"}],"about":[{"href":"https:\/\/bogenommedicinskcannabis.dk\/index.php\/wp-json\/wp\/v2\/types\/page"}],"author":[{"embeddable":true,"href":"https:\/\/bogenommedicinskcannabis.dk\/index.php\/wp-json\/wp\/v2\/users\/1"}],"replies":[{"embeddable":true,"href":"https:\/\/bogenommedicinskcannabis.dk\/index.php\/wp-json\/wp\/v2\/comments?post=447"}],"version-history":[{"count":2,"href":"https:\/\/bogenommedicinskcannabis.dk\/index.php\/wp-json\/wp\/v2\/pages\/447\/revisions"}],"predecessor-version":[{"id":541,"href":"https:\/\/bogenommedicinskcannabis.dk\/index.php\/wp-json\/wp\/v2\/pages\/447\/revisions\/541"}],"up":[{"embeddable":true,"href":"https:\/\/bogenommedicinskcannabis.dk\/index.php\/wp-json\/wp\/v2\/pages\/306"}],"wp:attachment":[{"href":"https:\/\/bogenommedicinskcannabis.dk\/index.php\/wp-json\/wp\/v2\/media?parent=447"}],"curies":[{"name":"wp","href":"https:\/\/api.w.org\/{rel}","templated":true}]}}