{"id":450,"date":"2019-02-18T09:53:41","date_gmt":"2019-02-18T08:53:41","guid":{"rendered":"https:\/\/bogenommedicinskcannabis.dk\/?page_id=450"},"modified":"2019-02-18T17:50:56","modified_gmt":"2019-02-18T16:50:56","slug":"cash-hyde-fik-medicinsk-cannabis-mod-fremstreden-hjernekraeft","status":"publish","type":"page","link":"https:\/\/bogenommedicinskcannabis.dk\/index.php\/artikler\/medicinsk-cannabis-og-kraeft\/cash-hyde-fik-medicinsk-cannabis-mod-fremstreden-hjernekraeft\/","title":{"rendered":"Cash Hyde fik medicinsk cannabis mod fremstreden hjernekr\u00e6ft"},"content":{"rendered":"<p>Da Cash Hyde var 20 m\u00e5neder gammel, fik han diagnosen stadie 4 hjernekr\u00e6ft.<a href=\"#_ftn1\" name=\"_ftnref1\">[1]<\/a> Det fik familien til at rykke sig fra deres hjem i Montana til Utah for specialiseret behandling. Cash fik straks en hjerneoperation, kemo og en eksperimentel stamcellebehandling for at eliminere en 4,5 cm stor tumor.<\/p>\n<p>L\u00e6gerne var kun i stand til at fjerne 10% af hjernetumoren med operation. Tumoren havde spredt sig til Cash\u00b4 synsnerve, og han mistede synet kort efter operationen. Senere i hans behandling kom synet dog tilbage. Kemo havde succes med at mindske st\u00f8rrelsen p\u00e5 tumor, men den h\u00e5rde behandling gik ud over den lille krop.<\/p>\n<p>Cash var ikke i stand til at spise p\u00e5 grund af den intense kvalme og opkastninger. De h\u00f8je doser af smertestillende medicin, gjorde heller ikke noget godt for det ekstreme ubehag fra kemoen. L\u00e6gerne fortalte, at Cash enten ville d\u00f8 af organsvigt eller en overdosis af medicinen. Desperate efter at finde lindring til deres s\u00f8n, vendte familien sig mod cannabis.<\/p>\n<p>To uger efter at v\u00e6re begyndt med cannabis olie, begyndte Cash at spise og smile igen. Han var i stand til at erstatte 7 forskellige smertemidler med 0,3 ml cannabis olie.<\/p>\n<p>Som hans for\u00e6ldre fortalte p\u00e5 Cash Hyde Foundations hjemmeside:<a href=\"#_ftn2\" name=\"_ftnref2\">[2]<\/a><\/p>\n<p>\u201cCash overlevede septisk shock, slagtilf\u00e6lde, lungebl\u00f8dninger, for h\u00f8jt blodtryk, som alle var bivirkninger af de kemobehandlinger og knoglemarvstransplantationer, han fik. Efter hans fjerde hjertestop, fik vi at vide, at han ville f\u00e5 hjerneskade, organsvigt og til sidst d\u00f8.\u201d Han d\u00f8de imidlertid ikke p\u00e5 det tidspunkt, og det var p\u00e5 grund af cannabis behandlingen, som han fik og deres antioxidant og nervebeskyttende egenskaber.<\/p>\n<p>Desv\u00e6rre, selvom Cash var tumorfri i nogen tid takket v\u00e6re kombinationen af kemo og cannabis ekstrakt, vendte kr\u00e6ften tilbage, da han var 4 \u00e5r gammel, og denne gang var den fatal.<\/p>\n<p>Selvom cannabis ekstrakt ikke reddede Cash\u00b4 liv i den sidste ende, gav den Hyde familien noget mere uvurderlig tid med deres s\u00f8n. Planten hjalp med at lindre de invaliderende bivirkninger fra kemoen og hjalp Cash med en bedre livskvalitet midt i de \u00f8del\u00e6ggende omst\u00e6ndigheder. I dag er Hyde familien stadig ivrige fortalere for medicinsk cannabis som behandlingsmulighed for kr\u00e6ft hos b\u00f8rn.<\/p>\n<p>Om cannabisolie er l\u00f8sningen p\u00e5 kr\u00e6ftbehandling for b\u00f8rn, er stadig til debat. Det er meget tvivlsomt, om der findes en \u201done fits all\u201d behandling for kr\u00e6ft. Vi ved imidlertid, at cannabinoider, som THC og CBD har vist sig at have st\u00e6rke kr\u00e6fth\u00e6mmende egenskaber i dyrefors\u00f8g.<a href=\"#_ftn3\" name=\"_ftnref3\">[3]<\/a> Mange for\u00e6ldre i de amerikanske stater, der har legaliseret medicinsk cannabis, bruger cannabis olie som supplement til de traditionelle behandlinger, og mange har haft gode resultater. I nogle tilf\u00e6lde vinder kr\u00e6ften, men i andre kan for\u00e6ldre og b\u00f8rn gl\u00e6de sig over, at b\u00f8rnene er kr\u00e6ftfrie.<\/p>\n<p><img loading=\"lazy\" decoding=\"async\" class=\"alignnone size-full wp-image-453\" src=\"https:\/\/bogenommedicinskcannabis.dk\/wp-content\/uploads\/2019\/02\/cannabis-olie1.jpg\" alt=\"\" width=\"1000\" height=\"667\" srcset=\"https:\/\/bogenommedicinskcannabis.dk\/wp-content\/uploads\/2019\/02\/cannabis-olie1.jpg 1000w, https:\/\/bogenommedicinskcannabis.dk\/wp-content\/uploads\/2019\/02\/cannabis-olie1-300x200.jpg 300w, https:\/\/bogenommedicinskcannabis.dk\/wp-content\/uploads\/2019\/02\/cannabis-olie1-768x512.jpg 768w\" sizes=\"auto, (max-width: 1000px) 100vw, 1000px\" \/><\/p>\n<p><a href=\"#_ftnref1\" name=\"_ftn1\">[1]<\/a> The Cash Hyde Foundation: A Father\u2019s Fight Continues 3 Years After His Son\u2019s Death. <a href=\"https:\/\/unitedpatientsgroup.com\/blog\/2015\/06\/19\/a-fathers-fight-continues-3-years-after-his-sons-death\">https:\/\/unitedpatientsgroup.com\/blog\/2015\/06\/19\/a-fathers-fight-continues-3-years-after-his-sons-death<\/a><br \/>\n<a href=\"#_ftnref2\" name=\"_ftn2\">[2]<\/a> <a href=\"http:\/\/www.cashhydefoundation.org\/\">http:\/\/www.cashhydefoundation.org\/<\/a><br \/>\n<a href=\"#_ftnref3\" name=\"_ftn3\">[3]<\/a> How And Why Can Cannabis Cure Cancer? <a href=\"https:\/\/herb.co\/marijuana\/news\/how-and-why-can-cannabis-cure-cancer\">https:\/\/herb.co\/marijuana\/news\/how-and-why-can-cannabis-cure-cancer<\/a><br \/>\nSingh Y, Bali C: Cannabis extract treatment for terminal acute lymphoblastic leukemia with a Philadelphia chromosome mutation. Case Rep Oncol 6 (3): 585-92, 2013. https:\/\/www.ncbi.nlm.nih.gov\/pubmed\/24474921<\/p>\n","protected":false},"excerpt":{"rendered":"<p>Da Cash Hyde var 20 m\u00e5neder gammel, fik han diagnosen stadie 4 hjernekr\u00e6ft.[1] Det fik familien til at rykke sig fra deres hjem i Montana til Utah for specialiseret behandling. Cash fik straks en hjerneoperation, kemo og en eksperimentel stamcellebehandling &hellip; <a href=\"https:\/\/bogenommedicinskcannabis.dk\/index.php\/artikler\/medicinsk-cannabis-og-kraeft\/cash-hyde-fik-medicinsk-cannabis-mod-fremstreden-hjernekraeft\/\">L\u00e6s resten <span class=\"meta-nav\">&rarr;<\/span><\/a><\/p>\n","protected":false},"author":1,"featured_media":0,"parent":306,"menu_order":0,"comment_status":"closed","ping_status":"closed","template":"","meta":{"footnotes":""},"class_list":["post-450","page","type-page","status-publish","hentry"],"_links":{"self":[{"href":"https:\/\/bogenommedicinskcannabis.dk\/index.php\/wp-json\/wp\/v2\/pages\/450","targetHints":{"allow":["GET"]}}],"collection":[{"href":"https:\/\/bogenommedicinskcannabis.dk\/index.php\/wp-json\/wp\/v2\/pages"}],"about":[{"href":"https:\/\/bogenommedicinskcannabis.dk\/index.php\/wp-json\/wp\/v2\/types\/page"}],"author":[{"embeddable":true,"href":"https:\/\/bogenommedicinskcannabis.dk\/index.php\/wp-json\/wp\/v2\/users\/1"}],"replies":[{"embeddable":true,"href":"https:\/\/bogenommedicinskcannabis.dk\/index.php\/wp-json\/wp\/v2\/comments?post=450"}],"version-history":[{"count":2,"href":"https:\/\/bogenommedicinskcannabis.dk\/index.php\/wp-json\/wp\/v2\/pages\/450\/revisions"}],"predecessor-version":[{"id":542,"href":"https:\/\/bogenommedicinskcannabis.dk\/index.php\/wp-json\/wp\/v2\/pages\/450\/revisions\/542"}],"up":[{"embeddable":true,"href":"https:\/\/bogenommedicinskcannabis.dk\/index.php\/wp-json\/wp\/v2\/pages\/306"}],"wp:attachment":[{"href":"https:\/\/bogenommedicinskcannabis.dk\/index.php\/wp-json\/wp\/v2\/media?parent=450"}],"curies":[{"name":"wp","href":"https:\/\/api.w.org\/{rel}","templated":true}]}}