{"id":455,"date":"2019-02-18T09:58:48","date_gmt":"2019-02-18T08:58:48","guid":{"rendered":"https:\/\/bogenommedicinskcannabis.dk\/?page_id=455"},"modified":"2019-02-23T13:46:31","modified_gmt":"2019-02-23T12:46:31","slug":"er-cannabis-olie-en-behandling-for-kraeft-hos-boern","status":"publish","type":"page","link":"https:\/\/bogenommedicinskcannabis.dk\/index.php\/artikler\/medicinsk-cannabis-og-kraeft\/er-cannabis-olie-en-behandling-for-kraeft-hos-boern\/","title":{"rendered":"Er cannabis olie en behandling for kr\u00e6ft hos b\u00f8rn?"},"content":{"rendered":"<p>Kr\u00e6ft er den f\u00f8rende d\u00f8ds\u00e5rsag for b\u00f8rn i alderen 5-9 \u00e5r i USA.<a href=\"#_ftn1\" name=\"_ftnref1\">[1]<\/a> Desv\u00e6rre kan de fleste behandlinger ogs\u00e5 v\u00e6re forf\u00e6rdelige for kroppen. Dette s\u00e6tter b\u00f8rn med kr\u00e6ft i en ekstremt vanskelig situation: ikke bare skal de bek\u00e6mpe en potentielt d\u00f8delig sygdom i s\u00e5 ung en alder, de skal ogs\u00e5 leve med ekstreme behandlingsprogrammer, som i sig selv har en masse bivirkninger. Det er grunden til, at mange for\u00e6ldre har valgt at bruge cannabis olie som behandling for deres b\u00f8rn med kr\u00e6ft.<a href=\"#_ftn2\" name=\"_ftnref2\">[2]<\/a><\/p>\n<p>Cannabis olie,<a href=\"#_ftn3\" name=\"_ftnref3\">[3]<\/a> som er et h\u00f8jt koncentreret cannabis ekstrakt, menes at hj\u00e6lpe behandlingen af b\u00f8rn med kr\u00e6ft p\u00e5 to m\u00e5der: for det f\u00f8rste kan det hj\u00e6lpe b\u00f8rn med at klare de alvorlige bivirkninger fra kemo og str\u00e5ler. Ekstrem kvalme og smerter er ofte en f\u00f8lge af behandlingerne, og disse symptomer kan v\u00e6re s\u00e6rdeles problematiske i sig selv. Indholdsstofferne i cannabis er kendt for at have st\u00e6rke smertestillende og kvalmelindrende effekter.<a href=\"#_ftn4\" name=\"_ftnref4\">[4]<\/a><\/p>\n<p>P\u00e5 <a href=\"http:\/\/illegallyhealed.com\/denver-cannabis-conference\/\">Marijuana for Medical Professionals Conference<\/a>,<a href=\"#_ftn5\" name=\"_ftnref5\">[5]<\/a> som blev afholdt i Denver i 2014, fik Mara Gordon fra Aunt Zeldas<a href=\"#_ftn6\" name=\"_ftnref6\">[6]<\/a> cannabis olie st\u00e5ende bifald, efter at hun havde pr\u00e6senteret 4 b\u00f8rn med kr\u00e6ft, som brugte cannabis. Selv for b\u00f8rn helt ned til 8 \u00bd m\u00e5ned gamle, kan tilskud med cannabis olie til den konventionelle behandling bidrage til normal v\u00e6gtfor\u00f8gelse, lave niveauer af kvalme og bedre s\u00f8vn.<\/p>\n<p>Forskning udf\u00f8rt af et hold fra Complutense University of Madrid desuden vist, at THC og CBD kan f\u00e5 kr\u00e6ftceller til at fort\u00e6re sig selv i dyrefors\u00f8g.<a href=\"#_ftn7\" name=\"_ftnref7\">[7]<\/a><\/p>\n<p><img loading=\"lazy\" decoding=\"async\" class=\"alignnone size-full wp-image-456\" src=\"https:\/\/bogenommedicinskcannabis.dk\/wp-content\/uploads\/2019\/02\/kr\u00e6ftceller21.jpg\" alt=\"\" width=\"660\" height=\"371\" srcset=\"https:\/\/bogenommedicinskcannabis.dk\/wp-content\/uploads\/2019\/02\/kr\u00e6ftceller21.jpg 660w, https:\/\/bogenommedicinskcannabis.dk\/wp-content\/uploads\/2019\/02\/kr\u00e6ftceller21-300x169.jpg 300w\" sizes=\"auto, (max-width: 660px) 100vw, 660px\" \/><\/p>\n<p><a href=\"#_ftnref1\" name=\"_ftn1\">[1]<\/a> <a href=\"https:\/\/www.cdc.gov\/injury\/images\/lc-charts\/leading_causes_of_death_age_group_2014_1050w760h.gif\">https:\/\/www.cdc.gov\/injury\/images\/lc-charts\/leading_causes_of_death_age_group_2014_1050w760h.gif<\/a><br \/>\n<a href=\"#_ftnref2\" name=\"_ftn2\">[2]<\/a> Is Cannabis Oil The Solution To Treating Cancer In Children. <a href=\"https:\/\/herb.co\/2016\/04\/04\/is-cannabis-oil-the-solution-to-treating-cancer-in-children\/\">https:\/\/herb.co\/2016\/04\/04\/is-cannabis-oil-the-solution-to-treating-cancer-in-children\/<\/a><br \/>\n<a href=\"#_ftnref3\" name=\"_ftn3\">[3]<\/a> Run From The Cure \u2013 The Rick Simpson Story. <a href=\"https:\/\/herb.co\/marijuana\/news\/run-from-the-cure-the-rick-simpson-story\">https:\/\/herb.co\/marijuana\/news\/run-from-the-cure-the-rick-simpson-story<\/a><br \/>\n<a href=\"#_ftnref4\" name=\"_ftn4\">[4]<\/a> 7 Surprising Conditions Marijuana Can Help. <a href=\"https:\/\/herb.co\/marijuana\/news\/7-surprising-conditions-marijuana-can-help\">https:\/\/herb.co\/marijuana\/news\/7-surprising-conditions-marijuana-can-help<\/a><br \/>\n<a href=\"#_ftnref5\" name=\"_ftn5\">[5]<\/a> Denver Plays Host To Groundbreaking Medical Cannabis Conference. <a href=\"http:\/\/illegallyhealed.com\/denver-cannabis-conference\/\">http:\/\/illegallyhealed.com\/denver-cannabis-conference\/<\/a><br \/>\n<a href=\"#_ftnref6\" name=\"_ftn6\">[6]<\/a> <a href=\"https:\/\/auntzeldas.org\/about\/\">https:\/\/auntzeldas.org\/about\/<\/a><br \/>\n<a href=\"#_ftnref7\" name=\"_ftn7\">[7]<\/a> Cristina S\u00e1nchez, Mar\u00eda L. de Ceballos, Teresa G\u00f3mez del Pulgar et al.: Inhibition of Glioma Growth <em>in Vivo<\/em> by Selective Activation of the CB<sub>2<\/sub> Cannabinoid Receptor. Cancer Research August 2001 Volume 61, Issue 15. <a href=\"http:\/\/cancerres.aacrjournals.org\/content\/61\/15\/5784.short\">http:\/\/cancerres.aacrjournals.org\/content\/61\/15\/5784.short<\/a><\/p>\n","protected":false},"excerpt":{"rendered":"<p>Kr\u00e6ft er den f\u00f8rende d\u00f8ds\u00e5rsag for b\u00f8rn i alderen 5-9 \u00e5r i USA.[1] Desv\u00e6rre kan de fleste behandlinger ogs\u00e5 v\u00e6re forf\u00e6rdelige for kroppen. Dette s\u00e6tter b\u00f8rn med kr\u00e6ft i en ekstremt vanskelig situation: ikke bare skal de bek\u00e6mpe en potentielt &hellip; <a href=\"https:\/\/bogenommedicinskcannabis.dk\/index.php\/artikler\/medicinsk-cannabis-og-kraeft\/er-cannabis-olie-en-behandling-for-kraeft-hos-boern\/\">L\u00e6s resten <span class=\"meta-nav\">&rarr;<\/span><\/a><\/p>\n","protected":false},"author":1,"featured_media":0,"parent":306,"menu_order":0,"comment_status":"closed","ping_status":"closed","template":"","meta":{"footnotes":""},"class_list":["post-455","page","type-page","status-publish","hentry"],"_links":{"self":[{"href":"https:\/\/bogenommedicinskcannabis.dk\/index.php\/wp-json\/wp\/v2\/pages\/455","targetHints":{"allow":["GET"]}}],"collection":[{"href":"https:\/\/bogenommedicinskcannabis.dk\/index.php\/wp-json\/wp\/v2\/pages"}],"about":[{"href":"https:\/\/bogenommedicinskcannabis.dk\/index.php\/wp-json\/wp\/v2\/types\/page"}],"author":[{"embeddable":true,"href":"https:\/\/bogenommedicinskcannabis.dk\/index.php\/wp-json\/wp\/v2\/users\/1"}],"replies":[{"embeddable":true,"href":"https:\/\/bogenommedicinskcannabis.dk\/index.php\/wp-json\/wp\/v2\/comments?post=455"}],"version-history":[{"count":3,"href":"https:\/\/bogenommedicinskcannabis.dk\/index.php\/wp-json\/wp\/v2\/pages\/455\/revisions"}],"predecessor-version":[{"id":545,"href":"https:\/\/bogenommedicinskcannabis.dk\/index.php\/wp-json\/wp\/v2\/pages\/455\/revisions\/545"}],"up":[{"embeddable":true,"href":"https:\/\/bogenommedicinskcannabis.dk\/index.php\/wp-json\/wp\/v2\/pages\/306"}],"wp:attachment":[{"href":"https:\/\/bogenommedicinskcannabis.dk\/index.php\/wp-json\/wp\/v2\/media?parent=455"}],"curies":[{"name":"wp","href":"https:\/\/api.w.org\/{rel}","templated":true}]}}