{"id":458,"date":"2019-02-18T10:05:43","date_gmt":"2019-02-18T09:05:43","guid":{"rendered":"https:\/\/bogenommedicinskcannabis.dk\/?page_id=458"},"modified":"2019-02-18T17:57:19","modified_gmt":"2019-02-18T16:57:19","slug":"medicinsk-cannabis-til-boern-med-kraeft-stoettes-bredt-af-kraeftlaeger-i-usa","status":"publish","type":"page","link":"https:\/\/bogenommedicinskcannabis.dk\/index.php\/artikler\/medicinsk-cannabis-og-kraeft\/medicinsk-cannabis-til-boern-med-kraeft-stoettes-bredt-af-kraeftlaeger-i-usa\/","title":{"rendered":"Medicinsk cannabis til b\u00f8rn med kr\u00e6ft st\u00f8ttes bredt af kr\u00e6ftl\u00e6ger i USA"},"content":{"rendered":"<p>En overv\u00e6ldende majoritet af sundhedsprofessionelle, som tager sig af b\u00f8rn med kr\u00e6ft, vil v\u00e6re villige til at hj\u00e6lpe disse b\u00f8rn med at f\u00e5 medicinsk cannabis \u2013 dog lidt mindre entusiastiske, hvis de er blandt de behandlere, der faktisk er berettiget til at give det, viser et nyt studie.<a href=\"#_ftn1\" name=\"_ftnref1\">[1]<\/a><\/p>\n<p>I en unders\u00f8gelse blandt b\u00f8rnekr\u00e6ftl\u00e6ger publiceret i <em>Pediatrics<\/em><a href=\"#_ftn2\" name=\"_ftnref2\">[2]<\/a> var 85% af de behandlere, som var certificeret til at ordinere medicinsk cannabis, villige til at hj\u00e6lpe b\u00f8rn med kr\u00e6ft med adgang til det, sammenlignet med 95% af deres kolleger, som ikke havde mulighed for det.<\/p>\n<p>De, som havde professionel mulighed for at give patienter medicinsk cannabis, var mindre st\u00f8ttende overfor b\u00f8rn, som r\u00f8g cannabis eller brugt orale pr\u00e6parater, selvom de st\u00e6rkt st\u00f8ttede kliniske fors\u00f8g for at unders\u00f8ge brugen af det hos b\u00f8rn. De blev ogs\u00e5 mere og mere villige til at st\u00f8tte b\u00f8rnenes brug af det, efterh\u00e5nden som barnets sygdom blev mere fremskreden, og barnet var n\u00e6rmere ved at d\u00f8.<\/p>\n<p>\u201cAdskillige studier i l\u00f8bet af det sidste ti\u00e5r har konstateret, at l\u00e6ger er bet\u00e6nkelige ved voksnes brug af medicinsk cannabis,\u201d skrev Prasanna Ananth, en b\u00f8rneonkolog fra Yale School of Medicine i New Haven, Connecticut og hendes forskerkolleger.<\/p>\n<p>Forskerne sendte sp\u00f8rgeskemaer ud til 654 l\u00e6ger, sygeplejersker og l\u00e6ge assistenter, psykologer, socialarbejdere og autoriserede sygeplejersker, som prim\u00e6rt havde med b\u00f8rn med kr\u00e6ft at g\u00f8re ved tre b\u00f8rnekr\u00e6ft centre: Dana-Farber\/Boston Children\u2019s Cancer and Blood Disorders Center, Ann &amp; Robert H. Lurie Children\u2019s Hospital of Chicago og Seattle Children\u2019s Hospital Cancer and Blood Disorders Center.<\/p>\n<p>44% svarede (288) p\u00e5 sp\u00f8rgsm\u00e5l om deres viden, praksis og holdning til at bruge medicinsk cannabis som behandling til b\u00f8rn med kr\u00e6ft. De behandlere, som responderede, var mellem 22 og 70 \u00e5r gamle, og halvdelen af dem var under 35 \u00e5r. N\u00e6sten alle af dem var hvide (undtagen 8%) og 85% var kvinder.<\/p>\n<p>En tredjedel af respondenterne var berettiget til at udskrive medicinsk cannabis, hvilket betyder, at de har v\u00e6ret gennem en formel certificeringsproces, som gav dem ret til at udskrive medicinsk cannabis til patienterne. De fleste af dem, der var berettiget til at certificere, var l\u00e6ger undtagen 13 respondenter, der var sygeplejerske studerende eller l\u00e6ge assistenter.<\/p>\n<p>3 ud af 10 behandlere var blevet bedt om medicinsk cannabis mindst \u00e9n gang indenfor den sidste m\u00e5ned. De fleste af de familier, der bad om medicinsk cannabis (79%), \u00f8nskede det for kvalme og opkastninger og omkring halvdelen af dem, der efterspurgte det (52%), var form\u00e5let at f\u00e5 bedre appetit. For 26% af patienterne var form\u00e5let behandling for smerte eller for angst eller depression (24%).<\/p>\n<p>Kun 8% af behandlerne sagde, at de sommetider eller regelm\u00e6ssigt anbefalede medicinsk cannabis til patienterne, men 92% ville v\u00e6re villige til at hj\u00e6lpe b\u00f8rn med kr\u00e6ft med at f\u00e5 medicinsk cannabis og ville godkende brugen af det som behandling af b\u00f8rnenes symptomer.<\/p>\n<p>Mere end halvdelen havde ikke bekymring om stofmisbrug blandt b\u00f8rn, som brugte medicinsk cannabis. Snarere var den st\u00f8rste forhindring for at give b\u00f8rn med kr\u00e6ft medicinsk cannabis, at de ikke havde en standard for pr\u00e6parater med medicinsk cannabis, dosering og styrke, skrev n\u00e6sten halvdelen af dem, der svarede.<\/p>\n<p><img loading=\"lazy\" decoding=\"async\" class=\"alignnone size-full wp-image-459 aligncenter\" src=\"https:\/\/bogenommedicinskcannabis.dk\/wp-content\/uploads\/2019\/02\/kr\u00e6ftceller17.jpeg\" alt=\"\" width=\"475\" height=\"356\" srcset=\"https:\/\/bogenommedicinskcannabis.dk\/wp-content\/uploads\/2019\/02\/kr\u00e6ftceller17.jpeg 475w, https:\/\/bogenommedicinskcannabis.dk\/wp-content\/uploads\/2019\/02\/kr\u00e6ftceller17-300x225.jpeg 300w\" sizes=\"auto, (max-width: 475px) 100vw, 475px\" \/><\/p>\n<p><a href=\"#_ftnref1\" name=\"_ftn1\">[1]<\/a> Medical Marijuana For Children With Cancer Broadly Supported By Doctors. <a href=\"https:\/\/www.forbes.com\/sites\/tarahaelle\/2017\/12\/12\/medical-marijuana-for-children-with-cancer-broadly-supported-by-doctors\/#711585ee795d\">https:\/\/www.forbes.com\/sites\/tarahaelle\/2017\/12\/12\/medical-marijuana-for-children-with-cancer-broadly-supported-by-doctors\/#711585ee795d<\/a><br \/>\n<a href=\"#_ftnref2\" name=\"_ftn2\">[2]<\/a> Prasanna Ananth, Clement Ma, Hasan Al-Sayegh et al.: Provider Perspectives on Use of Medical Marijuana in Children With Cancer. <a href=\"http:\/\/pediatrics.aappublications.org\/\">Pediatrics<\/a> <a href=\"http:\/\/pediatrics.aappublications.org\/content\/141\/1\">January 2018, VOLUME 141 \/ ISSUE 1<\/a>. <a href=\"http:\/\/pediatrics.aappublications.org\/content\/141\/1\/e20170559?sso=1&amp;sso_redirect_count=1&amp;nfstatus=401&amp;nftoken=00000000-0000-0000-0000-000000000000&amp;nfstatusdescription=ERROR%3a+No+local+token\">http:\/\/pediatrics.aappublications.org\/content\/141\/1\/e20170559?sso=1&amp;sso_redirect_count=1&amp;nfstatus=401&amp;nftoken=00000000-0000-0000-0000-000000000000&amp;nfstatusdescription=ERROR%3a+No+local+token<\/a><\/p>\n","protected":false},"excerpt":{"rendered":"<p>En overv\u00e6ldende majoritet af sundhedsprofessionelle, som tager sig af b\u00f8rn med kr\u00e6ft, vil v\u00e6re villige til at hj\u00e6lpe disse b\u00f8rn med at f\u00e5 medicinsk cannabis \u2013 dog lidt mindre entusiastiske, hvis de er blandt de behandlere, der faktisk er berettiget &hellip; <a href=\"https:\/\/bogenommedicinskcannabis.dk\/index.php\/artikler\/medicinsk-cannabis-og-kraeft\/medicinsk-cannabis-til-boern-med-kraeft-stoettes-bredt-af-kraeftlaeger-i-usa\/\">L\u00e6s resten <span class=\"meta-nav\">&rarr;<\/span><\/a><\/p>\n","protected":false},"author":1,"featured_media":0,"parent":306,"menu_order":0,"comment_status":"closed","ping_status":"closed","template":"","meta":{"footnotes":""},"class_list":["post-458","page","type-page","status-publish","hentry"],"_links":{"self":[{"href":"https:\/\/bogenommedicinskcannabis.dk\/index.php\/wp-json\/wp\/v2\/pages\/458","targetHints":{"allow":["GET"]}}],"collection":[{"href":"https:\/\/bogenommedicinskcannabis.dk\/index.php\/wp-json\/wp\/v2\/pages"}],"about":[{"href":"https:\/\/bogenommedicinskcannabis.dk\/index.php\/wp-json\/wp\/v2\/types\/page"}],"author":[{"embeddable":true,"href":"https:\/\/bogenommedicinskcannabis.dk\/index.php\/wp-json\/wp\/v2\/users\/1"}],"replies":[{"embeddable":true,"href":"https:\/\/bogenommedicinskcannabis.dk\/index.php\/wp-json\/wp\/v2\/comments?post=458"}],"version-history":[{"count":2,"href":"https:\/\/bogenommedicinskcannabis.dk\/index.php\/wp-json\/wp\/v2\/pages\/458\/revisions"}],"predecessor-version":[{"id":549,"href":"https:\/\/bogenommedicinskcannabis.dk\/index.php\/wp-json\/wp\/v2\/pages\/458\/revisions\/549"}],"up":[{"embeddable":true,"href":"https:\/\/bogenommedicinskcannabis.dk\/index.php\/wp-json\/wp\/v2\/pages\/306"}],"wp:attachment":[{"href":"https:\/\/bogenommedicinskcannabis.dk\/index.php\/wp-json\/wp\/v2\/media?parent=458"}],"curies":[{"name":"wp","href":"https:\/\/api.w.org\/{rel}","templated":true}]}}