{"id":462,"date":"2019-02-18T10:27:36","date_gmt":"2019-02-18T09:27:36","guid":{"rendered":"https:\/\/bogenommedicinskcannabis.dk\/?page_id=462"},"modified":"2019-02-18T10:27:36","modified_gmt":"2019-02-18T09:27:36","slug":"mykayla-fik-medicinsk-cannabis-mod-leukaemi","status":"publish","type":"page","link":"https:\/\/bogenommedicinskcannabis.dk\/index.php\/artikler\/medicinsk-cannabis-og-kraeft\/mykayla-fik-medicinsk-cannabis-mod-leukaemi\/","title":{"rendered":"Mykayla fik medicinsk cannabis mod leuk\u00e6mi"},"content":{"rendered":"<p>Mykayla Comstock fik diagnosen leuk\u00e6mi i 2012.<a href=\"#_ftn1\" name=\"_ftnref1\">[1]<\/a> Hun var dengang 7 \u00e5r gammel. I tiden siden har hun og familien lavet overskrifter p\u00e5 grund af deres valg af cannabis olie som behandling. Mykayla tager 1 gram cannabis olie hver dag. Halvdelen om morgenen og halvdelen om aftenen. Comstock familien havde planlagt at behandle Mykaylas leuk\u00e6mi med cannabis fra det \u00f8jeblik, hun fik diagnosen. Det var ikke kun cannabis ekstrakt, men ogs\u00e5 frisk cannabis juice og spiselige former, de pr\u00f8vede.<\/p>\n<p>P\u00e5 grund af den tid, det tager at f\u00e5r en tilladelse til medicinsk cannabis i deres hjemstat Oregon, begyndte Mykayla at f\u00e5 kemo lidt mere end 1 uge, f\u00f8r hun begyndte at f\u00e5 cannabis. Da hun f\u00f8rst begyndte den konventionelle kr\u00e6ftbehandling, var hun ikke i stand til at spise og havde en masse smerter p\u00e5 grund af kemo og steroide l\u00e6gemidler. Selvom kemoterapien reducerede niveauet af kr\u00e6ftceller efter nogle f\u00e5 dages behandling, steg de snart igen.<\/p>\n<p>Familien fort\u00e6ller gerne om Makaylas cannabis behandling:<a href=\"#_ftn2\" name=\"_ftnref2\">[2]<\/a> \u201dhun blev straks i stand til at spise igen, det var den f\u00f8rste fordel, vi bem\u00e6rkede. Hun var gladere, hun smilede og lo hele tiden. Vi elskede det. En uge efter, at vi startede p\u00e5 cannabis behandlingen, gjorde l\u00e6gerne os opm\u00e6rksom p\u00e5, at hendes leuk\u00e6mi var forsvundet fra hendes knoglemarv og blod.\u201d<\/p>\n<p>Mykayla er stadig kr\u00e6ftfri nu flere \u00e5r efter, at hun fik sin f\u00f8rste diagnose. Hun forts\u00e6tter med at tage cannabis olie regelm\u00e6ssigt.<a href=\"#_ftn3\" name=\"_ftnref3\">[3]<\/a> I august 2018 kunne hun fejre sin 13 \u00e5rs f\u00f8dselsdag.<a href=\"#_ftn4\" name=\"_ftnref4\">[4]<\/a><\/p>\n<p><img loading=\"lazy\" decoding=\"async\" class=\"alignnone size-full wp-image-463\" src=\"https:\/\/bogenommedicinskcannabis.dk\/wp-content\/uploads\/2019\/02\/solen1.jpg\" alt=\"\" width=\"800\" height=\"534\" srcset=\"https:\/\/bogenommedicinskcannabis.dk\/wp-content\/uploads\/2019\/02\/solen1.jpg 800w, https:\/\/bogenommedicinskcannabis.dk\/wp-content\/uploads\/2019\/02\/solen1-300x200.jpg 300w, https:\/\/bogenommedicinskcannabis.dk\/wp-content\/uploads\/2019\/02\/solen1-768x513.jpg 768w\" sizes=\"auto, (max-width: 800px) 100vw, 800px\" \/><\/p>\n<p>&nbsp;<\/p>\n<p><a href=\"#_ftnref1\" name=\"_ftn1\">[1]<\/a> <a href=\"http:\/\/www.bravemykayla.com\/\">http:\/\/www.bravemykayla.com\/<\/a><\/p>\n<p>Message to the World from Brave Mykayla. <a href=\"https:\/\/www.youtube.com\/watch?v=I-Yzn27ps0I\">https:\/\/www.youtube.com\/watch?v=I-Yzn27ps0I<\/a><\/p>\n<p><a href=\"#_ftnref2\" name=\"_ftn2\">[2]<\/a> <a href=\"http:\/\/www.bravemykayla.com\/her-treatment.html\">http:\/\/www.bravemykayla.com\/her-treatment.html<\/a><\/p>\n<p><a href=\"#_ftnref3\" name=\"_ftn3\">[3]<\/a> Can You Tell Which Of These Ten-Year-Olds Is On Weed? <a href=\"https:\/\/herb.co\/marijuana\/news\/can-you-tell-which-of-these-ten-year-olds-is-on-weed\">https:\/\/herb.co\/marijuana\/news\/can-you-tell-which-of-these-ten-year-olds-is-on-weed<\/a><\/p>\n<p><a href=\"https:\/\/www.facebook.com\/BraveMyKayla\/\">https:\/\/www.facebook.com\/BraveMyKayla\/<\/a><\/p>\n<p><a href=\"#_ftnref4\" name=\"_ftn4\">[4]<\/a> Mykayla Comstock. <a href=\"https:\/\/www.rxleaf.com\/mykayla-comstock-5-years-cancer-free\">https:\/\/www.rxleaf.com\/mykayla-comstock-5-years-cancer-free<\/a><\/p>\n","protected":false},"excerpt":{"rendered":"<p>Mykayla Comstock fik diagnosen leuk\u00e6mi i 2012.[1] Hun var dengang 7 \u00e5r gammel. I tiden siden har hun og familien lavet overskrifter p\u00e5 grund af deres valg af cannabis olie som behandling. Mykayla tager 1 gram cannabis olie hver dag. &hellip; <a href=\"https:\/\/bogenommedicinskcannabis.dk\/index.php\/artikler\/medicinsk-cannabis-og-kraeft\/mykayla-fik-medicinsk-cannabis-mod-leukaemi\/\">L\u00e6s resten <span class=\"meta-nav\">&rarr;<\/span><\/a><\/p>\n","protected":false},"author":1,"featured_media":0,"parent":306,"menu_order":0,"comment_status":"closed","ping_status":"closed","template":"","meta":{"footnotes":""},"class_list":["post-462","page","type-page","status-publish","hentry"],"_links":{"self":[{"href":"https:\/\/bogenommedicinskcannabis.dk\/index.php\/wp-json\/wp\/v2\/pages\/462","targetHints":{"allow":["GET"]}}],"collection":[{"href":"https:\/\/bogenommedicinskcannabis.dk\/index.php\/wp-json\/wp\/v2\/pages"}],"about":[{"href":"https:\/\/bogenommedicinskcannabis.dk\/index.php\/wp-json\/wp\/v2\/types\/page"}],"author":[{"embeddable":true,"href":"https:\/\/bogenommedicinskcannabis.dk\/index.php\/wp-json\/wp\/v2\/users\/1"}],"replies":[{"embeddable":true,"href":"https:\/\/bogenommedicinskcannabis.dk\/index.php\/wp-json\/wp\/v2\/comments?post=462"}],"version-history":[{"count":1,"href":"https:\/\/bogenommedicinskcannabis.dk\/index.php\/wp-json\/wp\/v2\/pages\/462\/revisions"}],"predecessor-version":[{"id":464,"href":"https:\/\/bogenommedicinskcannabis.dk\/index.php\/wp-json\/wp\/v2\/pages\/462\/revisions\/464"}],"up":[{"embeddable":true,"href":"https:\/\/bogenommedicinskcannabis.dk\/index.php\/wp-json\/wp\/v2\/pages\/306"}],"wp:attachment":[{"href":"https:\/\/bogenommedicinskcannabis.dk\/index.php\/wp-json\/wp\/v2\/media?parent=462"}],"curies":[{"name":"wp","href":"https:\/\/api.w.org\/{rel}","templated":true}]}}