{"id":480,"date":"2019-02-18T11:25:07","date_gmt":"2019-02-18T10:25:07","guid":{"rendered":"https:\/\/bogenommedicinskcannabis.dk\/?page_id=480"},"modified":"2019-02-18T11:25:07","modified_gmt":"2019-02-18T10:25:07","slug":"nu-kan-man-ogsaa-faa-cannabis-paa-nogle-hospicer","status":"publish","type":"page","link":"https:\/\/bogenommedicinskcannabis.dk\/index.php\/artikler\/medicinsk-cannabis-og-kraeft\/nu-kan-man-ogsaa-faa-cannabis-paa-nogle-hospicer\/","title":{"rendered":"Nu kan man ogs\u00e5 f\u00e5 cannabis p\u00e5 nogle hospicer"},"content":{"rendered":"<p>Det er der flere hospicer, som er begyndt at give deres patienter cannabisolie p\u00e5 recept.Det kan virke b\u00e5de smertestillende, kvalmed\u00e6mpende og appetitstimulerende, lyder det.<\/p>\n<p>\u201dDe f\u00e5r flere kr\u00e6fter til at komme igennem hverdagen, og de f\u00e5r et overskud, som de ikke havde f\u00f8r\u201d, fort\u00e6ller Preben Olsen, der er ledende overl\u00e6ge p\u00e5 Diakonissestiftelsens Hospice p\u00e5 Frederiksberg til DR.dk.<a href=\"#_ftn1\" name=\"_ftnref1\">[1]<\/a> Det er et af de danske hospicer, der gennem det seneste \u00e5rs tid er begyndt at udskrive cannabis-olie til nogle patienter.<\/p>\n<p>DR Nyheder foretog i 2017 en rundsp\u00f8rge til landets 20 hospicer. Fem af dem havde p\u00e5 det tidspunkt udskrevet cannabisolier og kapsler med cannabisekstrakt til nogle af deres patienter, og p\u00e5 to andre overvejede man at g\u00e5 i gang med at udskrive produkterne.<\/p>\n<p><strong>Mange patienter k\u00f8ber det illegalt<br \/>\n<\/strong>En af begrundelserne til, at flere hospicer udskriver cannabisprodukterne, er, at deres patienter i forvejen selv skaffer det p\u00e5 det p\u00e5 ulovlig vis, lyder det.<\/p>\n<p>\u201dJeg vil gerne give dem den rene vare,\u201d siger Preben Olsen. \u201dS\u00e5 har jeg ogs\u00e5 helt styr p\u00e5, hvad de f\u00e5r, og i hvilke doser de tager det, s\u00e5 der ikke er problemer i forhold til den \u00f8vrige medicin, jeg udskriver,\u201d forts\u00e6tter han og understreger, at det ikke er alle hans patienter, der oplever, at cannabisolien virker.<\/p>\n<p>Han forklarer, at han generelt m\u00f8der flere og flere patienter, der p\u00e5 ulovlig vis skaffer cannabis &#8211; blandt andet i form af olier &#8211; p\u00e5 egen h\u00e5nd. \u201dDet bliver mere og mere udbredt, for flere l\u00e6ser om det eller h\u00f8rer om det. N\u00e6sten alle patienter her har enten pr\u00f8vet det eller overvejet at pr\u00f8ve det,\u201d siger Preben Olsen. \u201dDer kan g\u00e5 lang tid, f\u00f8r de fort\u00e6ller mig, at de tager cannabis. For mange er lidt flove over det,\u201d tilf\u00f8jer han.<\/p>\n<p>Og han er ikke den eneste hospicel\u00e6ge, der oplever, at patienterne selv skaffer cannabis til medicinsk brug. St\u00f8rstedelen &#8211; nemlig 14 af de 20 hospicer &#8211; svarer i rundsp\u00f8rgen ja til, at nogle af deres patienter bruger cannabis, som de har skaffet uden om en l\u00e6ge.<\/p>\n<p>&nbsp;<\/p>\n<p><img loading=\"lazy\" decoding=\"async\" class=\"alignnone size-full wp-image-481\" src=\"https:\/\/bogenommedicinskcannabis.dk\/wp-content\/uploads\/2019\/02\/cannabis9.jpeg\" alt=\"\" width=\"599\" height=\"378\" srcset=\"https:\/\/bogenommedicinskcannabis.dk\/wp-content\/uploads\/2019\/02\/cannabis9.jpeg 599w, https:\/\/bogenommedicinskcannabis.dk\/wp-content\/uploads\/2019\/02\/cannabis9-300x189.jpeg 300w\" sizes=\"auto, (max-width: 599px) 100vw, 599px\" \/><\/p>\n<p><a href=\"#_ftnref1\" name=\"_ftn1\">[1]<\/a> Hospicer er begyndt at behandle patienter med cannabis-olie. <a href=\"https:\/\/www.dr.dk\/nyheder\/indland\/hospicer-er-begyndt-behandle-patienter-med-cannabisolie\">https:\/\/www.dr.dk\/nyheder\/indland\/hospicer-er-begyndt-behandle-patienter-med-cannabisolie<\/a><\/p>\n<p>&nbsp;<\/p>\n","protected":false},"excerpt":{"rendered":"<p>Det er der flere hospicer, som er begyndt at give deres patienter cannabisolie p\u00e5 recept.Det kan virke b\u00e5de smertestillende, kvalmed\u00e6mpende og appetitstimulerende, lyder det. \u201dDe f\u00e5r flere kr\u00e6fter til at komme igennem hverdagen, og de f\u00e5r et overskud, som de &hellip; <a href=\"https:\/\/bogenommedicinskcannabis.dk\/index.php\/artikler\/medicinsk-cannabis-og-kraeft\/nu-kan-man-ogsaa-faa-cannabis-paa-nogle-hospicer\/\">L\u00e6s resten <span class=\"meta-nav\">&rarr;<\/span><\/a><\/p>\n","protected":false},"author":1,"featured_media":0,"parent":306,"menu_order":0,"comment_status":"closed","ping_status":"closed","template":"","meta":{"footnotes":""},"class_list":["post-480","page","type-page","status-publish","hentry"],"_links":{"self":[{"href":"https:\/\/bogenommedicinskcannabis.dk\/index.php\/wp-json\/wp\/v2\/pages\/480","targetHints":{"allow":["GET"]}}],"collection":[{"href":"https:\/\/bogenommedicinskcannabis.dk\/index.php\/wp-json\/wp\/v2\/pages"}],"about":[{"href":"https:\/\/bogenommedicinskcannabis.dk\/index.php\/wp-json\/wp\/v2\/types\/page"}],"author":[{"embeddable":true,"href":"https:\/\/bogenommedicinskcannabis.dk\/index.php\/wp-json\/wp\/v2\/users\/1"}],"replies":[{"embeddable":true,"href":"https:\/\/bogenommedicinskcannabis.dk\/index.php\/wp-json\/wp\/v2\/comments?post=480"}],"version-history":[{"count":1,"href":"https:\/\/bogenommedicinskcannabis.dk\/index.php\/wp-json\/wp\/v2\/pages\/480\/revisions"}],"predecessor-version":[{"id":482,"href":"https:\/\/bogenommedicinskcannabis.dk\/index.php\/wp-json\/wp\/v2\/pages\/480\/revisions\/482"}],"up":[{"embeddable":true,"href":"https:\/\/bogenommedicinskcannabis.dk\/index.php\/wp-json\/wp\/v2\/pages\/306"}],"wp:attachment":[{"href":"https:\/\/bogenommedicinskcannabis.dk\/index.php\/wp-json\/wp\/v2\/media?parent=480"}],"curies":[{"name":"wp","href":"https:\/\/api.w.org\/{rel}","templated":true}]}}