{"id":492,"date":"2019-02-18T14:34:57","date_gmt":"2019-02-18T13:34:57","guid":{"rendered":"https:\/\/bogenommedicinskcannabis.dk\/?page_id=492"},"modified":"2019-02-20T15:59:27","modified_gmt":"2019-02-20T14:59:27","slug":"er-der-bivirkninger-ved-langvarig-brug-af-medicinsk-cannabis","status":"publish","type":"page","link":"https:\/\/bogenommedicinskcannabis.dk\/index.php\/artikler\/bivirkninger\/er-der-bivirkninger-ved-langvarig-brug-af-medicinsk-cannabis\/","title":{"rendered":"Er der bivirkninger ved langvarig brug af medicinsk cannabis"},"content":{"rendered":"<p>I et canadisk studie skulle deltagerne ryge, dampe eller spise 2,5 gram cannabis hver dag i et helt \u00e5r. Forskerne konkluderede, at langvarig brug af cannabis n\u00e6sten udelukkende har en gavnlig effekt, uden at medf\u00f8re alvorlige bivirkninger. Deltagerne oplevede generelt forbedret livskvalitet og bedre hum\u00f8r.<a href=\"#_ftn1\" name=\"_ftnref1\">[1]<\/a><\/p>\n<p>Det canadiske studie har bekr\u00e6ftet, at medicinsk cannabis er en sikker mulighed \u2013 i det mindste for dem med kroniske smerter.<a href=\"#_ftn2\" name=\"_ftnref2\">[2]<\/a>\u00a0Det er indtil nu det st\u00f8rste studie, der er udf\u00f8rt med hensyn til sikkerhed ved brug af medicinsk cannabis p\u00e5 lang sigt. Forskerne observerede ingen alvorlige bivirkninger af at bruge medicinsk cannabis i denne lange periode.<\/p>\n<p>Det var et team p\u00e5 Research Institute of the McGill University Health Centre (RI-MUHC) i Montr\u00e9al, Canada, der udf\u00f8rte studiet om den langsigtede sikkerhed ved at bruge medicinsk cannabis. De samlede en gruppe p\u00e5 215 med kroniske smerter, som de ville behandle med cannabis, som skulle v\u00e6re deres testgruppe. En gruppe p\u00e5 216 personer var kontrolgruppen, hvis smerter (som ikke skyldtes kr\u00e6ft) ikke blev behandlet med cannabis.<\/p>\n<p>Det canadiske team behandlede deres patienter med 12% THC, og patienterne fik lov at v\u00e6lge, om de ville ryge, fordampe eller indtage spiselig cannabis. Patienterne fik 2,5 gram om dagen i en periode p\u00e5 et helt \u00e5r. Gruppen af patienter, der fik cannabis i studiet, var imidlertid vant til brug af cannabis og havde brugt det tidligere til at behandle symptomer.<\/p>\n<p>\u201cDette er det f\u00f8rste og det st\u00f8rste studie af den langsigtede sikkerhed for brugen af medicinsk cannabis for patienter, der lider af kroniske smerter, der nogensinde er udf\u00f8rt,\u201d sagde den ledende forfatter af det canadiske studie Dr. Ware. Studiet havde centre over hele Canada, nemlig i Fredericton, Halifax, London, Montreal, Toronto og Vancouver.<\/p>\n<p>Resultaterne af studiet er ikke overraskende, n\u00e5r man t\u00e6nker p\u00e5, hvilke erfaringer brugere af cannabis ved om planten. Forskerteamet i Canada viste, at ikke bare er der ingen alvorlige bivirkninger af at bruge cannabis \u2013 de fandt ogs\u00e5, at det faktisk forbedrede livskvaliteten og det overordnede velv\u00e6re hos patienterne.<\/p>\n<p>Udover at nogle fik kvalme, hovedpine, svimmelhed og \u00e5ndedr\u00e6tsbesv\u00e6r p\u00e5 grund af r\u00f8g, blev der ikke observeret nogen bivirkninger af at bruge cannabis. Studiets deltagere rapporterede imidlertid, at deres smerteniveauer var signifikant reducerede, de havde f\u00e5et st\u00f8rre livskvalitet og deres generelle velv\u00e6re og oplevelse var forbedret.<a href=\"#_ftn3\" name=\"_ftnref3\">[3]<\/a><\/p>\n<p>\u201cVores data viser, at cannabis brugere med et dagligt brug ikke havde st\u00f8rre risiko for at opleve alvorlige bivirkninger end kontrolgruppen, som ikke brugte cannabis,\u201d forklarer Dr. Aline Boulanger fra forskerteamet.<\/p>\n<p>Alternativer til cannabis som behandling af kroniske smerter s\u00e5som opioide smertestillende l\u00e6gemidler har vist sig at v\u00e6re farlige og mindre effektive end cannabis.<a href=\"#_ftn4\" name=\"_ftnref4\">[4]<\/a> Brugen af medicinsk cannabis kan indtages som olie under tungen, som mad eller damp, som ikke giver risiko for \u00e5ndedr\u00e6tsproblemer.<a href=\"#_ftn5\" name=\"_ftnref5\">[5]<\/a><\/p>\n<p><img loading=\"lazy\" decoding=\"async\" class=\"alignnone size-full wp-image-493\" src=\"https:\/\/bogenommedicinskcannabis.dk\/wp-content\/uploads\/2019\/02\/cannabis-olie4.jpg\" alt=\"\" width=\"742\" height=\"549\" srcset=\"https:\/\/bogenommedicinskcannabis.dk\/wp-content\/uploads\/2019\/02\/cannabis-olie4.jpg 742w, https:\/\/bogenommedicinskcannabis.dk\/wp-content\/uploads\/2019\/02\/cannabis-olie4-300x222.jpg 300w\" sizes=\"auto, (max-width: 742px) 100vw, 742px\" \/><\/p>\n<p>&nbsp;<\/p>\n<p>&nbsp;<\/p>\n<p><a href=\"#_ftnref1\" name=\"_ftn1\">[1]<\/a> Latest Studies Confirm Medical Marijuana Is Safe Long-Term<\/p>\n<p><a href=\"http:\/\/herb.co\/2015\/11\/21\/latest-studies-confirm-medical-marijuana-safe-long-term\/\">http:\/\/herb.co\/2015\/11\/21\/latest-studies-confirm-medical-marijuana-safe-long-term\/<\/a><\/p>\n<p><a href=\"#_ftnref2\" name=\"_ftn2\">[2]<\/a> Canada \u2018Committed\u2019 To Legalizing Marijuana: Trudeau. <a href=\"https:\/\/herb.co\/marijuana\/news\/canada-committed-to-legalizing-marijuana-trudeau\">https:\/\/herb.co\/marijuana\/news\/canada-committed-to-legalizing-marijuana-trudeau<\/a><\/p>\n<p><a href=\"#_ftnref3\" name=\"_ftn3\">[3]<\/a> 11 Ways Cannabis Can Improve Your Life- <a href=\"https:\/\/herb.co\/marijuana\/news\/11-ways-cannabis-can-improve-your-life\">https:\/\/herb.co\/marijuana\/news\/11-ways-cannabis-can-improve-your-life<\/a><\/p>\n<p><a href=\"#_ftnref4\" name=\"_ftn4\">[4]<\/a> Marijuana Could Replace These 5 Prescription Pills. <a href=\"https:\/\/herb.co\/marijuana\/news\/marijuana-could-replace-these-5-prescription-pills\">https:\/\/herb.co\/marijuana\/news\/marijuana-could-replace-these-5-prescription-pills<\/a><\/p>\n<p><a href=\"#_ftnref5\" name=\"_ftn5\">[5]<\/a> The Effects Of Weed On Your Health. <a href=\"https:\/\/herb.co\/marijuana\/news\/the-effects-of-weed-on-your-health\">https:\/\/herb.co\/marijuana\/news\/the-effects-of-weed-on-your-health<\/a><\/p>\n","protected":false},"excerpt":{"rendered":"<p>I et canadisk studie skulle deltagerne ryge, dampe eller spise 2,5 gram cannabis hver dag i et helt \u00e5r. Forskerne konkluderede, at langvarig brug af cannabis n\u00e6sten udelukkende har en gavnlig effekt, uden at medf\u00f8re alvorlige bivirkninger. Deltagerne oplevede generelt &hellip; <a href=\"https:\/\/bogenommedicinskcannabis.dk\/index.php\/artikler\/bivirkninger\/er-der-bivirkninger-ved-langvarig-brug-af-medicinsk-cannabis\/\">L\u00e6s resten <span class=\"meta-nav\">&rarr;<\/span><\/a><\/p>\n","protected":false},"author":1,"featured_media":0,"parent":645,"menu_order":0,"comment_status":"closed","ping_status":"closed","template":"","meta":{"footnotes":""},"class_list":["post-492","page","type-page","status-publish","hentry"],"_links":{"self":[{"href":"https:\/\/bogenommedicinskcannabis.dk\/index.php\/wp-json\/wp\/v2\/pages\/492","targetHints":{"allow":["GET"]}}],"collection":[{"href":"https:\/\/bogenommedicinskcannabis.dk\/index.php\/wp-json\/wp\/v2\/pages"}],"about":[{"href":"https:\/\/bogenommedicinskcannabis.dk\/index.php\/wp-json\/wp\/v2\/types\/page"}],"author":[{"embeddable":true,"href":"https:\/\/bogenommedicinskcannabis.dk\/index.php\/wp-json\/wp\/v2\/users\/1"}],"replies":[{"embeddable":true,"href":"https:\/\/bogenommedicinskcannabis.dk\/index.php\/wp-json\/wp\/v2\/comments?post=492"}],"version-history":[{"count":1,"href":"https:\/\/bogenommedicinskcannabis.dk\/index.php\/wp-json\/wp\/v2\/pages\/492\/revisions"}],"predecessor-version":[{"id":494,"href":"https:\/\/bogenommedicinskcannabis.dk\/index.php\/wp-json\/wp\/v2\/pages\/492\/revisions\/494"}],"up":[{"embeddable":true,"href":"https:\/\/bogenommedicinskcannabis.dk\/index.php\/wp-json\/wp\/v2\/pages\/645"}],"wp:attachment":[{"href":"https:\/\/bogenommedicinskcannabis.dk\/index.php\/wp-json\/wp\/v2\/media?parent=492"}],"curies":[{"name":"wp","href":"https:\/\/api.w.org\/{rel}","templated":true}]}}