{"id":498,"date":"2019-02-18T15:09:31","date_gmt":"2019-02-18T14:09:31","guid":{"rendered":"https:\/\/bogenommedicinskcannabis.dk\/?page_id=498"},"modified":"2019-02-18T15:11:15","modified_gmt":"2019-02-18T14:11:15","slug":"giver-cannabis-skader-paa-hjernen","status":"publish","type":"page","link":"https:\/\/bogenommedicinskcannabis.dk\/index.php\/artikler\/sikkerhed\/giver-cannabis-skader-paa-hjernen\/","title":{"rendered":"Giver cannabis skader p\u00e5 hjernen"},"content":{"rendered":"<p>En af de mest levedygtige myter om cannabis er, at det dr\u00e6ber hjerneceller og neds\u00e6tter IQ. M\u00e6rkeligt nok har utallige studier vist det modsatte \u2013 cannabis har faktisk vist sig at fremme v\u00e6kst og udvikling af nye hjerneceller.<a href=\"#_ftn1\" name=\"_ftnref1\">[1]<\/a> Ingen anden klasse af stoffer har vist samme nervebeskyttende effekter som cannabis.<\/p>\n<p>Meget lovende dyrefors\u00f8g viser, at behandling af hjerneskader, f.eks. hos nyf\u00f8dte babyer, der mangler ilt<a href=\"#_ftn2\" name=\"_ftnref2\">[2]<\/a> og folk med slagtilf\u00e6lde og hovedskader opretholder mindre skade og heler hurtigere, hvis de f\u00e5r cannabinoider eller de syntetiske kopier.<a href=\"#_ftn3\" name=\"_ftnref3\">[3]<\/a><\/p>\n<p>Derfor kan cannabis sandsynligvis ogs\u00e5 beskytte hjernen mod langsommere former for skader som bl.a. Alzheimers og MS,<a href=\"#_ftn4\" name=\"_ftnref4\">[4]<\/a> is\u00e6r hvis de bruges i en korrekt dosis. Selvom cannabis kan for\u00e5rsage nogle midlertidige kognitive \u00e6ndringer i korttidshukommelsen, forsvinder disse, n\u00e5r en voksen stopper med at bruge cannabis.<a href=\"#_ftn5\" name=\"_ftnref5\">[5] <\/a><\/p>\n<p>Forskningen er lidt mere blandet, n\u00e5r der er tale om unge i voksealderen, som bruger cannabis rekreativt.<\/p>\n<p><img loading=\"lazy\" decoding=\"async\" class=\"alignnone size-full wp-image-499\" src=\"https:\/\/bogenommedicinskcannabis.dk\/wp-content\/uploads\/2019\/02\/hjernen11.jpg\" alt=\"\" width=\"610\" height=\"343\" srcset=\"https:\/\/bogenommedicinskcannabis.dk\/wp-content\/uploads\/2019\/02\/hjernen11.jpg 610w, https:\/\/bogenommedicinskcannabis.dk\/wp-content\/uploads\/2019\/02\/hjernen11-300x169.jpg 300w\" sizes=\"auto, (max-width: 610px) 100vw, 610px\" \/><\/p>\n<p>&nbsp;<\/p>\n<p>&nbsp;<\/p>\n<p><a href=\"#_ftnref1\" name=\"_ftn1\">[1]<\/a> Reviewed in Galve-Roperh, Ismael, et al. \u201cThe endocannabinoid system and neurogenesis in health and disease.\u201d\u00a0<em>The Neuroscientist<\/em>\u00a013.2 (2007): 109-114.<\/p>\n<p><a href=\"#_ftnref2\" name=\"_ftn2\">[2]<\/a> Alvarez, Francisco J., et al. \u201cNeuroprotective effects of the nonpsychoactive cannabinoid cannabidiol in hypoxic-ischemic newborn piglets.\u201d\u00a0<em>Pediatric research<\/em>\u00a064.6 (2008): 653-658<\/p>\n<p><a href=\"#_ftnref3\" name=\"_ftn3\">[3]<\/a> Baker D, Pryce G, Giovannoni G, Thompson AJ. The therapeutic potential of cannabis. Lancet Neurol.2003; 2:291 -298<\/p>\n<p><a href=\"#_ftnref4\" name=\"_ftn4\">[4]<\/a> Ram\u00edrez, Bel\u00e9n G., et al. \u201cPrevention of Alzheimer\u2019s disease pathology by cannabinoids: neuroprotection mediated by blockade of microglial activation.\u201d\u00a0<em>The Journal of Neuroscience<\/em>\u00a025.8 (2005): 1904-1913.<\/p>\n<p><a href=\"#_ftnref5\" name=\"_ftn5\">[5]<\/a> Tait, Robert J., Andrew Mackinnon, and Helen Christensen. \u201cCannabis use and cognitive function: 8\u2010year trajectory in a young adult cohort.\u201d\u00a0<em>Addiction<\/em>\u00a0106.12 (2011): 2195-2203.<\/p>\n","protected":false},"excerpt":{"rendered":"<p>En af de mest levedygtige myter om cannabis er, at det dr\u00e6ber hjerneceller og neds\u00e6tter IQ. M\u00e6rkeligt nok har utallige studier vist det modsatte \u2013 cannabis har faktisk vist sig at fremme v\u00e6kst og udvikling af nye hjerneceller.[1] Ingen anden &hellip; <a href=\"https:\/\/bogenommedicinskcannabis.dk\/index.php\/artikler\/sikkerhed\/giver-cannabis-skader-paa-hjernen\/\">L\u00e6s resten <span class=\"meta-nav\">&rarr;<\/span><\/a><\/p>\n","protected":false},"author":1,"featured_media":0,"parent":292,"menu_order":0,"comment_status":"closed","ping_status":"closed","template":"","meta":{"footnotes":""},"class_list":["post-498","page","type-page","status-publish","hentry"],"_links":{"self":[{"href":"https:\/\/bogenommedicinskcannabis.dk\/index.php\/wp-json\/wp\/v2\/pages\/498","targetHints":{"allow":["GET"]}}],"collection":[{"href":"https:\/\/bogenommedicinskcannabis.dk\/index.php\/wp-json\/wp\/v2\/pages"}],"about":[{"href":"https:\/\/bogenommedicinskcannabis.dk\/index.php\/wp-json\/wp\/v2\/types\/page"}],"author":[{"embeddable":true,"href":"https:\/\/bogenommedicinskcannabis.dk\/index.php\/wp-json\/wp\/v2\/users\/1"}],"replies":[{"embeddable":true,"href":"https:\/\/bogenommedicinskcannabis.dk\/index.php\/wp-json\/wp\/v2\/comments?post=498"}],"version-history":[{"count":3,"href":"https:\/\/bogenommedicinskcannabis.dk\/index.php\/wp-json\/wp\/v2\/pages\/498\/revisions"}],"predecessor-version":[{"id":502,"href":"https:\/\/bogenommedicinskcannabis.dk\/index.php\/wp-json\/wp\/v2\/pages\/498\/revisions\/502"}],"up":[{"embeddable":true,"href":"https:\/\/bogenommedicinskcannabis.dk\/index.php\/wp-json\/wp\/v2\/pages\/292"}],"wp:attachment":[{"href":"https:\/\/bogenommedicinskcannabis.dk\/index.php\/wp-json\/wp\/v2\/media?parent=498"}],"curies":[{"name":"wp","href":"https:\/\/api.w.org\/{rel}","templated":true}]}}