{"id":503,"date":"2019-02-18T15:23:52","date_gmt":"2019-02-18T14:23:52","guid":{"rendered":"https:\/\/bogenommedicinskcannabis.dk\/?page_id=503"},"modified":"2019-02-18T15:23:52","modified_gmt":"2019-02-18T14:23:52","slug":"cannabis-medfoerer-ikke-nedsat-iq","status":"publish","type":"page","link":"https:\/\/bogenommedicinskcannabis.dk\/index.php\/artikler\/sikkerhed\/cannabis-medfoerer-ikke-nedsat-iq\/","title":{"rendered":"Cannabis medf\u00f8rer ikke nedsat IQ"},"content":{"rendered":"<p>Den kumulative brug af cannabis blandt unge mennesker har ikke nogen d\u00e5rlig effekt p\u00e5 intelligens if\u00f8lge langvarige data publiceret i 2016 p\u00e5 <em>Proceedings of the National Academy of Sciences<\/em>.<a href=\"#_ftn1\" name=\"_ftnref1\">[1]<\/a><\/p>\n<p>Forskerne evaluerede intellektuel adf\u00e6rd i to grupper af unge tvillinger. Deltagerne blev vurderet vedr\u00f8rende intelligens i alderen 9-12 \u00e5r, f\u00f8r de havde v\u00e6ret udsat for brug af cannabis og igen i alderen 17-20 \u00e5r.<\/p>\n<p style=\"text-align: left;\">De konkluderede: \u201cI den st\u00f8rste langvarige unders\u00f8gelse af brug af cannabis og \u00e6ndring af brugernes IQ\u2026 finder vi meget lidt evidens for at kunne vise, at brugen af cannabis blandt unge har en direkte effekt p\u00e5 nedsat intelligens.\u201d<\/p>\n<p><img loading=\"lazy\" decoding=\"async\" class=\"size-full wp-image-504 aligncenter\" src=\"https:\/\/bogenommedicinskcannabis.dk\/wp-content\/uploads\/2019\/02\/hjernen8-1.jpg\" alt=\"\" width=\"180\" height=\"150\" \/><\/p>\n<p><a href=\"#_ftnref1\" name=\"_ftn1\">[1]<\/a> Nicholas J. Jackson, Joshua D. Isen, Rubin Khoddam et al.: Impact of adolescent marijuana use on intelligence: Results from two longitudinal twin studies. PNAS 2016; published ahead of print January 19, 2016, <a href=\"https:\/\/doi.org\/10.1073\/pnas.1516648113\">https:\/\/doi.org\/10.1073\/pnas.1516648113<\/a> . <a href=\"http:\/\/www.pnas.org\/content\/early\/2016\/01\/13\/1516648113\">http:\/\/www.pnas.org\/content\/early\/2016\/01\/13\/1516648113<\/a><\/p>\n<p>10 Scientific Studies From 2016 Showing Marijuana Is Safe and Effective <a href=\"http:\/\/www.alternet.org\/drugs\/10-scientific-studies-2016-marijuana-safe-effective\">http:\/\/www.alternet.org\/drugs\/10-scientific-studies-2016-marijuana-safe-effective<\/a><\/p>\n","protected":false},"excerpt":{"rendered":"<p>Den kumulative brug af cannabis blandt unge mennesker har ikke nogen d\u00e5rlig effekt p\u00e5 intelligens if\u00f8lge langvarige data publiceret i 2016 p\u00e5 Proceedings of the National Academy of Sciences.[1] Forskerne evaluerede intellektuel adf\u00e6rd i to grupper af unge tvillinger. Deltagerne &hellip; <a href=\"https:\/\/bogenommedicinskcannabis.dk\/index.php\/artikler\/sikkerhed\/cannabis-medfoerer-ikke-nedsat-iq\/\">L\u00e6s resten <span class=\"meta-nav\">&rarr;<\/span><\/a><\/p>\n","protected":false},"author":1,"featured_media":0,"parent":292,"menu_order":0,"comment_status":"closed","ping_status":"closed","template":"","meta":{"footnotes":""},"class_list":["post-503","page","type-page","status-publish","hentry"],"_links":{"self":[{"href":"https:\/\/bogenommedicinskcannabis.dk\/index.php\/wp-json\/wp\/v2\/pages\/503","targetHints":{"allow":["GET"]}}],"collection":[{"href":"https:\/\/bogenommedicinskcannabis.dk\/index.php\/wp-json\/wp\/v2\/pages"}],"about":[{"href":"https:\/\/bogenommedicinskcannabis.dk\/index.php\/wp-json\/wp\/v2\/types\/page"}],"author":[{"embeddable":true,"href":"https:\/\/bogenommedicinskcannabis.dk\/index.php\/wp-json\/wp\/v2\/users\/1"}],"replies":[{"embeddable":true,"href":"https:\/\/bogenommedicinskcannabis.dk\/index.php\/wp-json\/wp\/v2\/comments?post=503"}],"version-history":[{"count":1,"href":"https:\/\/bogenommedicinskcannabis.dk\/index.php\/wp-json\/wp\/v2\/pages\/503\/revisions"}],"predecessor-version":[{"id":509,"href":"https:\/\/bogenommedicinskcannabis.dk\/index.php\/wp-json\/wp\/v2\/pages\/503\/revisions\/509"}],"up":[{"embeddable":true,"href":"https:\/\/bogenommedicinskcannabis.dk\/index.php\/wp-json\/wp\/v2\/pages\/292"}],"wp:attachment":[{"href":"https:\/\/bogenommedicinskcannabis.dk\/index.php\/wp-json\/wp\/v2\/media?parent=503"}],"curies":[{"name":"wp","href":"https:\/\/api.w.org\/{rel}","templated":true}]}}