{"id":510,"date":"2019-02-18T15:31:52","date_gmt":"2019-02-18T14:31:52","guid":{"rendered":"https:\/\/bogenommedicinskcannabis.dk\/?page_id=510"},"modified":"2019-03-21T11:35:50","modified_gmt":"2019-03-21T10:35:50","slug":"saenker-cannabis-brugerens-iq","status":"publish","type":"page","link":"https:\/\/bogenommedicinskcannabis.dk\/index.php\/artikler\/sikkerhed\/saenker-cannabis-brugerens-iq\/","title":{"rendered":"S\u00e6nker cannabis brugerens IQ?"},"content":{"rendered":"<p>Frygten for at cannabis neds\u00e6tter IQ stammer fra et studie fra New Zealand publiceret i 2012.<a href=\"#_ftn1\" name=\"_ftnref1\">[1]<\/a><\/p>\n<p>Studiet s\u00e5 p\u00e5 1.037 personer fra de var 13 \u00e5r til de var 38 \u00e5r. De fandt, at cannabis brugere viste et 8% fald i deres IQ ved 38 \u00e5rs alderen. Der er imidlertid lidt problemer med dette studie.<\/p>\n<p>Antallet af personer, der viste dette fald, var ret lille, kun 38 uf af de 1.037.<a href=\"#_ftn2\" name=\"_ftnref2\">[2]<\/a> De p\u00e5g\u00e6ldende brugte ogs\u00e5 v\u00e6sentligt mere cannabis end gennemsnittet. Specifikt var disse personer karakteriseret som nogen, der havde et misbrug af cannabis.<\/p>\n<p>Andre kritikere af dette studie mener, at studiet fejlagtigt havde fors\u00f8mt at udelukke andre faktorer, der kunne for\u00e5rsage et fald i deres IQ.<a href=\"#_ftn3\" name=\"_ftnref3\">[3]<\/a> Det kunne f.eks. v\u00e6re familieforhold og hvorvidt de var droppet ud af skolen.<\/p>\n<p><img loading=\"lazy\" decoding=\"async\" class=\"alignnone size-full wp-image-511 aligncenter\" src=\"https:\/\/bogenommedicinskcannabis.dk\/wp-content\/uploads\/2019\/02\/hjerneceller1.jpg\" alt=\"\" width=\"334\" height=\"334\" srcset=\"https:\/\/bogenommedicinskcannabis.dk\/wp-content\/uploads\/2019\/02\/hjerneceller1.jpg 334w, https:\/\/bogenommedicinskcannabis.dk\/wp-content\/uploads\/2019\/02\/hjerneceller1-150x150.jpg 150w, https:\/\/bogenommedicinskcannabis.dk\/wp-content\/uploads\/2019\/02\/hjerneceller1-300x300.jpg 300w\" sizes=\"auto, (max-width: 334px) 100vw, 334px\" \/><\/p>\n<p>&nbsp;<\/p>\n<p><a href=\"#_ftnref1\" name=\"_ftn1\">[1]<\/a> Madeline H. Meier, Avshalom Caspi, Antony Ambler et al.: Persistent cannabis users show neuropsychological decline from childhood to midlife. PNAS October 2, 2012. 109 (40) E2657-E2664; <a href=\"https:\/\/doi.org\/10.1073\/pnas.1206820109\">https:\/\/doi.org\/10.1073\/pnas.1206820109<\/a> <a href=\"http:\/\/www.pnas.org\/content\/109\/40\/E2657\">http:\/\/www.pnas.org\/content\/109\/40\/E2657<\/a><\/p>\n<p><a href=\"#_ftnref2\" name=\"_ftn2\">[2]<\/a> Dr. Malik Burnett og Amanda Reiman, PhD, MSW: Does Marijuana Kill Brain Cells? <a href=\"http:\/\/www.drugpolicy.org\/blog\/does-marijuana-kill-brain-cells\">http:\/\/www.drugpolicy.org\/blog\/does-marijuana-kill-brain-cells<\/a><\/p>\n<p><a href=\"#_ftnref3\" name=\"_ftn3\">[3]<\/a> Twins study finds no evidence that marijuana lowers IQ in teens. <a href=\"http:\/\/www.sciencemag.org\/news\/2016\/01\/twins-study-finds-no-evidence-marijuana-lowers-iq-teens\">http:\/\/www.sciencemag.org\/news\/2016\/01\/twins-study-finds-no-evidence-marijuana-lowers-iq-teens<\/a><\/p>\n","protected":false},"excerpt":{"rendered":"<p>Frygten for at cannabis neds\u00e6tter IQ stammer fra et studie fra New Zealand publiceret i 2012.[1] Studiet s\u00e5 p\u00e5 1.037 personer fra de var 13 \u00e5r til de var 38 \u00e5r. De fandt, at cannabis brugere viste et 8% fald &hellip; <a href=\"https:\/\/bogenommedicinskcannabis.dk\/index.php\/artikler\/sikkerhed\/saenker-cannabis-brugerens-iq\/\">L\u00e6s resten <span class=\"meta-nav\">&rarr;<\/span><\/a><\/p>\n","protected":false},"author":1,"featured_media":0,"parent":292,"menu_order":0,"comment_status":"closed","ping_status":"closed","template":"","meta":{"footnotes":""},"class_list":["post-510","page","type-page","status-publish","hentry"],"_links":{"self":[{"href":"https:\/\/bogenommedicinskcannabis.dk\/index.php\/wp-json\/wp\/v2\/pages\/510","targetHints":{"allow":["GET"]}}],"collection":[{"href":"https:\/\/bogenommedicinskcannabis.dk\/index.php\/wp-json\/wp\/v2\/pages"}],"about":[{"href":"https:\/\/bogenommedicinskcannabis.dk\/index.php\/wp-json\/wp\/v2\/types\/page"}],"author":[{"embeddable":true,"href":"https:\/\/bogenommedicinskcannabis.dk\/index.php\/wp-json\/wp\/v2\/users\/1"}],"replies":[{"embeddable":true,"href":"https:\/\/bogenommedicinskcannabis.dk\/index.php\/wp-json\/wp\/v2\/comments?post=510"}],"version-history":[{"count":1,"href":"https:\/\/bogenommedicinskcannabis.dk\/index.php\/wp-json\/wp\/v2\/pages\/510\/revisions"}],"predecessor-version":[{"id":512,"href":"https:\/\/bogenommedicinskcannabis.dk\/index.php\/wp-json\/wp\/v2\/pages\/510\/revisions\/512"}],"up":[{"embeddable":true,"href":"https:\/\/bogenommedicinskcannabis.dk\/index.php\/wp-json\/wp\/v2\/pages\/292"}],"wp:attachment":[{"href":"https:\/\/bogenommedicinskcannabis.dk\/index.php\/wp-json\/wp\/v2\/media?parent=510"}],"curies":[{"name":"wp","href":"https:\/\/api.w.org\/{rel}","templated":true}]}}