{"id":519,"date":"2019-02-18T16:16:10","date_gmt":"2019-02-18T15:16:10","guid":{"rendered":"https:\/\/bogenommedicinskcannabis.dk\/?page_id=519"},"modified":"2019-02-18T17:56:26","modified_gmt":"2019-02-18T16:56:26","slug":"fremmer-rygning-af-cannabis-kraeft-i-luftvejene","status":"publish","type":"page","link":"https:\/\/bogenommedicinskcannabis.dk\/index.php\/artikler\/medicinsk-cannabis-og-kraeft\/fremmer-rygning-af-cannabis-kraeft-i-luftvejene\/","title":{"rendered":"Fremmer rygning af cannabis kr\u00e6ft i luftvejene?"},"content":{"rendered":"<p>Et stort studie fra 2006 viste, at storforbrugere af cannabis har samme eller lavere grad af lunge-og luftvejskr\u00e6ft end ikke-brugere,<a href=\"#_ftn1\" name=\"_ftnref1\">[1]<\/a> selvom cannabis r\u00f8g har vist sig at indeholde kr\u00e6ftfremkaldende stoffer fra forbr\u00e6ndingen. Hvordan kan det v\u00e6re tilf\u00e6ldet?<\/p>\n<p>De terapeutiske substanser i cannabis har netop st\u00e6rke kr\u00e6fth\u00e6mmende egenskaber. Det har v\u00e6ret kendt siden 1970erne,<a href=\"#_ftn2\" name=\"_ftnref2\">[2]<\/a> men f\u00f8rst fornylig er cannabinoider for alvor kommet i medicinalindustriens fokus som emne for udvikling af kr\u00e6fth\u00e6mmende medicin.<a href=\"#_ftn3\" name=\"_ftnref3\">[3]<\/a><\/p>\n<p>Selvom det ikke er sandsynligt, at cannabis medf\u00f8rer kr\u00e6ft, kan det irriterer luftvejene, is\u00e6r hos f\u00f8lsomme personer. De fleste patienter og ansvarlige voksne cannabis brugere er g\u00e5et over til andre indtagelsesmetoder: vapers (damp) tillader brugerne at inhalere de medicinske komponenter af planten uden nogen r\u00f8g. Tinkturer og flydende ekstrakter er sikre og nemme at bruge og udvortes cannabis salver har vist sig at reducere smerte og inflammation.<\/p>\n<p>Lungekr\u00e6ft er derimod en velkendt risiko for tobaksrygere.<\/p>\n<p><img loading=\"lazy\" decoding=\"async\" class=\"alignnone size-full wp-image-520\" src=\"https:\/\/bogenommedicinskcannabis.dk\/wp-content\/uploads\/2019\/02\/tobak-og-kr\u00e6ftrisiko.jpg\" alt=\"\" width=\"570\" height=\"428\" srcset=\"https:\/\/bogenommedicinskcannabis.dk\/wp-content\/uploads\/2019\/02\/tobak-og-kr\u00e6ftrisiko.jpg 570w, https:\/\/bogenommedicinskcannabis.dk\/wp-content\/uploads\/2019\/02\/tobak-og-kr\u00e6ftrisiko-300x225.jpg 300w\" sizes=\"auto, (max-width: 570px) 100vw, 570px\" \/><\/p>\n<p><a href=\"#_ftnref1\" name=\"_ftn1\">[1]<\/a> Hashibe, Mia, et al. \u201cMarijuana use and the risk of lung and upper aerodigestive tract cancers: results of a population-based case-control study.\u201d\u00a0<em>Cancer Epidemiology Biomarkers &amp; Prevention<\/em>\u00a015.10 (2006): 1829-1834.<br \/>\n<a href=\"#_ftnref2\" name=\"_ftn2\">[2]<\/a> Munson, A. E., et al. \u201cAntineoplastic activity of cannabinoids.\u201d\u00a0<em>Journal of the National Cancer Institute<\/em>\u00a055.3 (1975): 597-602.<br \/>\n<a href=\"#_ftnref3\" name=\"_ftn3\">[3]<\/a> Velasco, Guillermo, Cristina S\u00e1nchez, and Manuel Guzm\u00e1n. \u201cTowards the use of cannabinoids as antitumour agents.\u201d\u00a0<em>Nature Reviews Cancer<\/em>\u00a012.6 (2012): 436-444.<\/p>\n","protected":false},"excerpt":{"rendered":"<p>Et stort studie fra 2006 viste, at storforbrugere af cannabis har samme eller lavere grad af lunge-og luftvejskr\u00e6ft end ikke-brugere,[1] selvom cannabis r\u00f8g har vist sig at indeholde kr\u00e6ftfremkaldende stoffer fra forbr\u00e6ndingen. Hvordan kan det v\u00e6re tilf\u00e6ldet? De terapeutiske substanser &hellip; <a href=\"https:\/\/bogenommedicinskcannabis.dk\/index.php\/artikler\/medicinsk-cannabis-og-kraeft\/fremmer-rygning-af-cannabis-kraeft-i-luftvejene\/\">L\u00e6s resten <span class=\"meta-nav\">&rarr;<\/span><\/a><\/p>\n","protected":false},"author":1,"featured_media":0,"parent":306,"menu_order":0,"comment_status":"closed","ping_status":"closed","template":"","meta":{"footnotes":""},"class_list":["post-519","page","type-page","status-publish","hentry"],"_links":{"self":[{"href":"https:\/\/bogenommedicinskcannabis.dk\/index.php\/wp-json\/wp\/v2\/pages\/519","targetHints":{"allow":["GET"]}}],"collection":[{"href":"https:\/\/bogenommedicinskcannabis.dk\/index.php\/wp-json\/wp\/v2\/pages"}],"about":[{"href":"https:\/\/bogenommedicinskcannabis.dk\/index.php\/wp-json\/wp\/v2\/types\/page"}],"author":[{"embeddable":true,"href":"https:\/\/bogenommedicinskcannabis.dk\/index.php\/wp-json\/wp\/v2\/users\/1"}],"replies":[{"embeddable":true,"href":"https:\/\/bogenommedicinskcannabis.dk\/index.php\/wp-json\/wp\/v2\/comments?post=519"}],"version-history":[{"count":2,"href":"https:\/\/bogenommedicinskcannabis.dk\/index.php\/wp-json\/wp\/v2\/pages\/519\/revisions"}],"predecessor-version":[{"id":548,"href":"https:\/\/bogenommedicinskcannabis.dk\/index.php\/wp-json\/wp\/v2\/pages\/519\/revisions\/548"}],"up":[{"embeddable":true,"href":"https:\/\/bogenommedicinskcannabis.dk\/index.php\/wp-json\/wp\/v2\/pages\/306"}],"wp:attachment":[{"href":"https:\/\/bogenommedicinskcannabis.dk\/index.php\/wp-json\/wp\/v2\/media?parent=519"}],"curies":[{"name":"wp","href":"https:\/\/api.w.org\/{rel}","templated":true}]}}