{"id":564,"date":"2019-02-19T11:10:49","date_gmt":"2019-02-19T10:10:49","guid":{"rendered":"https:\/\/bogenommedicinskcannabis.dk\/?page_id=564"},"modified":"2019-02-26T21:04:05","modified_gmt":"2019-02-26T20:04:05","slug":"kronisk-brug-af-cannabis-er-omkring-lige-saa-daarligt-for-helbredet-som-manglende-tandtraad","status":"publish","type":"page","link":"https:\/\/bogenommedicinskcannabis.dk\/index.php\/artikler\/sikkerhed\/kronisk-brug-af-cannabis-er-omkring-lige-saa-daarligt-for-helbredet-som-manglende-tandtraad\/","title":{"rendered":"Kronisk brug af cannabis er omkring lige s\u00e5 d\u00e5rligt for helbredet som manglende tandtr\u00e5d"},"content":{"rendered":"<p>Forskere ledet af Madeline H. Meier fra Arizona State University unders\u00f8gte cannabis brug hos 1037 Newzeal\u00e6ndere fra f\u00f8dslen til middelalderen for at se, hvilken effekt disse vaner kunne have p\u00e5 nogle af de almindelige m\u00e5l for fysisk sundhed, herunder lungefunktion, systemisk inflammation, kolesterol niveauerne, blodtryk, kropsv\u00e6gt, blodsukker og tandsundhed.<a href=\"#_ftn1\" name=\"_ftnref1\">[1]<\/a><\/p>\n<p>Det, de fandt ud af, var overraskende: efter at have kontrolleret for andre faktorer, som man ved kan p\u00e5virke helbredet \u2013 is\u00e6r tobak og socio\u00f8konomisk status, havde brugen af cannabis ingen negativ effekt p\u00e5 nogen af m\u00e5lene p\u00e5 sundhed bortset fra tandsundheden. De, der r\u00f8g mere cannabis, havde en h\u00f8jere forekomst af sygdom i gummerne.<\/p>\n<p>Grunden er noget af et mysterium. Meier og hendes kolleger fandt ikke, at storforbrugere af cannabis havde mindre sandsynlighed for ikke at b\u00f8rste t\u00e6nder end dem, der ikke r\u00f8g cannabis. Men selv efter at have kontrolleret for tandhygiejnen, vedblev der at v\u00e6re en sammenh\u00e6ng mellem d\u00e5rlig tandsundhed og brug af cannabis.<\/p>\n<p>\u201cGenerelt viste vores fund, at brug af cannabis i mere end 20 \u00e5r ikke havde sammenh\u00e6ng med helbredsproblemer i den tidlige middelader,\u201d viste studiet, der blev publiceret i <em>JAMA Psychiatry.<a href=\"#_ftn2\" name=\"_ftnref2\"><strong>[2]<\/strong><\/a><\/em><\/p>\n<p>\u201dIndenfor adskillige helbredsomr\u00e5der (tandsundhed, lungefunktion, systemisk inflammation og metabolisk sundhed) var der kun klar evidens for en omvendt association med brug af cannabis \u2013 nemlig med hensyn til tandsundheden.\u201d<\/p>\n<p>P\u00e5 nogle omr\u00e5der var brugen af cannabis faktisk forbundet med bedre helbred: \u201dFundene viste, at brug af cannabis var associeret med lidt bedre metabolisme (smallere talje, lavere BMI, bedre fedtprofiler og forbedret glukosekontrol),\u201d konkluderede studiet. Disse fund var imidlertid ret sm\u00e5 og p\u00e5 ingen m\u00e5de st\u00e6rke nok til at anbefale et stort forbrug som en strategi for v\u00e6gtkontrol.<\/p>\n<p><strong>Tobaksrygning er en helt anden sag<br \/>\n<\/strong>Fundene var mere sl\u00e5ende, da de blev m\u00e5lt mod effekten af rygning af tobak i en lignende periode. \u201cTil sammenligning var brugen af tobak associeret med v\u00e6rre tandsundhed, lungefunktion, systemisk inflammation, h\u00f8jere kolesterolniveauer, triglycerid niveauer og glukoseniveauer i tidlig middelalder s\u00e5vel som en fald i sundheden mellem 26 og 38 \u00e5r,\u201d fandt studiet. P\u00e5 trods af offentlighedens bekymring for, at legalisering af cannabis kan v\u00e6re \u201d <a href=\"http:\/\/www.aspenideas.org\/session\/big-marijuana-next-big-tobacco\">the next Big Tobacco<\/a>,\u201d synes cannabis\u00b4 indflydelse p\u00e5 det fysiske helbred at v\u00e6re meget mindre.<\/p>\n<p>Dette er ogs\u00e5 noget af et mysterium. En storforbruger af cannabis t\u00e6nder m\u00e5ske adskillige joint i l\u00f8bet af en dag, men en storryger af tobak kan ryge adskillige pakker cigaretter hver dag. Med andre ord inhalerer en storryger af cigaretter meget mere r\u00f8g end en storryger af cannabis. Og al den r\u00f8g kan have en negativ indflydelse p\u00e5 helbredte.<\/p>\n<p>\u201cDen generelle mangel p\u00e5 sammenh\u00e6ng mellem vedholdende brug af cannabis og d\u00e5rligt helbred er overraskende,\u201d skriver Meier og hendes kolleger. Delvis fordi andre studier har vist en sammenh\u00e6ng mellem brug af cannabis og d\u00e5rligt helbred i middelalderen, is\u00e6r i forhold til hjertekar problemer.<a href=\"#_ftn3\" name=\"_ftnref3\">[3]<\/a><\/p>\n<p><img loading=\"lazy\" decoding=\"async\" class=\"alignnone size-full wp-image-569 aligncenter\" src=\"https:\/\/bogenommedicinskcannabis.dk\/wp-content\/uploads\/2019\/02\/tobak2.png\" alt=\"\" width=\"277\" height=\"182\" \/><\/p>\n<p>Men Meiers forskning er unik, fordi den bruger data, som str\u00e6kker sig over lang tid og unders\u00f8ger de samme personers helbred fra f\u00f8dslen i begyndelsen af 1970erne, til de blev 38 \u00e5r gamle. Mange andre studier af de fysiske helbredsproblemer som f\u00f8lge af brugen af cannabis bygger p\u00e5 observationer p\u00e5 et enkelt tidspunkt, hvilket er brugbart, men mindre trov\u00e6rdigt, n\u00e5r man gerne vil unders\u00f8ge virkningen i deres livstid.<\/p>\n<p>Mange af disse andre studier bruger ogs\u00e5 respondenternes egen opfattelse af deres helbred, hvilket undertiden kan v\u00e6re utrov\u00e6rdig. Men i Meiers data fik fors\u00f8gspersonerne deres helbred vurderet af erfarne professionelle i et laboratorium med f\u00e5 \u00e5rs mellemrum.<\/p>\n<p>Det er ogs\u00e5 v\u00e6rd at pointere, at dette s\u00e6rlige studie s\u00e5 p\u00e5 den indflydelse, mange \u00e5rs rekreativ brug af cannabis havde p\u00e5 det fysiske helbred, men ikke den mentale sundhed. Meier har faktisk brugt de \u00a0samme data til at udforske sp\u00f8rgsm\u00e5l om personernes mentale sundhed og fandt evidens for nedsat IQ blandt storforbrugerne (et fald p\u00e5 lidt mindre end 6 point).<a href=\"#_ftn4\" name=\"_ftnref4\">[4]<\/a> Men adskillige<a href=\"#_ftn5\" name=\"_ftnref5\">[5]<\/a> opf\u00f8lgende studier fra andre forskere<a href=\"#_ftn6\" name=\"_ftnref6\">[6]<\/a> har ikke fundet en lignende evidens af nedsat kognition i relation til brug af cannabis.<\/p>\n<p>&nbsp;<\/p>\n<p><a href=\"#_ftnref1\" name=\"_ftn1\">[1]<\/a> Chronic marijuana use is about as bad for your health as not flossing, researchers find <a href=\"https:\/\/www.washingtonpost.com\/news\/wonk\/wp\/2016\/06\/02\/chronic-marijuana-use-is-about-as-bad-for-your-health-as-not-flossing-researchers-find\/?hpid=hp_hp-more-top-stories-2_wonkblog-floss-9am%3Ahomepage%2Fstory&amp;utm_term=.78fb49d615a6\">https:\/\/www.washingtonpost.com\/news\/wonk\/wp\/2016\/06\/02\/chronic-marijuana-use-is-about-as-bad-for-your-health-as-not-flossing-researchers-find\/?hpid=hp_hp-more-top-stories-2_wonkblog-floss-9am%3Ahomepage%2Fstory&amp;utm_term=.78fb49d615a6<\/a><br \/>\n<a href=\"#_ftnref2\" name=\"_ftn2\">[2]<\/a> Madeline H. Meier, Avshalom Caspi, Magdalena Cerd\u00e1 et al.: Associations Between Cannabis Use and Physical Health Problems in Early Midlife: A longitudinal comparison of persistent cannabis versus tobacco users. JAMA Psychiatry, online June 1, 2016. DOI: 10.1001\/jamapsychiatry.2016.0637. <a href=\"https:\/\/www.ncbi.nlm.nih.gov\/pubmed\/27249330\">https:\/\/www.ncbi.nlm.nih.gov\/pubmed\/27249330<\/a><br \/>\n<a href=\"#_ftnref3\" name=\"_ftn3\">[3]<\/a> No, marijuana is not actually \u201cas addictive as heroin\u201d. <a href=\"https:\/\/www.washingtonpost.com\/news\/wonk\/wp\/2014\/10\/09\/no-marijuana-is-not-actually-as-addictive-as-heroin\/?utm_term=.cd22f65ae3dd\">https:\/\/www.washingtonpost.com\/news\/wonk\/wp\/2014\/10\/09\/no-marijuana-is-not-actually-as-addictive-as-heroin\/?utm_term=.cd22f65ae3dd<\/a><br \/>\n<a href=\"#_ftnref4\" name=\"_ftn4\">[4]<\/a> Madeline H. Meier, Avshalom Caspi, Antony Ambler et al.: Persistent cannabis users show neuropsychological decline from childhood to midlife. PNAS 2012 October, 109 (40) E2657-E2664. <a href=\"https:\/\/doi.org\/10.1073\/pnas.1206820109\">https:\/\/doi.org\/10.1073\/pnas.1206820109<\/a> <a href=\"http:\/\/www.pnas.org\/content\/109\/40\/E2657\">http:\/\/www.pnas.org\/content\/109\/40\/E2657<\/a><br \/>\n<a href=\"#_ftnref5\" name=\"_ftn5\">[5]<\/a> No marijuana use doesn\u00b4t lower your IQ. <a href=\"https:\/\/www.washingtonpost.com\/?utm_term=.82029dd83809\">https:\/\/www.washingtonpost.com\/?utm_term=.82029dd83809<\/a><br \/>\n<a href=\"#_ftnref6\" name=\"_ftn6\">[6]<\/a> Scientists have found that smoking weed does not make you stupid after all. <a href=\"https:\/\/www.washingtonpost.com\/?utm_term=.003e4ea787c1\">https:\/\/www.washingtonpost.com\/?utm_term=.003e4ea787c1<\/a><\/p>\n","protected":false},"excerpt":{"rendered":"<p>Forskere ledet af Madeline H. Meier fra Arizona State University unders\u00f8gte cannabis brug hos 1037 Newzeal\u00e6ndere fra f\u00f8dslen til middelalderen for at se, hvilken effekt disse vaner kunne have p\u00e5 nogle af de almindelige m\u00e5l for fysisk sundhed, herunder lungefunktion, &hellip; <a href=\"https:\/\/bogenommedicinskcannabis.dk\/index.php\/artikler\/sikkerhed\/kronisk-brug-af-cannabis-er-omkring-lige-saa-daarligt-for-helbredet-som-manglende-tandtraad\/\">L\u00e6s resten <span class=\"meta-nav\">&rarr;<\/span><\/a><\/p>\n","protected":false},"author":1,"featured_media":0,"parent":292,"menu_order":0,"comment_status":"closed","ping_status":"closed","template":"","meta":{"footnotes":""},"class_list":["post-564","page","type-page","status-publish","hentry"],"_links":{"self":[{"href":"https:\/\/bogenommedicinskcannabis.dk\/index.php\/wp-json\/wp\/v2\/pages\/564","targetHints":{"allow":["GET"]}}],"collection":[{"href":"https:\/\/bogenommedicinskcannabis.dk\/index.php\/wp-json\/wp\/v2\/pages"}],"about":[{"href":"https:\/\/bogenommedicinskcannabis.dk\/index.php\/wp-json\/wp\/v2\/types\/page"}],"author":[{"embeddable":true,"href":"https:\/\/bogenommedicinskcannabis.dk\/index.php\/wp-json\/wp\/v2\/users\/1"}],"replies":[{"embeddable":true,"href":"https:\/\/bogenommedicinskcannabis.dk\/index.php\/wp-json\/wp\/v2\/comments?post=564"}],"version-history":[{"count":6,"href":"https:\/\/bogenommedicinskcannabis.dk\/index.php\/wp-json\/wp\/v2\/pages\/564\/revisions"}],"predecessor-version":[{"id":794,"href":"https:\/\/bogenommedicinskcannabis.dk\/index.php\/wp-json\/wp\/v2\/pages\/564\/revisions\/794"}],"up":[{"embeddable":true,"href":"https:\/\/bogenommedicinskcannabis.dk\/index.php\/wp-json\/wp\/v2\/pages\/292"}],"wp:attachment":[{"href":"https:\/\/bogenommedicinskcannabis.dk\/index.php\/wp-json\/wp\/v2\/media?parent=564"}],"curies":[{"name":"wp","href":"https:\/\/api.w.org\/{rel}","templated":true}]}}