{"id":583,"date":"2019-02-19T21:36:28","date_gmt":"2019-02-19T20:36:28","guid":{"rendered":"https:\/\/bogenommedicinskcannabis.dk\/?page_id=583"},"modified":"2019-02-26T21:08:17","modified_gmt":"2019-02-26T20:08:17","slug":"forskning-viser-at-cannabis-er-meget-mere-sikker-end-receptpligtige-laegemidler","status":"publish","type":"page","link":"https:\/\/bogenommedicinskcannabis.dk\/index.php\/artikler\/sikkerhed\/forskning-viser-at-cannabis-er-meget-mere-sikker-end-receptpligtige-laegemidler\/","title":{"rendered":"Forskning viser, at cannabis er meget mere sikker end receptpligtige l\u00e6gemidler"},"content":{"rendered":"<p>Mange receptpligtige l\u00e6gemidler er kendt for at v\u00e6re farlige. L\u00e6gemidler er generelt blandt de f\u00f8rende d\u00f8ds\u00e5rsager i USA<a href=\"#_ftn1\" name=\"_ftnref1\">[1]<\/a> og nogle af dem har dr\u00e6bt tusinder af personer. Det smertestillende middel Vioxx er et klassiske eksempel, som dr\u00e6bte 60.000, f\u00f8r det blev trukket tilbage fra markedet.<a href=\"#_ftn2\" name=\"_ftnref2\">[2]<\/a><\/p>\n<p>If\u00f8lge Margaret Gedde, l\u00e6ge og PhD, ejer og grundl\u00e6gger af Gedde Whole Health and the Clinicians&#8217; Institute of Cannabis Medicine beh\u00f8ver man ikke at lede ret meget efter forskning, som bekr\u00e6fter, at cannabis er mere sikker og mindre giftig end mange receptpligtige l\u00e6gemidler.<a href=\"#_ftn3\" name=\"_ftnref3\">[3]<\/a><\/p>\n<p>Bivirkningerne \u00a0omfatter lever- og nyreproblemer, skader p\u00e5 mavetarmkanalen, nerveskader og risiko for at d\u00f8. Og s\u00e5 virker cannabinoider oven i k\u00f8bet ofte, n\u00e5r l\u00e6gemidlerne virker. Cannabis er s\u00e5ledes ikke bare mere sikker, det er typisk ogs\u00e5 mere effektivt. Et af de st\u00e6rkeste forskningsomr\u00e5der med hensyn til cannabis er stoffets gavnlige virkning p\u00e5 kontrol med smerter.<\/p>\n<p>I 2010 frigav Center for Medical Cannabis Research (CMCR) en rapport<a href=\"#_ftn4\" name=\"_ftnref4\">[4]<\/a> om 14 kliniske studier om brugen af cannabis mod smerter, hvoraf de fleste var dobbelt-blindede og placebo-kontrollerede. Rapporten afsl\u00f8rede, at cannabis ikke bare kontrollerer smerte, men virker ogs\u00e5 i mange tilf\u00e6lde bedre end l\u00e6gemidler.<\/p>\n<p>Hvis man sammenligner de morfin-lignende opioider med cannabis, er cannabis meget mere sikker at bruge. Opioide smertestillende midler kan medf\u00f8re \u00e5ndedr\u00e6tsproblemer og d\u00f8d, hvis man tager for mange \u2013 og risikoen er endnu st\u00f8rre, hvis man supplerer med alkohol. I mods\u00e6tning hertil kan en overdosis af cannabis ikke sl\u00e5 nogen ihjel, simpelthen fordi der ikke er nogen cannabinoid receptorer i hjernestammen, som er det omr\u00e5de i hjernen, der kontrollere hjerteslag og respiration. Receptorer p\u00e5 cellerne, som passer til et konkret stof er en betingelse for, at stoffet har en virkning.<\/p>\n<p>I stater, hvor medicinsk cannabis er lovligt, er d\u00f8dsfald p\u00e5 grund af overdoser af opioider som morfin, oxycodone og heroin reduceret med gennemsnitligt 20% 1 \u00e5r efter legalisering, 25% efter 2 \u00e5r og op til 33% ved \u00e5r 5 og 6.<a href=\"#_ftn5\" name=\"_ftnref5\">[5]<\/a><\/p>\n<p>Som dr. Gedde noterer:<br \/>\n\u201cDer er en stadigt stigende d\u00f8dsrate p\u00e5 grund af smertestillende l\u00e6gemidler, som er receptpligtige. Selvom de er udskrevet af l\u00e6gerne, er de meget farlige og nemme at misbruge. N\u00e5r det g\u00e6lder medicin, som bruges til b\u00f8rn til at kontrollere krampeanfald, er der ogs\u00e5 stor giftighed mod organerne.<\/p>\n<p>Mange af dem er meget beroligende. B\u00f8rnene bliver ude af stand til at fungere eller interagere p\u00e5 grund af denne n\u00e6rmest bed\u00f8vende effekt. Andre l\u00e6gemidler har bivirkninger som raseri og adf\u00e6rdsproblemer.<\/p>\n<p>Uprovokeret raseri er en kendt bivirkning af nogle af de kramped\u00e6mpende l\u00e6gemidler. Cannabis og is\u00e6r CBD har ingen af disse problemer. Ingen giftighed. Den vigtigste bivirkning ved CBD er s\u00f8vnighed. Efterh\u00e5nden som et barn bliver vant til det, fader det ud og barnet kan v\u00e6re meget v\u00e5gen og funktionsdygtig p\u00e5 cannabis olie, n\u00e5r de har fundet n\u00f8glen til den rette dosering. N\u00e5r man ser p\u00e5 alternativerne sammen, er der ingen sammenligning, n\u00e5r det kommer til sikkerhed.\u201d<\/p>\n<p><img loading=\"lazy\" decoding=\"async\" class=\"alignnone size-full wp-image-584\" src=\"https:\/\/bogenommedicinskcannabis.dk\/wp-content\/uploads\/2019\/02\/piller7.jpg\" alt=\"\" width=\"1170\" height=\"658\" srcset=\"https:\/\/bogenommedicinskcannabis.dk\/wp-content\/uploads\/2019\/02\/piller7.jpg 1170w, https:\/\/bogenommedicinskcannabis.dk\/wp-content\/uploads\/2019\/02\/piller7-300x169.jpg 300w, https:\/\/bogenommedicinskcannabis.dk\/wp-content\/uploads\/2019\/02\/piller7-768x432.jpg 768w, https:\/\/bogenommedicinskcannabis.dk\/wp-content\/uploads\/2019\/02\/piller7-1024x576.jpg 1024w\" sizes=\"auto, (max-width: 1170px) 100vw, 1170px\" \/><\/p>\n<p><a href=\"#_ftnref1\" name=\"_ftn1\">[1]<\/a> Conventional Medical Care Kills More People Than Heart Disease or Cancer. <a href=\"https:\/\/articles.mercola.com\/sites\/articles\/archive\/2012\/02\/11\/leading-causes-of-death-cost-for-us-economy.aspx\">https:\/\/articles.mercola.com\/sites\/articles\/archive\/2012\/02\/11\/leading-causes-of-death-cost-for-us-economy.aspx<\/a><br \/>\n<a href=\"#_ftnref2\" name=\"_ftn2\">[2]<\/a> The 6 Types of Pills Big Pharma Wants You Hooked On for Life. <a href=\"https:\/\/articles.mercola.com\/sites\/articles\/archive\/2012\/05\/14\/mercks-adhd-drugs-unsafe.aspx\">https:\/\/articles.mercola.com\/sites\/articles\/archive\/2012\/05\/14\/mercks-adhd-drugs-unsafe.aspx<\/a><br \/>\n<a href=\"#_ftnref3\" name=\"_ftn3\">[3]<\/a> Cannabis for the Treatment of Epilepsy, and More. <a href=\"https:\/\/articles.mercola.com\/sites\/articles\/archive\/2015\/04\/12\/medical-cannabis-epilepsy-treatment.aspx\">https:\/\/articles.mercola.com\/sites\/articles\/archive\/2015\/04\/12\/medical-cannabis-epilepsy-treatment.aspx<\/a><br \/>\n<a href=\"#_ftnref4\" name=\"_ftn4\">[4]<\/a> CENTER FOR MEDICINAL CANNABIS RESEARCH <a href=\"https:\/\/www.cmcr.ucsd.edu\/images\/PDFs\/CMCR_REPORT_FEB17.pdf\">https:\/\/www.cmcr.ucsd.edu\/images\/PDFs\/CMCR_REPORT_FEB17.pdf<\/a><br \/>\n<a href=\"#_ftnref5\" name=\"_ftn5\">[5]<\/a> Prescription Painkiller Deaths Fall in Medical Marijuana States. <a href=\"https:\/\/articles.mercola.com\/sites\/articles\/archive\/2014\/09\/10\/medical-marijuana-states.aspx\">https:\/\/articles.mercola.com\/sites\/articles\/archive\/2014\/09\/10\/medical-marijuana-states.aspx<\/a><\/p>\n","protected":false},"excerpt":{"rendered":"<p>Mange receptpligtige l\u00e6gemidler er kendt for at v\u00e6re farlige. L\u00e6gemidler er generelt blandt de f\u00f8rende d\u00f8ds\u00e5rsager i USA[1] og nogle af dem har dr\u00e6bt tusinder af personer. Det smertestillende middel Vioxx er et klassiske eksempel, som dr\u00e6bte 60.000, f\u00f8r det &hellip; <a href=\"https:\/\/bogenommedicinskcannabis.dk\/index.php\/artikler\/sikkerhed\/forskning-viser-at-cannabis-er-meget-mere-sikker-end-receptpligtige-laegemidler\/\">L\u00e6s resten <span class=\"meta-nav\">&rarr;<\/span><\/a><\/p>\n","protected":false},"author":1,"featured_media":0,"parent":292,"menu_order":0,"comment_status":"closed","ping_status":"closed","template":"","meta":{"footnotes":""},"class_list":["post-583","page","type-page","status-publish","hentry"],"_links":{"self":[{"href":"https:\/\/bogenommedicinskcannabis.dk\/index.php\/wp-json\/wp\/v2\/pages\/583","targetHints":{"allow":["GET"]}}],"collection":[{"href":"https:\/\/bogenommedicinskcannabis.dk\/index.php\/wp-json\/wp\/v2\/pages"}],"about":[{"href":"https:\/\/bogenommedicinskcannabis.dk\/index.php\/wp-json\/wp\/v2\/types\/page"}],"author":[{"embeddable":true,"href":"https:\/\/bogenommedicinskcannabis.dk\/index.php\/wp-json\/wp\/v2\/users\/1"}],"replies":[{"embeddable":true,"href":"https:\/\/bogenommedicinskcannabis.dk\/index.php\/wp-json\/wp\/v2\/comments?post=583"}],"version-history":[{"count":1,"href":"https:\/\/bogenommedicinskcannabis.dk\/index.php\/wp-json\/wp\/v2\/pages\/583\/revisions"}],"predecessor-version":[{"id":585,"href":"https:\/\/bogenommedicinskcannabis.dk\/index.php\/wp-json\/wp\/v2\/pages\/583\/revisions\/585"}],"up":[{"embeddable":true,"href":"https:\/\/bogenommedicinskcannabis.dk\/index.php\/wp-json\/wp\/v2\/pages\/292"}],"wp:attachment":[{"href":"https:\/\/bogenommedicinskcannabis.dk\/index.php\/wp-json\/wp\/v2\/media?parent=583"}],"curies":[{"name":"wp","href":"https:\/\/api.w.org\/{rel}","templated":true}]}}