{"id":617,"date":"2019-02-20T11:45:08","date_gmt":"2019-02-20T10:45:08","guid":{"rendered":"https:\/\/bogenommedicinskcannabis.dk\/?page_id=617"},"modified":"2019-02-26T21:16:22","modified_gmt":"2019-02-26T20:16:22","slug":"medicinsk-cannabis-oeger-ikke-kriminalitet","status":"publish","type":"page","link":"https:\/\/bogenommedicinskcannabis.dk\/index.php\/artikler\/sikkerhed\/medicinsk-cannabis-oeger-ikke-kriminalitet\/","title":{"rendered":"Medicinsk cannabis \u00f8ger ikke kriminalitet"},"content":{"rendered":"<p>I en unders\u00f8gelse af 11 amerikanske stater har forskere ikke fundet et link mellem legaliseringen af medicinsk cannabis og en stigning i kriminalitet.<a href=\"#_ftn1\" name=\"_ftnref1\">[1]<\/a> Faktisk mener forskerne, at det kan medf\u00f8re et fald i nogle typer kriminalitet. De s\u00e5 blandt andet p\u00e5 mord, voldt\u00e6gter, tyveri, overfald, r\u00f8veri og biltyveri.<\/p>\n<p>\u00bbVi siger ikke, at medicinsk cannabis neds\u00e6tter antallet af mord. Men resultaterne viser, at der ikke var en stigning i kriminaliteten som resultat af medicinsk marihuana. Vi fandt faktisk bevis for, at der var et fald i nogle typer kriminalitet som mord og overfald,\u00ab siger Dr. Robert Morris, der er adjunkt i kriminologi og hovedforfatter p\u00e5 studiet.<\/p>\n<p>Forskerne unders\u00f8gte kriminalitetsraterne i alle 50 stater mellem 1990 \u2013 2006, hvor 11 af staterne havde legaliseret medicinsk marihuana. Siden den periode er der mere end 20 stater, der er hoppet med p\u00e5 legaliseringsvognen.<a href=\"#_ftn2\" name=\"_ftnref2\">[2]<\/a><\/p>\n<p><img loading=\"lazy\" decoding=\"async\" class=\"alignnone size-full wp-image-618\" src=\"https:\/\/bogenommedicinskcannabis.dk\/wp-content\/uploads\/2019\/02\/cannabis-olie9.png\" alt=\"\" width=\"1038\" height=\"545\" srcset=\"https:\/\/bogenommedicinskcannabis.dk\/wp-content\/uploads\/2019\/02\/cannabis-olie9.png 1038w, https:\/\/bogenommedicinskcannabis.dk\/wp-content\/uploads\/2019\/02\/cannabis-olie9-300x158.png 300w, https:\/\/bogenommedicinskcannabis.dk\/wp-content\/uploads\/2019\/02\/cannabis-olie9-768x403.png 768w, https:\/\/bogenommedicinskcannabis.dk\/wp-content\/uploads\/2019\/02\/cannabis-olie9-1024x538.png 1024w\" sizes=\"auto, (max-width: 1038px) 100vw, 1038px\" \/><\/p>\n<p><a href=\"#_ftnref1\" name=\"_ftn1\">[1]<\/a> Study finds no link between medical marijuana legalization and crime increase. <a href=\"http:\/\/www.psypost.org\/2014\/03\/study-finds-no-link-between-medical-marijuana-legalization-and-crime-increase-23943\">http:\/\/www.psypost.org\/2014\/03\/study-finds-no-link-between-medical-marijuana-legalization-and-crime-increase-23943<\/a><br \/>\nForskere: Medicinsk marihuana \u00f8ger ikke kriminalitet. <a href=\"https:\/\/videnskab.dk\/kort-nyt\/forskere-medicinsk-marihuana-oger-ikke-kriminalitet\">https:\/\/videnskab.dk\/kort-nyt\/forskere-medicinsk-marihuana-oger-ikke-kriminalitet<\/a><br \/>\n<a href=\"#_ftnref2\" name=\"_ftn2\">[2]<\/a> Robert G. Morris\u00a0, Michael TenEyck, J. C. Barnes et al.: The Effect of Medical Marijuana Laws on Crime: Evidence from State Panel Data, 1990-2006. PLOS One March 26, 2014 <a href=\"https:\/\/doi.org\/10.1371\/journal.pone.0092816\">https:\/\/doi.org\/10.1371\/journal.pone.0092816<\/a><br \/>\n<a href=\"http:\/\/journals.plos.org\/plosone\/article?id=10.1371\/journal.pone.0092816\">http:\/\/journals.plos.org\/plosone\/article?id=10.1371\/journal.pone.0092816<\/a><\/p>\n","protected":false},"excerpt":{"rendered":"<p>I en unders\u00f8gelse af 11 amerikanske stater har forskere ikke fundet et link mellem legaliseringen af medicinsk cannabis og en stigning i kriminalitet.[1] Faktisk mener forskerne, at det kan medf\u00f8re et fald i nogle typer kriminalitet. De s\u00e5 blandt andet &hellip; <a href=\"https:\/\/bogenommedicinskcannabis.dk\/index.php\/artikler\/sikkerhed\/medicinsk-cannabis-oeger-ikke-kriminalitet\/\">L\u00e6s resten <span class=\"meta-nav\">&rarr;<\/span><\/a><\/p>\n","protected":false},"author":1,"featured_media":0,"parent":292,"menu_order":0,"comment_status":"closed","ping_status":"closed","template":"","meta":{"footnotes":""},"class_list":["post-617","page","type-page","status-publish","hentry"],"_links":{"self":[{"href":"https:\/\/bogenommedicinskcannabis.dk\/index.php\/wp-json\/wp\/v2\/pages\/617","targetHints":{"allow":["GET"]}}],"collection":[{"href":"https:\/\/bogenommedicinskcannabis.dk\/index.php\/wp-json\/wp\/v2\/pages"}],"about":[{"href":"https:\/\/bogenommedicinskcannabis.dk\/index.php\/wp-json\/wp\/v2\/types\/page"}],"author":[{"embeddable":true,"href":"https:\/\/bogenommedicinskcannabis.dk\/index.php\/wp-json\/wp\/v2\/users\/1"}],"replies":[{"embeddable":true,"href":"https:\/\/bogenommedicinskcannabis.dk\/index.php\/wp-json\/wp\/v2\/comments?post=617"}],"version-history":[{"count":1,"href":"https:\/\/bogenommedicinskcannabis.dk\/index.php\/wp-json\/wp\/v2\/pages\/617\/revisions"}],"predecessor-version":[{"id":619,"href":"https:\/\/bogenommedicinskcannabis.dk\/index.php\/wp-json\/wp\/v2\/pages\/617\/revisions\/619"}],"up":[{"embeddable":true,"href":"https:\/\/bogenommedicinskcannabis.dk\/index.php\/wp-json\/wp\/v2\/pages\/292"}],"wp:attachment":[{"href":"https:\/\/bogenommedicinskcannabis.dk\/index.php\/wp-json\/wp\/v2\/media?parent=617"}],"curies":[{"name":"wp","href":"https:\/\/api.w.org\/{rel}","templated":true}]}}