{"id":675,"date":"2019-02-21T11:37:32","date_gmt":"2019-02-21T10:37:32","guid":{"rendered":"https:\/\/bogenommedicinskcannabis.dk\/?page_id=675"},"modified":"2019-02-26T21:20:55","modified_gmt":"2019-02-26T20:20:55","slug":"effekten-af-langvarig-rygning-af-cannabis","status":"publish","type":"page","link":"https:\/\/bogenommedicinskcannabis.dk\/index.php\/artikler\/bivirkninger\/effekten-af-langvarig-rygning-af-cannabis\/","title":{"rendered":"Effekten af langvarig rygning af cannabis"},"content":{"rendered":"<p>Forskning modbeviser den myte, at rygning af cannabis uundg\u00e5eligt for\u00e5rsager varige lungeskader. Et studie fra 2015 udf\u00f8rt p\u00e5 Emory University sammenlignede data fra cannabis rygere i alderen 18 til 59 \u00e5r med ikke-rygere som kontrolgruppe.<a href=\"#_ftn1\" name=\"_ftnref1\">[1]<\/a> De s\u00e5 specifikt p\u00e5 evnen til at \u00e5nde ud. D\u00e5rlig ud\u00e5nding er en mark\u00f8r for lungesygdom.<\/p>\n<p>Resultatet viste, at der ikke var nogen statistisk forskel mellem cannabis rygerne og kontrolgruppen. Begge grupper havde samme ud\u00e5ndingsvolumen.<\/p>\n<p><strong>Her er, hvad studiet konkluderede:<br \/>\n<\/strong>\u201dLivslang rygning af cannabis i op til 20 joint-\u00e5r var ikke associeret med negative \u00e6ndringer i l\u00e6ngden p\u00e5 ud\u00e5ndingens m\u00e5l for lungesundhed.\u201d Rygerne rapporterede, at de r\u00f8g en joint om dagen. Det betyder nu ikke, at dem, der r\u00f8g cannabis i mange \u00e5r ikke fik gener i luftvejene af r\u00f8gen. De kunne rapportere om for\u00f8get hoste og ondt i halsen. Disse symptomer blev undg\u00e5et af de, der brugte en vaporizer, som sender damp ind i kroppen.<\/p>\n<p><strong>Symptomerne er ikke varige<br \/>\n<\/strong>Dr. Donald Tashkin, som har studeret effekten af rygning af cannabis og tobak i mere end 40 \u00e5r, viser, at de bronkitislignende symptomer forsvinder, n\u00e5r man stopper med at ryge.<a href=\"#_ftn2\" name=\"_ftnref2\">[2]<\/a> Han indr\u00f8mmer, at regelm\u00e6ssig rygning \u201dfor\u00e5rsager synlig og mikroskopisk skade i luftvejene\u201d, men denne skade forsvinder og \u201dviser sig ikke at lede til signifikant unormal lungefunktionen.\u201d<\/p>\n<p>Ogs\u00e5 Tashkin pointerer, at skader i lungerne h\u00e6nger sammen med den m\u00e5de man indtager cannabis p\u00e5. Rygning betyder st\u00f8rre skader, vaporizering betyder mindre. Spiselige former skader slet ikke lungerne. Det samme g\u00e6lder olier, tinktur og udvortes behandling.<\/p>\n<p><img loading=\"lazy\" decoding=\"async\" class=\"alignnone size-full wp-image-676 aligncenter\" src=\"https:\/\/bogenommedicinskcannabis.dk\/wp-content\/uploads\/2019\/02\/joint.png\" alt=\"\" width=\"264\" height=\"191\" \/><\/p>\n<p>&nbsp;<\/p>\n<p><a href=\"#_ftnref1\" name=\"_ftn1\">[1]<\/a> <a href=\"https:\/\/www.ncbi.nlm.nih.gov\/pubmed\/?term=Kempker%20JA%5BAuthor%5D&amp;cauthor=true&amp;cauthor_uid=25521349\">Kempker JA<\/a><sup>1<\/sup>, <a href=\"https:\/\/www.ncbi.nlm.nih.gov\/pubmed\/?term=Honig%20EG%5BAuthor%5D&amp;cauthor=true&amp;cauthor_uid=25521349\">Honig EG<\/a>, <a href=\"https:\/\/www.ncbi.nlm.nih.gov\/pubmed\/?term=Martin%20GS%5BAuthor%5D&amp;cauthor=true&amp;cauthor_uid=25521349\">Martin GS<\/a>.: The effects of marijuana exposure on expiratory airflow. A study of adults who participated in the U.S. National Health and Nutrition Examination Study. <a href=\"https:\/\/www.ncbi.nlm.nih.gov\/pubmed\/25521349\">Ann Am Thorac Soc.<\/a> 2015 Feb;12(2):135-41. doi: 10.1513\/AnnalsATS.201407-333OC. <a href=\"https:\/\/www.ncbi.nlm.nih.gov\/pubmed\/25521349\">https:\/\/www.ncbi.nlm.nih.gov\/pubmed\/25521349<\/a><br \/>\nHealthy Lungs #4: The Effects Of Long-Term Marijuana Smoking. <a href=\"http:\/\/herb.co\/2016\/05\/11\/healthy-lungs-4-effects-of-long-term-marijuana-smoking\/\">http:\/\/herb.co\/2016\/05\/11\/healthy-lungs-4-effects-of-long-term-marijuana-smoking\/<\/a><br \/>\n<a href=\"#_ftnref2\" name=\"_ftn2\">[2]<\/a> <a href=\"http:\/\/www.pubpdf.com\/search\/author\/Donald+P+Tashkin\">Donald P Tashkin<\/a>: <a href=\"http:\/\/www.pubpdf.com\/pub\/23802821\/Effects-of-marijuana-smoking-on-the-lung\">Effects of marijuana smoking on the lung.<\/a> Ann Am Thorac Soc 2013 Jun;10(3):239-47. <a href=\"http:\/\/www.pubpdf.com\/pub\/23802821\/Effects-of-marijuana-smoking-on-the-lung\">http:\/\/www.pubpdf.com\/pub\/23802821\/Effects-of-marijuana-smoking-on-the-lung<\/a><\/p>\n","protected":false},"excerpt":{"rendered":"<p>Forskning modbeviser den myte, at rygning af cannabis uundg\u00e5eligt for\u00e5rsager varige lungeskader. Et studie fra 2015 udf\u00f8rt p\u00e5 Emory University sammenlignede data fra cannabis rygere i alderen 18 til 59 \u00e5r med ikke-rygere som kontrolgruppe.[1] De s\u00e5 specifikt p\u00e5 evnen &hellip; <a href=\"https:\/\/bogenommedicinskcannabis.dk\/index.php\/artikler\/bivirkninger\/effekten-af-langvarig-rygning-af-cannabis\/\">L\u00e6s resten <span class=\"meta-nav\">&rarr;<\/span><\/a><\/p>\n","protected":false},"author":1,"featured_media":0,"parent":645,"menu_order":0,"comment_status":"closed","ping_status":"closed","template":"","meta":{"footnotes":""},"class_list":["post-675","page","type-page","status-publish","hentry"],"_links":{"self":[{"href":"https:\/\/bogenommedicinskcannabis.dk\/index.php\/wp-json\/wp\/v2\/pages\/675","targetHints":{"allow":["GET"]}}],"collection":[{"href":"https:\/\/bogenommedicinskcannabis.dk\/index.php\/wp-json\/wp\/v2\/pages"}],"about":[{"href":"https:\/\/bogenommedicinskcannabis.dk\/index.php\/wp-json\/wp\/v2\/types\/page"}],"author":[{"embeddable":true,"href":"https:\/\/bogenommedicinskcannabis.dk\/index.php\/wp-json\/wp\/v2\/users\/1"}],"replies":[{"embeddable":true,"href":"https:\/\/bogenommedicinskcannabis.dk\/index.php\/wp-json\/wp\/v2\/comments?post=675"}],"version-history":[{"count":1,"href":"https:\/\/bogenommedicinskcannabis.dk\/index.php\/wp-json\/wp\/v2\/pages\/675\/revisions"}],"predecessor-version":[{"id":677,"href":"https:\/\/bogenommedicinskcannabis.dk\/index.php\/wp-json\/wp\/v2\/pages\/675\/revisions\/677"}],"up":[{"embeddable":true,"href":"https:\/\/bogenommedicinskcannabis.dk\/index.php\/wp-json\/wp\/v2\/pages\/645"}],"wp:attachment":[{"href":"https:\/\/bogenommedicinskcannabis.dk\/index.php\/wp-json\/wp\/v2\/media?parent=675"}],"curies":[{"name":"wp","href":"https:\/\/api.w.org\/{rel}","templated":true}]}}