{"id":678,"date":"2019-02-21T11:49:57","date_gmt":"2019-02-21T10:49:57","guid":{"rendered":"https:\/\/bogenommedicinskcannabis.dk\/?page_id=678"},"modified":"2019-02-26T21:23:13","modified_gmt":"2019-02-26T20:23:13","slug":"kan-man-faa-lungekraeft-af-at-ryge-cannabis","status":"publish","type":"page","link":"https:\/\/bogenommedicinskcannabis.dk\/index.php\/artikler\/bivirkninger\/kan-man-faa-lungekraeft-af-at-ryge-cannabis\/","title":{"rendered":"Kan man f\u00e5 lungekr\u00e6ft af at ryge cannabis ?"},"content":{"rendered":"<p>Endnu har der ikke v\u00e6ret nogen bevist korrelation mellem moderat brug af cannabis og lungekr\u00e6ft.<a href=\"#_ftn1\" name=\"_ftnref1\">[1]<\/a> Cannabis r\u00f8g indeholder nogle af de samme kr\u00e6ftfremkaldende stoffer som tobak. Kr\u00e6ftfremkaldende stoffer findes typisk i r\u00f8g fra br\u00e6ndt materiale. Den store forskel er imidlertid, at n\u00e5r man ryger cannabis, f\u00e5r man ogs\u00e5 THC og CBD.<\/p>\n<p>Begge disse cannabinoider er kraftige antioxidanter, som beskytter celler mod skader fra frie radikaler, som er kr\u00e6ftfremkaldende stoffer.<a href=\"#_ftn2\" name=\"_ftnref2\">[2]<\/a> Forskning tyder p\u00e5, at disse antioxidative egenskaber kroppen modvirker r\u00f8g-relaterede skader.<a href=\"#_ftn3\" name=\"_ftnref3\">[3]<\/a> Cannabinoider har ogs\u00e5 st\u00e6rke kr\u00e6fth\u00e6mmende egenskaber.<a href=\"#_ftn4\" name=\"_ftnref4\">[4]<\/a> Indtil nu er denne hypotese ikke blevet testet vis standard klinisk proces i mennesker.<\/p>\n<p>N\u00e5r det kommer til storrygere, er uds\u00e6ttelsen for disse kr\u00e6ftfremkaldende stoffer st\u00f8rre. Det er is\u00e6r sandt, hvis man foretr\u00e6kker stumper eller bruger rullepapir. Generelt uds\u00e6tter storrygere sig for st\u00f8rre risiko for lungeskader.<\/p>\n<p>If\u00f8lge Tashkin, som er mange\u00e5rige forsker indenfor omr\u00e5det, er evidensen blandet, n\u00e5r det kommer til kr\u00e6ftrisiko for storrygere. Han skriver:<\/p>\n<p>\u201dSelvom cannabis r\u00f8g indeholder et antal kr\u00e6ftfremkaldende stoffer, viser fundene fra et begr\u00e6nset antal veldesignede epidemiologiske studier ikke en for\u00f8get risiko for udvikling af lungekr\u00e6ft eller kr\u00e6ft i de \u00f8vre luftveje, selvom evidensen er blandet med hensyn til mulige risici for kr\u00e6ft p\u00e5 langt sigt med et stort forbrug.<\/p>\n<p>Tashkins analyse bekr\u00e6ftes af et review publiceret i <em>International Journal of Cancer<\/em>.\u00a0<a href=\"#_ftn5\" name=\"_ftnref5\">[5]<\/a> Her s\u00e5 forskerne p\u00e5 data fra 2.159 lungekr\u00e6ft tilf\u00e6lde og 2.985 raske kontrolpersoner. Heller ikke her fandt man nogen korrelation mellem brug af cannabis og en for\u00f8get risiko for lungekr\u00e6ft. De konkluderede: \u201dResultaterne af vores samlede analyse giver kun lidt evidens om for\u00f8get risiko for lungekr\u00e6ft blandt almindelige og langvarig cannabis rygere, selvom muligheden for potentiel negativ effekt af et stort forbrug ikke kan udelukkes.\u201d<\/p>\n<p><img loading=\"lazy\" decoding=\"async\" class=\"alignnone size-full wp-image-679 aligncenter\" src=\"https:\/\/bogenommedicinskcannabis.dk\/wp-content\/uploads\/2019\/02\/joint2-1.jpg\" alt=\"\" width=\"225\" height=\"225\" srcset=\"https:\/\/bogenommedicinskcannabis.dk\/wp-content\/uploads\/2019\/02\/joint2-1.jpg 225w, https:\/\/bogenommedicinskcannabis.dk\/wp-content\/uploads\/2019\/02\/joint2-1-150x150.jpg 150w\" sizes=\"auto, (max-width: 225px) 100vw, 225px\" \/><\/p>\n<p><a href=\"#_ftnref1\" name=\"_ftn1\">[1]<\/a> It Is Claimed Marijuana Smoke Contains Carcinogens But Doesn\u2019t Cause Cancer. How? <a href=\"https:\/\/herb.co\/marijuana\/news\/marijuana-smoke-contains-carcinogens-doesnt-cause-cancer\">https:\/\/herb.co\/marijuana\/news\/marijuana-smoke-contains-carcinogens-doesnt-cause-cancer<\/a><br \/>\n<a href=\"#_ftnref2\" name=\"_ftn2\">[2]<\/a> 10 Reasons Marijuana Is The Ultimate Preventative Medicine. <a href=\"https:\/\/herb.co\/marijuana\/news\/10-reasons-why-marijuana-is-the-ultimate-preventative-medicine\">https:\/\/herb.co\/marijuana\/news\/10-reasons-why-marijuana-is-the-ultimate-preventative-medicine<\/a><br \/>\n<a href=\"#_ftnref3\" name=\"_ftn3\">[3]<\/a> Study: Smoking Marijuana Not Linked with Lung Damage. <a href=\"http:\/\/healthland.time.com\/2012\/01\/10\/study-smoking-marijuana-not-linked-with-lung-damage\/\">http:\/\/healthland.time.com\/2012\/01\/10\/study-smoking-marijuana-not-linked-with-lung-damage\/<\/a><br \/>\n<a href=\"#_ftnref4\" name=\"_ftn4\">[4]<\/a> Cancer Institute Finally Admits Marijuana Kills Cancer. <a href=\"https:\/\/herb.co\/marijuana\/news\/cancer-institute-finally-admits-marijuana-kills-cancer\">https:\/\/herb.co\/marijuana\/news\/cancer-institute-finally-admits-marijuana-kills-cancer<\/a><br \/>\n<a href=\"#_ftnref5\" name=\"_ftn5\">[5]<\/a> <a href=\"https:\/\/onlinelibrary.wiley.com\/action\/doSearch?ContribAuthorStored=Zhang%2C+Li+Rita\">Li Rita Zhang<\/a>, <a href=\"https:\/\/onlinelibrary.wiley.com\/action\/doSearch?ContribAuthorStored=Morgenstern%2C+Hal\">Hal Morgenstern<\/a>, <a href=\"https:\/\/onlinelibrary.wiley.com\/action\/doSearch?ContribAuthorStored=Greenland%2C+Sander\">Sander Greenland<\/a> et al.: Cannabis smoking and lung cancer risk: Pooled analysis in the International Lung Cancer Consortium. International Journal of Cancer <a href=\"https:\/\/onlinelibrary.wiley.com\/toc\/10970215\/136\/4\">Volume136, Issue4<\/a><br \/>\n15 February, 2015. <a href=\"https:\/\/onlinelibrary.wiley.com\/doi\/abs\/10.1002\/ijc.29036\">https:\/\/onlinelibrary.wiley.com\/doi\/abs\/10.1002\/ijc.29036<\/a><\/p>\n","protected":false},"excerpt":{"rendered":"<p>Endnu har der ikke v\u00e6ret nogen bevist korrelation mellem moderat brug af cannabis og lungekr\u00e6ft.[1] Cannabis r\u00f8g indeholder nogle af de samme kr\u00e6ftfremkaldende stoffer som tobak. Kr\u00e6ftfremkaldende stoffer findes typisk i r\u00f8g fra br\u00e6ndt materiale. Den store forskel er imidlertid, &hellip; <a href=\"https:\/\/bogenommedicinskcannabis.dk\/index.php\/artikler\/bivirkninger\/kan-man-faa-lungekraeft-af-at-ryge-cannabis\/\">L\u00e6s resten <span class=\"meta-nav\">&rarr;<\/span><\/a><\/p>\n","protected":false},"author":1,"featured_media":0,"parent":645,"menu_order":0,"comment_status":"closed","ping_status":"closed","template":"","meta":{"footnotes":""},"class_list":["post-678","page","type-page","status-publish","hentry"],"_links":{"self":[{"href":"https:\/\/bogenommedicinskcannabis.dk\/index.php\/wp-json\/wp\/v2\/pages\/678","targetHints":{"allow":["GET"]}}],"collection":[{"href":"https:\/\/bogenommedicinskcannabis.dk\/index.php\/wp-json\/wp\/v2\/pages"}],"about":[{"href":"https:\/\/bogenommedicinskcannabis.dk\/index.php\/wp-json\/wp\/v2\/types\/page"}],"author":[{"embeddable":true,"href":"https:\/\/bogenommedicinskcannabis.dk\/index.php\/wp-json\/wp\/v2\/users\/1"}],"replies":[{"embeddable":true,"href":"https:\/\/bogenommedicinskcannabis.dk\/index.php\/wp-json\/wp\/v2\/comments?post=678"}],"version-history":[{"count":1,"href":"https:\/\/bogenommedicinskcannabis.dk\/index.php\/wp-json\/wp\/v2\/pages\/678\/revisions"}],"predecessor-version":[{"id":680,"href":"https:\/\/bogenommedicinskcannabis.dk\/index.php\/wp-json\/wp\/v2\/pages\/678\/revisions\/680"}],"up":[{"embeddable":true,"href":"https:\/\/bogenommedicinskcannabis.dk\/index.php\/wp-json\/wp\/v2\/pages\/645"}],"wp:attachment":[{"href":"https:\/\/bogenommedicinskcannabis.dk\/index.php\/wp-json\/wp\/v2\/media?parent=678"}],"curies":[{"name":"wp","href":"https:\/\/api.w.org\/{rel}","templated":true}]}}