{"id":689,"date":"2019-02-21T16:10:08","date_gmt":"2019-02-21T15:10:08","guid":{"rendered":"https:\/\/bogenommedicinskcannabis.dk\/?page_id=689"},"modified":"2019-02-26T21:27:35","modified_gmt":"2019-02-26T20:27:35","slug":"selv-et-stort-forbrug-af-cannabis-foroeger-ikke-risikoen-for-lungekraeft","status":"publish","type":"page","link":"https:\/\/bogenommedicinskcannabis.dk\/index.php\/artikler\/medicinsk-cannabis-og-kraeft\/selv-et-stort-forbrug-af-cannabis-foroeger-ikke-risikoen-for-lungekraeft\/","title":{"rendered":"Selv et stort forbrug af cannabis for\u00f8ger ikke risikoen for lungekr\u00e6ft"},"content":{"rendered":"<p>I 2006 pr\u00e6senterede Donald Tashkin, M.D fra University of California i Los Angeles, resultaterne fra et af sine studier p\u00e5 The American Thoracic Society\u2019s 102nd International Conference, som blev afholdt i San Diego. Studiet var begr\u00e6nset til personer, som var yngre end 60 \u00e5r, fordi det blev antaget, at de, der var over 60, sandsynligvis ikke havde r\u00f8get cannabis i deres ungdom.<a href=\"#_ftn1\" name=\"_ftnref1\">[1]<\/a><\/p>\n<p>Studiet omfattede 611 lungekr\u00e6ftpatienter, bosiddende i Los Angeles omr\u00e5det og 601 patienter med andre kr\u00e6ftformer i hoved og hals sammenlignet med 1.040 personer uden kr\u00e6ft, som var sammenlignelige med hensyn til alder, k\u00f8n og det omr\u00e5de, de boede i.<\/p>\n<p>Alle fors\u00f8gsdeltagerne blev udspurgt om deres forbrug af cannabis, tobak og alkohol gennem livet s\u00e5vel som anden medicin, kost, besk\u00e6ftigelse, lungekr\u00e6ft i familien og deres socio\u00f8konomiske status. De, der r\u00f8g mest, havde r\u00f8get mere end 22.000 joints, mens moderate rygere havde r\u00f8get mellem 11.000 og 22.000 joints.<\/p>\n<p>Tashkin fandt, rygning af cannabis ikke s\u00e5 ud til at for\u00f8ge risikoen for lungekr\u00e6ft eller hoved-halskr\u00e6ft, selv hos de, der r\u00f8g meget. Mens de, der r\u00f8g to pakker cigaretter eller mere viste sig at have 20 gange st\u00f8rre for\u00f8gelse af risikoen for lungekr\u00e6ft, kunne der ikke konstateres nogen forh\u00f8jelse for selv de cannabis-rygere, der r\u00f8g mest.<\/p>\n<p>Jo mere tobak, en person r\u00f8g, jo st\u00f8rre var deres risiko for at udvikle lungekr\u00e6ft og andre hoved-hals kr\u00e6ftformer. Men de, der r\u00f8g cannabis havde ikke nogen st\u00f8rre risiko sammenlignet med de personer, der r\u00f8g mindre eller slet ikke r\u00f8g.<\/p>\n<p>\u201cVi ved, at der er lige s\u00e5 mange eller flere kr\u00e6ftfremkaldende stoffer i cannabis r\u00f8g som i cigaretter,\u201d fort\u00e6ller Tashkin til WebMD, \u201dmen vi fandt ingen beviser p\u00e5 en for\u00f8gelse i risikoen selv for storrygere af cannabis.\u201d<\/p>\n<p>Cannabis var associeret med en kr\u00e6ftrisiko ratio p\u00e5 mindre end 1,0, hvilket indikerer, at det at have r\u00f8get hash ingen effekt havde p\u00e5 risikoen for kr\u00e6ft i luftvejene. Derimod havde tobaksrygning en 21 gange st\u00f8rre risiko for kr\u00e6ft. Tashkin konkluderede, at \u201ddet er muligt, at THC i r\u00f8gen i cannabis kan stimulere apoptose og p\u00e5 den m\u00e5de f\u00e5 kr\u00e6ftcellerne til at d\u00f8, f\u00f8r de har en chance for at udvikle sig til kr\u00e6ft.\u201d<a href=\"#_ftn2\" name=\"_ftnref2\">[2]<\/a><\/p>\n<p>Disse nye fund \u201dvar ikke, hvad vi forventede\u201d, sagde Tashkin, som er lungeforsker og som har forsket i cannabis i mange \u00e5r. \u201dVi arbejdede ud fra en hypotese om, at der ville v\u00e6re en positiv association mellem brug af cannabis og lungekr\u00e6ft, og at denne association ville have v\u00e6ret st\u00e6rkere med et st\u00f8rre forbrug. Det, vi i stedet fandt, var at der ingen association var overhovedet. Det s\u00e5 ovenik\u00f8bet ud til, at der var en vis positiv effekt.\u201d<\/p>\n<p>\u201cTidligere var jeg modstander af at lovligg\u00f8re cannabis, fordi jeg troede, det kunne medf\u00f8re for\u00f8get brug og dermed skade sundheden\u201d, siger Dr. Tashkin. \u201dMen nu g\u00e5r jeg ind for legalisering. Jeg vil ikke anbefale enhver at ryge hvad som helst. Men jeg mener ikke, at cannabis b\u00f8r stigmatiseres som en ulovlig substans. Tobaksrygning g\u00f8r meget mere skade. Det samme g\u00e6lder alkohol.\u201d<\/p>\n<p>Ogs\u00e5 senere studier har kunnet bekr\u00e6fte Tashkins fund.<\/p>\n<p>I 2007 fandt forskere ved Harvard University, at THC kunne reducere st\u00f8rrelsen p\u00e5 humane lungetumorer, som var implanteret i rotter og mus.<a href=\"#_ftn3\" name=\"_ftnref3\">[3]<\/a> Reduktionen af tumormasse og volumen var s\u00e5 stor som 50%, og reduktionen af kr\u00e6ftl\u00e6sionerne i lungerne var omkring 60%. THC har ogs\u00e5 vist sig at fungere p\u00e5 molekyler, som findes i ikke-sm\u00e5cellet lungekr\u00e6ftceller og brystkr\u00e6ftceller.<a href=\"#_ftn4\" name=\"_ftnref4\">[4]<\/a><\/p>\n<p>Et studie publiceret i <em><a href=\"http:\/\/www.ncbi.nlm.nih.gov\/pubmed\/22198381?dopt=Abstract\">US National Library of Medicine<\/a><\/em>\u00a0udf\u00f8rt p\u00e5 Institute of Toxicology and Pharmacology p\u00e5 Department of General Surgery i Tyskland fastslog i 2012, at cannabinoider h\u00e6mmer kr\u00e6ftcelle invasion. Effekten blev bekr\u00e6ftet med tumorcelle fra en lungekr\u00e6ftpatient. Alle data indikerede, at cannabinoider neds\u00e6tter kr\u00e6ftcellernes invasionstendens.<a href=\"#_ftn5\" name=\"_ftnref5\">[5]<\/a><\/p>\n<p><img loading=\"lazy\" decoding=\"async\" class=\"alignnone size-full wp-image-685 aligncenter\" src=\"https:\/\/bogenommedicinskcannabis.dk\/wp-content\/uploads\/2019\/02\/joint1.jpg\" alt=\"\" width=\"190\" height=\"266\" \/><\/p>\n<p><a href=\"#_ftnref1\" name=\"_ftn1\">[1]<\/a> American Thoracic Society 102nd International Conference, San Diego, May 23, 2006. Donald Tashkin, MD, professor of medicine, David Geffen School of Medicine, University of California at Los Angeles. Robert Melamede, PhD, molecular biologist, University of Colorado at Colorado Springs. WebMD Medical News: \u201cPot Smoke: Less Carcinogenic Than Tobacco?\u201d<br \/>\nPot Smoking Not Linked to Lung Cancer. <a href=\"http:\/\/www.webmd.com\/lung-cancer\/news\/20060523\/pot-smoking-not-linked-to-lung-cancer\">http:\/\/www.webmd.com\/lung-cancer\/news\/20060523\/pot-smoking-not-linked-to-lung-cancer<\/a><br \/>\n<a href=\"#_ftnref2\" name=\"_ftn2\">[2]<\/a> Study Finds No Cancer-Marijuana Connection. <a href=\"http:\/\/www.washingtonpost.com\/wp-dyn\/content\/article\/2006\/05\/25\/AR2006052501729.html?referrer=digg%20|title=Study%20Finds%20No%20Cancer-Marijuana%20Connection\">http:\/\/www.washingtonpost.com\/wp-dyn\/content\/article\/2006\/05\/25\/AR2006052501729.html?referrer=digg%20|title=Study%20Finds%20No%20Cancer-Marijuana%20Connection<\/a><br \/>\n<a href=\"#_ftnref3\" name=\"_ftn3\">[3]<\/a> Marijuana Cuts Lung Cancer Tumor Growth In Half, Study Shows. American Association for Cancer Research.<br \/>\n17 April 2007. <a href=\"http:\/\/www.sciencedaily.com\/releases\/2007\/04\/070417193338.htm\">www.sciencedaily.com\/releases\/2007\/04\/070417193338.htm<\/a> .<br \/>\n<a href=\"#_ftnref4\" name=\"_ftn4\">[4]<\/a> <a href=\"https:\/\/www.cancer.gov\/about-cancer\/treatment\/cam\/patient\/cannabis-pdq#link\/_5\">https:\/\/www.cancer.gov\/about-cancer\/treatment\/cam\/patient\/cannabis-pdq#link\/_5<\/a><br \/>\n<a href=\"#_ftnref5\" name=\"_ftn5\">[5]<\/a> <a href=\"https:\/\/www.ncbi.nlm.nih.gov\/pubmed\/?term=Ramer%20R%5BAuthor%5D&amp;cauthor=true&amp;cauthor_uid=22198381\">Ramer R<\/a><sup>1<\/sup>, <a href=\"https:\/\/www.ncbi.nlm.nih.gov\/pubmed\/?term=Bublitz%20K%5BAuthor%5D&amp;cauthor=true&amp;cauthor_uid=22198381\">Bublitz K<\/a>, <a href=\"https:\/\/www.ncbi.nlm.nih.gov\/pubmed\/?term=Freimuth%20N%5BAuthor%5D&amp;cauthor=true&amp;cauthor_uid=22198381\">Freimuth N<\/a> et al.: Cannabidiol inhibits lung cancer cell invasion and metastasis via intercellular adhesion molecule-1. <a href=\"https:\/\/www.ncbi.nlm.nih.gov\/pubmed\/22198381?dopt=Abstract\">FASEB J.<\/a> 2012 Apr;26(4):1535-48. doi: 10.1096\/fj.11-198184. Epub 2011 Dec 23. <a href=\"https:\/\/www.ncbi.nlm.nih.gov\/pubmed\/22198381?dopt=Abstract\">https:\/\/www.ncbi.nlm.nih.gov\/pubmed\/22198381?dopt=Abstract<\/a><\/p>\n","protected":false},"excerpt":{"rendered":"<p>I 2006 pr\u00e6senterede Donald Tashkin, M.D fra University of California i Los Angeles, resultaterne fra et af sine studier p\u00e5 The American Thoracic Society\u2019s 102nd International Conference, som blev afholdt i San Diego. Studiet var begr\u00e6nset til personer, som var &hellip; <a href=\"https:\/\/bogenommedicinskcannabis.dk\/index.php\/artikler\/medicinsk-cannabis-og-kraeft\/selv-et-stort-forbrug-af-cannabis-foroeger-ikke-risikoen-for-lungekraeft\/\">L\u00e6s resten <span class=\"meta-nav\">&rarr;<\/span><\/a><\/p>\n","protected":false},"author":1,"featured_media":0,"parent":306,"menu_order":0,"comment_status":"closed","ping_status":"closed","template":"","meta":{"footnotes":""},"class_list":["post-689","page","type-page","status-publish","hentry"],"_links":{"self":[{"href":"https:\/\/bogenommedicinskcannabis.dk\/index.php\/wp-json\/wp\/v2\/pages\/689","targetHints":{"allow":["GET"]}}],"collection":[{"href":"https:\/\/bogenommedicinskcannabis.dk\/index.php\/wp-json\/wp\/v2\/pages"}],"about":[{"href":"https:\/\/bogenommedicinskcannabis.dk\/index.php\/wp-json\/wp\/v2\/types\/page"}],"author":[{"embeddable":true,"href":"https:\/\/bogenommedicinskcannabis.dk\/index.php\/wp-json\/wp\/v2\/users\/1"}],"replies":[{"embeddable":true,"href":"https:\/\/bogenommedicinskcannabis.dk\/index.php\/wp-json\/wp\/v2\/comments?post=689"}],"version-history":[{"count":1,"href":"https:\/\/bogenommedicinskcannabis.dk\/index.php\/wp-json\/wp\/v2\/pages\/689\/revisions"}],"predecessor-version":[{"id":690,"href":"https:\/\/bogenommedicinskcannabis.dk\/index.php\/wp-json\/wp\/v2\/pages\/689\/revisions\/690"}],"up":[{"embeddable":true,"href":"https:\/\/bogenommedicinskcannabis.dk\/index.php\/wp-json\/wp\/v2\/pages\/306"}],"wp:attachment":[{"href":"https:\/\/bogenommedicinskcannabis.dk\/index.php\/wp-json\/wp\/v2\/media?parent=689"}],"curies":[{"name":"wp","href":"https:\/\/api.w.org\/{rel}","templated":true}]}}