{"id":693,"date":"2019-02-23T11:48:39","date_gmt":"2019-02-23T10:48:39","guid":{"rendered":"https:\/\/bogenommedicinskcannabis.dk\/?page_id=693"},"modified":"2022-10-02T11:50:09","modified_gmt":"2022-10-02T10:50:09","slug":"hver-fjerde-kraeftpatient-bruger-medicinsk-cannabis","status":"publish","type":"page","link":"https:\/\/bogenommedicinskcannabis.dk\/index.php\/artikler\/brugerundersoegelser\/hver-fjerde-kraeftpatient-bruger-medicinsk-cannabis\/","title":{"rendered":"Hver fjerde kr\u00e6ftpatient bruger medicinsk cannabis"},"content":{"rendered":"<p><strong><a href=\"#_ftn1\" name=\"_ftnref1\"><\/a><\/strong>Et af de mest velkendte form\u00e5l med at bruge medicinsk cannabis er at lindre symptomer relateret til kr\u00e6ftbehandling, og et nyere studie viser, at mange kr\u00e6ftpatienter -ihvertfald i USA &#8211; benytter sig af muligheden.[1<\/p>\n<p>I dette studie, som omfattede mere end 9000 kr\u00e6ftpatienter, var der n\u00e6sten 25%, der fortalte, at de havde brugt medicinsk cannabis indenfor det sidste \u00e5r.\u00a0 Derudover sagde n\u00e6sten alle deltagerne, at de \u00f8nskede at vide mere om medicinsk cannabis.<a href=\"#_ftn2\" name=\"_ftnref2\">[2]<\/a><\/p>\n<p>Kr\u00e6ftpatienter \u00f8nsker information om cannabis under deres behandling, men den f\u00e5r de ikke af deres l\u00e6ger, siger Dr. Steven Pergam, forsker p\u00e5 Fred Hutchinson Cancer Research Center i Seattle. I stedet for dette, s\u00f8ger patienterne information fra \u201dalternative, ikke-videnskabelige kilder,\u201d fort\u00e6ller han.<\/p>\n<p>I studiet unders\u00f8gte forskerne kr\u00e6ftpatienter p\u00e5 Seattle Cancer Care Alliance, som er et kr\u00e6ftbehandlingscenter. Unders\u00f8gelsen omfattede sp\u00f8rgsm\u00e5l om brugen af cannabis blandt kr\u00e6ftpatienterne s\u00e5vel som sp\u00f8rgsm\u00e5l om patienternes antagelser om stoffet.<\/p>\n<p>Forskerne fandt, at 24% af patienterne i studiet var \u201daktive brugere\u201d, s\u00e5dan at forst\u00e5, at de havde brugt cannabis indenfor det sidste \u00e5r til kr\u00e6ft-relaterede symptomer, og 21% rapporterede, at de havde brugt det indenfor den sidste m\u00e5ned. Disse tal er mere end dobbelt s\u00e5 store som dem, der rapporteres i nationale unders\u00f8gelser af brugen blandt enhver type cannabisbruger, sagde forskerne.<\/p>\n<p>Blandt de aktive brugere fandt forskerne, at 74% rapporterede at bruge cannabis mindst \u00e9n gang om ugen, 56% brugte cannabis en gang om dagen, og 31% brugte det mange gange om dagen. Rygning og indtagelse af snacks var de mest almindelige m\u00e5der at bruge det p\u00e5, fandt forskerne.<\/p>\n<p>75% af de aktive brugere sagde, at de brugte cannabis som hj\u00e6lp mod fysiske problemer, herunder smerte<a href=\"#_ftn3\" name=\"_ftnref3\">[3]<\/a> og kvalme og omkring 66% rapporterede, at de brugte cannabis for at hj\u00e6lpe med psykiske symptomer, herunder stress og s\u00f8vnproblemer.<\/p>\n<p>Aktive brugere havde st\u00f8rre sandsynlighed for at anf\u00f8re lovligg\u00f8relse som en grund til at bruge cannabis, fandt forskerne. Aktive brugere var ogs\u00e5 yngre end de, der ikke brugte stoffet eller havde brugt stoffet tidligere, men var stoppet.<\/p>\n<p>Og selvom 74% af personerne i studiet sagde, at de gerne ville have information om medicinsk cannabis fra deres kr\u00e6ftl\u00e6ger, var der mindre end 15%, der faktisk fik information fra disse. I stedet s\u00f8gte de information fra venner, familiemedlemmer, mediekilder eller andre kr\u00e6ftpatienter.<\/p>\n<p><img loading=\"lazy\" decoding=\"async\" class=\"alignnone size-full wp-image-696\" src=\"https:\/\/bogenommedicinskcannabis.dk\/wp-content\/uploads\/2019\/02\/cannabis9-1.jpeg\" alt=\"\" width=\"599\" height=\"378\" srcset=\"https:\/\/bogenommedicinskcannabis.dk\/wp-content\/uploads\/2019\/02\/cannabis9-1.jpeg 599w, https:\/\/bogenommedicinskcannabis.dk\/wp-content\/uploads\/2019\/02\/cannabis9-1-300x189.jpeg 300w\" sizes=\"auto, (max-width: 599px) 100vw, 599px\" \/><\/p>\n<p><a href=\"#_ftnref1\" name=\"_ftn1\">[1]<\/a> One-Quarter of Cancer Patients Use Medical Marijuana, Study Finds. <a href=\"https:\/\/www.livescience.com\/60500-cancer-patients-medical-marijuana.html\">https:\/\/www.livescience.com\/60500-cancer-patients-medical-marijuana.html<\/a><br \/>\n<a href=\"#_ftnref2\" name=\"_ftn2\">[2]<\/a> Steven A. Pergam, Maresa C. Woodfield, Christine M. Lee et al: Cannabis use among patients at a comprehensive cancer center in a state with legalized medicinal and recreational use. Cancer 25 September 2017. <a href=\"http:\/\/onlinelibrary.wiley.com\/doi\/10.1002\/cncr.30879\/abstract;jsessionid=E39DED42C71A0EE118AFDB093864100A.f03t03\">http:\/\/onlinelibrary.wiley.com\/doi\/10.1002\/cncr.30879\/abstract;jsessionid=E39DED42C71A0EE118AFDB093864100A.f03t03<\/a><br \/>\nStudy finds up to one-quarter of cancer patients use marijuana. <a href=\"https:\/\/www.eurekalert.org\/pub_releases\/2017-09\/w-sfu092117.php\">https:\/\/www.eurekalert.org\/pub_releases\/2017-09\/w-sfu092117.php<\/a><br \/>\n<a href=\"#_ftnref3\" name=\"_ftn3\">[3]<\/a> Marijuana-Like Drugs May Offer Addiction-Free Pain Relief. <a href=\"https:\/\/www.livescience.com\/56876-marijuana-like-drugs-may-relieve-pain-without-addiction-risk.html\">https:\/\/www.livescience.com\/56876-marijuana-like-drugs-may-relieve-pain-without-addiction-risk.html<\/a><\/p>\n","protected":false},"excerpt":{"rendered":"<p>Et af de mest velkendte form\u00e5l med at bruge medicinsk cannabis er at lindre symptomer relateret til kr\u00e6ftbehandling, og et nyere studie viser, at mange kr\u00e6ftpatienter -ihvertfald i USA &#8211; benytter sig af muligheden.[1 I dette studie, som omfattede mere &hellip; <a href=\"https:\/\/bogenommedicinskcannabis.dk\/index.php\/artikler\/brugerundersoegelser\/hver-fjerde-kraeftpatient-bruger-medicinsk-cannabis\/\">L\u00e6s resten <span class=\"meta-nav\">&rarr;<\/span><\/a><\/p>\n","protected":false},"author":1,"featured_media":0,"parent":322,"menu_order":0,"comment_status":"closed","ping_status":"closed","template":"","meta":{"footnotes":""},"class_list":["post-693","page","type-page","status-publish","hentry"],"_links":{"self":[{"href":"https:\/\/bogenommedicinskcannabis.dk\/index.php\/wp-json\/wp\/v2\/pages\/693","targetHints":{"allow":["GET"]}}],"collection":[{"href":"https:\/\/bogenommedicinskcannabis.dk\/index.php\/wp-json\/wp\/v2\/pages"}],"about":[{"href":"https:\/\/bogenommedicinskcannabis.dk\/index.php\/wp-json\/wp\/v2\/types\/page"}],"author":[{"embeddable":true,"href":"https:\/\/bogenommedicinskcannabis.dk\/index.php\/wp-json\/wp\/v2\/users\/1"}],"replies":[{"embeddable":true,"href":"https:\/\/bogenommedicinskcannabis.dk\/index.php\/wp-json\/wp\/v2\/comments?post=693"}],"version-history":[{"count":3,"href":"https:\/\/bogenommedicinskcannabis.dk\/index.php\/wp-json\/wp\/v2\/pages\/693\/revisions"}],"predecessor-version":[{"id":935,"href":"https:\/\/bogenommedicinskcannabis.dk\/index.php\/wp-json\/wp\/v2\/pages\/693\/revisions\/935"}],"up":[{"embeddable":true,"href":"https:\/\/bogenommedicinskcannabis.dk\/index.php\/wp-json\/wp\/v2\/pages\/322"}],"wp:attachment":[{"href":"https:\/\/bogenommedicinskcannabis.dk\/index.php\/wp-json\/wp\/v2\/media?parent=693"}],"curies":[{"name":"wp","href":"https:\/\/api.w.org\/{rel}","templated":true}]}}