{"id":700,"date":"2019-02-23T14:02:36","date_gmt":"2019-02-23T13:02:36","guid":{"rendered":"https:\/\/bogenommedicinskcannabis.dk\/?page_id=700"},"modified":"2019-02-26T21:31:10","modified_gmt":"2019-02-26T20:31:10","slug":"landon-riddle-havde-leukaemi","status":"publish","type":"page","link":"https:\/\/bogenommedicinskcannabis.dk\/index.php\/artikler\/medicinsk-cannabis-og-kraeft\/landon-riddle-havde-leukaemi\/","title":{"rendered":"Landon Riddle havde leuk\u00e6mi"},"content":{"rendered":"<p>2-\u00e5rige Landon Riddle<a href=\"#_ftn1\" name=\"_ftnref1\">[1]<\/a> havde ondt i halsen. Hans for\u00e6ldre tog ham til l\u00e6gen, som afviste det som en virus infektion. Nogle dage senere var lymfeknuderne i armhulen begyndt at h\u00e6ve, derefter lyske og s\u00e5 maven og han begyndte at have \u00e5ndedr\u00e6tsbesv\u00e6r. En tur til hospitalet bekr\u00e6ftede det v\u00e6rste.<\/p>\n<p>Landon havde den form for leuk\u00e6mi, der kaldes ALL. Det er den mest almindelige type leuk\u00e6mi blandt b\u00f8rn og forekomsten af blodkr\u00e6ft er gradvis steget i l\u00f8bet af de sidste 25 \u00e5r.<\/p>\n<p>Landons mor, Sierra Riddle beskrev Landons tilstand overfor CNNs reportere:<br \/>\n\u201dHele hans bryst var fuld af leuk\u00e6mi tumorer, hvilket var skyld i at han ikke kunne f\u00e5 vejret. De startede med kemo, men fortalte os, at han sandsynligvis ikke ville overleve.\u201d<\/p>\n<p>Ligesom Sams far var desperat for at finde en behandling til hans s\u00f8n, ville Sierra ogs\u00e5 g\u00f8re hvad som helst for at redde sin s\u00f8ns liv. Kemoterapi var effektiv de f\u00f8rste par m\u00e5neder, men s\u00e5 forv\u00e6rredes situationen for Landon. Den OxyContin og morfin, som han fik, havde forf\u00e6rdelige bivirkninger. Da han var n\u00e6sten 3 \u00e5r gammel, led han af maveproblemer, neuropati, voldsomme smerter og opkastninger.<\/p>\n<p>Ved at se de smerter, som behandlingen medf\u00f8rte for hendes s\u00f8n, besluttede hun at pr\u00f8ve cannabis olie.<a href=\"#_ftn2\" name=\"_ftnref2\">[2]<\/a> Virkningen var dramatisk. Da han startede p\u00e5 medicinen, begyndte antallet af r\u00f8de og hvide blodlegemer at stige. Efter 6 m\u00e5neder besluttede Sierra sig for at standse kemobehandlingen.<\/p>\n<p>\u201dDa jeg tog kemoen v\u00e6k, s\u00e5 jeg fantastiske resultater, og der var ikke behov for blod- og blodpladetransfusioner.\u201d<\/p>\n<p><img loading=\"lazy\" decoding=\"async\" class=\"alignnone size-full wp-image-701\" src=\"https:\/\/bogenommedicinskcannabis.dk\/wp-content\/uploads\/2019\/02\/leuk\u00e6miceller-1.jpg\" alt=\"\" width=\"600\" height=\"450\" srcset=\"https:\/\/bogenommedicinskcannabis.dk\/wp-content\/uploads\/2019\/02\/leuk\u00e6miceller-1.jpg 600w, https:\/\/bogenommedicinskcannabis.dk\/wp-content\/uploads\/2019\/02\/leuk\u00e6miceller-1-300x225.jpg 300w\" sizes=\"auto, (max-width: 600px) 100vw, 600px\" \/><\/p>\n<p><a href=\"#_ftnref1\" name=\"_ftn1\">[1]<\/a> Watch: Cannabis Oil Cures Boy Given 48 Hours To Live. <a href=\"https:\/\/herb.co\/marijuana\/news\/watch-cannabis-oil-cures-boy-given-48-hours-to-live\">https:\/\/herb.co\/marijuana\/news\/watch-cannabis-oil-cures-boy-given-48-hours-to-live<\/a><br \/>\n<a href=\"#_ftnref2\" name=\"_ftn2\">[2]<\/a> Is Cannabis Oil The Solution To Treating Cancer In Children? <a href=\"https:\/\/herb.co\/marijuana\/news\/is-cannabis-oil-the-solution-to-treating-cancer-in-children\">https:\/\/herb.co\/marijuana\/news\/is-cannabis-oil-the-solution-to-treating-cancer-in-children<\/a><\/p>\n","protected":false},"excerpt":{"rendered":"<p>2-\u00e5rige Landon Riddle[1] havde ondt i halsen. Hans for\u00e6ldre tog ham til l\u00e6gen, som afviste det som en virus infektion. Nogle dage senere var lymfeknuderne i armhulen begyndt at h\u00e6ve, derefter lyske og s\u00e5 maven og han begyndte at have &hellip; <a href=\"https:\/\/bogenommedicinskcannabis.dk\/index.php\/artikler\/medicinsk-cannabis-og-kraeft\/landon-riddle-havde-leukaemi\/\">L\u00e6s resten <span class=\"meta-nav\">&rarr;<\/span><\/a><\/p>\n","protected":false},"author":1,"featured_media":0,"parent":306,"menu_order":0,"comment_status":"closed","ping_status":"closed","template":"","meta":{"footnotes":""},"class_list":["post-700","page","type-page","status-publish","hentry"],"_links":{"self":[{"href":"https:\/\/bogenommedicinskcannabis.dk\/index.php\/wp-json\/wp\/v2\/pages\/700","targetHints":{"allow":["GET"]}}],"collection":[{"href":"https:\/\/bogenommedicinskcannabis.dk\/index.php\/wp-json\/wp\/v2\/pages"}],"about":[{"href":"https:\/\/bogenommedicinskcannabis.dk\/index.php\/wp-json\/wp\/v2\/types\/page"}],"author":[{"embeddable":true,"href":"https:\/\/bogenommedicinskcannabis.dk\/index.php\/wp-json\/wp\/v2\/users\/1"}],"replies":[{"embeddable":true,"href":"https:\/\/bogenommedicinskcannabis.dk\/index.php\/wp-json\/wp\/v2\/comments?post=700"}],"version-history":[{"count":1,"href":"https:\/\/bogenommedicinskcannabis.dk\/index.php\/wp-json\/wp\/v2\/pages\/700\/revisions"}],"predecessor-version":[{"id":702,"href":"https:\/\/bogenommedicinskcannabis.dk\/index.php\/wp-json\/wp\/v2\/pages\/700\/revisions\/702"}],"up":[{"embeddable":true,"href":"https:\/\/bogenommedicinskcannabis.dk\/index.php\/wp-json\/wp\/v2\/pages\/306"}],"wp:attachment":[{"href":"https:\/\/bogenommedicinskcannabis.dk\/index.php\/wp-json\/wp\/v2\/media?parent=700"}],"curies":[{"name":"wp","href":"https:\/\/api.w.org\/{rel}","templated":true}]}}