{"id":703,"date":"2019-02-23T14:17:54","date_gmt":"2019-02-23T13:17:54","guid":{"rendered":"https:\/\/bogenommedicinskcannabis.dk\/?page_id=703"},"modified":"2019-02-26T21:33:06","modified_gmt":"2019-02-26T20:33:06","slug":"cannabis-kan-lindre-kraeft-hos-boern","status":"publish","type":"page","link":"https:\/\/bogenommedicinskcannabis.dk\/index.php\/artikler\/medicinsk-cannabis-og-kraeft\/cannabis-kan-lindre-kraeft-hos-boern\/","title":{"rendered":"Cannabis kan lindre kr\u00e6ft hos b\u00f8rn"},"content":{"rendered":"<p>Epilepsi er m\u00e5ske nok den f\u00f8rende sygdom, n\u00e5r det g\u00e6lder medicinsk cannabis, men kr\u00e6ft hos b\u00f8rn f\u00f8lger lige efter. Kr\u00e6ft hos b\u00f8rn er den f\u00f8rende \u00e5rsag til d\u00f8d som f\u00f8lge af sygdom. Selv hos kr\u00e6ftoverlevere kan de voldsomme standardbehandlinger medf\u00f8re store skader p\u00e5 en ung, voksende krop. B\u00f8rn f\u00e5r ofte h\u00f8jere doser af kemo og i kortere behandlingsforl\u00f8b end voksne.<a href=\"#_ftn1\" name=\"_ftnref1\">[1]<\/a> Det er absolut vigtigt at finde mere sikre og mildere behandlinger mod kr\u00e6ft hos b\u00f8rn. Hos b\u00f8rn, der k\u00e6mper for deres liv, har cannabis vist sig at give lindring.<\/p>\n<p>B\u00f8rnel\u00e6gerne i <a href=\"https:\/\/www.aap.org\/en-us\/Pages\/Default.aspx?nfstatus=401&amp;nftoken=00000000-0000-0000-0000-000000000000&amp;nfstatusdescription=ERROR%3a+No+local+token\">American Academy of Pediatrics<\/a> (AAP) har oven i k\u00f8bet v\u00e6ret ude med en st\u00f8tte til n\u00f8dvendigheden af cannabis forskning. William P. Edelman MD og FAAP forklarede deres position i en politisk udtalelse:<a href=\"#_ftn2\" name=\"_ftnref2\">[2]<\/a><\/p>\n<p>\u201cVi har behov for yderligere forskning for at kunne bestemme effekt og korrekt dosering af cannabinoider, og vi har behov for at bestemme cannabinoiderne sikkert, som vi g\u00f8r med enhver anden medicin. N\u00e5r vi imidlertid kan konstatere, at der er b\u00f8rn, der har gavn af cannabinoider, kan vi ikke vente p\u00e5 omhyggelige og langvarige forskningsprocesser, anerkender Akademiet imidlertid, at der skal kunne g\u00f8res undtagelser for medf\u00f8lende brug til b\u00f8rn, som lider af livsbegr\u00e6nsende sygdomme.\u201d En klog udtalelse fra en institution med en velkendt h\u00e5rd tilgang til cannabis.<\/p>\n<p><img loading=\"lazy\" decoding=\"async\" class=\"alignnone size-full wp-image-704\" src=\"https:\/\/bogenommedicinskcannabis.dk\/wp-content\/uploads\/2019\/02\/cannabis-som-medicin1-1.jpg\" alt=\"\" width=\"1024\" height=\"576\" srcset=\"https:\/\/bogenommedicinskcannabis.dk\/wp-content\/uploads\/2019\/02\/cannabis-som-medicin1-1.jpg 1024w, https:\/\/bogenommedicinskcannabis.dk\/wp-content\/uploads\/2019\/02\/cannabis-som-medicin1-1-300x169.jpg 300w, https:\/\/bogenommedicinskcannabis.dk\/wp-content\/uploads\/2019\/02\/cannabis-som-medicin1-1-768x432.jpg 768w\" sizes=\"auto, (max-width: 1024px) 100vw, 1024px\" \/><\/p>\n<p><a href=\"#_ftnref1\" name=\"_ftn1\">[1]<\/a> Pediatric Supportive Care (PDQ\u00ae)\u2013Patient Version. <a href=\"https:\/\/www.cancer.gov\/types\/childhood-cancers\/pediatric-care-pdq\">https:\/\/www.cancer.gov\/types\/childhood-cancers\/pediatric-care-pdq<\/a><br \/>\n<a href=\"#_ftnref2\" name=\"_ftn2\">[2]<\/a> The Impact of Marijuana Policies on Youth: Clinical, Research, and Legal Update. COMMITTEE ON SUBSTANCE ABUSE and COMMITTEE ON ADOLESCENCE. <a href=\"http:\/\/freepdfhosting.com\/f083a500ee.pdf\">http:\/\/freepdfhosting.com\/f083a500ee.pdf<\/a><\/p>\n","protected":false},"excerpt":{"rendered":"<p>Epilepsi er m\u00e5ske nok den f\u00f8rende sygdom, n\u00e5r det g\u00e6lder medicinsk cannabis, men kr\u00e6ft hos b\u00f8rn f\u00f8lger lige efter. Kr\u00e6ft hos b\u00f8rn er den f\u00f8rende \u00e5rsag til d\u00f8d som f\u00f8lge af sygdom. Selv hos kr\u00e6ftoverlevere kan de voldsomme standardbehandlinger medf\u00f8re &hellip; <a href=\"https:\/\/bogenommedicinskcannabis.dk\/index.php\/artikler\/medicinsk-cannabis-og-kraeft\/cannabis-kan-lindre-kraeft-hos-boern\/\">L\u00e6s resten <span class=\"meta-nav\">&rarr;<\/span><\/a><\/p>\n","protected":false},"author":1,"featured_media":0,"parent":306,"menu_order":0,"comment_status":"closed","ping_status":"closed","template":"","meta":{"footnotes":""},"class_list":["post-703","page","type-page","status-publish","hentry"],"_links":{"self":[{"href":"https:\/\/bogenommedicinskcannabis.dk\/index.php\/wp-json\/wp\/v2\/pages\/703","targetHints":{"allow":["GET"]}}],"collection":[{"href":"https:\/\/bogenommedicinskcannabis.dk\/index.php\/wp-json\/wp\/v2\/pages"}],"about":[{"href":"https:\/\/bogenommedicinskcannabis.dk\/index.php\/wp-json\/wp\/v2\/types\/page"}],"author":[{"embeddable":true,"href":"https:\/\/bogenommedicinskcannabis.dk\/index.php\/wp-json\/wp\/v2\/users\/1"}],"replies":[{"embeddable":true,"href":"https:\/\/bogenommedicinskcannabis.dk\/index.php\/wp-json\/wp\/v2\/comments?post=703"}],"version-history":[{"count":1,"href":"https:\/\/bogenommedicinskcannabis.dk\/index.php\/wp-json\/wp\/v2\/pages\/703\/revisions"}],"predecessor-version":[{"id":705,"href":"https:\/\/bogenommedicinskcannabis.dk\/index.php\/wp-json\/wp\/v2\/pages\/703\/revisions\/705"}],"up":[{"embeddable":true,"href":"https:\/\/bogenommedicinskcannabis.dk\/index.php\/wp-json\/wp\/v2\/pages\/306"}],"wp:attachment":[{"href":"https:\/\/bogenommedicinskcannabis.dk\/index.php\/wp-json\/wp\/v2\/media?parent=703"}],"curies":[{"name":"wp","href":"https:\/\/api.w.org\/{rel}","templated":true}]}}