{"id":707,"date":"2019-02-23T14:49:47","date_gmt":"2019-02-23T13:49:47","guid":{"rendered":"https:\/\/bogenommedicinskcannabis.dk\/?page_id=707"},"modified":"2019-02-26T21:32:14","modified_gmt":"2019-02-26T20:32:14","slug":"hvilke-symptomer-paa-adhd-kan-medicinsk-cannabis-afhjaelpe","status":"publish","type":"page","link":"https:\/\/bogenommedicinskcannabis.dk\/index.php\/artikler\/medicinsk-cannabis-og-adhd\/hvilke-symptomer-paa-adhd-kan-medicinsk-cannabis-afhjaelpe\/","title":{"rendered":"Hvilke symptomer p\u00e5 ADHD kan medicinsk cannabis afhj\u00e6lpe?"},"content":{"rendered":"<p>En velkendt effekt af cannabis er afslapning. N\u00e5r man har ADHD, er det ofte vanskeligt at forblive fokuseret, og man er ofte hyperaktiv. P\u00e5 grund af dette mener mange (udenlandske) l\u00e6ger, at medicinsk cannabis kan hj\u00e6lpe med at neds\u00e6tte ADHD patienternes impulsivitet. Medicinsk cannabis kan ogs\u00e5 behandle bivirkningerne ved de stimulerende l\u00e6gemidler s\u00e5som s\u00f8vnproblemer, nerv\u00f8sitet og appetit, som ADHD patienterne konventionelt behandles med. Ritalin og Adderall kan skade kroppen, is\u00e6r n\u00e5r man for\u00f8ger dosis eller starter p\u00e5 behandlingen. De kan g\u00f8re dig mere ophidset, meget nerv\u00f8s og oppe at k\u00f8re.<\/p>\n<p>Da cannabis kan reducere stress, f\u00e5 dig til at slappe af og v\u00e6re mere opm\u00e6rksom, er det en god medicin for patienter med ADHD. Det kan udmatte folk mentalt at f\u00f8le sig ophidset og oppe at k\u00f8re hele dagen. Desuden kan det v\u00e6re sv\u00e6rt at \u201clukke ned\u201d efter at have f\u00e5et stimulerende medicin hele dagen. En lindrende dosis af cannabis kan berolige din ophidsede krop og give dig fred i sindet.<\/p>\n<p>De mest almindelige konventionelle ADHD behandlinger er Ritalin og Adderall. Disse l\u00e6gemidler forbedrer den kognitive funktion og for\u00f8ger koncentration og fokus. Men disse midler f\u00e5r dig ikke til at slappe af. De er ogs\u00e5 kendte for at give kvalme, undertrykke appetitten og give mavekramper og diarr\u00e9. De kan ogs\u00e5 give s\u00f8vnproblemer. Det er her medicinsk cannabis kommer ind som en hj\u00e6lp til lindring af nogle af disse ubehagelige bivirkninger.<a href=\"#_ftn1\" name=\"_ftnref1\">[1]<\/a><\/p>\n<p>I 2015 publiceredes et tysk studie, som under\u00f8gte effekten af medicinsk cannabis p\u00e5 30 patienter, som ikke reagerede p\u00e5 Ritalin eller Adderall. De fleste af de deltagere, der fulgte behandlingen, oplevede reduceret impulsivitet, bedre s\u00f8vn og bedre ydeevne.<a href=\"#_ftn2\" name=\"_ftnref2\">[2]<\/a><\/p>\n<p>Udover disse effekter kan cannabis bl.a. stimulere appetitten, give en bedre s\u00f8vn, reducere kvalme og virke afslappende og beroligende.<\/p>\n<p><img loading=\"lazy\" decoding=\"async\" class=\"alignnone size-full wp-image-708\" src=\"https:\/\/bogenommedicinskcannabis.dk\/wp-content\/uploads\/2019\/02\/ADHD.jpg\" alt=\"\" width=\"768\" height=\"576\" srcset=\"https:\/\/bogenommedicinskcannabis.dk\/wp-content\/uploads\/2019\/02\/ADHD.jpg 768w, https:\/\/bogenommedicinskcannabis.dk\/wp-content\/uploads\/2019\/02\/ADHD-300x225.jpg 300w\" sizes=\"auto, (max-width: 768px) 100vw, 768px\" \/><\/p>\n<p><a href=\"#_ftnref1\" name=\"_ftn1\">[1]<\/a> All In The Mind #1: Cannabis &amp; ADD\/ADHD. <a href=\"https:\/\/herb.co\/marijuana\/news\/mind1-cannabis-addadhd\">https:\/\/herb.co\/marijuana\/news\/mind1-cannabis-addadhd<\/a><br \/>\n<a href=\"#_ftnref2\" name=\"_ftn2\">[2]<\/a> Cannabinoid Conference 2015: 7th European Workshop on Cannabinoid Research and IACM 8th Conference on Cannabinoids in Medicine. 17-19 September 2015 Sestri Levante, Italy. <a href=\"http:\/\/cannabis-med.org\/nis\/data\/file\/abstractbook.pdf\">http:\/\/cannabis-med.org\/nis\/data\/file\/abstractbook.pdf<\/a><\/p>\n","protected":false},"excerpt":{"rendered":"<p>En velkendt effekt af cannabis er afslapning. N\u00e5r man har ADHD, er det ofte vanskeligt at forblive fokuseret, og man er ofte hyperaktiv. P\u00e5 grund af dette mener mange (udenlandske) l\u00e6ger, at medicinsk cannabis kan hj\u00e6lpe med at neds\u00e6tte ADHD &hellip; <a href=\"https:\/\/bogenommedicinskcannabis.dk\/index.php\/artikler\/medicinsk-cannabis-og-adhd\/hvilke-symptomer-paa-adhd-kan-medicinsk-cannabis-afhjaelpe\/\">L\u00e6s resten <span class=\"meta-nav\">&rarr;<\/span><\/a><\/p>\n","protected":false},"author":1,"featured_media":0,"parent":304,"menu_order":0,"comment_status":"closed","ping_status":"closed","template":"","meta":{"footnotes":""},"class_list":["post-707","page","type-page","status-publish","hentry"],"_links":{"self":[{"href":"https:\/\/bogenommedicinskcannabis.dk\/index.php\/wp-json\/wp\/v2\/pages\/707","targetHints":{"allow":["GET"]}}],"collection":[{"href":"https:\/\/bogenommedicinskcannabis.dk\/index.php\/wp-json\/wp\/v2\/pages"}],"about":[{"href":"https:\/\/bogenommedicinskcannabis.dk\/index.php\/wp-json\/wp\/v2\/types\/page"}],"author":[{"embeddable":true,"href":"https:\/\/bogenommedicinskcannabis.dk\/index.php\/wp-json\/wp\/v2\/users\/1"}],"replies":[{"embeddable":true,"href":"https:\/\/bogenommedicinskcannabis.dk\/index.php\/wp-json\/wp\/v2\/comments?post=707"}],"version-history":[{"count":2,"href":"https:\/\/bogenommedicinskcannabis.dk\/index.php\/wp-json\/wp\/v2\/pages\/707\/revisions"}],"predecessor-version":[{"id":710,"href":"https:\/\/bogenommedicinskcannabis.dk\/index.php\/wp-json\/wp\/v2\/pages\/707\/revisions\/710"}],"up":[{"embeddable":true,"href":"https:\/\/bogenommedicinskcannabis.dk\/index.php\/wp-json\/wp\/v2\/pages\/304"}],"wp:attachment":[{"href":"https:\/\/bogenommedicinskcannabis.dk\/index.php\/wp-json\/wp\/v2\/media?parent=707"}],"curies":[{"name":"wp","href":"https:\/\/api.w.org\/{rel}","templated":true}]}}