{"id":711,"date":"2019-02-23T15:11:30","date_gmt":"2019-02-23T14:11:30","guid":{"rendered":"https:\/\/bogenommedicinskcannabis.dk\/?page_id=711"},"modified":"2019-02-26T21:33:53","modified_gmt":"2019-02-26T20:33:53","slug":"kan-cannabis-lindre-symptomerne-paa-adhd","status":"publish","type":"page","link":"https:\/\/bogenommedicinskcannabis.dk\/index.php\/artikler\/medicinsk-cannabis-og-adhd\/kan-cannabis-lindre-symptomerne-paa-adhd\/","title":{"rendered":"Kan cannabis lindre symptomerne p\u00e5 ADHD?"},"content":{"rendered":"<p>Mange mennesker tror, at cannabis kan hj\u00e6lpe mod deres ADHD. I \u00f8jeblikket er der en lille m\u00e6ngde evidens, som st\u00f8tter ideen. Et studie fra 2013 indikerer, at nogle voksne bruger cannabis til at klare deres impulsivitet og hyperaktivitet symptomer.<a href=\"#_ftn1\" name=\"_ftnref1\">[1]<\/a><\/p>\n<p>Et randomiseret, kontrolleret fors\u00f8g fra 2017 viste, at Sativex (en cannabis ekstrakt, der indeholder b\u00e5de THC og CBD) kan hj\u00e6lpe med at forbedre hyperaktivitet og impulsivitet hos voksne med ADHD uden sv\u00e6kkelse af deres kognitive evner.<a href=\"#_ftn2\" name=\"_ftnref2\">[2]<\/a> Cannabis hj\u00e6lper m\u00e5ske is\u00e6r folk med alvorlig ADHD, som ikke responderer p\u00e5 standard medicinen med stimulerende midler.<\/p>\n<p>Et tysk studie publiceret i 2015 unders\u00f8gte effekten af cannabis p\u00e5 30 patienter, som ikke responderede p\u00e5 Adderall eller Ritalin. Efter behandlingen oplevede de fleste af deltagerne \u201dforbedret koncentration og s\u00f8vn og reduceret impulsivitet.\u201d<a href=\"#_ftn3\" name=\"_ftnref3\">[3]<\/a><\/p>\n<p>Dr. Eva Milz, en psykiater, som var medforfatter til studiet, sagde, at standardmedicinen var \u201cmere kr\u00e6vende\u201d for patienterne, mens cannabis gav dem \u201ckontrol og hjalp dem i deres liv, k\u00e6rlighed og arbejde uden at de f\u00f8lte sig berusede.\u201d<\/p>\n<p>&nbsp;<\/p>\n<p><img loading=\"lazy\" decoding=\"async\" class=\"alignnone size-full wp-image-712 aligncenter\" src=\"https:\/\/bogenommedicinskcannabis.dk\/wp-content\/uploads\/2019\/02\/stress-p\u00e5virker-hjernen.jpg\" alt=\"\" width=\"180\" height=\"150\" \/><\/p>\n<p><a href=\"#_ftnref1\" name=\"_ftn1\">[1]<\/a> <a href=\"http:\/\/www.tandfonline.com\/author\/Loflin%2C+Mallory\">Mallory Loflin Department of Psychology<\/a>, <a href=\"http:\/\/www.tandfonline.com\/author\/Earleywine%2C+Mitch\">Mitch Earleywine Department of Psychology, University at Albany, Albany, New York, USA<\/a>, <a href=\"http:\/\/www.tandfonline.com\/author\/de+Leo%2C+Joseph\">Joseph De Leo Department of Psychology, University at Albany, Albany, New York, USA<\/a> et al.: Subtypes of Attention Deficit-Hyperactivity Disorder (ADHD) and Cannabis Use. <a href=\"http:\/\/www.tandfonline.com\/toc\/isum20\/current\">Substance Use &amp; Misuse <\/a>Volume 49, 2014 &#8211; <a href=\"http:\/\/www.tandfonline.com\/toc\/isum20\/49\/4\">Issue 4<\/a> . <a href=\"http:\/\/www.tandfonline.com\/doi\/full\/10.3109\/10826084.2013.841251?scroll=top&amp;needAccess=true\">http:\/\/www.tandfonline.com\/doi\/full\/10.3109\/10826084.2013.841251?scroll=top&amp;needAccess=true<\/a><br \/>\n<a href=\"#_ftnref2\" name=\"_ftn2\">[2]<\/a> <a href=\"https:\/\/www.ncbi.nlm.nih.gov\/pubmed\/?term=Cooper%20RE%5BAuthor%5D&amp;cauthor=true&amp;cauthor_uid=28576350\">Cooper RE<\/a><sup>1<\/sup>, <a href=\"https:\/\/www.ncbi.nlm.nih.gov\/pubmed\/?term=Williams%20E%5BAuthor%5D&amp;cauthor=true&amp;cauthor_uid=28576350\">Williams E<\/a><sup>2<\/sup>, Seegobin S. et al.: Cannabinoids in attention-deficit\/hyperactivity disorder: A randomised-controlled trial. <a href=\"https:\/\/www.ncbi.nlm.nih.gov\/pubmed\/28576350\">Eur Neuropsychopharmacol.<\/a> 2017 Aug;27(8):795-808. doi: 10.1016\/j.euroneuro.2017.05.005. Epub 2017 May 30. <a href=\"https:\/\/www.ncbi.nlm.nih.gov\/pubmed\/28576350\">https:\/\/www.ncbi.nlm.nih.gov\/pubmed\/28576350<\/a><br \/>\n<a href=\"#_ftnref3\" name=\"_ftn3\">[3]<\/a> 7th European Workshop on Cannabinoid Research and IACM 8th Conference on Cannabinoids in Medicine. 17-19 September 2015 Sestri Levante, Italy. <a href=\"http:\/\/cannabis-med.org\/nis\/data\/file\/abstractbook.pdf\">http:\/\/cannabis-med.org\/nis\/data\/file\/abstractbook.pdf<\/a><\/p>\n","protected":false},"excerpt":{"rendered":"<p>Mange mennesker tror, at cannabis kan hj\u00e6lpe mod deres ADHD. I \u00f8jeblikket er der en lille m\u00e6ngde evidens, som st\u00f8tter ideen. Et studie fra 2013 indikerer, at nogle voksne bruger cannabis til at klare deres impulsivitet og hyperaktivitet symptomer.[1] Et &hellip; <a href=\"https:\/\/bogenommedicinskcannabis.dk\/index.php\/artikler\/medicinsk-cannabis-og-adhd\/kan-cannabis-lindre-symptomerne-paa-adhd\/\">L\u00e6s resten <span class=\"meta-nav\">&rarr;<\/span><\/a><\/p>\n","protected":false},"author":1,"featured_media":0,"parent":304,"menu_order":0,"comment_status":"closed","ping_status":"closed","template":"","meta":{"footnotes":""},"class_list":["post-711","page","type-page","status-publish","hentry"],"_links":{"self":[{"href":"https:\/\/bogenommedicinskcannabis.dk\/index.php\/wp-json\/wp\/v2\/pages\/711","targetHints":{"allow":["GET"]}}],"collection":[{"href":"https:\/\/bogenommedicinskcannabis.dk\/index.php\/wp-json\/wp\/v2\/pages"}],"about":[{"href":"https:\/\/bogenommedicinskcannabis.dk\/index.php\/wp-json\/wp\/v2\/types\/page"}],"author":[{"embeddable":true,"href":"https:\/\/bogenommedicinskcannabis.dk\/index.php\/wp-json\/wp\/v2\/users\/1"}],"replies":[{"embeddable":true,"href":"https:\/\/bogenommedicinskcannabis.dk\/index.php\/wp-json\/wp\/v2\/comments?post=711"}],"version-history":[{"count":2,"href":"https:\/\/bogenommedicinskcannabis.dk\/index.php\/wp-json\/wp\/v2\/pages\/711\/revisions"}],"predecessor-version":[{"id":719,"href":"https:\/\/bogenommedicinskcannabis.dk\/index.php\/wp-json\/wp\/v2\/pages\/711\/revisions\/719"}],"up":[{"embeddable":true,"href":"https:\/\/bogenommedicinskcannabis.dk\/index.php\/wp-json\/wp\/v2\/pages\/304"}],"wp:attachment":[{"href":"https:\/\/bogenommedicinskcannabis.dk\/index.php\/wp-json\/wp\/v2\/media?parent=711"}],"curies":[{"name":"wp","href":"https:\/\/api.w.org\/{rel}","templated":true}]}}