{"id":722,"date":"2019-02-23T17:14:48","date_gmt":"2019-02-23T16:14:48","guid":{"rendered":"https:\/\/bogenommedicinskcannabis.dk\/?page_id=722"},"modified":"2019-02-23T17:25:32","modified_gmt":"2019-02-23T16:25:32","slug":"er-det-rimeligt-at-give-smaa-boern-potentielt-livstruende-amfetamin-praeparater-som-medicin","status":"publish","type":"page","link":"https:\/\/bogenommedicinskcannabis.dk\/index.php\/artikler\/medicinsk-cannabis-og-adhd\/er-det-rimeligt-at-give-smaa-boern-potentielt-livstruende-amfetamin-praeparater-som-medicin\/","title":{"rendered":"Er det rimeligt at give sm\u00e5 b\u00f8rn potentielt livstruende amfetamin-pr\u00e6parater som medicin?"},"content":{"rendered":"<p>Mon ikke det kommer bag p\u00e5 de fleste, at mindst et barn hver uge bliver forgiftet med ADHD-medicin. 374 b\u00f8rn, der alle var forgiftede med ADHD-medikamenter, som indeholder det afh\u00e6ngighedsskabende stof methylphenidat, der kan give en rus, har fra 2007 til 2014 modtaget hj\u00e6lp fra Giftlinjen p\u00e5 Bispebjerg Hospital. Det fremg\u00e5r af tal fra Giftlinjen i 2016. Over halvdelen havde taget for meget medicin med vilje.<a href=\"#_ftn1\" name=\"_ftnref1\">[1]<\/a><\/p>\n<p>\u201dI over halvdelen af tilf\u00e6ldene var forgiftningerne tilsigtede. 57 procent af b\u00f8rnene havde enten \u00f8nsket at misbruge medikamenterne eller at beg\u00e5 selvmord med dem,\u201d forklarer Giftlinjens overl\u00e6ge og professor Kim Dalhoff til Metroexpress om unders\u00f8gelsens b\u00f8rn, som var mellem 6 og 17 \u00e5r og havde en gennemsnitsalder p\u00e5 15,5 \u00e5r.<\/p>\n<p>Methylphenidat blev oprindeligt godkendt under navnet Ritalin, som ogs\u00e5 er det navn, de fleste forbinder med ADHD-medicin, men ogs\u00e5 pr\u00e6paraterne Motiron, Medikenet, Equasym og Concerta bliver solgt p\u00e5 det danske marked som behandling af ADHD.<\/p>\n<p>Methylphenidat blev oprindeligt godkendt under navnet Ritalin, som ogs\u00e5 er det navn, de fleste forbinder med ADHD-medicin, men ogs\u00e5 pr\u00e6paraterne Motiron, Medikenet, Equasym og Concerta bliver solgt p\u00e5 det danske marked som behandling af ADHD.<\/p>\n<p>methylphenidat er en videreudvikling af amfetamin og har visse ligheder med amfetamin og specielt med kokain, som ogs\u00e5 h\u00e6ver niveauerne af dopamin i hjernen. methylphenidat stimulerer de signalstoffer i hjernen, der aktiverer impulsbev\u00e6gelserne mellem hjernens nerveceller &#8211; en aktivitet, der typisk er h\u00e6mmet hos patienter med ADHD.<\/p>\n<p>Da medicin med methyophenidat er centralstimulerende, er der risiko for, at medicinen kan v\u00e6re vanedannende, og stoffet er ligesom amfetamin og kokain p\u00e5 L\u00e6gemiddelstyrelsens liste over euforiserende stoffer p\u00e5 idr\u00e6tsorganisationnernes dopingliste.<\/p>\n<p>N\u00e5r b\u00f8rn bevidst misbruger medikamenterne, kan de opn\u00e5 en amfetaminlignende rus. Men methylphenidat kan if\u00f8lge Sundhedsstyrelsens bivirkningsdatabase give alvorlige skadevirkninger som hurtig hjerterytme, psykiatriske skader, kredsl\u00f8bsforstyrrelser og hjertesygdomme, der forst\u00e6rkes ved overdosering, og som i sidste ende kan v\u00e6re d\u00f8delige.<\/p>\n<p>Men det er ikke kun danske b\u00f8rn som misbruger methylphenidat. Det samme g\u00f8r et stigende antal voksne danskere, som typisk har taget to til tre gange for h\u00f8j dosis.<\/p>\n<p>Det fremg\u00e5r i en unders\u00f8gelse som blandt andre medicinansvarlig overl\u00e6ge p\u00e5 Region Hovedstadens B\u00f8rne- og Ungdomspsykiatrisk Center, Anne Katrine Pagsberg, har v\u00e6ret med til at lave: \u201dAf unders\u00f8gelsen af 394 forgiftede voksne med og uden en ADHD-diagnosen fremg\u00e5r det, at det is\u00e6r er unge m\u00e6nd, som misbruger methylphenidat. Hovedparten har f\u00e5et den ordineret. For 3 procents vedkommende skyldes forgiftningen en fejl, andre har fors\u00f8gt at beg\u00e5 selvmord. 40 procent har gjort det med henblik p\u00e5 misbrug,\u201d forklarer hun til avisen.<\/p>\n<p>I 2014 fik 33.599 danskere mindst en recept p\u00e5 l\u00e6gemidler indeholdende methylphenidat. Der findes ingen samlede opg\u00f8relser over, hvor mange danskere, der misbruger deres medicin.<\/p>\n<p><img loading=\"lazy\" decoding=\"async\" class=\"alignnone size-full wp-image-723\" src=\"https:\/\/bogenommedicinskcannabis.dk\/wp-content\/uploads\/2019\/02\/medicin-ADHD.jpg\" alt=\"\" width=\"1515\" height=\"1136\" srcset=\"https:\/\/bogenommedicinskcannabis.dk\/wp-content\/uploads\/2019\/02\/medicin-ADHD.jpg 1515w, https:\/\/bogenommedicinskcannabis.dk\/wp-content\/uploads\/2019\/02\/medicin-ADHD-300x225.jpg 300w, https:\/\/bogenommedicinskcannabis.dk\/wp-content\/uploads\/2019\/02\/medicin-ADHD-768x576.jpg 768w, https:\/\/bogenommedicinskcannabis.dk\/wp-content\/uploads\/2019\/02\/medicin-ADHD-1024x768.jpg 1024w\" sizes=\"auto, (max-width: 1515px) 100vw, 1515px\" \/><\/p>\n<p><a href=\"#_ftnref1\" name=\"_ftn1\">[1]<\/a> Seks\u00e5rige forgiftes med ADHD-medicin. <a href=\"https:\/\/www.mx.dk\/nyheder\/danmark\/story\/24497913\">https:\/\/www.mx.dk\/nyheder\/danmark\/story\/24497913<\/a><\/p>\n","protected":false},"excerpt":{"rendered":"<p>Mon ikke det kommer bag p\u00e5 de fleste, at mindst et barn hver uge bliver forgiftet med ADHD-medicin. 374 b\u00f8rn, der alle var forgiftede med ADHD-medikamenter, som indeholder det afh\u00e6ngighedsskabende stof methylphenidat, der kan give en rus, har fra 2007 &hellip; <a href=\"https:\/\/bogenommedicinskcannabis.dk\/index.php\/artikler\/medicinsk-cannabis-og-adhd\/er-det-rimeligt-at-give-smaa-boern-potentielt-livstruende-amfetamin-praeparater-som-medicin\/\">L\u00e6s resten <span class=\"meta-nav\">&rarr;<\/span><\/a><\/p>\n","protected":false},"author":1,"featured_media":0,"parent":304,"menu_order":0,"comment_status":"closed","ping_status":"closed","template":"","meta":{"footnotes":""},"class_list":["post-722","page","type-page","status-publish","hentry"],"_links":{"self":[{"href":"https:\/\/bogenommedicinskcannabis.dk\/index.php\/wp-json\/wp\/v2\/pages\/722","targetHints":{"allow":["GET"]}}],"collection":[{"href":"https:\/\/bogenommedicinskcannabis.dk\/index.php\/wp-json\/wp\/v2\/pages"}],"about":[{"href":"https:\/\/bogenommedicinskcannabis.dk\/index.php\/wp-json\/wp\/v2\/types\/page"}],"author":[{"embeddable":true,"href":"https:\/\/bogenommedicinskcannabis.dk\/index.php\/wp-json\/wp\/v2\/users\/1"}],"replies":[{"embeddable":true,"href":"https:\/\/bogenommedicinskcannabis.dk\/index.php\/wp-json\/wp\/v2\/comments?post=722"}],"version-history":[{"count":4,"href":"https:\/\/bogenommedicinskcannabis.dk\/index.php\/wp-json\/wp\/v2\/pages\/722\/revisions"}],"predecessor-version":[{"id":727,"href":"https:\/\/bogenommedicinskcannabis.dk\/index.php\/wp-json\/wp\/v2\/pages\/722\/revisions\/727"}],"up":[{"embeddable":true,"href":"https:\/\/bogenommedicinskcannabis.dk\/index.php\/wp-json\/wp\/v2\/pages\/304"}],"wp:attachment":[{"href":"https:\/\/bogenommedicinskcannabis.dk\/index.php\/wp-json\/wp\/v2\/media?parent=722"}],"curies":[{"name":"wp","href":"https:\/\/api.w.org\/{rel}","templated":true}]}}