{"id":741,"date":"2019-02-24T22:04:52","date_gmt":"2019-02-24T21:04:52","guid":{"rendered":"https:\/\/bogenommedicinskcannabis.dk\/?page_id=741"},"modified":"2019-02-26T21:41:02","modified_gmt":"2019-02-26T20:41:02","slug":"medicinsk-cannabis-kan-lindre-abstinenser-ved-alkoholafvaenning","status":"publish","type":"page","link":"https:\/\/bogenommedicinskcannabis.dk\/index.php\/artikler\/i-stedet-form-haarde-stoffer\/medicinsk-cannabis-kan-lindre-abstinenser-ved-alkoholafvaenning\/","title":{"rendered":"Medicinsk cannabis kan lindre abstinenser og bivirkninger ved alkoholafv\u00e6nning"},"content":{"rendered":"<p>Flere studier om fordelene ved medicinsk cannabis viser, at cannabis er signifikant mindre farlig for personer end alkohol.<a href=\"#_ftn1\" name=\"_ftnref1\">[1]<\/a> Cannabis skader ikke leveren eller andre af kroppens organer og \u00f8del\u00e6gger ikke hjernecellerne. Tv\u00e6rtimod beskytter cannabinoiderne nerveceller mod celled\u00f8d i den periode, hvor kroppen v\u00e6nnes af med trangen til.<a href=\"#_ftn2\" name=\"_ftnref2\">[2]<\/a><\/p>\n<p>For patienter med et alkoholproblem kan det betyde, at de endelig har et valg mellem at tage en kold tyrker med risiko for tilbagefald p\u00e5 grund af abstinenser eller tage medicinsk cannabis for at lindre deres ubehag og beskytte deres hjerneceller under afv\u00e6nningsperioden.<\/p>\n<p><em>Journal of Neuroscience<\/em> publicerede i 2014 et studie, som viste, at cannabinoider ved at opf\u00f8re sig som nervebeskyttende skjold og p\u00e5 den m\u00e5de forebygge hjerneskader i afv\u00e6nningsperioden.<a href=\"#_ftn3\" name=\"_ftnref3\">[3]<\/a> Forskerne konkluderer, at cannabis kan hj\u00e6lpe med at mindske trangen til alkohol, n\u00e5r det bruges som erstatning for at opn\u00e5 fuldst\u00e6ndig afholdenhed og lide mindre i afv\u00e6nningsperioden.<a href=\"#_ftn4\" name=\"_ftnref4\">[4]<\/a><\/p>\n<p><strong>CBD kunne forebygge fedtlever<br \/>\n<\/strong>Det er velkendt, at CBD har antioxidante egenskaber. Forskere besluttede derfor at unders\u00f8ge CBDs evne til at bek\u00e6mpe oxidativt stress i leveren som f\u00f8lge af alkohol. De indspr\u00f8jtede alkohol ind i mus i 5 dage, 2 x dagligt for at fremkalde en effekt p\u00e5 leveren. F\u00f8r dette havde de givet CBD til en gruppe af mus som en forebyggende foranstaltning. Resultatet af studiet viste, at CBD kunne forebygge fedtlever.<\/p>\n<p><strong>Medicinsk cannabis kan desuden behandle en r\u00e6kke bivirkninger eller symptomer p\u00e5 alkoholisme bl.a.<\/strong><\/p>\n<ul>\n<li>Angst<a href=\"#_ftn5\" name=\"_ftnref5\">[5]<\/a><\/li>\n<li>Depression <a href=\"#_ftn6\" name=\"_ftnref6\">[6]<\/a><\/li>\n<li>Stress<\/li>\n<li>Kvalme<a href=\"#_ftn7\" name=\"_ftnref7\">[7]<\/a><\/li>\n<li>Kontrol med alkohol trangen<\/li>\n<\/ul>\n<p>Mange alkoholikere bruger alkohol som medicin mod angst, depression, PTSD, stress og andre psykologiske lidelser. En fornuftig brug af cannabis kan sandsynligvis hj\u00e6lpe med at lindre f\u00f8lelsesm\u00e6ssige lidelser som disse uden fare for afh\u00e6ngighed og abstinenser, som man ser ved receptpligtige l\u00e6gemidler og alkohol.<\/p>\n<p><img loading=\"lazy\" decoding=\"async\" class=\"alignnone size-full wp-image-742\" src=\"https:\/\/bogenommedicinskcannabis.dk\/wp-content\/uploads\/2019\/02\/alkohol6.png\" alt=\"\" width=\"960\" height=\"576\" srcset=\"https:\/\/bogenommedicinskcannabis.dk\/wp-content\/uploads\/2019\/02\/alkohol6.png 960w, https:\/\/bogenommedicinskcannabis.dk\/wp-content\/uploads\/2019\/02\/alkohol6-300x180.png 300w, https:\/\/bogenommedicinskcannabis.dk\/wp-content\/uploads\/2019\/02\/alkohol6-768x461.png 768w\" sizes=\"auto, (max-width: 960px) 100vw, 960px\" \/><\/p>\n<p><a href=\"#_ftnref1\" name=\"_ftn1\">[1]<\/a> <a href=\"https:\/\/www.ncbi.nlm.nih.gov\/pubmed\/?term=Weissenborn%20R%5BAuthor%5D&amp;cauthor=true&amp;cauthor_uid=21926420\">Weissenborn R<\/a><sup>1<\/sup>, <a href=\"https:\/\/www.ncbi.nlm.nih.gov\/pubmed\/?term=Nutt%20DJ%5BAuthor%5D&amp;cauthor=true&amp;cauthor_uid=21926420\">Nutt DJ<\/a>.: Popular intoxicants: what lessons can be learned from the last 40 years of alcohol and cannabis regulation? <a href=\"https:\/\/www.ncbi.nlm.nih.gov\/pubmed\/21926420\">J Psychopharmacol.<\/a> 2012 Feb;26(2):213-20. doi: 10.1177\/0269881111414751. Epub 2011 Sep 17. <a href=\"https:\/\/www.ncbi.nlm.nih.gov\/pubmed\/21926420\">https:\/\/www.ncbi.nlm.nih.gov\/pubmed\/21926420<\/a><br \/>\n<a href=\"#_ftnref2\" name=\"_ftn2\">[2]<\/a> Marina Rubio ,* E-mail: <a href=\"mailto:rubio@cyceron.fr\">rubio@cyceron.fr<\/a> H\u00e9l\u00e8ne Villain Fabian Docagne et al.: Pharmacological Activation\/Inhibition of the Cannabinoid System Affects Alcohol Withdrawal-Induced Neuronal Hypersensitivity to Excitotoxic Insults. PLOS One August 19, 2011 <a href=\"http:\/\/journals.plos.org\/plosone\/article?id=10.1371\/journal.pone.0023690\">http:\/\/journals.plos.org\/plosone\/article?id=10.1371\/journal.pone.0023690<\/a><br \/>\n<a href=\"#_ftnref3\" name=\"_ftn3\">[3]<\/a> Jodi M. Gilman, John K. Kuster, Sang Lee et al.: Cannabis Use Is Quantitatively Associated with Nucleus Accumbens and Amygdala Abnormalities in Young Adult Recreational Users. Journal of Neuroscience 16 April 2014, 34 (16) 5529-5538; DOI: https:\/\/doi.org\/10.1523\/JNEUROSCI.4745-13.2014 . <a href=\"http:\/\/www.jneurosci.org\/content\/34\/16\/5529\">http:\/\/www.jneurosci.org\/content\/34\/16\/5529<\/a><br \/>\n<a href=\"#_ftnref4\" name=\"_ftn4\">[4]<\/a> <a href=\"https:\/\/www.sciencedirect.com\/science\/article\/pii\/S0891584913015670#!\">LiliYang<sup>a1<\/sup><\/a><a href=\"https:\/\/www.sciencedirect.com\/science\/article\/pii\/S0891584913015670#!\">RaphaelRozenfeld<sup>b1<\/sup><\/a><a href=\"https:\/\/www.sciencedirect.com\/science\/article\/pii\/S0891584913015670#!\">DefengWu<\/a> et al.: Cannabidiol protects liver from binge alcohol-induced steatosis by mechanisms including inhibition of oxidative stress and increase in autophagy. <a href=\"https:\/\/www.sciencedirect.com\/science\/journal\/08915849\">Free Radical Biology and Medicine<\/a><br \/>\n<a href=\"https:\/\/www.sciencedirect.com\/science\/journal\/08915849\/68\/supp\/C\">Volume 68<\/a>, March 2014, Pages 260-267. <a href=\"https:\/\/www.sciencedirect.com\/science\/article\/pii\/S0891584913015670\">https:\/\/www.sciencedirect.com\/science\/article\/pii\/S0891584913015670<\/a><br \/>\n<a href=\"#_ftnref5\" name=\"_ftn5\">[5]<\/a> Medical Marijuana and Anxiety Disorders. <a href=\"https:\/\/www.marijuanadoctors.com\/conditions\/anxiety-disorders\/\">https:\/\/www.marijuanadoctors.com\/conditions\/anxiety-disorders\/<\/a><br \/>\n<a href=\"#_ftnref6\" name=\"_ftn6\">[6]<\/a> Medical Marijuana and Major Depression. <a href=\"https:\/\/www.marijuanadoctors.com\/conditions\/major-depression\/\">https:\/\/www.marijuanadoctors.com\/conditions\/major-depression\/<\/a><br \/>\n<a href=\"#_ftnref7\" name=\"_ftn7\">[7]<\/a> Medical Marijuana and Severe Nausea. <a href=\"https:\/\/www.marijuanadoctors.com\/conditions\/severe-nausea\/\">https:\/\/www.marijuanadoctors.com\/conditions\/severe-nausea\/<\/a><\/p>\n","protected":false},"excerpt":{"rendered":"<p>Flere studier om fordelene ved medicinsk cannabis viser, at cannabis er signifikant mindre farlig for personer end alkohol.[1] Cannabis skader ikke leveren eller andre af kroppens organer og \u00f8del\u00e6gger ikke hjernecellerne. Tv\u00e6rtimod beskytter cannabinoiderne nerveceller mod celled\u00f8d i den periode, &hellip; <a href=\"https:\/\/bogenommedicinskcannabis.dk\/index.php\/artikler\/i-stedet-form-haarde-stoffer\/medicinsk-cannabis-kan-lindre-abstinenser-ved-alkoholafvaenning\/\">L\u00e6s resten <span class=\"meta-nav\">&rarr;<\/span><\/a><\/p>\n","protected":false},"author":1,"featured_media":0,"parent":635,"menu_order":0,"comment_status":"closed","ping_status":"closed","template":"","meta":{"footnotes":""},"class_list":["post-741","page","type-page","status-publish","hentry"],"_links":{"self":[{"href":"https:\/\/bogenommedicinskcannabis.dk\/index.php\/wp-json\/wp\/v2\/pages\/741","targetHints":{"allow":["GET"]}}],"collection":[{"href":"https:\/\/bogenommedicinskcannabis.dk\/index.php\/wp-json\/wp\/v2\/pages"}],"about":[{"href":"https:\/\/bogenommedicinskcannabis.dk\/index.php\/wp-json\/wp\/v2\/types\/page"}],"author":[{"embeddable":true,"href":"https:\/\/bogenommedicinskcannabis.dk\/index.php\/wp-json\/wp\/v2\/users\/1"}],"replies":[{"embeddable":true,"href":"https:\/\/bogenommedicinskcannabis.dk\/index.php\/wp-json\/wp\/v2\/comments?post=741"}],"version-history":[{"count":3,"href":"https:\/\/bogenommedicinskcannabis.dk\/index.php\/wp-json\/wp\/v2\/pages\/741\/revisions"}],"predecessor-version":[{"id":799,"href":"https:\/\/bogenommedicinskcannabis.dk\/index.php\/wp-json\/wp\/v2\/pages\/741\/revisions\/799"}],"up":[{"embeddable":true,"href":"https:\/\/bogenommedicinskcannabis.dk\/index.php\/wp-json\/wp\/v2\/pages\/635"}],"wp:attachment":[{"href":"https:\/\/bogenommedicinskcannabis.dk\/index.php\/wp-json\/wp\/v2\/media?parent=741"}],"curies":[{"name":"wp","href":"https:\/\/api.w.org\/{rel}","templated":true}]}}