{"id":745,"date":"2019-02-24T22:15:44","date_gmt":"2019-02-24T21:15:44","guid":{"rendered":"https:\/\/bogenommedicinskcannabis.dk\/?page_id=745"},"modified":"2019-02-26T21:41:42","modified_gmt":"2019-02-26T20:41:42","slug":"cannabis-kan-anvendes-til-afvaenning-af-opioider","status":"publish","type":"page","link":"https:\/\/bogenommedicinskcannabis.dk\/index.php\/artikler\/i-stedet-form-haarde-stoffer\/cannabis-kan-anvendes-til-afvaenning-af-opioider\/","title":{"rendered":"Cannabis kan anvendes til afv\u00e6nning af opioider"},"content":{"rendered":"<p>If\u00f8lge et studie fra 2013 kan cannabis v\u00e6re en hj\u00e6lp mod abstinenser under afv\u00e6nning med metadon.<a href=\"#_ftn1\" name=\"_ftnref1\">[1]<\/a> Studiet blev udf\u00f8rt p\u00e5 Thomas Jefferson University og viser, at medicinsk cannabis kan have potentiale til at kunne bruges i fremtidig misbrugsbehandling.<a href=\"#_ftn2\" name=\"_ftnref2\">[2]<\/a><\/p>\n<p>Universitetet var hjemsted for observationen af 91 patienter, der fik metadon behandling. Metadon er en almindelig behandlingsform, n\u00e5r brugere skal afv\u00e6nnes fra brug af smertestillende, morfin-lignende l\u00e6gemidler. Det kan v\u00e6re effektivt, men har ogs\u00e5 en r\u00e6kke negative bivirkninger som angst, muskelsmerter, mavekramper, s\u00f8vnl\u00f8shed, kvalme, appetitl\u00f8shed og psykologisk afh\u00e6ngighed.<\/p>\n<p>Der er kun f\u00e5 rapporterede bivirkninger og der er sandsynligvis flere, der ikke rapporteres. M\u00e5ske er den mest skr\u00e6mmende den psykiske afh\u00e6ngighed. En patient, der er afh\u00e6ngig af opioider, f\u00e5r tilbudt en behandling, som skal bryde deres afh\u00e6ngighed og i stedet for at helbrede patienten, f\u00e5r de snart liges\u00e5 stort behov for den nye behandling.<\/p>\n<p><strong>Brugen af cannabis reducerer abstinenssymptomerne<br \/>\n<\/strong>If\u00f8lge studiet fra Thomas Jefferson University nedsatte cannabis f\u00f8r og under behandlingen patienternes score p\u00e5 m\u00e5lemetoden Clinical Opiate Withdrawal Scale (COWS). Denne skala bruges til objektivt at bestemme symptomer hos opioid-afh\u00e6ngige patienter.<\/p>\n<p>Studiet viser, at cannabis kan v\u00e6re med til at opn\u00e5 bedre resultater af metadon behandlingen. Det skyldes, at det reducerer m\u00e6ngden af abstinenser, som patienten oplever. Medicinsk cannabis anvendes allerede med succes i udlandet til at behandle disse symptomer med sm\u00e5 eller ingen kendte bivirkninger.<\/p>\n<p>\u201cCannabis har ikke de fysiske afh\u00e6ngigheds komponenter, som opioider har,\u201d siger Shelley Stormo, en klinisk psykolog ved Gosnold. Der er heller ikke den risiko for overdosering, som opioider har. Der har aldrig v\u00e6ret et dokumenteret d\u00f8dsfald som f\u00f8lge af overdosis af cannabis.<\/p>\n<p><img loading=\"lazy\" decoding=\"async\" class=\"alignnone size-full wp-image-746\" src=\"https:\/\/bogenommedicinskcannabis.dk\/wp-content\/uploads\/2019\/02\/cannabis-sammen-med-l\u00e6gemidler2.jpg\" alt=\"\" width=\"1296\" height=\"728\" srcset=\"https:\/\/bogenommedicinskcannabis.dk\/wp-content\/uploads\/2019\/02\/cannabis-sammen-med-l\u00e6gemidler2.jpg 1296w, https:\/\/bogenommedicinskcannabis.dk\/wp-content\/uploads\/2019\/02\/cannabis-sammen-med-l\u00e6gemidler2-300x169.jpg 300w, https:\/\/bogenommedicinskcannabis.dk\/wp-content\/uploads\/2019\/02\/cannabis-sammen-med-l\u00e6gemidler2-768x431.jpg 768w, https:\/\/bogenommedicinskcannabis.dk\/wp-content\/uploads\/2019\/02\/cannabis-sammen-med-l\u00e6gemidler2-1024x575.jpg 1024w\" sizes=\"auto, (max-width: 1296px) 100vw, 1296px\" \/><\/p>\n<p><a href=\"#_ftnref1\" name=\"_ftn1\">[1]<\/a> Cannabis Shown To Ease Symptoms During Opiate Withdrawal. <a href=\"https:\/\/www.medicaljane.com\/2013\/07\/21\/cannabis-shown-to-ease-opiate-withdrawal\/\">https:\/\/www.medicaljane.com\/2013\/07\/21\/cannabis-shown-to-ease-opiate-withdrawal\/<\/a><br \/>\n<a href=\"#_ftnref2\" name=\"_ftn2\">[2]<\/a> <a href=\"https:\/\/www.ncbi.nlm.nih.gov\/pubmed\/?term=Scavone%20JL%5BAuthor%5D&amp;cauthor=true&amp;cauthor_uid=23795873\">Scavone JL<\/a><sup>1<\/sup>, <a href=\"https:\/\/www.ncbi.nlm.nih.gov\/pubmed\/?term=Sterling%20RC%5BAuthor%5D&amp;cauthor=true&amp;cauthor_uid=23795873\">Sterling RC<\/a>, <a href=\"https:\/\/www.ncbi.nlm.nih.gov\/pubmed\/?term=Weinstein%20SP%5BAuthor%5D&amp;cauthor=true&amp;cauthor_uid=23795873\">Weinstein SP<\/a>, <a href=\"https:\/\/www.ncbi.nlm.nih.gov\/pubmed\/?term=Van%20Bockstaele%20EJ%5BAuthor%5D&amp;cauthor=true&amp;cauthor_uid=23795873\">Van Bockstaele EJ<\/a>.: Impact of cannabis use during stabilization on methadone maintenance treatment. <a href=\"https:\/\/www.ncbi.nlm.nih.gov\/pubmed\/23795873\">Am J Addict.<\/a> 2013 Jul-Aug;22(4):344-51. doi: 10.1111\/j.1521-0391.2013.12044.x. <a href=\"https:\/\/www.ncbi.nlm.nih.gov\/pubmed\/23795873\">https:\/\/www.ncbi.nlm.nih.gov\/pubmed\/23795873<\/a><\/p>\n","protected":false},"excerpt":{"rendered":"<p>If\u00f8lge et studie fra 2013 kan cannabis v\u00e6re en hj\u00e6lp mod abstinenser under afv\u00e6nning med metadon.[1] Studiet blev udf\u00f8rt p\u00e5 Thomas Jefferson University og viser, at medicinsk cannabis kan have potentiale til at kunne bruges i fremtidig misbrugsbehandling.[2] Universitetet var &hellip; <a href=\"https:\/\/bogenommedicinskcannabis.dk\/index.php\/artikler\/i-stedet-form-haarde-stoffer\/cannabis-kan-anvendes-til-afvaenning-af-opioider\/\">L\u00e6s resten <span class=\"meta-nav\">&rarr;<\/span><\/a><\/p>\n","protected":false},"author":1,"featured_media":0,"parent":635,"menu_order":0,"comment_status":"closed","ping_status":"closed","template":"","meta":{"footnotes":""},"class_list":["post-745","page","type-page","status-publish","hentry"],"_links":{"self":[{"href":"https:\/\/bogenommedicinskcannabis.dk\/index.php\/wp-json\/wp\/v2\/pages\/745","targetHints":{"allow":["GET"]}}],"collection":[{"href":"https:\/\/bogenommedicinskcannabis.dk\/index.php\/wp-json\/wp\/v2\/pages"}],"about":[{"href":"https:\/\/bogenommedicinskcannabis.dk\/index.php\/wp-json\/wp\/v2\/types\/page"}],"author":[{"embeddable":true,"href":"https:\/\/bogenommedicinskcannabis.dk\/index.php\/wp-json\/wp\/v2\/users\/1"}],"replies":[{"embeddable":true,"href":"https:\/\/bogenommedicinskcannabis.dk\/index.php\/wp-json\/wp\/v2\/comments?post=745"}],"version-history":[{"count":1,"href":"https:\/\/bogenommedicinskcannabis.dk\/index.php\/wp-json\/wp\/v2\/pages\/745\/revisions"}],"predecessor-version":[{"id":747,"href":"https:\/\/bogenommedicinskcannabis.dk\/index.php\/wp-json\/wp\/v2\/pages\/745\/revisions\/747"}],"up":[{"embeddable":true,"href":"https:\/\/bogenommedicinskcannabis.dk\/index.php\/wp-json\/wp\/v2\/pages\/635"}],"wp:attachment":[{"href":"https:\/\/bogenommedicinskcannabis.dk\/index.php\/wp-json\/wp\/v2\/media?parent=745"}],"curies":[{"name":"wp","href":"https:\/\/api.w.org\/{rel}","templated":true}]}}