{"id":749,"date":"2019-02-25T09:33:21","date_gmt":"2019-02-25T08:33:21","guid":{"rendered":"https:\/\/bogenommedicinskcannabis.dk\/?page_id=749"},"modified":"2019-02-26T21:42:45","modified_gmt":"2019-02-26T20:42:45","slug":"cochrane-tvivl-om-hvor-godt-adhd-medicin-virker","status":"publish","type":"page","link":"https:\/\/bogenommedicinskcannabis.dk\/index.php\/artikler\/medicinsk-cannabis-og-adhd\/cochrane-tvivl-om-hvor-godt-adhd-medicin-virker\/","title":{"rendered":"Cochrane: Tvivl om hvor godt ADHD-medicin virker"},"content":{"rendered":"<p>Over 34.000 danskere \u2013 heraf knap 16.000 under 20 \u00e5r &#8211; tager ADHD-medicin, men beviserne for, at medicinen forbedrer b\u00f8rnenes liv, mangler, konkluderer nyt stort studie.<a href=\"#_ftn1\" name=\"_ftnref1\">[1]<\/a><\/p>\n<p>En ny unders\u00f8gelse fra forskningsnetv\u00e6rket Cochrane s\u00e5r tvivl om, hvorvidt medicinen overhovedet har nogen effekt \u2013 i mods\u00e6tning til, hvad internationale studier ellers har p\u00e5vist.<\/p>\n<p>Det fortalte l\u00e6ge Camilla Groth Jakobsen fra Herlev Hospital, der er en del af det internationale forskerhold, til DR.<a href=\"#_ftn2\" name=\"_ftnref2\">[2]<\/a> \u201dUd fra de studier, vi har unders\u00f8gt, kan man ikke sige, om der er en positiv effekt af medicinen, eller om bivirkningerne overskygger den positive effekt,\u201d sagde hun.<\/p>\n<p><strong>Om unders\u00f8gelsen<\/strong><br \/>\nCochrane forskerne har i alt unders\u00f8gt 185 tilf\u00e6ldigt udvalgte randomiserede, kontrollerede studier af medicinens p\u00e5virkning af b\u00f8rn i alderen 3 til 18 \u00e5r &#8211; 12.245 b\u00f8rn og unge. Studierne er prim\u00e6rt udf\u00f8rt i USA, Canada og Europa. <a href=\"#_ftn3\" name=\"_ftnref3\">[3]<\/a> Overraskende nok var konklusionen, at der mangler beviser for, at der rent faktisk er nogen positiv effekt af at tage medicinen.<\/p>\n<p>\u201dI \u00f8jeblikket betyder kvaliteten af unders\u00f8gelserne, at vi ikke med sikkerhed kan sige, om det forbedrer livet for b\u00f8rn og unge, hvis de tager metylfenidat mod ADHD,\u201d st\u00e5r der i konklusionen af studiet.<\/p>\n<p><strong>Resultater v\u00e6kker forundring og bekymring<br \/>\n<\/strong>At effekten af medicinerne ikke er bedre bevist, kommer bag p\u00e5 seniorforsker, psykolog Ole J. Storeb\u00f8, hovedforfatter p\u00e5 gennemgangen af metylfenidat, som er det aktive stof i ADHD-mediciner, som for eksempel Ritalin og Concerta.<\/p>\n<p>\u201dOpfattelsen har v\u00e6ret, at der er rigtig god evidens og effekt af disse mediciner, s\u00e5 det har v\u00e6ret meget overraskende at finde ud af, at evidensen er s\u00e5 usikker p\u00e5 grund af den d\u00e5rlige kvalitet af de inkluderede studier, at man ikke kan sige noget om st\u00f8rrelsen af effekten.\u201d<\/p>\n<p><strong>En rygende pistol<br \/>\n<\/strong>Hos Generalsekret\u00e6r for Bedre Psykiatri, Thorstein Theilgaard, v\u00e6kker unders\u00f8gelsen st\u00e6rk bekymring: \u201dDet ligner et yderst solidt studie. En rygende pistol, som dels peger anklagende p\u00e5 de medicinske regimer, som vi byder vores psykiatrisk syge b\u00f8rn og unge, dels p\u00e5 den manglende forskning.\u201d<\/p>\n<p><strong>Langtidsbivirkningerne ikke tilstr\u00e6kkeligt unders\u00f8gt<br \/>\n<\/strong>Et andet problem er if\u00f8lge Ole Storeb\u00f8 unders\u00f8gelserne af langtidsbivirkninger:<\/p>\n<p>\u201dDe er heller ikke s\u00e6rlig gode, og det er et problem, da man ofte tager disse mediciner i mange \u00e5r.\u201d<\/p>\n<p>\u201dAf de 185 studier fandt vi kun seks studier med h\u00f8j kvalitet. Det studie inkluderer 183 deltagere ud af de 12.245 deltagere, der var i det samlede studie,\u201d sagde Camilla Groth Jakobsen, og fortalte, at medicinalindustrien i flere tilf\u00e6lde har finansieret studierne:<\/p>\n<p>\u201dI 72 ud af de 185 studier var studierne finansieret af medicinalindustrien.\u201d Hun p\u00e5peger, at der fremover er behov for bedre studier af l\u00e6ngere varighed, som kan p\u00e5vise, om der en effekt af ADHD-medicinen og st\u00f8rrelsen heraf.<\/p>\n<p><img loading=\"lazy\" decoding=\"async\" class=\"alignnone size-full wp-image-750\" src=\"https:\/\/bogenommedicinskcannabis.dk\/wp-content\/uploads\/2019\/02\/medicin-ADHD1.png\" alt=\"\" width=\"800\" height=\"400\" srcset=\"https:\/\/bogenommedicinskcannabis.dk\/wp-content\/uploads\/2019\/02\/medicin-ADHD1.png 800w, https:\/\/bogenommedicinskcannabis.dk\/wp-content\/uploads\/2019\/02\/medicin-ADHD1-300x150.png 300w, https:\/\/bogenommedicinskcannabis.dk\/wp-content\/uploads\/2019\/02\/medicin-ADHD1-768x384.png 768w\" sizes=\"auto, (max-width: 800px) 100vw, 800px\" \/><\/p>\n<p><a href=\"#_ftnref1\" name=\"_ftn1\">[1]<\/a> Forskere: Tvivl om hvor godt ADHD-medicin virker. <a href=\"https:\/\/www.mx.dk\/nyheder\/danmark\/story\/13343239\">https:\/\/www.mx.dk\/nyheder\/danmark\/story\/13343239<\/a><br \/>\n<a href=\"#_ftnref2\" name=\"_ftn2\">[2]<\/a> Forskere s\u00e5r tvivl: ADHD-medicin til b\u00f8rn og unge virker ikke n\u00f8dvendigvis. <a href=\"https:\/\/www.dr.dk\/nyheder\/indland\/forskere-saar-tvivl-adhd-medicin-til-boern-og-unge-virker-ikke-noedvendigvis\">https:\/\/www.dr.dk\/nyheder\/indland\/forskere-saar-tvivl-adhd-medicin-til-boern-og-unge-virker-ikke-noedvendigvis<\/a><br \/>\n<a href=\"#_ftnref3\" name=\"_ftn3\">[3]<\/a> Ole Jakob Storeb\u00f8, Erica Ramstad, Helle B. Krogh et al.: Methylphenidate for children and adolescents with attention deficit hyperactivity disorder (ADHD). <a href=\"http:\/\/onlinelibrary.wiley.com\/doi\/10.1002\/14651858.CD009885.pub2\/abstract\">http:\/\/onlinelibrary.wiley.com\/doi\/10.1002\/14651858.CD009885.pub2\/abstract<\/a><br \/>\nForskere s\u00e5r tvivl: ADHD-medicin til b\u00f8rn og unge virker ikke n\u00f8dvendigvis. <a href=\"https:\/\/www.dr.dk\/nyheder\/indland\/forskere-saar-tvivl-adhd-medicin-til-boern-og-unge-virker-ikke-noedvendigvis\">https:\/\/www.dr.dk\/nyheder\/indland\/forskere-saar-tvivl-adhd-medicin-til-boern-og-unge-virker-ikke-noedvendigvis<\/a><\/p>\n","protected":false},"excerpt":{"rendered":"<p>Over 34.000 danskere \u2013 heraf knap 16.000 under 20 \u00e5r &#8211; tager ADHD-medicin, men beviserne for, at medicinen forbedrer b\u00f8rnenes liv, mangler, konkluderer nyt stort studie.[1] En ny unders\u00f8gelse fra forskningsnetv\u00e6rket Cochrane s\u00e5r tvivl om, hvorvidt medicinen overhovedet har nogen &hellip; <a href=\"https:\/\/bogenommedicinskcannabis.dk\/index.php\/artikler\/medicinsk-cannabis-og-adhd\/cochrane-tvivl-om-hvor-godt-adhd-medicin-virker\/\">L\u00e6s resten <span class=\"meta-nav\">&rarr;<\/span><\/a><\/p>\n","protected":false},"author":1,"featured_media":0,"parent":304,"menu_order":0,"comment_status":"closed","ping_status":"closed","template":"","meta":{"footnotes":""},"class_list":["post-749","page","type-page","status-publish","hentry"],"_links":{"self":[{"href":"https:\/\/bogenommedicinskcannabis.dk\/index.php\/wp-json\/wp\/v2\/pages\/749","targetHints":{"allow":["GET"]}}],"collection":[{"href":"https:\/\/bogenommedicinskcannabis.dk\/index.php\/wp-json\/wp\/v2\/pages"}],"about":[{"href":"https:\/\/bogenommedicinskcannabis.dk\/index.php\/wp-json\/wp\/v2\/types\/page"}],"author":[{"embeddable":true,"href":"https:\/\/bogenommedicinskcannabis.dk\/index.php\/wp-json\/wp\/v2\/users\/1"}],"replies":[{"embeddable":true,"href":"https:\/\/bogenommedicinskcannabis.dk\/index.php\/wp-json\/wp\/v2\/comments?post=749"}],"version-history":[{"count":1,"href":"https:\/\/bogenommedicinskcannabis.dk\/index.php\/wp-json\/wp\/v2\/pages\/749\/revisions"}],"predecessor-version":[{"id":751,"href":"https:\/\/bogenommedicinskcannabis.dk\/index.php\/wp-json\/wp\/v2\/pages\/749\/revisions\/751"}],"up":[{"embeddable":true,"href":"https:\/\/bogenommedicinskcannabis.dk\/index.php\/wp-json\/wp\/v2\/pages\/304"}],"wp:attachment":[{"href":"https:\/\/bogenommedicinskcannabis.dk\/index.php\/wp-json\/wp\/v2\/media?parent=749"}],"curies":[{"name":"wp","href":"https:\/\/api.w.org\/{rel}","templated":true}]}}