{"id":752,"date":"2019-02-25T10:10:54","date_gmt":"2019-02-25T09:10:54","guid":{"rendered":"https:\/\/bogenommedicinskcannabis.dk\/?page_id=752"},"modified":"2019-02-26T21:43:50","modified_gmt":"2019-02-26T20:43:50","slug":"cannabis-foerer-ikke-til-haardere-stoffer-men-kan-behandle-afhaengighed-af-andre-stoffer","status":"publish","type":"page","link":"https:\/\/bogenommedicinskcannabis.dk\/index.php\/artikler\/i-stedet-form-haarde-stoffer\/cannabis-foerer-ikke-til-haardere-stoffer-men-kan-behandle-afhaengighed-af-andre-stoffer\/","title":{"rendered":"Cannabis f\u00f8rer ikke til h\u00e5rdere stoffer, men kan behandle afh\u00e6ngighed af andre stoffer"},"content":{"rendered":"<p>I det seneste af et dusin studier, som fremh\u00e6ver de mange sundhedsm\u00e6ssige fordele ved cannabis, viser canadiske forskere, at cannabis ikke bare er effektiv mod smerter, men det kan ogs\u00e5 reducere brugerens afh\u00e6ngighed af tobak, alkohol og kan erstatte mange receptpligtige l\u00e6gemidler, herunder anti-depressive l\u00e6gemidler.<a href=\"#_ftn1\" name=\"_ftnref1\">[1]<\/a><\/p>\n<p>Studiet, som blev publiceret i <em>International Journal of Drug Policy <\/em>i 2013, omfattede 127 deltagere i Canadas <a href=\"http:\/\/www.laws-lois.justice.gc.ca\/eng\/regulations\/SOR-2013-119\/\">Marihuana for Medical Purposes<\/a>\u00a0program<a href=\"#_ftn2\" name=\"_ftnref2\">[2]<\/a> og viste, hvordan cannabis kan hj\u00e6lpe med at lindre stof-afh\u00e6ngighed.<a href=\"#_ftn3\" name=\"_ftnref3\">[3]<\/a><\/p>\n<p>\u201dDette studie er det f\u00f8rste, som specificerer de klasser af receptpligtige l\u00e6gemidler, for hvilke cannabis kan bruges som erstatning og matche denne erstatning til specifikke diagnosekategorier, \u201d fastsl\u00e5r studiet, som kaldes det f\u00f8rste omfattende studie af personer, der er optaget i Canadas program vedr\u00f8rende medicinsk cannabis, og forskerne p\u00e5peger, at cannabis ikke virker som en genvej til h\u00e5rdere stoffer, hvilket er den afg\u00f8rende pr\u00e6mis for forbuddet.<\/p>\n<p>\u201dCannabis anses for at v\u00e6re en effektivt behandling for forskellige lidelser med smerter og mental sundhed som de mest fremtr\u00e6dende,\u201dskrev de ledende forskere Philippe Lucas fra University of Victoria og Zach Walsh fra University of British Columbia.<\/p>\n<p>Ved at analysere 107 sp\u00f8rgsm\u00e5l, som studiets deltagere besvarede online ang\u00e5ende demografi, brugsm\u00f8nstre og effekten af cannabis som erstatning, fandt forskerne, at hele 63% brugte cannabis som erstatning for receptpligtige l\u00e6gemidler, heraf erstattede 30% opioider med cannabis. Opioider er morfin-lignende smertestillende l\u00e6gemidler.<\/p>\n<p>Hele 16% brugte cannabis som et alternativ til benzodiazepiner som Xanax eller Valium \u2013 som behandling for angst og s\u00f8vnproblemer, mens 12% valgte cannabis fremfor anti-depressive midler for at lindre symptomer p\u00e5 depression.<\/p>\n<p>25% af deltagerne havde erstattet alkohol med cannabis, og for 12% var cannabis at foretr\u00e6kke fremfor tobak. 3% af respondenterne havde erstattet h\u00e5rde stoffer med cannabis. 42% fik deres cannabis p\u00e5 det sorte marked.<\/p>\n<p><strong>Er cannabis hemmeligheden bag bek\u00e6mpelse af afh\u00e6ngighed af opioider?<br \/>\n<\/strong>Dette studie er ikke det f\u00f8rste, der unders\u00f8ger muligheden for medicinsk cannabis som behandling for afh\u00e6ngighed af opioider. Tidligere studier har fremh\u00e6vet fordelene ved moderat cannabis brug, n\u00e5r de var i behandling for afh\u00e6ngighed og stater, som har lovliggjort medicinsk cannabis, ser f\u00e6rre d\u00f8dsfald p\u00e5 grund af overdosis af opioider. <a href=\"#_ftn4\" name=\"_ftnref4\">[4]<\/a><\/p>\n<p><img loading=\"lazy\" decoding=\"async\" class=\"alignnone size-full wp-image-753\" src=\"https:\/\/bogenommedicinskcannabis.dk\/wp-content\/uploads\/2019\/02\/medicin-opioider.jpg\" alt=\"\" width=\"540\" height=\"282\" srcset=\"https:\/\/bogenommedicinskcannabis.dk\/wp-content\/uploads\/2019\/02\/medicin-opioider.jpg 540w, https:\/\/bogenommedicinskcannabis.dk\/wp-content\/uploads\/2019\/02\/medicin-opioider-300x157.jpg 300w\" sizes=\"auto, (max-width: 540px) 100vw, 540px\" \/><\/p>\n<p><a href=\"#_ftnref1\" name=\"_ftn1\">[1]<\/a> Study Confirms Pot Is NOT A Gateway Drug, Can Treat Tobacco And Opioid Addiction. <a href=\"http:\/\/www.trueactivist.com\/study-confirms-pot-is-not-a-gateway-drug-can-treat-tobacco-and-opoid-addiction\/\">http:\/\/www.trueactivist.com\/study-confirms-pot-is-not-a-gateway-drug-can-treat-tobacco-and-opoid-addiction\/<\/a><br \/>\n<a href=\"https:\/\/www.ncbi.nlm.nih.gov\/pubmed\/?term=Scavone%20JL%5BAuthor%5D&amp;cauthor=true&amp;cauthor_uid=23795873\">Scavone JL<\/a><sup>1<\/sup>, <a href=\"https:\/\/www.ncbi.nlm.nih.gov\/pubmed\/?term=Sterling%20RC%5BAuthor%5D&amp;cauthor=true&amp;cauthor_uid=23795873\">Sterling RC<\/a>, <a href=\"https:\/\/www.ncbi.nlm.nih.gov\/pubmed\/?term=Weinstein%20SP%5BAuthor%5D&amp;cauthor=true&amp;cauthor_uid=23795873\">Weinstein SP<\/a>. Et al.: Impact of cannabis use during stabilization on methadone maintenance treatment. <a href=\"https:\/\/www.ncbi.nlm.nih.gov\/pubmed\/23795873\">Am J Addict.<\/a> 2013 Jul-Aug;22(4):344-51. doi: 10.1111\/j.1521-0391.2013.12044.x. <a href=\"https:\/\/www.ncbi.nlm.nih.gov\/pubmed\/23795873\">https:\/\/www.ncbi.nlm.nih.gov\/pubmed\/23795873<\/a><br \/>\n<a href=\"#_ftnref2\" name=\"_ftn2\">[2]<\/a> Marihuana for Medical Purposes Regulations. <a href=\"http:\/\/www.laws-lois.justice.gc.ca\/eng\/regulations\/SOR-2013-119\/\">http:\/\/www.laws-lois.justice.gc.ca\/eng\/regulations\/SOR-2013-119\/<\/a><br \/>\n<a href=\"#_ftnref3\" name=\"_ftn3\">[3]<\/a> Philippe Lucas, Zach Walsh: Medical cannabis access, use, and substitution for prescription opioids and other substances: A survey of authorized medical cannabis patients. Drug policy <a href=\"http:\/\/www.ijdp.org\/issue\/S0955-3959(17)X0002-9\">April 2017<\/a>Volume 42, Pages\u00a030\u201335. <strong>x<br \/>\n<\/strong><a href=\"http:\/\/www.ijdp.org\/article\/S0955-3959(17)30013-0\/abstract\">http:\/\/www.ijdp.org\/article\/S0955-3959(17)30013-0\/abstract<\/a><br \/>\n<a href=\"#_ftnref4\" name=\"_ftn4\">[4]<\/a> Bisara A, Sullivan M, Glass A, Mishlen K, Pavlicova M, Haney M, et al. The effects of dronabinol during detoxification and the initiation of treatment with extended release naltrexone.\u00a0<em>Drug and Alcohol Dependenc<\/em>e. 2015.<\/p>\n","protected":false},"excerpt":{"rendered":"<p>I det seneste af et dusin studier, som fremh\u00e6ver de mange sundhedsm\u00e6ssige fordele ved cannabis, viser canadiske forskere, at cannabis ikke bare er effektiv mod smerter, men det kan ogs\u00e5 reducere brugerens afh\u00e6ngighed af tobak, alkohol og kan erstatte mange &hellip; <a href=\"https:\/\/bogenommedicinskcannabis.dk\/index.php\/artikler\/i-stedet-form-haarde-stoffer\/cannabis-foerer-ikke-til-haardere-stoffer-men-kan-behandle-afhaengighed-af-andre-stoffer\/\">L\u00e6s resten <span class=\"meta-nav\">&rarr;<\/span><\/a><\/p>\n","protected":false},"author":1,"featured_media":0,"parent":635,"menu_order":0,"comment_status":"closed","ping_status":"closed","template":"","meta":{"footnotes":""},"class_list":["post-752","page","type-page","status-publish","hentry"],"_links":{"self":[{"href":"https:\/\/bogenommedicinskcannabis.dk\/index.php\/wp-json\/wp\/v2\/pages\/752","targetHints":{"allow":["GET"]}}],"collection":[{"href":"https:\/\/bogenommedicinskcannabis.dk\/index.php\/wp-json\/wp\/v2\/pages"}],"about":[{"href":"https:\/\/bogenommedicinskcannabis.dk\/index.php\/wp-json\/wp\/v2\/types\/page"}],"author":[{"embeddable":true,"href":"https:\/\/bogenommedicinskcannabis.dk\/index.php\/wp-json\/wp\/v2\/users\/1"}],"replies":[{"embeddable":true,"href":"https:\/\/bogenommedicinskcannabis.dk\/index.php\/wp-json\/wp\/v2\/comments?post=752"}],"version-history":[{"count":2,"href":"https:\/\/bogenommedicinskcannabis.dk\/index.php\/wp-json\/wp\/v2\/pages\/752\/revisions"}],"predecessor-version":[{"id":800,"href":"https:\/\/bogenommedicinskcannabis.dk\/index.php\/wp-json\/wp\/v2\/pages\/752\/revisions\/800"}],"up":[{"embeddable":true,"href":"https:\/\/bogenommedicinskcannabis.dk\/index.php\/wp-json\/wp\/v2\/pages\/635"}],"wp:attachment":[{"href":"https:\/\/bogenommedicinskcannabis.dk\/index.php\/wp-json\/wp\/v2\/media?parent=752"}],"curies":[{"name":"wp","href":"https:\/\/api.w.org\/{rel}","templated":true}]}}