{"id":760,"date":"2019-02-25T10:43:15","date_gmt":"2019-02-25T09:43:15","guid":{"rendered":"https:\/\/bogenommedicinskcannabis.dk\/?page_id=760"},"modified":"2019-02-26T21:44:51","modified_gmt":"2019-02-26T20:44:51","slug":"medicinsk-cannabis-til-boern-med-autisme","status":"publish","type":"page","link":"https:\/\/bogenommedicinskcannabis.dk\/index.php\/artikler\/cannabis-og-autisme\/medicinsk-cannabis-til-boern-med-autisme\/","title":{"rendered":"Medicinsk cannabis til b\u00f8rn med autisme"},"content":{"rendered":"<p style=\"text-align: left;\">Den amerikanske b\u00f8rnel\u00e6ge Bonni Goldstein er en af de l\u00e6ger, der har l\u00e6ngst og mest omfattende erfaring med behandling af b\u00f8rn med medicinsk cannabis. Derfor er det vigtigt at lytte til, hvad hun har observeret i \u00e5renes l\u00f8b. \u201dMange for\u00e6ldre kommer til min klinik for at s\u00f8ge hj\u00e6lp til deres b\u00f8rn, som lider af autisme. De tre hovedsymptomer, der udfordrer disse familier, er kommunikationsbesv\u00e6r, gentagen adf\u00e6rd og sociale problemer, herunder raserianfald og selvskadende adf\u00e6rd,\u201d fort\u00e6ller hun.<a href=\"#_ftn1\" name=\"_ftnref1\">[1]<\/a><\/p>\n<p>Selvom myndighederne har godkendt anti-psykotiske l\u00e6gemidler til behandling af den irritabilitet, der er associeret med autisme, har de v\u00e6sentlige bivirkninger og er ikke altid effektive, og familierne efterlades derfor ofte uden en reel\u00a0 l\u00f8sning.<\/p>\n<p>Forel\u00f8big evidens linker genetiske mutationer med autisme og mangler i kroppens endocannabinoid system. Endocannabinoid systemet regulerer f\u00f8lelsesm\u00e6ssige og adf\u00e6rdsm\u00e6ssige reaktioner, social interaktion og immunsystemets funktion, som alle er aspekter af autisme.<a href=\"#_ftn2\" name=\"_ftnref2\">[2]<\/a> Lige nu er det uklart, baseret p\u00e5 den nuv\u00e6rende forst\u00e5else af de \u00e6ndringer i autistiske b\u00f8rns endocannabinoid system, om aktivering af systemet eller blokering af systemet vil afhj\u00e6lpe symptomerne, forklarer hun.<a href=\"#_ftn3\" name=\"_ftnref3\">[3]<\/a><\/p>\n<p>En case-rapport og utallige anekdotiske rapporter afsl\u00f8rer imidlertid, at cannabinoider kan hj\u00e6lpe nogle b\u00f8rn med denne lidelse med at forbedre deres kommunikation, udf\u00f8re f\u00e6rre gentagne handlinger, v\u00e6re mindre angste og f\u00e5 en bedre social interaktion.<a href=\"#_ftn4\" name=\"_ftnref4\">[4]<\/a><\/p>\n<p>\u201dJeg har medicinsk superviseret indtagelse af CBD-rig, THC-rig og kombinationer af CBD og THC, som ofte tages under tungen eller synkes som olie eller i spiselige former. Fornylig responderede nogle af mine patienter ret godt p\u00e5 THCA olie, det ikke-psykoaktive cannabinoid, der findes i den r\u00e5, uopvarmede plante.\u00a0Omkring 50% af for\u00e6ldrene rapporterede om forbedringer med mindre angst, bedre s\u00f8vn, forbedret tale, bedre fokus og indl\u00e6ring og f\u00e6rre raserianfald med cannabis behandlingen.\u201d<\/p>\n<p>\u201dNogle f\u00e5 patienter fik forv\u00e6rret deres symptomer, og efter at behandlingen var afbrudt, var patienternes tilstand ligesom f\u00f8r. Hos de, der responderede positivt, var der ingen rapporter om bivirkninger. Da autisme er et spektrum sygdom, er det vanskeligt at generalisere resultaterne. Jeg behandler hver patient baseret p\u00e5 deres unikke karakteristika, men det er klart for mig, at nogle responderer p\u00e5 cannabis behandling med forbedring i deres livskvalitet og uden u\u00f8nskede bivirkninger,\u201d fort\u00e6ller Bonni Goldstein.<\/p>\n<p><img loading=\"lazy\" decoding=\"async\" class=\"size-full wp-image-761 aligncenter\" src=\"https:\/\/bogenommedicinskcannabis.dk\/wp-content\/uploads\/2019\/02\/Medicinsk-cannabis.jpg\" alt=\"\" width=\"306\" height=\"203\" srcset=\"https:\/\/bogenommedicinskcannabis.dk\/wp-content\/uploads\/2019\/02\/Medicinsk-cannabis.jpg 306w, https:\/\/bogenommedicinskcannabis.dk\/wp-content\/uploads\/2019\/02\/Medicinsk-cannabis-300x199.jpg 300w\" sizes=\"auto, (max-width: 306px) 100vw, 306px\" \/><\/p>\n<p><a href=\"#_ftnref1\" name=\"_ftn1\">[1]<\/a> Cannabis for Pediatric Autism.\u00a0 <a href=\"https:\/\/www.marijuana.com\/news\/2017\/02\/cannabis-for-pediatric-autism\/\">https:\/\/www.marijuana.com\/news\/2017\/02\/cannabis-for-pediatric-autism\/<\/a><br \/>\nPatients With Autism May Benefit From Cannabis. <a href=\"https:\/\/news.weedmaps.com\/2017\/02\/patients-with-autism-may-benefit-from-cannabis\/\">https:\/\/news.weedmaps.com\/2017\/02\/patients-with-autism-may-benefit-from-cannabis\/<\/a><br \/>\n<a href=\"#_ftnref2\" name=\"_ftn2\">[2]<\/a> Chakrabarti, Bhismadev, et al. \u201cEndocannabinoid Signaling in Autism.\u201d <em>Neurotherapeutics<\/em> 12.4 (2015): 837-847.<br \/>\n<a href=\"#_ftnref3\" name=\"_ftn3\">[3]<\/a> Krueger, Dilja D., and Nils Brose. \u201cEvidence for a common endocannabinoid-related pathomechanism in autism spectrum disorders.\u201d <em>Neuron<\/em> 78.3 (2013): 408-410.<br \/>\n<a href=\"#_ftnref4\" name=\"_ftn4\">[4]<\/a> Kurz, Ren\u00e9, and Kurt Blaas. \u201cUse of dronabinol (delta-9-THC) in autism: A prospective single-case-study with an early infantile autistic child.\u201d <em>Cannabinoids<\/em> 5 (2010): 4-6.<\/p>\n","protected":false},"excerpt":{"rendered":"<p>Den amerikanske b\u00f8rnel\u00e6ge Bonni Goldstein er en af de l\u00e6ger, der har l\u00e6ngst og mest omfattende erfaring med behandling af b\u00f8rn med medicinsk cannabis. Derfor er det vigtigt at lytte til, hvad hun har observeret i \u00e5renes l\u00f8b. \u201dMange for\u00e6ldre &hellip; <a href=\"https:\/\/bogenommedicinskcannabis.dk\/index.php\/artikler\/cannabis-og-autisme\/medicinsk-cannabis-til-boern-med-autisme\/\">L\u00e6s resten <span class=\"meta-nav\">&rarr;<\/span><\/a><\/p>\n","protected":false},"author":1,"featured_media":0,"parent":643,"menu_order":0,"comment_status":"closed","ping_status":"closed","template":"","meta":{"footnotes":""},"class_list":["post-760","page","type-page","status-publish","hentry"],"_links":{"self":[{"href":"https:\/\/bogenommedicinskcannabis.dk\/index.php\/wp-json\/wp\/v2\/pages\/760","targetHints":{"allow":["GET"]}}],"collection":[{"href":"https:\/\/bogenommedicinskcannabis.dk\/index.php\/wp-json\/wp\/v2\/pages"}],"about":[{"href":"https:\/\/bogenommedicinskcannabis.dk\/index.php\/wp-json\/wp\/v2\/types\/page"}],"author":[{"embeddable":true,"href":"https:\/\/bogenommedicinskcannabis.dk\/index.php\/wp-json\/wp\/v2\/users\/1"}],"replies":[{"embeddable":true,"href":"https:\/\/bogenommedicinskcannabis.dk\/index.php\/wp-json\/wp\/v2\/comments?post=760"}],"version-history":[{"count":4,"href":"https:\/\/bogenommedicinskcannabis.dk\/index.php\/wp-json\/wp\/v2\/pages\/760\/revisions"}],"predecessor-version":[{"id":765,"href":"https:\/\/bogenommedicinskcannabis.dk\/index.php\/wp-json\/wp\/v2\/pages\/760\/revisions\/765"}],"up":[{"embeddable":true,"href":"https:\/\/bogenommedicinskcannabis.dk\/index.php\/wp-json\/wp\/v2\/pages\/643"}],"wp:attachment":[{"href":"https:\/\/bogenommedicinskcannabis.dk\/index.php\/wp-json\/wp\/v2\/media?parent=760"}],"curies":[{"name":"wp","href":"https:\/\/api.w.org\/{rel}","templated":true}]}}