{"id":766,"date":"2019-02-25T10:55:38","date_gmt":"2019-02-25T09:55:38","guid":{"rendered":"https:\/\/bogenommedicinskcannabis.dk\/?page_id=766"},"modified":"2019-02-26T21:46:26","modified_gmt":"2019-02-26T20:46:26","slug":"meiko-perez-kaemper-for-medicinsk-cannabis-til-autister","status":"publish","type":"page","link":"https:\/\/bogenommedicinskcannabis.dk\/index.php\/artikler\/cannabis-og-autisme\/meiko-perez-kaemper-for-medicinsk-cannabis-til-autister\/","title":{"rendered":"Meiko Perez k\u00e6mper for medicinsk cannabis til autister"},"content":{"rendered":"<p>Meiko Perez<a href=\"#_ftn1\" name=\"_ftnref1\">[1]<\/a> og hendes s\u00f8n Joey er blevet ledere af kampen for medicinsk cannabis mod autisme.<a href=\"#_ftn2\" name=\"_ftnref2\">[2]<\/a> F\u00f8r moderen begyndte at give sin s\u00f8n brownies<a href=\"#_ftn3\" name=\"_ftnref3\">[3]<\/a> med medicinsk cannabis var Joey ikke i stand til at spise og tabte sig til bare 24 kg. \u201dMan kunne se knoglerne i hans bryst. Min s\u00f8n var ved at d\u00f8\u201d, fortalte moderen til Good Morning America. du kan se hendes historie p\u00e5 YouTube. Linket er under referencerene.<\/p>\n<p>Indenfor uger efter at v\u00e6re startet p\u00e5 medicinsk cannabis, var han blevet v\u00e6sentligt mindre fjendtlig, begyndte at sige lyde for f\u00f8rste gang og tog 19 kg p\u00e5. Perez mener, at cannabis reddede hendes s\u00f8ns liv. Mens Perez er i stand til at f\u00e5 medicinsk cannabis mod autisme i Californien, har de fleste stater ikke autisme p\u00e5 listen over tilladte lidelser. Inspireret af hendes s\u00f8ns bem\u00e6rkelsesv\u00e6rdige forbedring med planten, startede Meiko sin egen organisation.<a href=\"#_ftn4\" name=\"_ftnref4\">[4]<\/a><\/p>\n<p><a href=\"http:\/\/www.uf4a.org\/\">Unconventional Foundation For Autism (UF4A)<\/a> startede i 2009 og hjalp med at uddanne familier over hele verden.<a href=\"#_ftn5\" name=\"_ftnref5\">[5]<\/a> Hun f\u00e5r hundredvis af emails fra st\u00f8tter og for\u00e6ldre til autistiske b\u00f8rn. I et interview forklarer Meiko:<a href=\"#_ftn6\" name=\"_ftnref6\">[6]<\/a> \u201cJeg har familier i Sydamerika, UK, Australien. Vi kan alle fort\u00e6lle den samme historie. Vi vil gerne give vore b\u00f8rn en bedre livskvalitet.\u201d<\/p>\n<p>Perez sidder ogs\u00e5 i bestyrelsen for <a href=\"http:\/\/normlwomensalliance.org\/about-us\/\">NORML Women\u2019s Alliance<\/a>.<a href=\"#_ftn7\" name=\"_ftnref7\">[7]<\/a> Men Perez\u00b4 cannabis aktivisme begyndte ikke tidligt i livet. Det var f\u00f8rst, da hun s\u00e5 plantens urolige effekt p\u00e5 hendes s\u00f8n, at hun blev en dedikeret konvertit.<\/p>\n<p>\u201cJeg kommer fra en lovlydig religi\u00f8s familie. Og jeg er indenfor en lovlig industri. S\u00e5 det at v\u00e6lge medicinsk cannabis mod autisme var fuldst\u00e6ndig mod min karakter.\u201d<\/p>\n<p>Medicinsk cannabis mod autisme er absolut en ukonventionel behandling. Men siden hun er kommet ud med sin historie, er flere og flere for\u00e6ldre begyndt at tvinge statslige lovgivere til at inkludere autisme som en kvalificerende lidelse for medicinsk cannabis.<\/p>\n<p><img loading=\"lazy\" decoding=\"async\" class=\"alignnone size-full wp-image-767\" src=\"https:\/\/bogenommedicinskcannabis.dk\/wp-content\/uploads\/2019\/02\/cannabis-som-medicin5.png\" alt=\"\" width=\"800\" height=\"400\" srcset=\"https:\/\/bogenommedicinskcannabis.dk\/wp-content\/uploads\/2019\/02\/cannabis-som-medicin5.png 800w, https:\/\/bogenommedicinskcannabis.dk\/wp-content\/uploads\/2019\/02\/cannabis-som-medicin5-300x150.png 300w, https:\/\/bogenommedicinskcannabis.dk\/wp-content\/uploads\/2019\/02\/cannabis-som-medicin5-768x384.png 768w\" sizes=\"auto, (max-width: 800px) 100vw, 800px\" \/><\/p>\n<p><a href=\"#_ftnref1\" name=\"_ftn1\">[1]<\/a> Mieko Hester Perez Autism Marijuana Miracle Cure. <a href=\"https:\/\/www.youtube.com\/watch?v=hYWsHHEZwxM\">https:\/\/www.youtube.com\/watch?v=hYWsHHEZwxM<\/a><br \/>\n<a href=\"#_ftnref2\" name=\"_ftn2\">[2]<\/a> Mom Overjoyed: \u201cMedical Marijuana Saved My Son\u2019s Life\u201d. <a href=\"https:\/\/herb.co\/marijuana\/news\/mom-overjoyed-medical-marijuana-saved-my-sons-life\">https:\/\/herb.co\/marijuana\/news\/mom-overjoyed-medical-marijuana-saved-my-sons-life<\/a><br \/>\n<a href=\"#_ftnref3\" name=\"_ftn3\">[3]<\/a> Special Brownies. <a href=\"https:\/\/herb.co\/marijuana\/recipes\/special-brownies\">https:\/\/herb.co\/marijuana\/recipes\/special-brownies<\/a><br \/>\n<a href=\"#_ftnref4\" name=\"_ftn4\">[4]<\/a> Meiko Perez &amp; Her Son Joey Started UF4A.org, 15 Minutes After Their Interview On Good Morning America \u2013 The Site Now Gets About 1 Million Hits Per Month. <a href=\"https:\/\/thenationalmarijuananews.com\/meiko-perez-her-son-joey-started-uf4a-org-15-minutes-after-their-interview-on-good-morning-america-the-site-now-gets-about-1-million-hits-per-month\/\">https:\/\/thenationalmarijuananews.com\/meiko-perez-her-son-joey-started-uf4a-org-15-minutes-after-their-interview-on-good-morning-america-the-site-now-gets-about-1-million-hits-per-month\/<\/a><br \/>\n<a href=\"#_ftnref5\" name=\"_ftn5\">[5]<\/a> <a href=\"http:\/\/www.uf4a.org\/\">http:\/\/www.uf4a.org\/<\/a><br \/>\n<a href=\"#_ftnref6\" name=\"_ftn6\">[6]<\/a> TNM News Video Interview with Meiko and Joey Perez. <a href=\"https:\/\/thenationalmarijuananews.com\/tnm-news-video-interview-with-meiko-and-joey-perez\/\">https:\/\/thenationalmarijuananews.com\/tnm-news-video-interview-with-meiko-and-joey-perez\/<\/a><br \/>\n<a href=\"#_ftnref7\" name=\"_ftn7\">[7]<\/a> <a href=\"http:\/\/normlwomensalliance.org\/about-us\/\">http:\/\/normlwomensalliance.org\/about-us\/<\/a><\/p>\n","protected":false},"excerpt":{"rendered":"<p>Meiko Perez[1] og hendes s\u00f8n Joey er blevet ledere af kampen for medicinsk cannabis mod autisme.[2] F\u00f8r moderen begyndte at give sin s\u00f8n brownies[3] med medicinsk cannabis var Joey ikke i stand til at spise og tabte sig til bare &hellip; <a href=\"https:\/\/bogenommedicinskcannabis.dk\/index.php\/artikler\/cannabis-og-autisme\/meiko-perez-kaemper-for-medicinsk-cannabis-til-autister\/\">L\u00e6s resten <span class=\"meta-nav\">&rarr;<\/span><\/a><\/p>\n","protected":false},"author":1,"featured_media":0,"parent":643,"menu_order":0,"comment_status":"closed","ping_status":"closed","template":"","meta":{"footnotes":""},"class_list":["post-766","page","type-page","status-publish","hentry"],"_links":{"self":[{"href":"https:\/\/bogenommedicinskcannabis.dk\/index.php\/wp-json\/wp\/v2\/pages\/766","targetHints":{"allow":["GET"]}}],"collection":[{"href":"https:\/\/bogenommedicinskcannabis.dk\/index.php\/wp-json\/wp\/v2\/pages"}],"about":[{"href":"https:\/\/bogenommedicinskcannabis.dk\/index.php\/wp-json\/wp\/v2\/types\/page"}],"author":[{"embeddable":true,"href":"https:\/\/bogenommedicinskcannabis.dk\/index.php\/wp-json\/wp\/v2\/users\/1"}],"replies":[{"embeddable":true,"href":"https:\/\/bogenommedicinskcannabis.dk\/index.php\/wp-json\/wp\/v2\/comments?post=766"}],"version-history":[{"count":1,"href":"https:\/\/bogenommedicinskcannabis.dk\/index.php\/wp-json\/wp\/v2\/pages\/766\/revisions"}],"predecessor-version":[{"id":768,"href":"https:\/\/bogenommedicinskcannabis.dk\/index.php\/wp-json\/wp\/v2\/pages\/766\/revisions\/768"}],"up":[{"embeddable":true,"href":"https:\/\/bogenommedicinskcannabis.dk\/index.php\/wp-json\/wp\/v2\/pages\/643"}],"wp:attachment":[{"href":"https:\/\/bogenommedicinskcannabis.dk\/index.php\/wp-json\/wp\/v2\/media?parent=766"}],"curies":[{"name":"wp","href":"https:\/\/api.w.org\/{rel}","templated":true}]}}