{"id":774,"date":"2019-02-25T11:59:51","date_gmt":"2019-02-25T10:59:51","guid":{"rendered":"https:\/\/bogenommedicinskcannabis.dk\/?page_id=774"},"modified":"2019-02-25T12:13:08","modified_gmt":"2019-02-25T11:13:08","slug":"kan-cannabis-medfoere-angst","status":"publish","type":"page","link":"https:\/\/bogenommedicinskcannabis.dk\/index.php\/artikler\/medicinsk-cannabis-og-angst\/kan-cannabis-medfoere-angst\/","title":{"rendered":"Kan cannabis medf\u00f8re angst?"},"content":{"rendered":"<p style=\"text-align: left;\">Cannabis kan for nogen medf\u00f8re en kortvarig angst eller paranoia, is\u00e6r hvis det tages i store doser, eller hvis man er ny bruger. Det kan ogs\u00e5 spille ind at v\u00e6re i et uvant eller stressfuldt milj\u00f8 for dem, der bruger cannabis regelm\u00e6ssigt.<a href=\"#_ftn1\" name=\"_ftnref1\">[1]<\/a><\/p>\n<p>Akut angst kan ogs\u00e5 opst\u00e5 ved pludseligt oph\u00f8r med brugen af cannabis.<a href=\"#_ftn2\" name=\"_ftnref2\">[2]<\/a> Angst kan f\u00e5 nogle mennesker til at undg\u00e5 at bruge cannabis og er den mest almindelige grund til at holde op med at bruge det. Forskerne har imidlertid ikke kunnet finde st\u00e6rke argumenter for, at brugen af cannabis udg\u00f8r en risiko for at udvikle angst.<\/p>\n<p>Et review fra 2009 med mere end 30 studier af brugen af cannabis fandt en lille association mellem brugen af cannabis og angstlidelser. Specifikt viser evidensen, at personer med en angstlidelse har st\u00f8rre sandsynlighed for at bruge cannabis til forskellige lidelser.<a href=\"#_ftn3\" name=\"_ftnref3\">[3]<\/a><\/p>\n<p>En meta-analyse fra 2017 konkluderede, at brugen af cannabis har i det mindste en lille risiko for at udvikle angstsymptomer.<a href=\"#_ftn4\" name=\"_ftnref4\">[4]<\/a><\/p>\n<p>Et studie fra Oxford Universitet viste, at indspr\u00f8jtning af THC i 121 voksne, raske personer i alderen 21 og 50 \u00e5r, som tidligere havde brugt cannabis mindst 1 gang, medf\u00f8rte paranoide tanker hos 20% af deltagerne. Den negative effekt forsvandt imidlertid, da THC var ude af blodet.<a href=\"#_ftn5\" name=\"_ftnref5\">[5]<\/a><\/p>\n<section id=\"visible-body\" class=\"visible-body\">\n<section id=\"page-content\" class=\"page-level page-content\">\n<div class=\"wrapper\">\n<div class=\"row space-header\"><\/div>\n<\/div>\n<\/section>\n<\/section>\n<p>Relationen mellem brugen af cannabis og angst er stadig uklar p\u00e5 langt sigt. Forskerne er ikke sikre p\u00e5, hvorvidt den for\u00f8gede angst hos cannabis brugere skyldes brugen af cannabis, eller om folk med angst bruger cannabis som en m\u00e5de at selvmedicinere sig p\u00e5 for deres allerede eksisterende symptomer.<\/p>\n<p>Interaktionen mellem CBD og THC er kompleks. Graden af hvert af disse to stoffer i en specifik art har faktisk betydning for, om den for\u00f8ger eller neds\u00e6tter angst. F.eks. har arter med h\u00f8jere niveauer af CBD mindre sandsynlighed for at medf\u00f8re angst end arter med h\u00f8jt niveau af THC.<a href=\"#_ftn6\" name=\"_ftnref6\">[6]<\/a> For nye brugere, som g\u00e5r strengt efter en angstd\u00e6mpende effekt, kan det v\u00e6re et godt r\u00e5d at pr\u00f8ve CBD olie<a href=\"#_ftn7\" name=\"_ftnref7\">[7]<\/a>, f\u00f8r der eksperimenteres med t\u00f8rrede eller helblade cannabis.<\/p>\n<p><img loading=\"lazy\" decoding=\"async\" class=\"alignnone size-full wp-image-776\" src=\"https:\/\/bogenommedicinskcannabis.dk\/wp-content\/uploads\/2019\/02\/depression4.jpg\" alt=\"\" width=\"447\" height=\"298\" srcset=\"https:\/\/bogenommedicinskcannabis.dk\/wp-content\/uploads\/2019\/02\/depression4.jpg 447w, https:\/\/bogenommedicinskcannabis.dk\/wp-content\/uploads\/2019\/02\/depression4-300x200.jpg 300w\" sizes=\"auto, (max-width: 447px) 100vw, 447px\" \/><\/p>\n<p><a href=\"#_ftnref1\" name=\"_ftn1\">[1]<\/a> Marijuana and Anxiety: A Guide. <a href=\"https:\/\/www.leafscience.com\/2017\/05\/10\/marijuana-and-anxiety-a-guide\/\">https:\/\/www.leafscience.com\/2017\/05\/10\/marijuana-and-anxiety-a-guide\/<\/a><\/p>\n<p><a href=\"#_ftnref2\" name=\"_ftn2\">[2]<\/a> Marijuana Withdrawal Symptoms: What You May Experience. <a href=\"http:\/\/mentalhealthdaily.com\/2013\/03\/02\/marijuana-withdrawal-symptoms-what-you-may-experience\/\">http:\/\/mentalhealthdaily.com\/2013\/03\/02\/marijuana-withdrawal-symptoms-what-you-may-experience\/<\/a><\/p>\n<p><a href=\"#_ftnref3\" name=\"_ftn3\">[3]<\/a> <a href=\"https:\/\/www.ncbi.nlm.nih.gov\/pubmed\/?term=Crippa%20JA%5BAuthor%5D&amp;cauthor=true&amp;cauthor_uid=19693792\">Crippa JA<\/a><sup>1<\/sup>, <a href=\"https:\/\/www.ncbi.nlm.nih.gov\/pubmed\/?term=Zuardi%20AW%5BAuthor%5D&amp;cauthor=true&amp;cauthor_uid=19693792\">Zuardi AW<\/a>, <a href=\"https:\/\/www.ncbi.nlm.nih.gov\/pubmed\/?term=Mart%C3%ADn-Santos%20R%5BAuthor%5D&amp;cauthor=true&amp;cauthor_uid=19693792\">Mart\u00edn-Santos R<\/a>. et al.: Cannabis and anxiety: a critical review of the evidence. <a href=\"https:\/\/www.ncbi.nlm.nih.gov\/pubmed\/19693792\">Hum Psychopharmacol.<\/a> 2009 Oct;24(7):515-23. doi: 10.1002\/hup.1048. <a href=\"https:\/\/www.ncbi.nlm.nih.gov\/pubmed\/19693792\">https:\/\/www.ncbi.nlm.nih.gov\/pubmed\/19693792<\/a><\/p>\n<p><a href=\"#_ftnref4\" name=\"_ftn4\">[4]<\/a> <a href=\"https:\/\/www.ncbi.nlm.nih.gov\/pubmed\/?term=Twomey%20CD%5BAuthor%5D&amp;cauthor=true&amp;cauthor_uid=28053188\">Twomey CD<\/a>: Association of cannabis use with the development of elevated anxiety symptoms in the general population: a meta-analysis. <a href=\"https:\/\/www.ncbi.nlm.nih.gov\/pubmed\/28053188\">J Epidemiol Community Health.<\/a> 2017 Aug;71(8):811-816. doi: 10.1136\/jech-2016-208145. Epub 2017 Jan 4. <a href=\"https:\/\/www.ncbi.nlm.nih.gov\/pubmed\/28053188\">https:\/\/www.ncbi.nlm.nih.gov\/pubmed\/28053188<\/a><\/p>\n<p><a href=\"#_ftnref5\" name=\"_ftn5\">[5]<\/a> How cannabis causes paranoia. <a href=\"http:\/\/www.ox.ac.uk\/news\/2014-07-16-how-cannabis-causes-paranoia\">http:\/\/www.ox.ac.uk\/news\/2014-07-16-how-cannabis-causes-paranoia<\/a><\/p>\n<p><a href=\"#_ftnref6\" name=\"_ftn6\">[6]<\/a> <a href=\"https:\/\/www.ncbi.nlm.nih.gov\/pubmed\/?term=Zuardi%20AW%5BAuthor%5D&amp;cauthor=true&amp;cauthor_uid=6285406\">Zuardi AW<\/a>, <a href=\"https:\/\/www.ncbi.nlm.nih.gov\/pubmed\/?term=Shirakawa%20I%5BAuthor%5D&amp;cauthor=true&amp;cauthor_uid=6285406\">Shirakawa I<\/a>, <a href=\"https:\/\/www.ncbi.nlm.nih.gov\/pubmed\/?term=Finkelfarb%20E%5BAuthor%5D&amp;cauthor=true&amp;cauthor_uid=6285406\">Finkelfarb E<\/a>, <a href=\"https:\/\/www.ncbi.nlm.nih.gov\/pubmed\/?term=Karniol%20IG%5BAuthor%5D&amp;cauthor=true&amp;cauthor_uid=6285406\">Karniol IG<\/a>.: Action of cannabidiol on the anxiety and other effects produced by delta 9-THC in normal subjects. <a href=\"https:\/\/www.ncbi.nlm.nih.gov\/pubmed\/6285406\">Psychopharmacology (Berl).<\/a> 1982;76(3):245-50. <a href=\"https:\/\/www.ncbi.nlm.nih.gov\/pubmed\/6285406\">https:\/\/www.ncbi.nlm.nih.gov\/pubmed\/6285406<\/a><\/p>\n<p><a href=\"#_ftnref7\" name=\"_ftn7\">[7]<\/a> What is CBD Oil? <a href=\"https:\/\/www.leafscience.com\/2017\/04\/19\/cbd-oil-facts-and-overview\/\">https:\/\/www.leafscience.com\/2017\/04\/19\/cbd-oil-facts-and-overview\/<\/a><\/p>\n","protected":false},"excerpt":{"rendered":"<p>Cannabis kan for nogen medf\u00f8re en kortvarig angst eller paranoia, is\u00e6r hvis det tages i store doser, eller hvis man er ny bruger. Det kan ogs\u00e5 spille ind at v\u00e6re i et uvant eller stressfuldt milj\u00f8 for dem, der bruger &hellip; <a href=\"https:\/\/bogenommedicinskcannabis.dk\/index.php\/artikler\/medicinsk-cannabis-og-angst\/kan-cannabis-medfoere-angst\/\">L\u00e6s resten <span class=\"meta-nav\">&rarr;<\/span><\/a><\/p>\n","protected":false},"author":1,"featured_media":0,"parent":312,"menu_order":0,"comment_status":"closed","ping_status":"closed","template":"","meta":{"footnotes":""},"class_list":["post-774","page","type-page","status-publish","hentry"],"_links":{"self":[{"href":"https:\/\/bogenommedicinskcannabis.dk\/index.php\/wp-json\/wp\/v2\/pages\/774","targetHints":{"allow":["GET"]}}],"collection":[{"href":"https:\/\/bogenommedicinskcannabis.dk\/index.php\/wp-json\/wp\/v2\/pages"}],"about":[{"href":"https:\/\/bogenommedicinskcannabis.dk\/index.php\/wp-json\/wp\/v2\/types\/page"}],"author":[{"embeddable":true,"href":"https:\/\/bogenommedicinskcannabis.dk\/index.php\/wp-json\/wp\/v2\/users\/1"}],"replies":[{"embeddable":true,"href":"https:\/\/bogenommedicinskcannabis.dk\/index.php\/wp-json\/wp\/v2\/comments?post=774"}],"version-history":[{"count":5,"href":"https:\/\/bogenommedicinskcannabis.dk\/index.php\/wp-json\/wp\/v2\/pages\/774\/revisions"}],"predecessor-version":[{"id":781,"href":"https:\/\/bogenommedicinskcannabis.dk\/index.php\/wp-json\/wp\/v2\/pages\/774\/revisions\/781"}],"up":[{"embeddable":true,"href":"https:\/\/bogenommedicinskcannabis.dk\/index.php\/wp-json\/wp\/v2\/pages\/312"}],"wp:attachment":[{"href":"https:\/\/bogenommedicinskcannabis.dk\/index.php\/wp-json\/wp\/v2\/media?parent=774"}],"curies":[{"name":"wp","href":"https:\/\/api.w.org\/{rel}","templated":true}]}}