{"id":782,"date":"2019-02-25T13:27:42","date_gmt":"2019-02-25T12:27:42","guid":{"rendered":"https:\/\/bogenommedicinskcannabis.dk\/?page_id=782"},"modified":"2019-02-25T13:57:03","modified_gmt":"2019-02-25T12:57:03","slug":"hvad-er-bivirkningerne-ved-cbd","status":"publish","type":"page","link":"https:\/\/bogenommedicinskcannabis.dk\/index.php\/artikler\/bivirkninger\/hvad-er-bivirkningerne-ved-cbd\/","title":{"rendered":"Hvad er bivirkningerne ved CBD?"},"content":{"rendered":"<p>Det er velkendt, at alt, hvad der p\u00e5virker kroppen fysiologisk, potentielt ogs\u00e5 kan indeb\u00e6re utilsigtede virkninger, som hvis de er negative, kaldes bivirkninger.<\/p>\n<p>Men vi mennesker reagerer ikke ens p\u00e5 det, vi indtager, s\u00e5 g\u00e5 langsomt frem og find ud af, hvordan det virker i din krop. V\u00e6r opm\u00e6rksom p\u00e5, at virkningen kan v\u00e6re meget forskelligt alt efter hvordan fordelingen af cannabinoider som THC og CBD er i den plante, pr\u00e6parater stammer fra.<\/p>\n<p>I mods\u00e6tning til THC, medf\u00f8rer CBD ikke beruselse eller mental \u00e6ndring af sindet.<a href=\"#_ftn1\" name=\"_ftnref1\">[1]<\/a> Overv\u00e6ldende meget forskning viser, at CBD kun har f\u00e5, milde bivirkninger, herunder tr\u00e6thed, appetit\u00e6ndringer, diarr\u00e9 og \u00e6ndringer i oms\u00e6tningen af andre stoffer. N\u00e5r det sammenlignes med andre stoffer, er CBDs liste over bivirkninger ganske kort. De er ogs\u00e5 mere almindelige, hvis man bruger det i store doser.<\/p>\n<p>En gruppe af forskere reviewede sikkerhed og bivirkninger ved CBD i 2017. Der blev udf\u00f8rt mange studier af CBD mellem 2011 og 2017, s\u00e5 forskerne var i stand til at gennemg\u00e5 yderligere 74 studier. Ogs\u00e5 denne gruppe af forskere fandt milde bivirkninger, herunder tr\u00e6thed, diarr\u00e9 og appetit\u00e6ndringer.<\/p>\n<p><a href=\"#_ftnref1\" name=\"_ftn1\"><\/a>Doser op til 1500 mg er blevet rapporteret sikre. Nogle mennesker har gavn af doser s\u00e5 lave som 15 mg. Forskerne er ikke sikre p\u00e5 den eksakte d\u00f8delige dosis for CBD hos mennesker, da der ikke har v\u00e6ret nogen eksempler p\u00e5 d\u00f8dsfald som f\u00f8lge af CBD. Et studie fra 1981 viste, at en dosis p\u00e5 200 mg\/kg kropsv\u00e6gt for\u00e5rsagede d\u00f8d hos rhesus aber.<a href=\"#_ftn2\" name=\"_ftnref2\">[2]<\/a> Den dosis er der ingen mennesker, der kan komme op p\u00e5.<\/p>\n<p>Til geng\u00e6ld er CBD i de senere \u00e5r blevet et meget popul\u00e6rt remedie til mange lidelser herunder angst, epilepsi, smerte og MS.<a href=\"#_ftn3\" name=\"_ftnref3\">[3]<\/a> CBD har kvalmestillende, krampelindrende, anti-psykotiske og smertestillende egenskaber blandt mange andre.<a href=\"#_ftn4\" name=\"_ftnref4\">[4]<\/a><\/p>\n<p><img loading=\"lazy\" decoding=\"async\" class=\"alignnone size-full wp-image-783\" src=\"https:\/\/bogenommedicinskcannabis.dk\/wp-content\/uploads\/2019\/02\/CBD-vs-THC.jpg\" alt=\"\" width=\"862\" height=\"305\" srcset=\"https:\/\/bogenommedicinskcannabis.dk\/wp-content\/uploads\/2019\/02\/CBD-vs-THC.jpg 862w, https:\/\/bogenommedicinskcannabis.dk\/wp-content\/uploads\/2019\/02\/CBD-vs-THC-300x106.jpg 300w, https:\/\/bogenommedicinskcannabis.dk\/wp-content\/uploads\/2019\/02\/CBD-vs-THC-768x272.jpg 768w\" sizes=\"auto, (max-width: 862px) 100vw, 862px\" \/><\/p>\n<p><a href=\"#_ftnref1\" name=\"_ftn1\">[1]<\/a> What Are The Side Effects of CBD? <a href=\"https:\/\/www.leafscience.com\/2018\/01\/19\/side-effects-cbd\/\">https:\/\/www.leafscience.com\/2018\/01\/19\/side-effects-cbd\/<\/a><\/p>\n<p><a href=\"https:\/\/www.ncbi.nlm.nih.gov\/pubmed\/?term=Bergamaschi%20MM%5BAuthor%5D&amp;cauthor=true&amp;cauthor_uid=22129319\">Bergamaschi MM<\/a><sup>1<\/sup>, <a href=\"https:\/\/www.ncbi.nlm.nih.gov\/pubmed\/?term=Queiroz%20RH%5BAuthor%5D&amp;cauthor=true&amp;cauthor_uid=22129319\">Queiroz RH<\/a>, <a href=\"https:\/\/www.ncbi.nlm.nih.gov\/pubmed\/?term=Zuardi%20AW%5BAuthor%5D&amp;cauthor=true&amp;cauthor_uid=22129319\">Zuardi AW<\/a> t al.: Safety and side effects of cannabidiol, a Cannabis sativa constituent. <a href=\"https:\/\/www.ncbi.nlm.nih.gov\/pubmed\/22129319\">Curr Drug Saf.<\/a> 2011 Sep 1;6(4):237-49. <a href=\"https:\/\/www.ncbi.nlm.nih.gov\/pubmed\/22129319\">https:\/\/www.ncbi.nlm.nih.gov\/pubmed\/22129319<\/a><\/p>\n<p>Kerstin Iffland, <a href=\"https:\/\/www.ncbi.nlm.nih.gov\/pubmed\/?term=Grotenhermen%20F%5BAuthor%5D&amp;cauthor=true&amp;cauthor_uid=28861514\">Franjo Grotenhermen<\/a>: An Update on Safety and Side Effects of Cannabidiol: A Review of Clinical Data and Relevant Animal Studies. <a href=\"https:\/\/www.ncbi.nlm.nih.gov\/pmc\/articles\/PMC5569602\/\">Cannabis Cannabinoid Res<\/a>. 2017; 2(1): 139\u2013154.<\/p>\n<p>Published online 2017 Jun 1. doi:\u00a0 <a href=\"https:\/\/dx.doi.org\/10.1089%2Fcan.2016.0034\">10.1089\/can.2016.0034<\/a><\/p>\n<p><a href=\"https:\/\/www.ncbi.nlm.nih.gov\/pmc\/articles\/PMC5569602\/\">https:\/\/www.ncbi.nlm.nih.gov\/pmc\/articles\/PMC5569602\/<\/a><\/p>\n<p><a href=\"#_ftnref2\" name=\"_ftn2\">[2]<\/a> <a href=\"https:\/\/www.ncbi.nlm.nih.gov\/pubmed\/?term=Rosenkrantz%20H%5BAuthor%5D&amp;cauthor=true&amp;cauthor_uid=6262948\">Rosenkrantz H<\/a>, <a href=\"https:\/\/www.ncbi.nlm.nih.gov\/pubmed\/?term=Fleischman%20RW%5BAuthor%5D&amp;cauthor=true&amp;cauthor_uid=6262948\">Fleischman RW<\/a>, <a href=\"https:\/\/www.ncbi.nlm.nih.gov\/pubmed\/?term=Grant%20RJ%5BAuthor%5D&amp;cauthor=true&amp;cauthor_uid=6262948\">Grant RJ<\/a>: Toxicity of short-term administration of cannabinoids to rhesus monkeys. <a href=\"https:\/\/www.ncbi.nlm.nih.gov\/pubmed\/6262948\">Toxicol Appl Pharmacol.<\/a> 1981 Mar 30;58(1):118-31.<\/p>\n<p><a href=\"#_ftnref3\" name=\"_ftn3\">[3]<\/a> What Are The Medical Benefits of CBD? <a href=\"https:\/\/www.leafscience.com\/2017\/12\/06\/medical-benefits-cbd\/\">https:\/\/www.leafscience.com\/2017\/12\/06\/medical-benefits-cbd\/<\/a><\/p>\n<p><a href=\"#_ftnref4\" name=\"_ftn4\">[4]<\/a> 10 Facts About Cannabidiol (CBD). <a href=\"https:\/\/www.leafscience.com\/2017\/10\/11\/10-facts-cannabidiol-cbd\/\">https:\/\/www.leafscience.com\/2017\/10\/11\/10-facts-cannabidiol-cbd\/<\/a><\/p>\n","protected":false},"excerpt":{"rendered":"<p>Det er velkendt, at alt, hvad der p\u00e5virker kroppen fysiologisk, potentielt ogs\u00e5 kan indeb\u00e6re utilsigtede virkninger, som hvis de er negative, kaldes bivirkninger. Men vi mennesker reagerer ikke ens p\u00e5 det, vi indtager, s\u00e5 g\u00e5 langsomt frem og find ud &hellip; <a href=\"https:\/\/bogenommedicinskcannabis.dk\/index.php\/artikler\/bivirkninger\/hvad-er-bivirkningerne-ved-cbd\/\">L\u00e6s resten <span class=\"meta-nav\">&rarr;<\/span><\/a><\/p>\n","protected":false},"author":1,"featured_media":0,"parent":645,"menu_order":0,"comment_status":"closed","ping_status":"closed","template":"","meta":{"footnotes":""},"class_list":["post-782","page","type-page","status-publish","hentry"],"_links":{"self":[{"href":"https:\/\/bogenommedicinskcannabis.dk\/index.php\/wp-json\/wp\/v2\/pages\/782","targetHints":{"allow":["GET"]}}],"collection":[{"href":"https:\/\/bogenommedicinskcannabis.dk\/index.php\/wp-json\/wp\/v2\/pages"}],"about":[{"href":"https:\/\/bogenommedicinskcannabis.dk\/index.php\/wp-json\/wp\/v2\/types\/page"}],"author":[{"embeddable":true,"href":"https:\/\/bogenommedicinskcannabis.dk\/index.php\/wp-json\/wp\/v2\/users\/1"}],"replies":[{"embeddable":true,"href":"https:\/\/bogenommedicinskcannabis.dk\/index.php\/wp-json\/wp\/v2\/comments?post=782"}],"version-history":[{"count":4,"href":"https:\/\/bogenommedicinskcannabis.dk\/index.php\/wp-json\/wp\/v2\/pages\/782\/revisions"}],"predecessor-version":[{"id":787,"href":"https:\/\/bogenommedicinskcannabis.dk\/index.php\/wp-json\/wp\/v2\/pages\/782\/revisions\/787"}],"up":[{"embeddable":true,"href":"https:\/\/bogenommedicinskcannabis.dk\/index.php\/wp-json\/wp\/v2\/pages\/645"}],"wp:attachment":[{"href":"https:\/\/bogenommedicinskcannabis.dk\/index.php\/wp-json\/wp\/v2\/media?parent=782"}],"curies":[{"name":"wp","href":"https:\/\/api.w.org\/{rel}","templated":true}]}}