{"id":788,"date":"2019-02-25T14:34:41","date_gmt":"2019-02-25T13:34:41","guid":{"rendered":"https:\/\/bogenommedicinskcannabis.dk\/?page_id=788"},"modified":"2019-02-25T14:34:41","modified_gmt":"2019-02-25T13:34:41","slug":"resultater-fra-et-studie-af-bivirkninger-som-foelge-af-medicinsk-cannabis","status":"publish","type":"page","link":"https:\/\/bogenommedicinskcannabis.dk\/index.php\/artikler\/bivirkninger\/resultater-fra-et-studie-af-bivirkninger-som-foelge-af-medicinsk-cannabis\/","title":{"rendered":"Resultater fra et studie af bivirkninger som f\u00f8lge af medicinsk cannabis"},"content":{"rendered":"<p>Israel opretholder sin status som verdens f\u00f8rende indenfor forskning i medicinsk cannabis.<a href=\"#_ftn2\" name=\"_ftnref2\">[2]<\/a> P\u00e5 den 6. International Jerusalem Conference on Health Policy i 2016 blev resultaterne af et hidtil ukendt cannabis studie afsl\u00f8ret.<\/p>\n<p><strong>Pesach Shvartzman<br \/>\n<\/strong>Som en fremtr\u00e6dende ekspert indenfor smertekontrol og palliativ medicin er Pesach Shvartzman en af Israels f\u00f8rende familiel\u00e6ger. Hans studie fokuserede p\u00e5 bivirkninger og s\u00e5kaldte efter-effekter af cannabis brug siden 2013.<\/p>\n<p>Den mest almindelige lidelse er almindeligvis nervesmerter. Der er ogs\u00e5 evidens for, at det hj\u00e6lper mod Multibel Sclerose. Nogle kr\u00e6ftpatienter fort\u00e6ller, at det hj\u00e6lper mod deres appetitl\u00f8shed og kvalme. I mods\u00e6tning hertil har vi h\u00f8rt om negative effekter som alvorlige tilf\u00e6lde af psykoser.\u201d<\/p>\n<p><strong>Et kraftfuldt team med et kraftfuldt fokus<br \/>\n<\/strong>Med \u00f8konomisk st\u00f8tte fra National Institute for Health Policy Research sammensatte Shvartzman et team af anerkendte medicinske professionelle for at hj\u00e6lpe med det massive studie, herunder:<\/p>\n<ul>\n<li>Dr. Silvio Brill,\u00a0formand for Israel Pain Association og leder af Pain Treatment enheden p\u00e5 <a href=\"http:\/\/herb.co\/2016\/03\/06\/no-bones-cannabis-may-combat-bone-diseases\/\">Tel Aviv<\/a>\u2019s Ichilov Hospital<\/li>\n<li>Dr. Itai Gur-Arie, leder af Sheba Medical Center, Tel HaShomer\u2019s smerteenhed<\/li>\n<\/ul>\n<p>Studiet fulgte nye brugere af medicinsk cannabis i 2 \u00e5r og beregnede resultater fra interviews af 1.500-2.000 frivillige patienter. Studiet analyserede:<\/p>\n<ul>\n<li>Socio-\u00f8konomiske karakteristika<\/li>\n<li>Sygdomsprofiler<\/li>\n<li>De medicinske indikationer for brugen<\/li>\n<li>Doser<\/li>\n<li>Behandlingshistorikken for patienterne inden de fik cannabis<\/li>\n<li>Behandlingens sikkerhed<\/li>\n<li>Bivirkninger<\/li>\n<li>Respons p\u00e5 behandlingen og effekten af den<\/li>\n<li>Patientens brug af sundhedsv\u00e6snet f\u00f8r og efter behandlingen<\/li>\n<\/ul>\n<p><strong>Studiets statistik<br \/>\n<\/strong>Patienterne blev observeret p\u00e5 en af tre klinikker og interviewet telefonisk med regelm\u00e6ssige intervaller i l\u00f8bet af studiet. F\u00e6rre en 10% stoppede med at bruge cannabis efter det f\u00f8rste interview, og kun 6% oph\u00f8rte med behandlingen efter det andet interview.<\/p>\n<p>St\u00f8rstedelen af brugerne rapporterede i senere interviews om reduktion af smerte, kvalme og angst. F\u00f8lelsen af velv\u00e6re og appetit blev for\u00f8get. De fleste patienter valgte at ryge cannabis i stedet for at indtage olie eller vaporizere det.<\/p>\n<p><strong>Om valget af at pr\u00f8ve cannabis for deres sygdom, rapporterede Shvartzman at:<\/strong><\/p>\n<ul>\n<li>42% af patienterne fik det anbefalet af en l\u00e6ge<\/li>\n<li>24% af patienterne fik det anbefalet af venner eller et familiemedlem<\/li>\n<li>St\u00f8rste delen af udskrivninger blev givet af smertespecialister, ortop\u00e6der og andre specialister<a href=\"#_ftn3\" name=\"_ftnref3\">[3]<\/a><\/li>\n<li>Kun 0,4% af recepterne var givet af deres familiel\u00e6ge<\/li>\n<li>99,6%\u00a0 af deltagerne havde ops\u00f8gt medicinsk cannabis, efter at konventionel medicin havde vist sig ineffektiv<a href=\"#_ftn4\" name=\"_ftnref4\">[4]<\/a><\/li>\n<li>56% af patienterne sagde, at de \u00f8nskede det, fordi deres tidligere medicin gav negative bivirkninger<\/li>\n<\/ul>\n<p><strong>Dokumenterede bivirkninger<br \/>\n<\/strong>Shvartzman\u2019s\u00a0resultater konkluderede, at de fleste brugere oplevede signifikant smertereduktion og bedre funktion. Studiet fandt, at mere end 77% af patienterne rapporterede om mindre bivirkninger:<\/p>\n<ul>\n<li>T\u00f8r mund:6%<\/li>\n<li>Sult: 60%<\/li>\n<li>H\u00f8jt hum\u00f8r: 44%<\/li>\n<li>R\u00f8de \u00f8jne: 32%<\/li>\n<li>Tr\u00e6thed: 28.6%<\/li>\n<li>S\u00f8vnighed: 23%<\/li>\n<li>Sl\u00f8ret syn: 13%<\/li>\n<\/ul>\n<p><strong>Hvordan ser det ud sammenlignet med konventionel medicin<br \/>\n<\/strong>Som med al anden medicin, er der bivirkninger. I mods\u00e6tning til receptpligtige l\u00e6gemidler, selv dem der er godkendte at sundhedsmyndighederne, er der ingen af disse bivirkninger, der ville kr\u00e6ve medicinsk intervention.<a href=\"#_ftn5\" name=\"_ftnref5\">[5]<\/a><\/p>\n<p>Hvert \u00e5r m\u00e5 4,5 millioner amerikanere p\u00e5 skadestuen<a href=\"#_ftn6\" name=\"_ftnref6\">[6]<\/a> eller til l\u00e6gen p\u00e5 grund af bivirkninger fra receptpligtig medicin. 2 millioner patienter lider hvert \u00e5r af bivirkninger p\u00e5 hospitalerne som f\u00f8lge af medicin, som de f\u00e5r under supervision af medicinske professionelle. Disse alvorlige bivirkninger kan v\u00e6re slagtilf\u00e6lde, organsvigt, krampeanfald, hjertesygdom, vejrtr\u00e6kningsproblemer og d\u00f8d.<\/p>\n<p>Sammenlignet med disse bivirkninger, er sikkerheden ved cannabis h\u00f8j,<a href=\"#_ftn7\" name=\"_ftnref7\">[7]<\/a> alene fordi det ikke p\u00e5virker de centre i hjernen, der kontrollerer hjertefunktion og vejrtr\u00e6kning.<a href=\"#_ftn8\" name=\"_ftnref8\">[8]<\/a> Man kan derfor ikke d\u00f8 af cannabis.<\/p>\n<p><img loading=\"lazy\" decoding=\"async\" class=\"alignnone size-full wp-image-789\" src=\"https:\/\/bogenommedicinskcannabis.dk\/wp-content\/uploads\/2019\/02\/medicinsk-cannabis8.jpg\" alt=\"\" width=\"1000\" height=\"997\" srcset=\"https:\/\/bogenommedicinskcannabis.dk\/wp-content\/uploads\/2019\/02\/medicinsk-cannabis8.jpg 1000w, https:\/\/bogenommedicinskcannabis.dk\/wp-content\/uploads\/2019\/02\/medicinsk-cannabis8-150x150.jpg 150w, https:\/\/bogenommedicinskcannabis.dk\/wp-content\/uploads\/2019\/02\/medicinsk-cannabis8-300x300.jpg 300w, https:\/\/bogenommedicinskcannabis.dk\/wp-content\/uploads\/2019\/02\/medicinsk-cannabis8-768x766.jpg 768w\" sizes=\"auto, (max-width: 1000px) 100vw, 1000px\" \/><\/p>\n<p>Not-So-Shocking Results From Medical Cannabis Side-Effects Study<\/p>\n<p><a href=\"https:\/\/herb.co\/marijuana\/news\/medical-cannabis-side-effects\">https:\/\/herb.co\/marijuana\/news\/medical-cannabis-side-effects<\/a><\/p>\n<p><a href=\"#_ftnref2\" name=\"_ftn2\">[2]<\/a> Israel: World Leaders Of Medical Marijuana. <a href=\"https:\/\/herb.co\/marijuana\/news\/israel-world-leaders-medical-marijuana\">https:\/\/herb.co\/marijuana\/news\/israel-world-leaders-medical-marijuana<\/a><\/p>\n<p><a href=\"#_ftnref3\" name=\"_ftn3\">[3]<\/a> Where Cannabis Fits In The Holistic Healing Toolbox. <a href=\"https:\/\/herb.co\/marijuana\/news\/where-cannabis-fits-in-the-holistic-healing-toolbox\">https:\/\/herb.co\/marijuana\/news\/where-cannabis-fits-in-the-holistic-healing-toolbox<\/a><\/p>\n<p><a href=\"#_ftnref4\" name=\"_ftn4\">[4]<\/a> First School In USA To Accept Medical Marijuana. <a href=\"https:\/\/herb.co\/marijuana\/news\/first-school-usa-accept-medical-marijuana\">https:\/\/herb.co\/marijuana\/news\/first-school-usa-accept-medical-marijuana<\/a><\/p>\n<p><a href=\"#_ftnref5\" name=\"_ftn5\">[5]<\/a> 5 Prescription Medications You Can Replace With Marijuana. <a href=\"https:\/\/herb.co\/marijuana\/news\/5-prescription-replace-marijuana\">https:\/\/herb.co\/marijuana\/news\/5-prescription-replace-marijuana<\/a><\/p>\n<p><a href=\"#_ftnref6\" name=\"_ftn6\">[6]<\/a> Don\u2019t Be Like These Colorado Pot-Tourists. <a href=\"https:\/\/herb.co\/marijuana\/news\/dont-be-like-these-colorado-pot-tourists\">https:\/\/herb.co\/marijuana\/news\/dont-be-like-these-colorado-pot-tourists<\/a><\/p>\n<p><a href=\"#_ftnref7\" name=\"_ftn7\">[7]<\/a> Marijuana Deaths: How Many Are There? <a href=\"https:\/\/herb.co\/marijuana\/news\/many-people-died-overdosing-marijuana\">https:\/\/herb.co\/marijuana\/news\/many-people-died-overdosing-marijuana<\/a><\/p>\n<p><a href=\"#_ftnref8\" name=\"_ftn8\">[8]<\/a> Latest Studies Confirm Medical Marijuana Is Safe Long-Term. <a href=\"https:\/\/herb.co\/marijuana\/news\/latest-studies-confirm-medical-marijuana-safe-long-term\">https:\/\/herb.co\/marijuana\/news\/latest-studies-confirm-medical-marijuana-safe-long-term<\/a><\/p>\n","protected":false},"excerpt":{"rendered":"<p>Israel opretholder sin status som verdens f\u00f8rende indenfor forskning i medicinsk cannabis.[2] P\u00e5 den 6. International Jerusalem Conference on Health Policy i 2016 blev resultaterne af et hidtil ukendt cannabis studie afsl\u00f8ret. Pesach Shvartzman Som en fremtr\u00e6dende ekspert indenfor smertekontrol &hellip; <a href=\"https:\/\/bogenommedicinskcannabis.dk\/index.php\/artikler\/bivirkninger\/resultater-fra-et-studie-af-bivirkninger-som-foelge-af-medicinsk-cannabis\/\">L\u00e6s resten <span class=\"meta-nav\">&rarr;<\/span><\/a><\/p>\n","protected":false},"author":1,"featured_media":0,"parent":645,"menu_order":0,"comment_status":"closed","ping_status":"closed","template":"","meta":{"footnotes":""},"class_list":["post-788","page","type-page","status-publish","hentry"],"_links":{"self":[{"href":"https:\/\/bogenommedicinskcannabis.dk\/index.php\/wp-json\/wp\/v2\/pages\/788","targetHints":{"allow":["GET"]}}],"collection":[{"href":"https:\/\/bogenommedicinskcannabis.dk\/index.php\/wp-json\/wp\/v2\/pages"}],"about":[{"href":"https:\/\/bogenommedicinskcannabis.dk\/index.php\/wp-json\/wp\/v2\/types\/page"}],"author":[{"embeddable":true,"href":"https:\/\/bogenommedicinskcannabis.dk\/index.php\/wp-json\/wp\/v2\/users\/1"}],"replies":[{"embeddable":true,"href":"https:\/\/bogenommedicinskcannabis.dk\/index.php\/wp-json\/wp\/v2\/comments?post=788"}],"version-history":[{"count":1,"href":"https:\/\/bogenommedicinskcannabis.dk\/index.php\/wp-json\/wp\/v2\/pages\/788\/revisions"}],"predecessor-version":[{"id":790,"href":"https:\/\/bogenommedicinskcannabis.dk\/index.php\/wp-json\/wp\/v2\/pages\/788\/revisions\/790"}],"up":[{"embeddable":true,"href":"https:\/\/bogenommedicinskcannabis.dk\/index.php\/wp-json\/wp\/v2\/pages\/645"}],"wp:attachment":[{"href":"https:\/\/bogenommedicinskcannabis.dk\/index.php\/wp-json\/wp\/v2\/media?parent=788"}],"curies":[{"name":"wp","href":"https:\/\/api.w.org\/{rel}","templated":true}]}}