{"id":801,"date":"2019-02-28T10:58:46","date_gmt":"2019-02-28T09:58:46","guid":{"rendered":"https:\/\/bogenommedicinskcannabis.dk\/?page_id=801"},"modified":"2019-02-28T10:58:46","modified_gmt":"2019-02-28T09:58:46","slug":"epilepsi-medicin-foroeger-patienternes-risiko-for-demens-ved-at-nedbryde-hjerneceller","status":"publish","type":"page","link":"https:\/\/bogenommedicinskcannabis.dk\/index.php\/artikler\/medicinsk-cannabis-og-epilepsi\/epilepsi-medicin-foroeger-patienternes-risiko-for-demens-ved-at-nedbryde-hjerneceller\/","title":{"rendered":"Epilepsi medicin for\u00f8ger patienternes risiko for demens ved at nedbryde hjerneceller"},"content":{"rendered":"<p>N\u00e5r man skal vurdere behandling med medicinsk cannabis overfor konventionel epilepsi-behandling, er man n\u00f8dt til at vurdere b\u00e5de effekt og bivirkninger ved behandlingen. Ingen studier har kunnet vise bivirkninger ved brug af medicinsk cannabis, som kan sammenlignes med dem, der er associeret med medicin for f.eks. ADHD, autisme, epilepsi, sclerose eller kroniske smerter.<\/p>\n<p>Bl.a. er nogle anti-epileptiske l\u00e6gemidler kendte for at sv\u00e6kke den kognitive funktion d.v.s. alle forskellige aspekter af informationsdannelsen i hjernen.<\/p>\n<p>Et studie fra 2018 viser, at fortsat brug udover 1 \u00e5r af konventionel anti-epileptisk medicin er associeret med en for\u00f8get risiko for Alzheimers sygdom og demens.<a href=\"#_ftn1\" name=\"_ftnref1\">[1]<\/a> Studiet fandt en for\u00f8get risiko for Alzheimer p\u00e5 15% i det finske datamateriale og en for\u00f8get risiko p\u00e5 30% i det tyske datamateriale, de analyserede.<\/p>\n<p><strong>Hvordan blev forskningen udf\u00f8rt<br \/>\n<\/strong>Forskerne analyserede alle mennesker, som fik en Alzheimer diagnose i Finland mellem 2005 og 2011. Disse 70.718 personer blev fundet via landsd\u00e6kkende helbredsregistre. Forskerne unders\u00f8gte ogs\u00e5 tyske data fra er sundhedsforsikringsselskab, som d\u00e6kker mere end en tredjedel af personer over 50 \u00e5r.<\/p>\n<p>Dem over 60 \u00e5r med en demens diagnose var omfattet, hvilket udgjorde 20.325 personer. Hver af studiets deltagere blev matchet med gennemsnitligt 4 kontrolpersoner. De blev alle analyseret for alle typer af anti-epilepsi medicin.<\/p>\n<p>N\u00e5r forskerne sammenlignede forskellige typer af anti-epileptisk medicin, fandt de, at risikoen for Alzheimers og demens var s\u00e6rligt associeret med de l\u00e6gemidler, der sv\u00e6kker den kognitive funktion. Disse l\u00e6gemidler var associeret med en 20% for\u00f8gelse af risikoen for Alzheimers og 60% for\u00f8gelse af risikoen for demens. Forskerne fandt ogs\u00e5, at jo h\u00f8jere dosis af et l\u00e6gemiddel, der sv\u00e6kker den kognitive funktion, jo h\u00f8jere var risikoen for demens.<\/p>\n<p><strong>Risikoen st\u00f8rst ved anti-epilepsi medicinen Valproat<br \/>\n<\/strong>Det er imidlertid ogs\u00e5 s\u00e5dan, at selv lejlighedsvis brug af anti-epileptisk medicin, som ofte udskrives mod bipolare og angstlidelser, for\u00f8ger folks risiko for sv\u00e6kkelse af deres hukommelse eller t\u00e6nkeevne v\u00e6sentligt.<a href=\"#_ftn2\" name=\"_ftnref2\">[2]<\/a> \u00c5rsagen til den for\u00f8gede risiko for demens skyldes if\u00f8lge forskerne en \u00e6ndring af kommunikationen mellem kemiske signalstoffer i hjernen, hvilket accelererer den kognitive nedgang. Risikoen er h\u00f8jest blandt dem, der bruger l\u00e6gemidler som natriumvalproat, som kontrollerer de elektriske funktioner i hjernen for at forebygge livstruende kramper.<\/p>\n<p>Studiets forfatter Dr Heidi Taipale fra University of Eastern Finland sagde: \u201cDer b\u00f8r udf\u00f8res mere forskning i langsigtede kognitive effekter af disse l\u00e6gemidler, is\u00e6r blandt \u00e6ldre mennesker.\u201d<\/p>\n<p>Valproat har tidligere v\u00e6ret i s\u00f8gelyset, da MailOnline rapporterede om 3 m\u00f8dres anklage for, at l\u00e6gemidlet var skyld i, at deres b\u00f8rn fik autisme.<a href=\"#_ftn3\" name=\"_ftnref3\">[3]<\/a><\/p>\n<p><img loading=\"lazy\" decoding=\"async\" class=\"alignnone size-full wp-image-802\" src=\"https:\/\/bogenommedicinskcannabis.dk\/wp-content\/uploads\/2019\/02\/medicin-epilepsi.jpg\" alt=\"\" width=\"634\" height=\"423\" srcset=\"https:\/\/bogenommedicinskcannabis.dk\/wp-content\/uploads\/2019\/02\/medicin-epilepsi.jpg 634w, https:\/\/bogenommedicinskcannabis.dk\/wp-content\/uploads\/2019\/02\/medicin-epilepsi-300x200.jpg 300w\" sizes=\"auto, (max-width: 634px) 100vw, 634px\" \/><\/p>\n<p><a href=\"#_ftnref1\" name=\"_ftn1\">[1]<\/a> Heidi Taipale, Willy Gomm, Karl Broich, Wolfgang Maier, Anna-Maija Tolppanen, Antti Tanskanen, Jari Tiihonen, Sirpa Hartikainen, Britta Haenisch. Use of Antiepileptic Drugs and Dementia Risk-an Analysis of Finnish Health Register and German Health Insurance Data. <em>Journal of the American Geriatrics Society<\/em>, 2018. <a href=\"https:\/\/www.sciencedaily.com\/releases\/2018\/04\/180409103901.htm\">https:\/\/www.sciencedaily.com\/releases\/2018\/04\/180409103901.htm<\/a><\/p>\n<p><a href=\"#_ftnref2\" name=\"_ftn2\"><\/a>Epilepsy drugs increase people\u2019s risk of dementia by up to 60% by breaking down brain cells. <a href=\"http:\/\/americanhealthnews.info\/epilepsy-drugs-increase-peoples-risk-of-dementia-by-up-to-60-by-breaking-down-brain-cells\/\">http:\/\/americanhealthnews.info\/epilepsy-drugs-increase-peoples-risk-of-dementia-by-up-to-60-by-breaking-down-brain-cells\/<\/a><\/p>\n<p>[2] Perucca P, Carter J, Vahle V, Gilliam FG. Adverse antiepileptic drug effects: toward a clinically and neurobiologically relevant taxonomy. Neurology 2009: 72(14): 1223-9.<\/p>\n<p><a href=\"#_ftnref3\" name=\"_ftn3\">[3]<\/a> Epilepsy drugs increase people&#8217;s risk of dementia by up to 60% by breaking down brain cells. <a href=\"https:\/\/www.dailymail.co.uk\/health\/article-5594585\/Epilepsy-drugs-increase-peoples-risk-dementia-60.html\">https:\/\/www.dailymail.co.uk\/health\/article-5594585\/Epilepsy-drugs-increase-peoples-risk-dementia-60.html<\/a><\/p>\n","protected":false},"excerpt":{"rendered":"<p>N\u00e5r man skal vurdere behandling med medicinsk cannabis overfor konventionel epilepsi-behandling, er man n\u00f8dt til at vurdere b\u00e5de effekt og bivirkninger ved behandlingen. Ingen studier har kunnet vise bivirkninger ved brug af medicinsk cannabis, som kan sammenlignes med dem, der &hellip; <a href=\"https:\/\/bogenommedicinskcannabis.dk\/index.php\/artikler\/medicinsk-cannabis-og-epilepsi\/epilepsi-medicin-foroeger-patienternes-risiko-for-demens-ved-at-nedbryde-hjerneceller\/\">L\u00e6s resten <span class=\"meta-nav\">&rarr;<\/span><\/a><\/p>\n","protected":false},"author":1,"featured_media":0,"parent":310,"menu_order":0,"comment_status":"closed","ping_status":"closed","template":"","meta":{"footnotes":""},"class_list":["post-801","page","type-page","status-publish","hentry"],"_links":{"self":[{"href":"https:\/\/bogenommedicinskcannabis.dk\/index.php\/wp-json\/wp\/v2\/pages\/801","targetHints":{"allow":["GET"]}}],"collection":[{"href":"https:\/\/bogenommedicinskcannabis.dk\/index.php\/wp-json\/wp\/v2\/pages"}],"about":[{"href":"https:\/\/bogenommedicinskcannabis.dk\/index.php\/wp-json\/wp\/v2\/types\/page"}],"author":[{"embeddable":true,"href":"https:\/\/bogenommedicinskcannabis.dk\/index.php\/wp-json\/wp\/v2\/users\/1"}],"replies":[{"embeddable":true,"href":"https:\/\/bogenommedicinskcannabis.dk\/index.php\/wp-json\/wp\/v2\/comments?post=801"}],"version-history":[{"count":1,"href":"https:\/\/bogenommedicinskcannabis.dk\/index.php\/wp-json\/wp\/v2\/pages\/801\/revisions"}],"predecessor-version":[{"id":803,"href":"https:\/\/bogenommedicinskcannabis.dk\/index.php\/wp-json\/wp\/v2\/pages\/801\/revisions\/803"}],"up":[{"embeddable":true,"href":"https:\/\/bogenommedicinskcannabis.dk\/index.php\/wp-json\/wp\/v2\/pages\/310"}],"wp:attachment":[{"href":"https:\/\/bogenommedicinskcannabis.dk\/index.php\/wp-json\/wp\/v2\/media?parent=801"}],"curies":[{"name":"wp","href":"https:\/\/api.w.org\/{rel}","templated":true}]}}