{"id":804,"date":"2019-02-28T14:43:13","date_gmt":"2019-02-28T13:43:13","guid":{"rendered":"https:\/\/bogenommedicinskcannabis.dk\/?page_id=804"},"modified":"2019-02-28T14:43:13","modified_gmt":"2019-02-28T13:43:13","slug":"cannabis-olie-til-epilepsi","status":"publish","type":"page","link":"https:\/\/bogenommedicinskcannabis.dk\/index.php\/artikler\/medicinsk-cannabis-og-epilepsi\/cannabis-olie-til-epilepsi\/","title":{"rendered":"Cannabis olie til epilepsi?"},"content":{"rendered":"<p>De fleste patienter med epilepsi f\u00e5r udskrevet et anti-epileptisk l\u00e6gemiddel som en del af den konventionelle behandling.<a href=\"#_ftn1\" name=\"_ftnref1\">[1]<\/a> If\u00f8lge de fleste estimater virker den imidlertid ikke i mere end en tredjedel af tilf\u00e6ldene.<a href=\"#_ftn2\" name=\"_ftnref2\">[2]<\/a> Enten oplever patienterne alvorlige bivirkninger, eller de har en behandlingsresistent form for epilepsi. Alene for denne gruppe er der grund til at have fokus p\u00e5 andre behandlingsmuligheder. En af dem kunne v\u00e6re CBD.<\/p>\n<p>CBD er et af de mange aktive indholdsstoffer i cannabis. Grunden til, at kroppen reagerer s\u00e5 st\u00e6rkt p\u00e5 cannabis, er fordi vi har receptorer overalt i kroppen, som cannabinoiderne passer ind i. De er alle en del af det, der kaldes vores endocannabinoid system.<\/p>\n<p>Cannabinoid receptorer findes overalt i kroppen \u2013 i hjernen, immunsystemet, ford\u00f8jelsessystemet og nervesystemet. Fordi de cannabinoider, der findes i cannabis, ligner dem, der findes i vores krop, kan cannabis supplere kroppens egne cannabinoider, n\u00e5r sygdom f\u00e5r endocannabinoid systemet ud af balance.<\/p>\n<p>N\u00e5r en person oplever kramper, bliver hjerneceller alt for sp\u00e6ndte og \u201cbr\u00e6nder\u201d unormalt. CBD lindrer kroppen og f\u00e5r elektriske impulser i hjernen til at fungere ordentligt. Fordi cannabis fortsat er ulovligt mange steder, er der stadig begr\u00e6nset forskning p\u00e5 omr\u00e5det. S\u00e5 ingen ved i virkeligheden, hvordan eller hvorfor cannabis kan behandle epilepsi.<\/p>\n<p><strong>Patienternes erfaringer er lovende<br \/>\n<\/strong>Mange studier viser, at patienter med sygdommen rapporterer en nedgang i graden og frekvensen af deres kramper, n\u00e5r de bruger medicinsk cannabis som behandling.<a href=\"#_ftn3\" name=\"_ftnref3\">[3]<\/a>Mange epilepsipatienter, som i mange \u00e5r har v\u00e6ret slaver af deres receptpligtige medicin,<a href=\"#_ftn4\" name=\"_ftnref4\">[4]<\/a> som ofte kun giver en lille lindring af deres kramper, har vist sig at f\u00e5 positive, sommetider livs\u00e6ndrende resultater af CBD-rig cannabis ekstrakt.<a href=\"#_ftn5\" name=\"_ftnref5\">[5]<\/a><\/p>\n<p><strong>De synlige beviser<br \/>\n<\/strong>Der er adskillige videoer p\u00e5 nettet, som viser effekten af medicinsk cannabis p\u00e5 de krampeanfald, der er typiske for epilepsi. En af dem omhandler Charlotte Figi, en i dag 10-\u00e5rig pige fra Colorado i USA, som nok er den mest ber\u00f8mte, og som har f\u00e5et en cannabis art opkaldt efter sig.<a href=\"#_ftn6\" name=\"_ftnref6\">[6]<\/a><\/p>\n<p>Hun lider af Dravet syndrom, som er en sj\u00e6lden og invaliderende form for epilepsi. Hele USA fik kendskab til hendes sygdomshistorie, da hun og hendes for\u00e6ldre i 2013 deltog i en fjernsynsudsendelse p\u00e5 CNN. Nu kunne alle se, hvordan medicinsk cannabis var i stand til, hvad ingen andre l\u00e6gemidler havde kunnet: reducere hendes kramper dramatisk.<\/p>\n<p>En anden video viser en mand, som er midt i et epileptisk anfald.<a href=\"#_ftn7\" name=\"_ftnref7\">[7]<\/a> Hans venner tr\u00f8ster ham og giver gode r\u00e5d og giver ham en joint.<a href=\"#_ftn8\" name=\"_ftnref8\">[8]<\/a> Indenfor 2 minutter var kramperne fuldst\u00e6ndig forsvundet og hans rystelser reduceredes nok til, at han selv kunne holde jointen og forts\u00e6tte rygningen, hvilket yderligere hjalp ham med at blive stabil igen. Efter 4 minutter var hans rystelser helt standset. Manden tilskriver cannabis \u00e6ren for den pludselige \u00e6ndring i hans krop.<a href=\"#_ftn9\" name=\"_ftnref9\">[9]<\/a><\/p>\n<p><img loading=\"lazy\" decoding=\"async\" class=\"alignnone size-full wp-image-805\" src=\"https:\/\/bogenommedicinskcannabis.dk\/wp-content\/uploads\/2019\/02\/medicinsk-cannabis13.jpg\" alt=\"\" width=\"1920\" height=\"660\" srcset=\"https:\/\/bogenommedicinskcannabis.dk\/wp-content\/uploads\/2019\/02\/medicinsk-cannabis13.jpg 1920w, https:\/\/bogenommedicinskcannabis.dk\/wp-content\/uploads\/2019\/02\/medicinsk-cannabis13-300x103.jpg 300w, https:\/\/bogenommedicinskcannabis.dk\/wp-content\/uploads\/2019\/02\/medicinsk-cannabis13-768x264.jpg 768w, https:\/\/bogenommedicinskcannabis.dk\/wp-content\/uploads\/2019\/02\/medicinsk-cannabis13-1024x352.jpg 1024w\" sizes=\"auto, (max-width: 1920px) 100vw, 1920px\" \/><\/p>\n<p><a href=\"#_ftnref1\" name=\"_ftn1\">[1]<\/a> Medical Marijuana and Epilepsy. <a href=\"https:\/\/www.marijuanadoctors.com\/conditions\/epilepsy\/\">https:\/\/www.marijuanadoctors.com\/conditions\/epilepsy\/<\/a><\/p>\n<p>Best CBD Oils to Help Manage Epilepsy. <a href=\"https:\/\/www.marijuanadoctors.com\/resources\/ailment-resources\/best-cbd-oils-to-help-manage-epilepsy\/\">https:\/\/www.marijuanadoctors.com\/resources\/ailment-resources\/best-cbd-oils-to-help-manage-epilepsy\/<\/a><\/p>\n<p><a href=\"#_ftnref2\" name=\"_ftn2\">[2]<\/a> Can Cannabis Oil Really Treat Seizures? <a href=\"https:\/\/www.consumerreports.org\/seizures\/cannabis-oil-cbd-treat-seizures\/\">https:\/\/www.consumerreports.org\/seizures\/cannabis-oil-cbd-treat-seizures\/<\/a><\/p>\n<p><a href=\"https:\/\/www.uptodate.com\/contents\/evaluation-and-management-of-drug-resistant-epilepsy\/contributors\">Joseph I Sirven, MD<\/a>: <strong>Evaluation and management of drug-resistant epilepsyEvaluation and management of drug-resistant epilepsy<\/strong>Evaluation<strong>ion and management of drug-resistant epilepsy <\/strong>and management of drug-resistant epilepsy. <a href=\"https:\/\/www.uptodate.com\/contents\/evaluation-and-management-of-drug-resistant-epilepsy\">https:\/\/www.uptodate.com\/contents\/evaluation-and-management-of-drug-resistant-epilepsy<\/a><\/p>\n<p><a href=\"#_ftnref3\" name=\"_ftn3\">[3]<\/a> Orrin Devinsky*, Eric Marsh*, Daniel Friedman et al.: Cannabidiol in patients with treatment-resistant epilepsy:<\/p>\n<p>an open-label interventional trial. <a href=\"http:\/\/www.thelancet.com\/neurology\">www.thelancet.com\/neurology<\/a> . Published online December 23, 2015 <a href=\"http:\/\/dx.doi.org\/10.1016\/S1474-4422(15)00379-8\">http:\/\/dx.doi.org\/10.1016\/S1474-4422(15)00379-8<\/a>. <a href=\"http:\/\/www.cannabismedicinal.com.ar\/images\/documentos\/Investigacion\/Cannabidiol_in_patients_with_treatmentresistant.pdf\">http:\/\/www.cannabismedicinal.com.ar\/images\/documentos\/Investigacion\/Cannabidiol_in_patients_with_treatmentresistant.pdf<\/a><\/p>\n<p><a href=\"#_ftnref4\" name=\"_ftn4\">[4]<\/a> 5 Prescription Medications You Can Replace With Marijuana. <a href=\"https:\/\/herb.co\/marijuana\/news\/5-prescription-replace-marijuana\">https:\/\/herb.co\/marijuana\/news\/5-prescription-replace-marijuana<\/a><\/p>\n<p><a href=\"#_ftnref5\" name=\"_ftn5\">[5]<\/a> 5 Reasons You Should Take CBD On A Daily Basis. <a href=\"https:\/\/herb.co\/marijuana\/news\/why-you-should-take-cbd-on-a-daily-basis\">https:\/\/herb.co\/marijuana\/news\/why-you-should-take-cbd-on-a-daily-basis<\/a><\/p>\n<p>Watch: The Proven Power Of Marijuana On Epilepsy. <a href=\"https:\/\/herb.co\/marijuana\/news\/watch-proven-power-marijuana-epilepsy\">https:\/\/herb.co\/marijuana\/news\/watch-proven-power-marijuana-epilepsy<\/a><\/p>\n<p><a href=\"#_ftnref6\" name=\"_ftn6\">[6]<\/a> Marijuana stops child&#8217;s severe seizures. <a href=\"https:\/\/edition.cnn.com\/2013\/08\/07\/health\/charlotte-child-medical-marijuana\/\">https:\/\/edition.cnn.com\/2013\/08\/07\/health\/charlotte-child-medical-marijuana\/<\/a><\/p>\n<p><a href=\"#_ftnref7\" name=\"_ftn7\">[7]<\/a> Marijuana Stops Epileptic Seizure. <a href=\"https:\/\/www.youtube.com\/watch?v=dB1s6eE7Rvg\">https:\/\/www.youtube.com\/watch?v=dB1s6eE7Rvg<\/a><\/p>\n<p><a href=\"#_ftnref8\" name=\"_ftn8\">[8]<\/a> Do You Know How To Roll A Rocket Joint? <a href=\"https:\/\/herb.co\/marijuana\/news\/how-to-make-a-rocket-joint\">https:\/\/herb.co\/marijuana\/news\/how-to-make-a-rocket-joint<\/a><\/p>\n<p>Marijuana stops child&#8217;s severe seizures. <a href=\"https:\/\/edition.cnn.com\/2013\/08\/07\/health\/charlotte-child-medical-marijuana\/\">https:\/\/edition.cnn.com\/2013\/08\/07\/health\/charlotte-child-medical-marijuana\/<\/a><\/p>\n<p><a href=\"#_ftnref9\" name=\"_ftn9\">[9]<\/a> 7 Ways Cannabis Is Great For Your Brain. <a href=\"https:\/\/herb.co\/marijuana\/news\/7-ways-cannabis-great-brain\">https:\/\/herb.co\/marijuana\/news\/7-ways-cannabis-great-brain<\/a><\/p>\n<p>Watch: Medical Marijuana Saves Boy Suffering From Extremely Rare Epilepsy. <a href=\"https:\/\/herb.co\/marijuana\/news\/watch-medical-marijuana-saves-boy-suffering-from-extremely-rare-epilepsy\">https:\/\/herb.co\/marijuana\/news\/watch-medical-marijuana-saves-boy-suffering-from-extremely-rare-epilepsy<\/a><\/p>\n<p><a href=\"https:\/\/www.youtube.com\/watch?v=B5FYB8rVNC4\">https:\/\/www.youtube.com\/watch?v=B5FYB8rVNC4<\/a><\/p>\n","protected":false},"excerpt":{"rendered":"<p>De fleste patienter med epilepsi f\u00e5r udskrevet et anti-epileptisk l\u00e6gemiddel som en del af den konventionelle behandling.[1] If\u00f8lge de fleste estimater virker den imidlertid ikke i mere end en tredjedel af tilf\u00e6ldene.[2] Enten oplever patienterne alvorlige bivirkninger, eller de har &hellip; <a href=\"https:\/\/bogenommedicinskcannabis.dk\/index.php\/artikler\/medicinsk-cannabis-og-epilepsi\/cannabis-olie-til-epilepsi\/\">L\u00e6s resten <span class=\"meta-nav\">&rarr;<\/span><\/a><\/p>\n","protected":false},"author":1,"featured_media":0,"parent":310,"menu_order":0,"comment_status":"closed","ping_status":"closed","template":"","meta":{"footnotes":""},"class_list":["post-804","page","type-page","status-publish","hentry"],"_links":{"self":[{"href":"https:\/\/bogenommedicinskcannabis.dk\/index.php\/wp-json\/wp\/v2\/pages\/804","targetHints":{"allow":["GET"]}}],"collection":[{"href":"https:\/\/bogenommedicinskcannabis.dk\/index.php\/wp-json\/wp\/v2\/pages"}],"about":[{"href":"https:\/\/bogenommedicinskcannabis.dk\/index.php\/wp-json\/wp\/v2\/types\/page"}],"author":[{"embeddable":true,"href":"https:\/\/bogenommedicinskcannabis.dk\/index.php\/wp-json\/wp\/v2\/users\/1"}],"replies":[{"embeddable":true,"href":"https:\/\/bogenommedicinskcannabis.dk\/index.php\/wp-json\/wp\/v2\/comments?post=804"}],"version-history":[{"count":1,"href":"https:\/\/bogenommedicinskcannabis.dk\/index.php\/wp-json\/wp\/v2\/pages\/804\/revisions"}],"predecessor-version":[{"id":806,"href":"https:\/\/bogenommedicinskcannabis.dk\/index.php\/wp-json\/wp\/v2\/pages\/804\/revisions\/806"}],"up":[{"embeddable":true,"href":"https:\/\/bogenommedicinskcannabis.dk\/index.php\/wp-json\/wp\/v2\/pages\/310"}],"wp:attachment":[{"href":"https:\/\/bogenommedicinskcannabis.dk\/index.php\/wp-json\/wp\/v2\/media?parent=804"}],"curies":[{"name":"wp","href":"https:\/\/api.w.org\/{rel}","templated":true}]}}