{"id":807,"date":"2019-03-01T11:53:59","date_gmt":"2019-03-01T10:53:59","guid":{"rendered":"https:\/\/bogenommedicinskcannabis.dk\/?page_id=807"},"modified":"2019-03-01T11:55:01","modified_gmt":"2019-03-01T10:55:01","slug":"neurontin-og-lyrica-har-bekymrende-bivirkninger","status":"publish","type":"page","link":"https:\/\/bogenommedicinskcannabis.dk\/index.php\/artikler\/medicinsk-cannabis-og-epilepsi\/neurontin-og-lyrica-har-bekymrende-bivirkninger\/","title":{"rendered":"Neurontin og Lyrica har bekymrende bivirkninger"},"content":{"rendered":"<p>B\u00e5de Neurontin og det nyere pr\u00e6parat Lyrica er l\u00e6gemidler, som ordineres til rigtigt mange godkendte og off-label indikationer. For Lyricas vedkommende ordineres det if\u00f8lge promedicin.dk mod epilepsi, angst og nervesmerter d.v.s. i sig selv ret bredt d\u00e6kkende indikationer og for Neurotin ligeledes epilepsi og nervesmerter til voksne og b\u00f8rn helt ned til 6 \u00e5r.<a href=\"#_ftn1\" name=\"_ftnref1\">[1]<\/a><\/p>\n<p><img loading=\"lazy\" decoding=\"async\" class=\"alignnone size-full wp-image-808\" src=\"https:\/\/bogenommedicinskcannabis.dk\/wp-content\/uploads\/2019\/03\/medicinforbrug-lyrica-og-neurontin.jpg\" alt=\"\" width=\"1025\" height=\"671\" srcset=\"https:\/\/bogenommedicinskcannabis.dk\/wp-content\/uploads\/2019\/03\/medicinforbrug-lyrica-og-neurontin.jpg 1025w, https:\/\/bogenommedicinskcannabis.dk\/wp-content\/uploads\/2019\/03\/medicinforbrug-lyrica-og-neurontin-300x196.jpg 300w, https:\/\/bogenommedicinskcannabis.dk\/wp-content\/uploads\/2019\/03\/medicinforbrug-lyrica-og-neurontin-768x503.jpg 768w, https:\/\/bogenommedicinskcannabis.dk\/wp-content\/uploads\/2019\/03\/medicinforbrug-lyrica-og-neurontin-1024x670.jpg 1024w\" sizes=\"auto, (max-width: 1025px) 100vw, 1025px\" \/><\/p>\n<p>Det er ogs\u00e5 l\u00e6gemidler, som mange af dem, der bruger medicinsk cannabis enten har pr\u00f8vet eller fortsat bruger, selvom der kan v\u00e6re s\u00e6rdeles heftige bivirkninger ved det.<\/p>\n<p><strong>Lad os se p\u00e5, hvad forskningen siger om dette l\u00e6gemiddel.<br \/>\n<\/strong>Allerede tilbage i 2009 kunne man l\u00e6se advarsler om brugen af Lyrica og Neurontin, efter at et studie havde vist, at disse l\u00e6gemidler drastisk reducerer dannelse af nye synapser i hjernen.<a href=\"#_ftn2\" name=\"_ftnref2\">[2]<\/a> Det har betydning for hukommelsen, som fungerer via disse s\u00e5kaldte synaptiske forbindelser mellem vores hjerneceller. Synapser bliver st\u00e6rkere eller svagere, afh\u00e6ngigt af\u00a0om de bliver brugt eller ej. De kan ogs\u00e5 forsvinde helt, eller nye kan dannes.<a href=\"#_ftn3\" name=\"_ftnref3\">[3]<\/a><\/p>\n<p>Da disse l\u00e6gemidler udskrives til flere og flere indikationer, har forskning i deres langsigtede effekter afsl\u00f8ret, at de kan v\u00e6re en virkelig belastning af helbredet.<\/p>\n<p><strong>Forbruget stiger st\u00f8t<br \/>\n<\/strong>Efterh\u00e5nden som brugen af disse l\u00e6gemidler er steget, udtrykker flere l\u00e6ger bekymring om faren ved dem og misbrug. I en artikel fra 2016 i tidsskriftet <em>Addiction<\/em>, skitserede forfatteren fra en smerteklinik i Storbritannien et voksende problem med misbrug af gabapentin\/Neurotin og pregalin\/Lyrica.<a href=\"#_ftn4\" name=\"_ftnref4\">[4]<\/a><\/p>\n<p>Alene i de sidste 5 \u00e5r, noterede hun, var udskrivningsraten for\u00f8get med henholdsvis150-350%. I hendes artikel udtrykte hun stor bekymring for overforbruget af l\u00e6gemidlet og mangel p\u00e5 effekt i st\u00f8rstedelen af tilf\u00e6ldene. Hun fastslog, at \u201dudskrivning af gabapentinoider i klinisk praksis har vist sig at v\u00e6re mere farlig end det fremg\u00e5r af den kontekst fra et klinisk fors\u00f8g, hvor l\u00e6gemidlet blev udskrevet i faste doser til udvalgte personer med lav risiko.\u201d<\/p>\n<p><strong>Effekten er meget begr\u00e6nset<br \/>\n<\/strong>Det blev ydermere erkendt, at effekten var begr\u00e6nset: \u201dKlinisk meningsfuld smertelindring med gabapentinoider opn\u00e5s i mindre end 20% af patienterne med diskrete diagnoser, og patienter med d\u00e5rligt definerede lidelser s\u00e5som fibromyalgi fik endnu d\u00e5rligere smerted\u00e6kning.\u201d Der er en voksende bekymring for, at Lyrica og Neurontin bliver en ny afh\u00e6ngighedsskabende medicin i lighed med opioider.<a href=\"#_ftn5\" name=\"_ftnref5\">[5]<\/a><\/p>\n<p><img loading=\"lazy\" decoding=\"async\" class=\"alignnone size-full wp-image-809 aligncenter\" src=\"https:\/\/bogenommedicinskcannabis.dk\/wp-content\/uploads\/2019\/03\/lyrica1.jpg\" alt=\"\" width=\"255\" height=\"197\" \/><\/p>\n<p><a href=\"#_ftnref1\" name=\"_ftn1\">[1]<\/a> Neurontin and Lyrica Adverse Effects &#8211; The Saga Continues. <a href=\"https:\/\/www.wellnessresources.com\/news\/neurontin-and-lyrica-adverse-effects-the-saga-continues\">https:\/\/www.wellnessresources.com\/news\/neurontin-and-lyrica-adverse-effects-the-saga-continues<\/a><\/p>\n<p>Misbrug af gabapentin og pregabalin &#8211; forsigtighed ved behandling af personer med opioidmisbrug. https:\/\/www.sst.dk\/da\/rationel-farmakoterapi\/maanedsbladet\/2018\/rationel-farmakoterapi-7,-2018\/misbrug-af-gabapentin-og-pregabalin-forsigtighed-ved-behandling-af-personer-med-opioidmisbrug<\/p>\n<p>Lyrica. <a href=\"https:\/\/pro.medicin.dk\/Medicin\/Praeparater\/3474\">https:\/\/pro.medicin.dk\/Medicin\/Praeparater\/3474<\/a><\/p>\n<p>Neurontin. <a href=\"https:\/\/pro.medicin.dk\/Medicin\/Praeparater\/2851\">https:\/\/pro.medicin.dk\/Medicin\/Praeparater\/2851<\/a><\/p>\n<p><a href=\"#_ftnref2\" name=\"_ftn2\">[2]<\/a> Byron J. Richards: Neurontin and Lyrica are a Death Sentence for New Brain Synapses. <a href=\"https:\/\/www.wellnessresources.com\/news\/neurontin-and-lyrica-are-a-death-sentence-for-new-brain-synapses\">https:\/\/www.wellnessresources.com\/news\/neurontin-and-lyrica-are-a-death-sentence-for-new-brain-synapses<\/a><\/p>\n<p>\u00c7agla Eroglu, Nicola J. Allen, Michael W. Susman et al.: Gabapentin Receptor \u03b12\u03b4-1 Is a Neuronal Thrombospondin Receptor Responsible for Excitatory CNS Synaptogenesis. Stanford University School of Medicine. <a href=\"https:\/\/www.ncbi.nlm.nih.gov\/entrez\/eutils\/elink.fcgi?dbfrom=pubmed&amp;retmode=ref&amp;cmd=prlinks&amp;id=19818485\">Cell. 2009 Oct 16; 139(2): 380\u2013392. <\/a>\u00a0<a href=\"https:\/\/www.ncbi.nlm.nih.gov\/pmc\/articles\/PMC2791798\/\">https:\/\/www.ncbi.nlm.nih.gov\/pmc\/articles\/PMC2791798\/<\/a><\/p>\n<p><a href=\"#_ftnref3\" name=\"_ftn3\">[3]<\/a> Det sker i hjernen, n\u00e5r vi skaber minder. <a href=\"https:\/\/videnskab.dk\/naturvidenskab\/det-sker-i-hjernen-naar-vi-skaber-minder\">https:\/\/videnskab.dk\/naturvidenskab\/det-sker-i-hjernen-naar-vi-skaber-minder<\/a><\/p>\n<p><a href=\"#_ftnref4\" name=\"_ftn4\">[4]<\/a> <a href=\"https:\/\/www.ncbi.nlm.nih.gov\/pubmed\/?term=Stannard%20C%5BAuthor%5D&amp;cauthor=true&amp;cauthor_uid=27454743\">Stannard C<\/a>.: Misuse of gabapentin and pregabalin: a marker for a more serious malaise? <a href=\"https:\/\/www.ncbi.nlm.nih.gov\/pubmed\/27454743\">Addiction.<\/a> 2016 Oct;111(10):1699-700. doi: 10.1111\/add.13408. Epub 2016 Jul 25. <a href=\"https:\/\/www.ncbi.nlm.nih.gov\/pubmed\/27454743\">https:\/\/www.ncbi.nlm.nih.gov\/pubmed\/27454743<\/a><\/p>\n<p><a href=\"#_ftnref5\" name=\"_ftn5\">[5]<\/a> <a href=\"https:\/\/www.ncbi.nlm.nih.gov\/pubmed\/?term=Evoy%20KE%5BAuthor%5D&amp;cauthor=true&amp;cauthor_uid=28144823\">Evoy KE<\/a><sup>1,2<\/sup>, <a href=\"https:\/\/www.ncbi.nlm.nih.gov\/pubmed\/?term=Morrison%20MD%5BAuthor%5D&amp;cauthor=true&amp;cauthor_uid=28144823\">Morrison MD<\/a><sup>3<\/sup>, Saklad SR.: Abuse and Misuse of Pregabalin and Gabapentin. <a href=\"https:\/\/www.ncbi.nlm.nih.gov\/pubmed\/28144823\">Drugs.<\/a> 2017 Mar;77(4):403-426. doi: 10.1007\/s40265-017-0700-x. <a href=\"https:\/\/www.ncbi.nlm.nih.gov\/pubmed\/28144823\">https:\/\/www.ncbi.nlm.nih.gov\/pubmed\/28144823<\/a><\/p>\n","protected":false},"excerpt":{"rendered":"<p>B\u00e5de Neurontin og det nyere pr\u00e6parat Lyrica er l\u00e6gemidler, som ordineres til rigtigt mange godkendte og off-label indikationer. For Lyricas vedkommende ordineres det if\u00f8lge promedicin.dk mod epilepsi, angst og nervesmerter d.v.s. i sig selv ret bredt d\u00e6kkende indikationer og for &hellip; <a href=\"https:\/\/bogenommedicinskcannabis.dk\/index.php\/artikler\/medicinsk-cannabis-og-epilepsi\/neurontin-og-lyrica-har-bekymrende-bivirkninger\/\">L\u00e6s resten <span class=\"meta-nav\">&rarr;<\/span><\/a><\/p>\n","protected":false},"author":1,"featured_media":0,"parent":310,"menu_order":0,"comment_status":"closed","ping_status":"closed","template":"","meta":{"footnotes":""},"class_list":["post-807","page","type-page","status-publish","hentry"],"_links":{"self":[{"href":"https:\/\/bogenommedicinskcannabis.dk\/index.php\/wp-json\/wp\/v2\/pages\/807","targetHints":{"allow":["GET"]}}],"collection":[{"href":"https:\/\/bogenommedicinskcannabis.dk\/index.php\/wp-json\/wp\/v2\/pages"}],"about":[{"href":"https:\/\/bogenommedicinskcannabis.dk\/index.php\/wp-json\/wp\/v2\/types\/page"}],"author":[{"embeddable":true,"href":"https:\/\/bogenommedicinskcannabis.dk\/index.php\/wp-json\/wp\/v2\/users\/1"}],"replies":[{"embeddable":true,"href":"https:\/\/bogenommedicinskcannabis.dk\/index.php\/wp-json\/wp\/v2\/comments?post=807"}],"version-history":[{"count":2,"href":"https:\/\/bogenommedicinskcannabis.dk\/index.php\/wp-json\/wp\/v2\/pages\/807\/revisions"}],"predecessor-version":[{"id":811,"href":"https:\/\/bogenommedicinskcannabis.dk\/index.php\/wp-json\/wp\/v2\/pages\/807\/revisions\/811"}],"up":[{"embeddable":true,"href":"https:\/\/bogenommedicinskcannabis.dk\/index.php\/wp-json\/wp\/v2\/pages\/310"}],"wp:attachment":[{"href":"https:\/\/bogenommedicinskcannabis.dk\/index.php\/wp-json\/wp\/v2\/media?parent=807"}],"curies":[{"name":"wp","href":"https:\/\/api.w.org\/{rel}","templated":true}]}}