{"id":838,"date":"2019-03-21T12:54:11","date_gmt":"2019-03-21T11:54:11","guid":{"rendered":"https:\/\/bogenommedicinskcannabis.dk\/?page_id=838"},"modified":"2019-03-21T12:54:11","modified_gmt":"2019-03-21T11:54:11","slug":"medicinsk-cannabis-forbedrer-bipolare-patienters-adfaerd-og-tests","status":"publish","type":"page","link":"https:\/\/bogenommedicinskcannabis.dk\/index.php\/artikler\/medicinsk-cannabis-og-psykiske-sygdomme\/medicinsk-cannabis-forbedrer-bipolare-patienters-adfaerd-og-tests\/","title":{"rendered":"Medicinsk cannabis forbedrer bipolare patienters adf\u00e6rd og tests"},"content":{"rendered":"<p>I 2012 fokuserede Raphael J. Braga, et al. i et studie p\u00e5 de kognitive og kliniske udfald, som var associeret med brugen af cannnabis hos patienter med bipolar lidelse.<a href=\"#_ftn1\" name=\"_ftnref1\">[1]<\/a><\/p>\n<p>Form\u00e5let med studiet var at sammenligne kliniske og neurokognitive m\u00e5l hos patienter med bipolar lidelse med en historie med brug af cannabis overfor de, som ikke havde brugt cannabis. Studiet sammenlignede de to grupper ud fra kliniske og demografiske variabler s\u00e5vel som p\u00e5 adf\u00e6rd og neurokognitive tests.<\/p>\n<p>Studiet fandt, at de, som havde brugt cannabis udviste signifikant bedre adf\u00e6rd, n\u00e5r der blev m\u00e5lt p\u00e5 opm\u00e6rksomhed, hastighed, behandlingshastighed (af emner) og arbejdshukommelse.<\/p>\n<p>Selvom brugen af cannabis historisk associeres med psykoser og d\u00e5rligere kliniske prognoser, afsl\u00f8rede Braga studiet, at bipolare patienter med et historisk brug af cannabis havde en bedre neurokognitiv adf\u00e6rd sammenlignet med de, der ikke havde brugt cannabis.<\/p>\n<p><img loading=\"lazy\" decoding=\"async\" class=\"alignnone size-full wp-image-839\" src=\"https:\/\/bogenommedicinskcannabis.dk\/wp-content\/uploads\/2019\/03\/depression2.jpg\" alt=\"\" width=\"493\" height=\"335\" srcset=\"https:\/\/bogenommedicinskcannabis.dk\/wp-content\/uploads\/2019\/03\/depression2.jpg 493w, https:\/\/bogenommedicinskcannabis.dk\/wp-content\/uploads\/2019\/03\/depression2-300x204.jpg 300w\" sizes=\"auto, (max-width: 493px) 100vw, 493px\" \/><\/p>\n<p><a href=\"#_ftnref1\" name=\"_ftn1\">[1]<\/a> <a href=\"https:\/\/www.ncbi.nlm.nih.gov\/pubmed\/?term=Braga%20RJ%5BAuthor%5D&amp;cauthor=true&amp;cauthor_uid=22818174\">Raphael J. Braga<\/a>,<sup>a,b,*<\/sup> <a href=\"https:\/\/www.ncbi.nlm.nih.gov\/pubmed\/?term=Burdick%20KE%5BAuthor%5D&amp;cauthor=true&amp;cauthor_uid=22818174\">Katherine E. Burdick<\/a>,<sup>e<\/sup> <a href=\"https:\/\/www.ncbi.nlm.nih.gov\/pubmed\/?term=DeRosse%20P%5BAuthor%5D&amp;cauthor=true&amp;cauthor_uid=22818174\">Pamela DeRosse<\/a> et al.: Cognitive and clinical outcomes associated with cannabis use in patients with bipolar I disorder.<br \/>\n<a href=\"https:\/\/www.ncbi.nlm.nih.gov\/entrez\/eutils\/elink.fcgi?dbfrom=pubmed&amp;retmode=ref&amp;cmd=prlinks&amp;id=22818174\">Psychiatry Res. 2012 Dec 30; 200(0): 242\u2013245. <\/a>Published online 2012 Jul 18. doi:\u00a0 <a href=\"https:\/\/dx.doi.org\/10.1016%2Fj.psychres.2012.05.025\">10.1016\/j.psychres.2012.05.025. <\/a><a href=\"https:\/\/www.ncbi.nlm.nih.gov\/pmc\/articles\/PMC4408776\/\">https:\/\/www.ncbi.nlm.nih.gov\/pmc\/articles\/PMC4408776\/<\/a><\/p>\n","protected":false},"excerpt":{"rendered":"<p>I 2012 fokuserede Raphael J. Braga, et al. i et studie p\u00e5 de kognitive og kliniske udfald, som var associeret med brugen af cannnabis hos patienter med bipolar lidelse.[1] Form\u00e5let med studiet var at sammenligne kliniske og neurokognitive m\u00e5l hos &hellip; <a href=\"https:\/\/bogenommedicinskcannabis.dk\/index.php\/artikler\/medicinsk-cannabis-og-psykiske-sygdomme\/medicinsk-cannabis-forbedrer-bipolare-patienters-adfaerd-og-tests\/\">L\u00e6s resten <span class=\"meta-nav\">&rarr;<\/span><\/a><\/p>\n","protected":false},"author":1,"featured_media":0,"parent":316,"menu_order":0,"comment_status":"closed","ping_status":"closed","template":"","meta":{"footnotes":""},"class_list":["post-838","page","type-page","status-publish","hentry"],"_links":{"self":[{"href":"https:\/\/bogenommedicinskcannabis.dk\/index.php\/wp-json\/wp\/v2\/pages\/838","targetHints":{"allow":["GET"]}}],"collection":[{"href":"https:\/\/bogenommedicinskcannabis.dk\/index.php\/wp-json\/wp\/v2\/pages"}],"about":[{"href":"https:\/\/bogenommedicinskcannabis.dk\/index.php\/wp-json\/wp\/v2\/types\/page"}],"author":[{"embeddable":true,"href":"https:\/\/bogenommedicinskcannabis.dk\/index.php\/wp-json\/wp\/v2\/users\/1"}],"replies":[{"embeddable":true,"href":"https:\/\/bogenommedicinskcannabis.dk\/index.php\/wp-json\/wp\/v2\/comments?post=838"}],"version-history":[{"count":1,"href":"https:\/\/bogenommedicinskcannabis.dk\/index.php\/wp-json\/wp\/v2\/pages\/838\/revisions"}],"predecessor-version":[{"id":840,"href":"https:\/\/bogenommedicinskcannabis.dk\/index.php\/wp-json\/wp\/v2\/pages\/838\/revisions\/840"}],"up":[{"embeddable":true,"href":"https:\/\/bogenommedicinskcannabis.dk\/index.php\/wp-json\/wp\/v2\/pages\/316"}],"wp:attachment":[{"href":"https:\/\/bogenommedicinskcannabis.dk\/index.php\/wp-json\/wp\/v2\/media?parent=838"}],"curies":[{"name":"wp","href":"https:\/\/api.w.org\/{rel}","templated":true}]}}