{"id":841,"date":"2019-03-21T13:03:34","date_gmt":"2019-03-21T12:03:34","guid":{"rendered":"https:\/\/bogenommedicinskcannabis.dk\/?page_id=841"},"modified":"2019-03-21T13:04:23","modified_gmt":"2019-03-21T12:04:23","slug":"sagar-studiet-om-effekten-af-cannabis-paa-bipolare-lidelser","status":"publish","type":"page","link":"https:\/\/bogenommedicinskcannabis.dk\/index.php\/artikler\/medicinsk-cannabis-og-psykiske-sygdomme\/sagar-studiet-om-effekten-af-cannabis-paa-bipolare-lidelser\/","title":{"rendered":"Sagar Studiet om effekten af cannabis p\u00e5 bipolare lidelser"},"content":{"rendered":"<p>I det nyeste studie publiceret i 2016 i PLOS ONE ville Kelly A. Sagars forskerteam fors\u00f8ge at finde ud af hvilken betydning brugen af cannabis havde p\u00e5 kognitiv funktion og hum\u00f8r hos patienter med bipolar lidelse.<a href=\"#_ftn1\" name=\"_ftnref1\">[1]<\/a><\/p>\n<p>Som del af et st\u00f8rre studie udf\u00f8rt mellem 2008 og 2014 blev 12 bipolare patienter, der r\u00f8g cannabis, 18 bipolare, som ikke r\u00f8g, 23 cannabis rygere uden bipolar lidelse og 21 raske kontrolpersoner, som ikke r\u00f8g eller havde bipolar lidelse, optaget i og f\u00e6rdiggjorde en neuropsykologisk vurdering. En undergruppe af disse deltagere udf\u00f8rte ogs\u00e5 dagligt vurderingsmodellen i en 4 ugers periode for at vurdere hum\u00f8ret.<a href=\"#_ftn2\" name=\"_ftnref2\">[2]<\/a><\/p>\n<p>Saga studiet fandt ingen forskel p\u00e5 den kognitive funktion hos de bipolare patienter, der r\u00f8g cannabis og de, der ikke gjorde. Ydermere rapporterede de bipolare patienter, der regelm\u00e6ssigt r\u00f8g cannabis om tydelig reduktion af deres hum\u00f8r symptomer hver gang, de havde taget cannabis, hvilket indikerer potentielle hum\u00f8r-stabiliserende egenskaber hos cannabis i det mindste hos nogen fors\u00f8gspersoner. Studiet viste ogs\u00e5, at brug af cannabis til bipolare patienter ikke f\u00f8rer til yderligere sv\u00e6kkelse.<\/p>\n<p><img loading=\"lazy\" decoding=\"async\" class=\"alignnone size-full wp-image-842\" src=\"https:\/\/bogenommedicinskcannabis.dk\/wp-content\/uploads\/2019\/03\/depression3.jpg\" alt=\"\" width=\"599\" height=\"399\" srcset=\"https:\/\/bogenommedicinskcannabis.dk\/wp-content\/uploads\/2019\/03\/depression3.jpg 599w, https:\/\/bogenommedicinskcannabis.dk\/wp-content\/uploads\/2019\/03\/depression3-300x200.jpg 300w\" sizes=\"auto, (max-width: 599px) 100vw, 599px\" \/><\/p>\n<p><a href=\"#_ftnref1\" name=\"_ftn1\">[1]<\/a> Kelly A. Sagar, M. Kathryn Dahlgren,Contributed equally to this work with: Kelly A. Sagar, M. Kathryn Dahlgren, Staci A. Gruber \u00a0Megan T. Racine et al.: Joint Effects: A Pilot Investigation of the Impact of Bipolar Disorder and Marijuana Use on Cognitive Function and Mood. PLoS ONE 11(6): e0157060. doi:10.1371\/journal.pone.0157060. <a href=\"http:\/\/journals.plos.org\/plosone\/article?id=10.1371\/journal.pone.0157060\">http:\/\/journals.plos.org\/plosone\/article?id=10.1371\/journal.pone.0157060<\/a><\/p>\n<p><a href=\"#_ftnref2\" name=\"_ftn2\">[2]<\/a> <a href=\"https:\/\/www.ncbi.nlm.nih.gov\/pubmed\/?term=Moskowitz%20DS%5BAuthor%5D&amp;cauthor=true&amp;cauthor_uid=16496031\">Debbie S. Moskowitz<\/a>, <a href=\"https:\/\/www.ncbi.nlm.nih.gov\/pubmed\/?term=Young%20SN%5BAuthor%5D&amp;cauthor=true&amp;cauthor_uid=16496031\">Simon N. Young<\/a>: Ecological momentary assessment: what it is and why it is a method of the future in clinical psychopharmacology. <a href=\"https:\/\/www.ncbi.nlm.nih.gov\/pmc\/articles\/PMC1325062\/\">J Psychiatry Neurosci<\/a>. 2006 Jan; 31(1): 13\u201320. <a href=\"https:\/\/www.ncbi.nlm.nih.gov\/pmc\/articles\/PMC1325062\/\">https:\/\/www.ncbi.nlm.nih.gov\/pmc\/articles\/PMC1325062\/<\/a><\/p>\n","protected":false},"excerpt":{"rendered":"<p>I det nyeste studie publiceret i 2016 i PLOS ONE ville Kelly A. Sagars forskerteam fors\u00f8ge at finde ud af hvilken betydning brugen af cannabis havde p\u00e5 kognitiv funktion og hum\u00f8r hos patienter med bipolar lidelse.[1] Som del af et &hellip; <a href=\"https:\/\/bogenommedicinskcannabis.dk\/index.php\/artikler\/medicinsk-cannabis-og-psykiske-sygdomme\/sagar-studiet-om-effekten-af-cannabis-paa-bipolare-lidelser\/\">L\u00e6s resten <span class=\"meta-nav\">&rarr;<\/span><\/a><\/p>\n","protected":false},"author":1,"featured_media":0,"parent":316,"menu_order":0,"comment_status":"closed","ping_status":"closed","template":"","meta":{"footnotes":""},"class_list":["post-841","page","type-page","status-publish","hentry"],"_links":{"self":[{"href":"https:\/\/bogenommedicinskcannabis.dk\/index.php\/wp-json\/wp\/v2\/pages\/841","targetHints":{"allow":["GET"]}}],"collection":[{"href":"https:\/\/bogenommedicinskcannabis.dk\/index.php\/wp-json\/wp\/v2\/pages"}],"about":[{"href":"https:\/\/bogenommedicinskcannabis.dk\/index.php\/wp-json\/wp\/v2\/types\/page"}],"author":[{"embeddable":true,"href":"https:\/\/bogenommedicinskcannabis.dk\/index.php\/wp-json\/wp\/v2\/users\/1"}],"replies":[{"embeddable":true,"href":"https:\/\/bogenommedicinskcannabis.dk\/index.php\/wp-json\/wp\/v2\/comments?post=841"}],"version-history":[{"count":2,"href":"https:\/\/bogenommedicinskcannabis.dk\/index.php\/wp-json\/wp\/v2\/pages\/841\/revisions"}],"predecessor-version":[{"id":844,"href":"https:\/\/bogenommedicinskcannabis.dk\/index.php\/wp-json\/wp\/v2\/pages\/841\/revisions\/844"}],"up":[{"embeddable":true,"href":"https:\/\/bogenommedicinskcannabis.dk\/index.php\/wp-json\/wp\/v2\/pages\/316"}],"wp:attachment":[{"href":"https:\/\/bogenommedicinskcannabis.dk\/index.php\/wp-json\/wp\/v2\/media?parent=841"}],"curies":[{"name":"wp","href":"https:\/\/api.w.org\/{rel}","templated":true}]}}