{"id":845,"date":"2019-03-21T22:34:00","date_gmt":"2019-03-21T21:34:00","guid":{"rendered":"https:\/\/bogenommedicinskcannabis.dk\/?page_id=845"},"modified":"2019-03-21T22:34:51","modified_gmt":"2019-03-21T21:34:51","slug":"medicinsk-cannabis-kan-lindre-symptomer-paa-skizofreni","status":"publish","type":"page","link":"https:\/\/bogenommedicinskcannabis.dk\/index.php\/artikler\/medicinsk-cannabis-og-psykiske-sygdomme\/medicinsk-cannabis-kan-lindre-symptomer-paa-skizofreni\/","title":{"rendered":"Medicinsk cannabis kan lindre symptomer p\u00e5 skizofreni"},"content":{"rendered":"<p><a href=\"#_ftnref1\" name=\"_ftn1\"><\/a>I de senere \u00e5r er forskerne begyndt at vurdere brugen af CBD til patienter, som er diagnosticeret med skizofreni. F. eks. viste et studie i 1995 signifikant forbedring af skizofreni symptomer hos en 19-\u00e5rig kvinde med skizofreni efter 4 ugers daglig CBD behandling.<a href=\"#_ftn1\" name=\"_ftnref1\">[1]<\/a> Patientens tilstand forv\u00e6rredes betydeligt, da behandlingen var afsluttet.<\/p>\n<p>Et fors\u00f8g fra 2006 med 3 personer med behandlingsresistent skizofreni viste ogs\u00e5, at CBD var associeret med delvis forbedring af forskellige symptomer.<a href=\"#_ftn2\" name=\"_ftnref2\">[2]<\/a><\/p>\n<p>Den brasilianske forsker Antonio Zuardi konkluderede i et review fra 2008, at \u201dkliniske studier viser, at CBD er en effektiv, sikker og godt t\u00e5lt behandling af skizofrene patienter.\u201d<a href=\"#_ftn3\" name=\"_ftnref3\">[3]<\/a><\/p>\n<p>Det st\u00f8rste kliniske studie af denne slags fra 2012 var et dobbelt-blindet, randomiseret, placebo-kontrolleret fors\u00f8g, hvor CBD blev vurderet i forhold til det receptpligtige l\u00e6gemiddel Amisulprid hos 42 personer med skizofreni og akut paranoia. Her rapporterede forfatterne, at begge behandlinger var associerede med \u201dsamme signifikante kliniske forbedring,\u201d men CBD \u201dgav signifikant f\u00e6rre bivirkninger.\u201d<a href=\"#_ftn4\" name=\"_ftnref4\">[4]<\/a><\/p>\n<p>Canadiske forskere fra University of Western Ontario bestyrkede disse fund i 2016. Forskerteamet konkluderede: \u201dCBD kan give samme effekt som anti-psykotisk medicin ved at trigge de molekyl\u00e6re signalveje, som er associeret med effekten af konventionel, anti-psykotisk medicin.\u201d<a href=\"#_ftn5\" name=\"_ftnref5\">[5]<\/a><\/p>\n<p>Selvom medierne indimellem p\u00e5st\u00e5r, at brug af cannabis kan fremkalde psykoser hos storforbrugere, tilbageviser et review \u00a0af nyere litteratur stort set dette. Her evaluerede forskere fra University of Wyoming og fra Columbia University i New York City nyere studier sammenh\u00e6ngen mellem cannabis og psykotisk adf\u00e6rd.<\/p>\n<p>De viste, at brugen af cannabis sandsynligvis ikke for\u00e5rsager psykoser, men at det snarere forholder sig s\u00e5dan, at personer, der er disponeret for lidelsen, har st\u00f8rre sandsynlighed for at begynde at bruge det tidligere. \u201dDen evidens, vi har evalueret her, viser at cannabis ikke i sig selv for\u00e5rsager<\/p>\n<p>psykoser,\u201d konkluderede de. \u201dEvidensen f\u00f8rer snarere til, at vi kan konkludere, at b\u00e5de tidlig brug og storforbrug af cannabis er mere sandsynlig hos personer, der er s\u00e5rbare overfor psykoser.\u201d<a href=\"#_ftn6\" name=\"_ftnref6\">[6]<\/a><\/p>\n<p>Faktisk har nogle observationsstudier rapporteret, at patienter begynder at bruge cannabis efter en diagnose p\u00e5 en psykiatrisk sygdom, hvilket tyder p\u00e5, at i det mindste nogle patienter allerede selvmedicinerer sig med planten.<a href=\"#_ftn7\" name=\"_ftnref7\">[7]<\/a> F.eks. viste unders\u00f8gelsesdata publiceret i <em>International Journal of Mental Health Nursing,<\/em> at flere end halvdelen af unders\u00f8gelsens respondenter brugte cannabis for at kontrollere deres skizofreni symptomer.<a href=\"#_ftn8\" name=\"_ftnref8\">[8]<\/a><\/p>\n<p>Selvom videnskaben om CBD som potentiel anti-psykotisk stof stadig er i sin vorden, har forskningen indtil nu vist, at stoffets potentielle effekt og bivirkningsprofil er lovende. Mens de nuv\u00e6rende anti-psykotiske l\u00e6gemidler har v\u00e6sentlige bivirkninger og tvivlsom effekt, har CBD vist sig at v\u00e6re sikker og godt t\u00e5lt hos mennesker.<a href=\"#_ftn9\" name=\"_ftnref9\">[9]<\/a><\/p>\n<p><img loading=\"lazy\" decoding=\"async\" class=\"alignnone size-full wp-image-846\" src=\"https:\/\/bogenommedicinskcannabis.dk\/wp-content\/uploads\/2019\/03\/angst.jpg\" alt=\"\" width=\"500\" height=\"373\" srcset=\"https:\/\/bogenommedicinskcannabis.dk\/wp-content\/uploads\/2019\/03\/angst.jpg 500w, https:\/\/bogenommedicinskcannabis.dk\/wp-content\/uploads\/2019\/03\/angst-300x224.jpg 300w\" sizes=\"auto, (max-width: 500px) 100vw, 500px\" \/><\/p>\n<p><a href=\"#_ftnref1\" name=\"_ftn1\">[1]<\/a> <a href=\"https:\/\/www.ncbi.nlm.nih.gov\/pubmed\/?term=Zuardi%20AW%5BAuthor%5D&amp;cauthor=true&amp;cauthor_uid=7559378\">Zuardi AW<\/a>, <a href=\"https:\/\/www.ncbi.nlm.nih.gov\/pubmed\/?term=Morais%20SL%5BAuthor%5D&amp;cauthor=true&amp;cauthor_uid=7559378\">Morais SL<\/a>, <a href=\"https:\/\/www.ncbi.nlm.nih.gov\/pubmed\/?term=Guimar%C3%A3es%20FS%5BAuthor%5D&amp;cauthor=true&amp;cauthor_uid=7559378\">Guimar\u00e3es FS<\/a>, <a href=\"https:\/\/www.ncbi.nlm.nih.gov\/pubmed\/?term=Mechoulam%20R%5BAuthor%5D&amp;cauthor=true&amp;cauthor_uid=7559378\">Mechoulam R<\/a>.: Antipsychotic effect of cannabidiol. <a href=\"https:\/\/www.ncbi.nlm.nih.gov\/pubmed\/7559378\">J Clin Psychiatry.<\/a> 1995 Oct;56(10):485-6. <a href=\"https:\/\/www.ncbi.nlm.nih.gov\/pubmed\/7559378\">https:\/\/www.ncbi.nlm.nih.gov\/pubmed\/7559378<\/a><\/p>\n<p>Antonio Waldo Zuardi. Cannabidiol: from an inactive cannabinoid to a drug with wide spectrum of action. Rev. Bras. Psiquiatr.\u00a0vol.30\u00a0no.3\u00a0S\u00e3o Paulo\u00a0Sept.\u00a02008. <a href=\"http:\/\/www.scielo.br\/scielo.php?script=sci_arttext&amp;pid=S1516-44462008000300015&amp;lng=en&amp;nrm=iso&amp;tlng=en\">http:\/\/www.scielo.br\/scielo.php?script=sci_arttext&amp;pid=S1516-44462008000300015&amp;lng=en&amp;nrm=iso&amp;tlng=en<\/a><\/p>\n<p>Can CBD Mitigate Psychotic Symptoms? Initial Research Is Promising. <a href=\"http:\/\/reset.me\/study\/can-cbd-mitigate-psychotic-symptoms-initial-research-is-promising\/\">http:\/\/reset.me\/study\/can-cbd-mitigate-psychotic-symptoms-initial-research-is-promising\/<\/a><\/p>\n<p><a href=\"#_ftnref1\" name=\"_ftn1\"><\/a><a href=\"#_ftnref2\" name=\"_ftn2\">[2]<\/a> <a href=\"https:\/\/www.ncbi.nlm.nih.gov\/pubmed\/?term=Zuardi%20AW%5BAuthor%5D&amp;cauthor=true&amp;cauthor_uid=16401651\">Zuardi AW<\/a><sup>1<\/sup>, <a href=\"https:\/\/www.ncbi.nlm.nih.gov\/pubmed\/?term=Hallak%20JE%5BAuthor%5D&amp;cauthor=true&amp;cauthor_uid=16401651\">Hallak JE<\/a>, <a href=\"https:\/\/www.ncbi.nlm.nih.gov\/pubmed\/?term=Dursun%20SM%5BAuthor%5D&amp;cauthor=true&amp;cauthor_uid=16401651\">Dursun SM<\/a>, <a href=\"https:\/\/www.ncbi.nlm.nih.gov\/pubmed\/?term=Morais%20SL%5BAuthor%5D&amp;cauthor=true&amp;cauthor_uid=16401651\">Morais SL<\/a>. Et al.: Cannabidiol monotherapy for treatment-resistant schizophrenia. <a href=\"https:\/\/www.ncbi.nlm.nih.gov\/pubmed\/16401651\">J Psychopharmacol.<\/a> 2006 Sep;20(5):683-6. Epub 2006 Jan 9. <a href=\"https:\/\/www.ncbi.nlm.nih.gov\/pubmed\/16401651\">https:\/\/www.ncbi.nlm.nih.gov\/pubmed\/16401651<\/a><\/p>\n<p><a href=\"#_ftnref3\" name=\"_ftn3\">[3]<\/a> Antonio Waldo Zuardi: Cannabidiol: from an inactive cannabinoid to a drug with wide spectrum of action. Rev. Bras. Psiquiatr.\u00a0vol.30\u00a0no.3\u00a0S\u00e3o Paulo\u00a0Sept.\u00a02008. <a href=\"http:\/\/www.scielo.br\/scielo.php?script=sci_arttext&amp;pid=S1516-44462008000300015&amp;lng=en&amp;nrm=iso&amp;tlng=en\">http:\/\/www.scielo.br\/scielo.php?script=sci_arttext&amp;pid=S1516-44462008000300015&amp;lng=en&amp;nrm=iso&amp;tlng=en<\/a><\/p>\n<p><a href=\"#_ftnref4\" name=\"_ftn4\">[4]<\/a> <a href=\"https:\/\/www.ncbi.nlm.nih.gov\/pubmed\/?term=Leweke%20FM%5BAuthor%5D&amp;cauthor=true&amp;cauthor_uid=22832859\">Leweke FM<\/a><sup>1<\/sup>, <a href=\"https:\/\/www.ncbi.nlm.nih.gov\/pubmed\/?term=Piomelli%20D%5BAuthor%5D&amp;cauthor=true&amp;cauthor_uid=22832859\">Piomelli D<\/a>, <a href=\"https:\/\/www.ncbi.nlm.nih.gov\/pubmed\/?term=Pahlisch%20F%5BAuthor%5D&amp;cauthor=true&amp;cauthor_uid=22832859\">Pahlisch F<\/a>. et al.: Cannabidiol enhances anandamide signaling and alleviates psychotic symptoms of schizophrenia. <a href=\"https:\/\/www.ncbi.nlm.nih.gov\/pubmed\/22832859\">Transl Psychiatry.<\/a> 2012 Mar 20;2:e94. doi: 10.1038\/tp.2012.15. <a href=\"https:\/\/www.ncbi.nlm.nih.gov\/pubmed\/22832859\">https:\/\/www.ncbi.nlm.nih.gov\/pubmed\/22832859<\/a><\/p>\n<p><a href=\"#_ftnref5\" name=\"_ftn5\">[5]<\/a> Justine Renard, Michael Loureiro, Laura G. Rosen et al.: Cannabidiol Counteracts Amphetamine-Induced Neuronal and Behavioral Sensitization of the Mesolimbic Dopamine Pathway through a Novel mTOR\/p70S6 Kinase Signaling Pathway. <a href=\"http:\/\/www.jneurosci.org\/content\/36\/18\">Journal of Neuroscience<\/a> Vol. 36, Issue 18 4 May 2016. <a href=\"http:\/\/www.jneurosci.org\/content\/36\/18\/5160.short?sid=b98364e2-cab2-4ca0-89b2-cdfd83224dcb\">http:\/\/www.jneurosci.org\/content\/36\/18\/5160.short?sid=b98364e2-cab2-4ca0-89b2-cdfd83224dcb<\/a><\/p>\n<p><a href=\"#_ftnref6\" name=\"_ftn6\">[6]<\/a> <a href=\"https:\/\/www.ncbi.nlm.nih.gov\/pubmed\/?term=Ksir%20C%5BAuthor%5D&amp;cauthor=true&amp;cauthor_uid=26781550\">Ksir C<\/a><sup>1<\/sup>, <a href=\"https:\/\/www.ncbi.nlm.nih.gov\/pubmed\/?term=Hart%20CL%5BAuthor%5D&amp;cauthor=true&amp;cauthor_uid=26781550\">Hart CL<\/a>.: Cannabis and Psychosis: a Critical Overview of the Relationship. <a href=\"https:\/\/www.ncbi.nlm.nih.gov\/pubmed\/26781550\/\">Curr Psychiatry Rep.<\/a> 2016 Feb;18(2):12. doi: 10.1007\/s11920-015-0657-y. <a href=\"https:\/\/www.ncbi.nlm.nih.gov\/pubmed\/26781550\/\">https:\/\/www.ncbi.nlm.nih.gov\/pubmed\/26781550\/<\/a><\/p>\n<p><a href=\"#_ftnref7\" name=\"_ftn7\">[7]<\/a> <a href=\"https:\/\/onlinelibrary.wiley.com\/action\/doSearch?ContribAuthorStored=Ferdinand%2C+Robert+F\">Robert F. Ferdinand<\/a>, <a href=\"https:\/\/onlinelibrary.wiley.com\/action\/doSearch?ContribAuthorStored=Sondeijker%2C+Frouke\">Frouke Sondeijker<\/a>, <a href=\"https:\/\/onlinelibrary.wiley.com\/action\/doSearch?ContribAuthorStored=van+der+Ende%2C+Jan\">Jan Van Der Ende<\/a> et al.: Cannabis use predicts future psychotic symptoms, and vice versa. Addiction <a href=\"https:\/\/onlinelibrary.wiley.com\/toc\/13600443\/2005\/100\/5\">Volume100, Issue5<\/a> May 2005 Pages 612-618. <a href=\"https:\/\/onlinelibrary.wiley.com\/doi\/abs\/10.1111\/j.1360-0443.2005.01070.x?systemMessage=Wiley+Online+Library+will+be+unavailable+on+Saturday+14th+May+11%3A00-14%3A00+BST+%2F+06%3A00-09%3A00+EDT+%2F+18%3A00-21%3A00+SGT+for+essential+maintenance.Apologie\">https:\/\/onlinelibrary.wiley.com\/doi\/abs\/10.1111\/j.1360-0443.2005.01070.x?systemMessage=Wiley+Online+Library+will+be+unavailable+on+Saturday+14th+May+11%3A00-14%3A00+BST+%2F+06%3A00-09%3A00+EDT+%2F+18%3A00-21%3A00+SGT+for+essential+maintenance.Apologie<\/a><\/p>\n<p><a href=\"#_ftnref8\" name=\"_ftn8\">[8]<\/a> <a href=\"https:\/\/www.ncbi.nlm.nih.gov\/pubmed\/?term=Costain%20WF%5BAuthor%5D&amp;cauthor=true&amp;cauthor_uid=18666905\">Costain WF<\/a>.: The effects of cannabis abuse on the symptoms of schizophrenia: patient perspectives. <a href=\"https:\/\/www.ncbi.nlm.nih.gov\/pubmed\/18666905\">Int J Ment Health Nurs.<\/a> 2008 Aug;17(4):227-35. doi: 10.1111\/j.1447-0349.2008.00538.x. <a href=\"https:\/\/www.ncbi.nlm.nih.gov\/pubmed\/18666905\">https:\/\/www.ncbi.nlm.nih.gov\/pubmed\/18666905<\/a><\/p>\n<p><a href=\"#_ftnref9\" name=\"_ftn9\">[9]<\/a> <a href=\"https:\/\/www.ncbi.nlm.nih.gov\/pubmed\/?term=Martin-Santos%20R%5BAuthor%5D&amp;cauthor=true&amp;cauthor_uid=22716148\">Martin-Santos R<\/a><sup>1<\/sup>, <a href=\"https:\/\/www.ncbi.nlm.nih.gov\/pubmed\/?term=Crippa%20JA%5BAuthor%5D&amp;cauthor=true&amp;cauthor_uid=22716148\">Crippa JA<\/a>, <a href=\"https:\/\/www.ncbi.nlm.nih.gov\/pubmed\/?term=Batalla%20A%5BAuthor%5D&amp;cauthor=true&amp;cauthor_uid=22716148\">Batalla A<\/a>. et al.: Acute effects of a single, oral dose of d9-tetrahydrocannabinol (THC) and cannabidiol (CBD) administration in healthy volunteers. <a href=\"https:\/\/www.ncbi.nlm.nih.gov\/pubmed\/22716148\">Curr Pharm Des.<\/a> 2012;18(32):4966-79. <a href=\"https:\/\/www.ncbi.nlm.nih.gov\/pubmed\/22716148\">https:\/\/www.ncbi.nlm.nih.gov\/pubmed\/22716148<\/a><\/p>\n<p>&nbsp;<\/p>\n","protected":false},"excerpt":{"rendered":"<p>I de senere \u00e5r er forskerne begyndt at vurdere brugen af CBD til patienter, som er diagnosticeret med skizofreni. F. eks. viste et studie i 1995 signifikant forbedring af skizofreni symptomer hos en 19-\u00e5rig kvinde med skizofreni efter 4 ugers &hellip; <a href=\"https:\/\/bogenommedicinskcannabis.dk\/index.php\/artikler\/medicinsk-cannabis-og-psykiske-sygdomme\/medicinsk-cannabis-kan-lindre-symptomer-paa-skizofreni\/\">L\u00e6s resten <span class=\"meta-nav\">&rarr;<\/span><\/a><\/p>\n","protected":false},"author":1,"featured_media":0,"parent":316,"menu_order":0,"comment_status":"closed","ping_status":"closed","template":"","meta":{"footnotes":""},"class_list":["post-845","page","type-page","status-publish","hentry"],"_links":{"self":[{"href":"https:\/\/bogenommedicinskcannabis.dk\/index.php\/wp-json\/wp\/v2\/pages\/845","targetHints":{"allow":["GET"]}}],"collection":[{"href":"https:\/\/bogenommedicinskcannabis.dk\/index.php\/wp-json\/wp\/v2\/pages"}],"about":[{"href":"https:\/\/bogenommedicinskcannabis.dk\/index.php\/wp-json\/wp\/v2\/types\/page"}],"author":[{"embeddable":true,"href":"https:\/\/bogenommedicinskcannabis.dk\/index.php\/wp-json\/wp\/v2\/users\/1"}],"replies":[{"embeddable":true,"href":"https:\/\/bogenommedicinskcannabis.dk\/index.php\/wp-json\/wp\/v2\/comments?post=845"}],"version-history":[{"count":1,"href":"https:\/\/bogenommedicinskcannabis.dk\/index.php\/wp-json\/wp\/v2\/pages\/845\/revisions"}],"predecessor-version":[{"id":847,"href":"https:\/\/bogenommedicinskcannabis.dk\/index.php\/wp-json\/wp\/v2\/pages\/845\/revisions\/847"}],"up":[{"embeddable":true,"href":"https:\/\/bogenommedicinskcannabis.dk\/index.php\/wp-json\/wp\/v2\/pages\/316"}],"wp:attachment":[{"href":"https:\/\/bogenommedicinskcannabis.dk\/index.php\/wp-json\/wp\/v2\/media?parent=845"}],"curies":[{"name":"wp","href":"https:\/\/api.w.org\/{rel}","templated":true}]}}